{"id":15446,"date":"2022-04-08T16:55:29","date_gmt":"2022-04-08T14:55:29","guid":{"rendered":"https:\/\/www.technic-toys.com\/izdelek\/amxracing-rxb7-buggy-17-4wd-artr-modra\/"},"modified":"2024-12-04T19:03:40","modified_gmt":"2024-12-04T18:03:40","slug":"amxracing-rxb7-buggy-17-4wd-artr-modra","status":"publish","type":"product","link":"https:\/\/www.technic-toys.com\/en\/izdelek\/amxracing-rxb7-buggy-17-4wd-artr-modra\/","title":{"rendered":"AMXRacing RXB7 Buggy 1:7 4WD ARTR modra"},"content":{"rendered":"<p>Super scale dune buggy v merilu 1:7 z najbolj\u0161o opremo in najvi\u0161jo hitrostjo do 130 km\/h (opcijsko z 8S LiPo). RXB7 zdru\u017euje zelo kakovostne komponente z ekstremnim konceptom pogona in vrhunsko opremo, kot je visokokakovosten in natan\u010den 2,4 GHz daljinski upravljalnik in \u0161tevilni rezkani aluminijasti deli. Ro\u010dna zavora, ki jo je mogo\u010de upravljati preko oddajnika, ki omogo\u010da, da vozilo odli\u010dno zapelje v ovinkih na pra\u0161nih stezah, je le ena od poudarkov tega grobega vozi\u010dka. Nebrzdana mo\u010d brezkrta\u010dnega motorja 4282 s specifi\u010dno hitrostjo 2000KV se ob\u010dutljivo krmili preko 150A krmilnika in se preko jeklenih kardanskih gredi porazdeli na diferenciale in od tam preko jeklenih CVD pogonskih gredi na 4 kolesa (4WD). Mo\u010dan krmilni servo s kovinskimi zobniki in pogonsko silo 25 kg vedno zagotavlja maksimalno zmogljivost in zelo neposreden odziv krmiljenja na kateri koli povr\u0161ini. Dva mosti\u010dka bla\u017eilnikov, dr\u017eala vodil, krmilne ro\u010dice in C-pesta ter opornik \u0161asije so CNC rezkani iz visokokakovostnega aluminija. Plo\u0161\u010da \u0161asije je izdelana iz masivnega 4 mm debelega aluminija in zagotavlja popolno togost ohi\u0161ja. <br \/>Glavni in diferencialni zobniki so izdelani iz jekla in zagotavljajo dolgo \u017eivljenjsko dobo. Vsi deli prenosa so CNC rezkani za najbolj\u0161e mo\u017eno prileganje. <br \/>Za prepre\u010ditev pregrevanja sta tako motor kot brezkrta\u010dni krmilnik 150A opremljena z ventilatorji, ki prepre\u010dujejo toploto, ki nastane med vo\u017enjo. Mehanska zavora modela je nadzorovana s 15 kg kovinskim servo menjalnikom, ki se lahko uporablja poleg elektronske zavore krmilnika, da se model postavi v popoln naklon. Poleg popolnoma nastavljivega podvozja, masivni bla\u017eilniki tlaka olja zagotavljajo zelo dobro uravnote\u017eenost vozila in popoln oprijem posebej razvitih 165 mm pnevmatik. \u010cudovita karoserija modela iz stabilnega polikarbonata je tudi opti\u010dno absolutni poudarek, ki daje modelu zelo agresiven in tipi\u010den terenski videz. RXB7 je opremljen s sistemom LED osvetlitve, ki se ne vklopi in izklopi samo prek oddajnika, ampak omogo\u010da tudi razli\u010dne na\u010dine osvetlitve. Zelo svetla svetlobna palica na strehi vozi\u010dka zagotavlja popolno osvetlitev poti.<\/p>\n<p>Lastnosti:<br \/>Trdno aluminijasto ohi\u0161je 4 mm, odporno na torzijo &#8211; za stabilno upravljanje<br \/>Bla\u017eni\u0161ki stolpi spredaj in zadaj CNC rezkan aluminij<br \/>Dvojna opornica \u0161asije iz aluminija<br \/>Pogonske gredi iz visokokakovostnega in kaljenega CVD jekla<br \/>Vsi deli prenosa so CNC rezkani iz visokokakovostnega jekla<br \/>Oporne osi in krmilne roke iz bru\u0161enega aluminija<br \/>Vozilo v celoti s krogli\u010dnimi le\u017eaji<br \/>Sprednje in zadnje vzmetenje je mogo\u010de enostavno in natan\u010dno nastaviti ter optimizirati za razli\u010dne povr\u0161ine.<br \/>Vodno za\u0161\u010ditena sprejemna \u0161katla <br \/>Pnevmatike s popolno gumijasto zmesjo za dirke in drift<br \/>Dr\u017ealo pre\u010dke iz bru\u0161enega aluminija za maksimalno vzdr\u017eljivost<br \/>Brezkrta\u010dni visokozmogljiv motor z 2000KV in dvojnim ventilatorjem<br \/>Zmogljiv krmilnik s 150A in XT90 priklju\u010dek<br \/>Kovinski servomotorji za krmiljenje in Ro\u010dna zavora<br \/>Visokokakovosten 4-kanalni 2,4GHz daljinski upravljalnik z najve\u010djim dosegom in ob\u010dutljivim nadzorom<br \/>Ro\u010dna zavora, ki jo je mogo\u010de upravljati preko oddajnika za popolne driftove<br \/>Kromirana karoserija<br \/>< br \/>Tehni\u010dni podatki:< br \/>Merilo: 1:7<br \/>Dol\u017eina: 680mm<br \/>\u0160irina: 380mm <br \/>Vi\u0161ina: 225mm<br \/>Te\u017ea: pribl. 6,2kg<br \/> Medosna razdalja: 419 mm<br \/ >\u0160irina sprednjega koloteka: 330 mm<br \/>\u0160irina zadnjega koloteka: 320 mm<br \/>Odmik od tal: 55 mm<br \/>Sprednja kolesa: Zunanji premer\/\u0161irina 165\/63 mm<br \/>Zadnja kolesa: Zunanji premer\/\u0161irina 165\/63 mm<br \/>Premer plati\u0161\u010da: 90 mm Orodje: jeklo Prestavno razmerje: 15:1 Sprednji bla\u017eilnik: 102 mm Zadnji bla\u017eilnik: 102 mm Zavora: elektronsko in zavorni kolut preko 15 kg kovinskega zobnika servo krmiljen > Krmilnik: 150A ESC z XT90 priklju\u010dek<br \/>Motor: brezkrta\u010dni motor 4282 z 2000KV<br \/>Pogonski sistem: kovinska kardanska gred<br \/>Servo krmiljenja: standardni servo s kovinskim zobnikom in 25 kg pogonske sile<br \/>Glavni material: kovina<br \/ > Predal za baterije zatemnjen Dimenzije: 140 x 45 x 50 mm<br \/>Maksimalna hitrost: do najve\u010d 130km\/h (z 2x 4S LiPo baterijama)<br \/>Daljinski upravljalnik: 4-kanalni 2,4GHz daljinski upravljalnik<br \/>Domet: maks. 400m<br \/ <br \/>Obseg dobave:<br \/>Model<br \/>Oddajnik<br \/>Nalepka<br \/>Navodila DE\/EN<\/p>\n<p>Potreben pribor:<br \/ >4x 1,5V Mignon AA baterije za oddajnik<br \/>2x 3S ali 4S LiPo baterije &#038;gt. 4500 mAh > 35C z vti\u010dnicami XT90<br \/>LiPo polnilnik<\/p>\n","protected":false},"excerpt":{"rendered":"<p>Super scale dune buggy v merilu 1:7 z najbolj\u0161o opremo in najvi\u0161jo hitrostjo do 130 km\/h (opcijsko z 8S LiPo). RXB7 zdru\u017euje zelo kakovostne komponente z ekstremnim konceptom pogona in vrhunsko opremo, kot je visokokakovosten in natan\u010den 2,4 GHz daljinski upravljalnik in \u0161tevilni rezkani aluminijasti deli. Ro\u010dna zavora, ki jo je mogo\u010de upravljati preko oddajnika, [&hellip;]<\/p>\n","protected":false},"featured_media":15447,"template":"","meta":[],"product_cat":[374,361],"product_tag":[],"acf":[],"yoast_head":"<!-- This site is optimized with the Yoast SEO plugin v21.7 - https:\/\/yoast.com\/wordpress\/plugins\/seo\/ -->\n<title>AMXRacing RXB7 Buggy 1:7 4WD ARTR modra - TECHNIC-TOYS.com<\/title>\n<meta name=\"robots\" content=\"index, follow, max-snippet:-1, max-image-preview:large, max-video-preview:-1\" \/>\n<link rel=\"canonical\" href=\"https:\/\/www.technic-toys.com\/izdelek\/amxracing-rxb7-buggy-17-4wd-artr-modra\/\" \/>\n<meta property=\"og:locale\" content=\"en_US\" \/>\n<meta property=\"og:type\" content=\"article\" \/>\n<meta property=\"og:title\" content=\"AMXRacing RXB7 Buggy 1:7 4WD ARTR modra - TECHNIC-TOYS.com\" \/>\n<meta property=\"og:description\" content=\"Super scale dune buggy v merilu 1:7 z najbolj\u0161o opremo in najvi\u0161jo hitrostjo do 130 km\/h (opcijsko z 8S LiPo). RXB7 zdru\u017euje zelo kakovostne komponente z ekstremnim konceptom pogona in vrhunsko opremo, kot je visokokakovosten in natan\u010den 2,4 GHz daljinski upravljalnik in \u0161tevilni rezkani aluminijasti deli. Ro\u010dna zavora, ki jo je mogo\u010de upravljati preko oddajnika, [&hellip;]\" \/>\n<meta property=\"og:url\" content=\"https:\/\/www.technic-toys.com\/izdelek\/amxracing-rxb7-buggy-17-4wd-artr-modra\/\" \/>\n<meta property=\"og:site_name\" content=\"TECHNIC-TOYS.com\" \/>\n<meta property=\"article:modified_time\" content=\"2024-12-04T18:03:40+00:00\" \/>\n<meta property=\"og:image\" content=\"https:\/\/www.technic-toys.com\/wp-content\/uploads\/2022\/04\/22588.jpg\" \/>\n\t<meta property=\"og:image:width\" content=\"2560\" \/>\n\t<meta property=\"og:image:height\" content=\"1468\" \/>\n\t<meta property=\"og:image:type\" content=\"image\/jpeg\" \/>\n<meta name=\"twitter:card\" content=\"summary_large_image\" \/>\n<meta name=\"twitter:label1\" content=\"Est. reading time\" \/>\n\t<meta name=\"twitter:data1\" content=\"3 minutes\" \/>\n<script type=\"application\/ld+json\" class=\"yoast-schema-graph\">{\"@context\":\"https:\/\/schema.org\",\"@graph\":[{\"@type\":\"WebPage\",\"@id\":\"https:\/\/www.technic-toys.com\/izdelek\/amxracing-rxb7-buggy-17-4wd-artr-modra\/\",\"url\":\"https:\/\/www.technic-toys.com\/izdelek\/amxracing-rxb7-buggy-17-4wd-artr-modra\/\",\"name\":\"AMXRacing RXB7 Buggy 1:7 4WD ARTR modra - TECHNIC-TOYS.com\",\"isPartOf\":{\"@id\":\"https:\/\/www.technic-toys.com\/en\/#website\"},\"datePublished\":\"2022-04-08T14:55:29+00:00\",\"dateModified\":\"2024-12-04T18:03:40+00:00\",\"breadcrumb\":{\"@id\":\"https:\/\/www.technic-toys.com\/izdelek\/amxracing-rxb7-buggy-17-4wd-artr-modra\/#breadcrumb\"},\"inLanguage\":\"en-US\",\"potentialAction\":[{\"@type\":\"ReadAction\",\"target\":[\"https:\/\/www.technic-toys.com\/izdelek\/amxracing-rxb7-buggy-17-4wd-artr-modra\/\"]}]},{\"@type\":\"BreadcrumbList\",\"@id\":\"https:\/\/www.technic-toys.com\/izdelek\/amxracing-rxb7-buggy-17-4wd-artr-modra\/#breadcrumb\",\"itemListElement\":[{\"@type\":\"ListItem\",\"position\":1,\"name\":\"Domov\",\"item\":\"https:\/\/www.technic-toys.com\/en\/\"},{\"@type\":\"ListItem\",\"position\":2,\"name\":\"Shop\",\"item\":\"https:\/\/www.technic-toys.com\/en\/shop-2\/\"},{\"@type\":\"ListItem\",\"position\":3,\"name\":\"AMXRacing RXB7 Buggy 1:7 4WD ARTR modra\"}]},{\"@type\":\"WebSite\",\"@id\":\"https:\/\/www.technic-toys.com\/en\/#website\",\"url\":\"https:\/\/www.technic-toys.com\/en\/\",\"name\":\"TECHNIC-TOYS.com\",\"description\":\"\",\"potentialAction\":[{\"@type\":\"SearchAction\",\"target\":{\"@type\":\"EntryPoint\",\"urlTemplate\":\"https:\/\/www.technic-toys.com\/en\/?s={search_term_string}\"},\"query-input\":\"required name=search_term_string\"}],\"inLanguage\":\"en-US\"}]}<\/script>\n<!-- \/ Yoast SEO plugin. -->","yoast_head_json":{"title":"AMXRacing RXB7 Buggy 1:7 4WD ARTR modra - TECHNIC-TOYS.com","robots":{"index":"index","follow":"follow","max-snippet":"max-snippet:-1","max-image-preview":"max-image-preview:large","max-video-preview":"max-video-preview:-1"},"canonical":"https:\/\/www.technic-toys.com\/izdelek\/amxracing-rxb7-buggy-17-4wd-artr-modra\/","og_locale":"en_US","og_type":"article","og_title":"AMXRacing RXB7 Buggy 1:7 4WD ARTR modra - TECHNIC-TOYS.com","og_description":"Super scale dune buggy v merilu 1:7 z najbolj\u0161o opremo in najvi\u0161jo hitrostjo do 130 km\/h (opcijsko z 8S LiPo). RXB7 zdru\u017euje zelo kakovostne komponente z ekstremnim konceptom pogona in vrhunsko opremo, kot je visokokakovosten in natan\u010den 2,4 GHz daljinski upravljalnik in \u0161tevilni rezkani aluminijasti deli. Ro\u010dna zavora, ki jo je mogo\u010de upravljati preko oddajnika, [&hellip;]","og_url":"https:\/\/www.technic-toys.com\/izdelek\/amxracing-rxb7-buggy-17-4wd-artr-modra\/","og_site_name":"TECHNIC-TOYS.com","article_modified_time":"2024-12-04T18:03:40+00:00","og_image":[{"width":2560,"height":1468,"url":"https:\/\/www.technic-toys.com\/wp-content\/uploads\/2022\/04\/22588.jpg","type":"image\/jpeg"}],"twitter_card":"summary_large_image","twitter_misc":{"Est. reading time":"3 minutes"},"schema":{"@context":"https:\/\/schema.org","@graph":[{"@type":"WebPage","@id":"https:\/\/www.technic-toys.com\/izdelek\/amxracing-rxb7-buggy-17-4wd-artr-modra\/","url":"https:\/\/www.technic-toys.com\/izdelek\/amxracing-rxb7-buggy-17-4wd-artr-modra\/","name":"AMXRacing RXB7 Buggy 1:7 4WD ARTR modra - TECHNIC-TOYS.com","isPartOf":{"@id":"https:\/\/www.technic-toys.com\/en\/#website"},"datePublished":"2022-04-08T14:55:29+00:00","dateModified":"2024-12-04T18:03:40+00:00","breadcrumb":{"@id":"https:\/\/www.technic-toys.com\/izdelek\/amxracing-rxb7-buggy-17-4wd-artr-modra\/#breadcrumb"},"inLanguage":"en-US","potentialAction":[{"@type":"ReadAction","target":["https:\/\/www.technic-toys.com\/izdelek\/amxracing-rxb7-buggy-17-4wd-artr-modra\/"]}]},{"@type":"BreadcrumbList","@id":"https:\/\/www.technic-toys.com\/izdelek\/amxracing-rxb7-buggy-17-4wd-artr-modra\/#breadcrumb","itemListElement":[{"@type":"ListItem","position":1,"name":"Domov","item":"https:\/\/www.technic-toys.com\/en\/"},{"@type":"ListItem","position":2,"name":"Shop","item":"https:\/\/www.technic-toys.com\/en\/shop-2\/"},{"@type":"ListItem","position":3,"name":"AMXRacing RXB7 Buggy 1:7 4WD ARTR modra"}]},{"@type":"WebSite","@id":"https:\/\/www.technic-toys.com\/en\/#website","url":"https:\/\/www.technic-toys.com\/en\/","name":"TECHNIC-TOYS.com","description":"","potentialAction":[{"@type":"SearchAction","target":{"@type":"EntryPoint","urlTemplate":"https:\/\/www.technic-toys.com\/en\/?s={search_term_string}"},"query-input":"required name=search_term_string"}],"inLanguage":"en-US"}]}},"_links":{"self":[{"href":"https:\/\/www.technic-toys.com\/en\/wp-json\/wp\/v2\/product\/15446"}],"collection":[{"href":"https:\/\/www.technic-toys.com\/en\/wp-json\/wp\/v2\/product"}],"about":[{"href":"https:\/\/www.technic-toys.com\/en\/wp-json\/wp\/v2\/types\/product"}],"wp:featuredmedia":[{"embeddable":true,"href":"https:\/\/www.technic-toys.com\/en\/wp-json\/wp\/v2\/media\/15447"}],"wp:attachment":[{"href":"https:\/\/www.technic-toys.com\/en\/wp-json\/wp\/v2\/media?parent=15446"}],"wp:term":[{"taxonomy":"product_cat","embeddable":true,"href":"https:\/\/www.technic-toys.com\/en\/wp-json\/wp\/v2\/product_cat?post=15446"},{"taxonomy":"product_tag","embeddable":true,"href":"https:\/\/www.technic-toys.com\/en\/wp-json\/wp\/v2\/product_tag?post=15446"}],"curies":[{"name":"wp","href":"https:\/\/api.w.org\/{rel}","templated":true}]}}