{"id":15474,"date":"2022-04-08T16:55:29","date_gmt":"2022-04-08T14:55:29","guid":{"rendered":"https:\/\/www.technic-toys.com\/izdelek\/tiger-i-116-advanced-line-i-ir-bb\/"},"modified":"2024-12-23T21:40:57","modified_gmt":"2024-12-23T20:40:57","slug":"tiger-i-116-advanced-line-i-ir-bb","status":"publish","type":"product","link":"https:\/\/www.technic-toys.com\/en\/izdelek\/tiger-i-116-advanced-line-i-ir-bb\/","title":{"rendered":"Tiger I 1:16 Advanced Line I IR\/BB"},"content":{"rendered":"<p>Te\u017eki Panzerkampfwagen VI, znan tudi kot Tiger I, je proizvajalo podjetje Henschel od leta 1942 do 1944 in ga je Wehrmacht uporabljal od poznega poletja 1942. Zaradi svojega mo\u010dnega glavnega oro\u017eja in visoke stopnje za\u0161\u010dite oklepa je bil Tiger eden najmo\u010dnej\u0161ih tankov druge svetovne vojne in so se ga vsi nasprotniki bali.<\/p>\n<p>Izdaja AMEWI je prava- o\u017eivljena replika v merilu 1:16. To je razli\u010dica RTR (Ready-to-Run) v najnovej\u0161i razli\u010dici (Electronics TK 7.0) in je opremljena z zaprtim kovinskim zobnikom in kovinskimi nihajnimi rokami za kolesa. Rezervoar ima tudi funkcijo dima in zvoka. Dostava poteka v visokokakovostni tiskani \u0161katli z ustreznim stiropornim jedrom. Vsak rezervoar je pred dostavo testiran glede funkcionalnosti in popolnosti. Prilo\u017een je kontrolni seznam. V obseg dobave je vklju\u010den tudi infrarde\u010di bojni modul, ki omogo\u010da vznemirljive dvoboje z drugimi modeli serije AMEWI Standard, Advanced ali Pro. V primeru neposrednega zadetka z infrarde\u010dim mitraljezom se zadeti tank &#8220;trese&#8221; in tako nakazuje zadetek. Rezervoar je mogo\u010de upravljati ob\u010dutljivo in model navdu\u0161uje z resni\u010dnimi izvirnimi zvoki in \u0161tevilnimi funkcijami. Poleg infrarde\u010dega bojnega modula ima Tiger tudi 6mm BB sistem streljanja preko glavne pu\u0161ke (topa). Vse funkcije je mogo\u010de nadzorovati popolnoma sorazmerno. Preko oddajnika je mogo\u010de nastaviti pet razli\u010dnih zvokov.<\/p>\n<p>Funkcije:<br \/>Naprej\/nazaj<br \/>Levo\/desno<br \/>Stolp gor\/dol<br \/>Vrtenje stolpa<br \/ >Funkcija streljanja<br \/>Dim in zvok<br \/>Infrarde\u010di modul za streljanje<br \/>Rasveta<\/p>\n<p>Poudarki:<br \/>Podroben model: visoka stopnja obsega zahvaljujo\u010d \u0161tevilnim nastavkom in dodatki <br \/ >Inkapsuliran kovinski zobnik: Za popoln prenos mo\u010di z zmogljivih motorjev na verige<br \/>Kovinska nihala na valjih: Zagotovite ve\u010djo stabilnost in vzdr\u017eljivost pogona<\/p>\n<p>Druge funkcije:<br \/>Velika Li-Ion baterija za dalj\u0161i \u010das vo\u017enje in konstantno zmogljivost<br \/>Prilo\u017een ustrezen Li-Ion\/Li-Po polnilnik 220V<br \/>Prilo\u017eeno dimno olje in 6mm BB izstrelki<br \/>Moderen krmilni sistem 2,4GHz z \u0161tevilne dodatne funkcije<br \/>Najnovej\u0161a elektronika (TK7.0) <\/p>\n<p>Tehni\u010dni podatki:<br \/>Merilo: 1:16<br \/>Dol\u017eina s topom: 520mm<br \/>Dol\u017eina brez topa : 390 mm<br \/>\u0160irina: 230 mm< br \/>Vi\u0161ina: 190 mm<br \/>Te\u017ea: 2547 g brez baterije<br \/>\u010cas vo\u017enje: pribli\u017eno 20 min<br \/>\u010cas polnjenja: pribli\u017eno 3h<br \/>Dim in zvok (zvok je mogo\u010de spremeniti)<br \/>Inkapsuliran kovinski menjalnik<br \/>Kovinske roke\/nihajne roke za kolesa<br \/ >Infrarde\u010di bojni modul<br \/>Funkcija dimljenja: uporaba dimnega olja (upo\u0161tevajte koli\u010dino polnjenja!)<br \/>Baterija: Li-Ion 2S 7.4V 1800mAh, 93g, 68x37x22mm, Tamiya \u010dep<br \/> Polnilnik 2S LiPo \/ Li-Ion Balansirni polnilnik z 850 mAh<br \/>Kontrola: 2,4GHz<br \/>Elektronika: TK 7.0<\/p>\n<p>Obseg dobave:<br \/>Model, \u017ee sestavljen<br \/ >Daljinski upravljalnik<br \/>Baterija< br \/>polnilnik<br \/>Razli\u010dni nastavki<br \/>Navodila za uporabo DE\/EN<\/p>\n<p>Potrebna dodatna oprema:<br \/>6x 1,5V Mignon AA baterije za daljinski upravljalnik<br \/><br \/ ><\/p>\n","protected":false},"excerpt":{"rendered":"<p>dimom in zvokom, kovinskimi zobniki<\/p>\n","protected":false},"featured_media":15475,"template":"","meta":[],"product_cat":[374,365],"product_tag":[],"acf":[],"yoast_head":"<!-- This site is optimized with the Yoast SEO plugin v21.7 - https:\/\/yoast.com\/wordpress\/plugins\/seo\/ -->\n<title>Tiger I 1:16 Advanced Line I IR\/BB - TECHNIC-TOYS.com<\/title>\n<meta name=\"robots\" content=\"index, follow, max-snippet:-1, max-image-preview:large, max-video-preview:-1\" \/>\n<link rel=\"canonical\" href=\"https:\/\/www.technic-toys.com\/izdelek\/tiger-i-116-advanced-line-i-ir-bb\/\" \/>\n<meta property=\"og:locale\" content=\"en_US\" \/>\n<meta property=\"og:type\" content=\"article\" \/>\n<meta property=\"og:title\" content=\"Tiger I 1:16 Advanced Line I IR\/BB - TECHNIC-TOYS.com\" \/>\n<meta property=\"og:description\" content=\"dimom in zvokom, kovinskimi zobniki\" \/>\n<meta property=\"og:url\" content=\"https:\/\/www.technic-toys.com\/izdelek\/tiger-i-116-advanced-line-i-ir-bb\/\" \/>\n<meta property=\"og:site_name\" content=\"TECHNIC-TOYS.com\" \/>\n<meta property=\"article:modified_time\" content=\"2024-12-23T20:40:57+00:00\" \/>\n<meta property=\"og:image\" content=\"https:\/\/www.technic-toys.com\/wp-content\/uploads\/2022\/04\/230040fFoQlMx4hXFp.jpg\" \/>\n\t<meta property=\"og:image:width\" content=\"2560\" \/>\n\t<meta property=\"og:image:height\" content=\"1468\" \/>\n\t<meta property=\"og:image:type\" content=\"image\/jpeg\" \/>\n<meta name=\"twitter:card\" content=\"summary_large_image\" \/>\n<meta name=\"twitter:label1\" content=\"Est. reading time\" \/>\n\t<meta name=\"twitter:data1\" content=\"2 minutes\" \/>\n<script type=\"application\/ld+json\" class=\"yoast-schema-graph\">{\"@context\":\"https:\/\/schema.org\",\"@graph\":[{\"@type\":\"WebPage\",\"@id\":\"https:\/\/www.technic-toys.com\/izdelek\/tiger-i-116-advanced-line-i-ir-bb\/\",\"url\":\"https:\/\/www.technic-toys.com\/izdelek\/tiger-i-116-advanced-line-i-ir-bb\/\",\"name\":\"Tiger I 1:16 Advanced Line I IR\/BB - TECHNIC-TOYS.com\",\"isPartOf\":{\"@id\":\"https:\/\/www.technic-toys.com\/en\/#website\"},\"datePublished\":\"2022-04-08T14:55:29+00:00\",\"dateModified\":\"2024-12-23T20:40:57+00:00\",\"breadcrumb\":{\"@id\":\"https:\/\/www.technic-toys.com\/izdelek\/tiger-i-116-advanced-line-i-ir-bb\/#breadcrumb\"},\"inLanguage\":\"en-US\",\"potentialAction\":[{\"@type\":\"ReadAction\",\"target\":[\"https:\/\/www.technic-toys.com\/izdelek\/tiger-i-116-advanced-line-i-ir-bb\/\"]}]},{\"@type\":\"BreadcrumbList\",\"@id\":\"https:\/\/www.technic-toys.com\/izdelek\/tiger-i-116-advanced-line-i-ir-bb\/#breadcrumb\",\"itemListElement\":[{\"@type\":\"ListItem\",\"position\":1,\"name\":\"Domov\",\"item\":\"https:\/\/www.technic-toys.com\/en\/\"},{\"@type\":\"ListItem\",\"position\":2,\"name\":\"Shop\",\"item\":\"https:\/\/www.technic-toys.com\/en\/shop-2\/\"},{\"@type\":\"ListItem\",\"position\":3,\"name\":\"Tiger I 1:16 Advanced Line I IR\/BB\"}]},{\"@type\":\"WebSite\",\"@id\":\"https:\/\/www.technic-toys.com\/en\/#website\",\"url\":\"https:\/\/www.technic-toys.com\/en\/\",\"name\":\"TECHNIC-TOYS.com\",\"description\":\"\",\"potentialAction\":[{\"@type\":\"SearchAction\",\"target\":{\"@type\":\"EntryPoint\",\"urlTemplate\":\"https:\/\/www.technic-toys.com\/en\/?s={search_term_string}\"},\"query-input\":\"required name=search_term_string\"}],\"inLanguage\":\"en-US\"}]}<\/script>\n<!-- \/ Yoast SEO plugin. -->","yoast_head_json":{"title":"Tiger I 1:16 Advanced Line I IR\/BB - TECHNIC-TOYS.com","robots":{"index":"index","follow":"follow","max-snippet":"max-snippet:-1","max-image-preview":"max-image-preview:large","max-video-preview":"max-video-preview:-1"},"canonical":"https:\/\/www.technic-toys.com\/izdelek\/tiger-i-116-advanced-line-i-ir-bb\/","og_locale":"en_US","og_type":"article","og_title":"Tiger I 1:16 Advanced Line I IR\/BB - TECHNIC-TOYS.com","og_description":"dimom in zvokom, kovinskimi zobniki","og_url":"https:\/\/www.technic-toys.com\/izdelek\/tiger-i-116-advanced-line-i-ir-bb\/","og_site_name":"TECHNIC-TOYS.com","article_modified_time":"2024-12-23T20:40:57+00:00","og_image":[{"width":2560,"height":1468,"url":"https:\/\/www.technic-toys.com\/wp-content\/uploads\/2022\/04\/230040fFoQlMx4hXFp.jpg","type":"image\/jpeg"}],"twitter_card":"summary_large_image","twitter_misc":{"Est. reading time":"2 minutes"},"schema":{"@context":"https:\/\/schema.org","@graph":[{"@type":"WebPage","@id":"https:\/\/www.technic-toys.com\/izdelek\/tiger-i-116-advanced-line-i-ir-bb\/","url":"https:\/\/www.technic-toys.com\/izdelek\/tiger-i-116-advanced-line-i-ir-bb\/","name":"Tiger I 1:16 Advanced Line I IR\/BB - TECHNIC-TOYS.com","isPartOf":{"@id":"https:\/\/www.technic-toys.com\/en\/#website"},"datePublished":"2022-04-08T14:55:29+00:00","dateModified":"2024-12-23T20:40:57+00:00","breadcrumb":{"@id":"https:\/\/www.technic-toys.com\/izdelek\/tiger-i-116-advanced-line-i-ir-bb\/#breadcrumb"},"inLanguage":"en-US","potentialAction":[{"@type":"ReadAction","target":["https:\/\/www.technic-toys.com\/izdelek\/tiger-i-116-advanced-line-i-ir-bb\/"]}]},{"@type":"BreadcrumbList","@id":"https:\/\/www.technic-toys.com\/izdelek\/tiger-i-116-advanced-line-i-ir-bb\/#breadcrumb","itemListElement":[{"@type":"ListItem","position":1,"name":"Domov","item":"https:\/\/www.technic-toys.com\/en\/"},{"@type":"ListItem","position":2,"name":"Shop","item":"https:\/\/www.technic-toys.com\/en\/shop-2\/"},{"@type":"ListItem","position":3,"name":"Tiger I 1:16 Advanced Line I IR\/BB"}]},{"@type":"WebSite","@id":"https:\/\/www.technic-toys.com\/en\/#website","url":"https:\/\/www.technic-toys.com\/en\/","name":"TECHNIC-TOYS.com","description":"","potentialAction":[{"@type":"SearchAction","target":{"@type":"EntryPoint","urlTemplate":"https:\/\/www.technic-toys.com\/en\/?s={search_term_string}"},"query-input":"required name=search_term_string"}],"inLanguage":"en-US"}]}},"_links":{"self":[{"href":"https:\/\/www.technic-toys.com\/en\/wp-json\/wp\/v2\/product\/15474"}],"collection":[{"href":"https:\/\/www.technic-toys.com\/en\/wp-json\/wp\/v2\/product"}],"about":[{"href":"https:\/\/www.technic-toys.com\/en\/wp-json\/wp\/v2\/types\/product"}],"wp:featuredmedia":[{"embeddable":true,"href":"https:\/\/www.technic-toys.com\/en\/wp-json\/wp\/v2\/media\/15475"}],"wp:attachment":[{"href":"https:\/\/www.technic-toys.com\/en\/wp-json\/wp\/v2\/media?parent=15474"}],"wp:term":[{"taxonomy":"product_cat","embeddable":true,"href":"https:\/\/www.technic-toys.com\/en\/wp-json\/wp\/v2\/product_cat?post=15474"},{"taxonomy":"product_tag","embeddable":true,"href":"https:\/\/www.technic-toys.com\/en\/wp-json\/wp\/v2\/product_tag?post=15474"}],"curies":[{"name":"wp","href":"https:\/\/api.w.org\/{rel}","templated":true}]}}