{"id":15569,"date":"2022-04-08T16:55:29","date_gmt":"2022-04-08T14:55:29","guid":{"rendered":"https:\/\/www.technic-toys.com\/izdelek\/t-34-85-116-standardna-linija-bb\/"},"modified":"2024-12-04T19:03:43","modified_gmt":"2024-12-04T18:03:43","slug":"t-34-85-116-standardna-linija-bb","status":"publish","type":"product","link":"https:\/\/www.technic-toys.com\/en\/izdelek\/t-34-85-116-standardna-linija-bb\/","title":{"rendered":"T-34\/85 1:16 standardna linija BB"},"content":{"rendered":"<p>T-34 (iz ruskega tanka za tank) je bil srednji tank sovjetske izdelave. Zgrajen je bil od leta 1940 do 1958 in ga je Rde\u010da armada uporabljala predvsem v nem\u0161ko-sovjetski vojni. T-34 velja za najbolj znan sovjetski tank vojne. Njegova preprosta zasnova je omogo\u010dila mno\u017ei\u010dno proizvodnjo. Z ve\u010d kot 50.000 primerki je bil to najbolj proizveden tank druge svetovne vojne in s skupno ve\u010d kot 80.000 eden najbolj proizvedenih tankov vseh \u010dasov. <br \/>T-34 je bil v \u010dasu nem\u0161kega napada leta 1941 bolj\u0161i od vseh nem\u0161kih tankov. V tankovski bitki pri Mzensku mu je uspelo prvi\u010d pokazati svojo premo\u010d. Slabosti so bile nekatere bistvene takti\u010dne pomanjkljivosti pri zasnovi, kot je pomanjkanje petega \u010dlana posadke v osebi strelca ali na za\u010detku pomanjkanje radijske opreme. Od leta 1942\/43 so Nemci lahko postavili bolj\u0161e tanke z nadgrajenimi Panzer IV, Pantherjem in Tigerjem, nato pa so Sovjeti od leta 1944 dalje nadgradili tank v T-34\/85 z mo\u010dnej\u0161im topom. Zaradi svoje ogromne premo\u010di je T-34 pomembno prispeval k zmagi Rde\u010de armade. Po drugi svetovni vojni je bil T-34 izvo\u017een v \u0161tevilne dr\u017eave in je bil uporabljen v ve\u010d drugih vojnah, predvsem v korejski vojni in na Bli\u017enjem vzhodu. <\/p>\n<p>Model je replika enega najbolj znanih tankov v zgodovini. T-34 \/ 85 iz serije Amewi Edition navdu\u0161uje s svojo robustno in preprosto zasnovo ter bogato opremo, kot so dimni in zvo\u010dni modul, kovinska krila (kolesniki), 6 mm strelna enota BB in infrarde\u010di bojni modul, ki omogo\u010da dvoboj z drugimi modeli rezervoarjev iz nove linije Amewi Standard, Advanced ali Professional. Model je najsodobnej\u0161i (elektronika TK 7.0) Zvok je mogo\u010de spreminjati preko oddajnika, funkcija posnetka pa se izvaja preko dveh tipk na sprednji strani oddajnika. Vse funkcije modela je mogo\u010de nadzorovati sorazmerno in ob\u010dutljivo. Menjalnik je tudi zaprt in celoten model je odporen na \u0161kropljenje.<\/p>\n<p>Poudarki:<br \/>Bla\u0161ene kovinske kole\u0161\u010dke za bolj gladko vrtenje koles<br \/>Najnovej\u0161a elektronika (TK 7.0) z ve\u010d nastavitvami mo\u017enosti<br \/> Infrarde\u010di bojni modul za bitke z ve\u010d tanki<\/p>\n<p>Dodatne funkcije:<br \/>Nov zvo\u010dni modul z razli\u010dnimi zvoki<br \/>Funkcija streljanja (6 mm BB)<br \/>Visoka raven podrobnosti<br \/>Prilo\u017eenih veliko dodatkov< br \/>Inkapsuliran menjalnik<br \/>Funkcija dimljenja<br \/>Visoka kakovostna kartonska embala\u017ea z dodatnim polistirenskim jedrom za model in oddajnik<\/p>\n<p>Tehni\u010dni podatki :<br \/>Merilo: 1:16<br \/>Skupna dol\u017eina: 500mm<br \/>Dol\u017eina brez topa: 380mm<br \/>\u0160irina: 190mm<br \/>Vi\u0161ina: 175mm<br \/>Te\u017ea: 1965g (brez baterija)<br \/>Barva: olivno zelena<br \/>Vojnice: plastika<br \/>Gosnice: plastika<br \/>Spodnji del trupa: plastika<br \/>Stolp: plastika<br \/>Vrjni obro\u010d: pribl. 320\u00b0 vrtljivi obro\u010d (ne neskon\u010dno)<br \/>Zobnik: zaprt plasti\u010dni zobnik<br \/>Razli\u010dica cija: RTR<br \/>\u010cas vo\u017enje: odvisno od povr\u0161ine 7 &#8211; 10 minut<br \/>Elektronika: TK 7.0S<br \/>Baterija: LiIon 2S 7.4V 1800mAh 18650 celic, Tamiya konektor 68 x 37 x 22 mm, 93 g < br \/>Daljinski upravljalnik: 2,4GHz<br \/>Domet: pribli\u017eno 80 &#8211; 100m<br \/>Polnilec: USB 2S Li-Po \/ Li-Ion uravnote\u017eenje, 850mA izhodna mo\u010d<br \/>\u010cas polnjenja: pribli\u017eno 2h <br \/ <br \/>Obseg dobave:<br \/>Tank<br \/>Daljinski upravljalnik<br \/>Baterija 7,4V 1800mAh Li-Ion<br \/>polnilec<br \/>Streljivo 6mm BB <br \/> Dimna teko\u010dina<br \/> Nalepke, nastavki, slike<br \/>Navodila DE \/ EN<\/p>\n<p>Potrebna dodatna oprema:<br \/>6x 1,5V Mignon AA baterije za oddajnik<\/p>\n","protected":false},"excerpt":{"rendered":"<p>Z dimom in zvokom<\/p>\n","protected":false},"featured_media":15570,"template":"","meta":[],"product_cat":[374,365],"product_tag":[],"acf":[],"yoast_head":"<!-- This site is optimized with the Yoast SEO plugin v21.7 - https:\/\/yoast.com\/wordpress\/plugins\/seo\/ -->\n<title>T-34\/85 1:16 standardna linija BB - TECHNIC-TOYS.com<\/title>\n<meta name=\"robots\" content=\"index, follow, max-snippet:-1, max-image-preview:large, max-video-preview:-1\" \/>\n<link rel=\"canonical\" href=\"https:\/\/www.technic-toys.com\/izdelek\/t-34-85-116-standardna-linija-bb\/\" \/>\n<meta property=\"og:locale\" content=\"en_US\" \/>\n<meta property=\"og:type\" content=\"article\" \/>\n<meta property=\"og:title\" content=\"T-34\/85 1:16 standardna linija BB - TECHNIC-TOYS.com\" \/>\n<meta property=\"og:description\" content=\"Z dimom in zvokom\" \/>\n<meta property=\"og:url\" content=\"https:\/\/www.technic-toys.com\/izdelek\/t-34-85-116-standardna-linija-bb\/\" \/>\n<meta property=\"og:site_name\" content=\"TECHNIC-TOYS.com\" \/>\n<meta property=\"article:modified_time\" content=\"2024-12-04T18:03:43+00:00\" \/>\n<meta property=\"og:image\" content=\"https:\/\/www.technic-toys.com\/wp-content\/uploads\/2022\/04\/23035.jpg\" \/>\n\t<meta property=\"og:image:width\" content=\"2560\" \/>\n\t<meta property=\"og:image:height\" content=\"1468\" \/>\n\t<meta property=\"og:image:type\" content=\"image\/jpeg\" \/>\n<meta name=\"twitter:card\" content=\"summary_large_image\" \/>\n<meta name=\"twitter:label1\" content=\"Est. reading time\" \/>\n\t<meta name=\"twitter:data1\" content=\"2 minutes\" \/>\n<script type=\"application\/ld+json\" class=\"yoast-schema-graph\">{\"@context\":\"https:\/\/schema.org\",\"@graph\":[{\"@type\":\"WebPage\",\"@id\":\"https:\/\/www.technic-toys.com\/izdelek\/t-34-85-116-standardna-linija-bb\/\",\"url\":\"https:\/\/www.technic-toys.com\/izdelek\/t-34-85-116-standardna-linija-bb\/\",\"name\":\"T-34\/85 1:16 standardna linija BB - TECHNIC-TOYS.com\",\"isPartOf\":{\"@id\":\"https:\/\/www.technic-toys.com\/en\/#website\"},\"datePublished\":\"2022-04-08T14:55:29+00:00\",\"dateModified\":\"2024-12-04T18:03:43+00:00\",\"breadcrumb\":{\"@id\":\"https:\/\/www.technic-toys.com\/izdelek\/t-34-85-116-standardna-linija-bb\/#breadcrumb\"},\"inLanguage\":\"en-US\",\"potentialAction\":[{\"@type\":\"ReadAction\",\"target\":[\"https:\/\/www.technic-toys.com\/izdelek\/t-34-85-116-standardna-linija-bb\/\"]}]},{\"@type\":\"BreadcrumbList\",\"@id\":\"https:\/\/www.technic-toys.com\/izdelek\/t-34-85-116-standardna-linija-bb\/#breadcrumb\",\"itemListElement\":[{\"@type\":\"ListItem\",\"position\":1,\"name\":\"Domov\",\"item\":\"https:\/\/www.technic-toys.com\/en\/\"},{\"@type\":\"ListItem\",\"position\":2,\"name\":\"Shop\",\"item\":\"https:\/\/www.technic-toys.com\/en\/shop-2\/\"},{\"@type\":\"ListItem\",\"position\":3,\"name\":\"T-34\/85 1:16 standardna linija BB\"}]},{\"@type\":\"WebSite\",\"@id\":\"https:\/\/www.technic-toys.com\/en\/#website\",\"url\":\"https:\/\/www.technic-toys.com\/en\/\",\"name\":\"TECHNIC-TOYS.com\",\"description\":\"\",\"potentialAction\":[{\"@type\":\"SearchAction\",\"target\":{\"@type\":\"EntryPoint\",\"urlTemplate\":\"https:\/\/www.technic-toys.com\/en\/?s={search_term_string}\"},\"query-input\":\"required name=search_term_string\"}],\"inLanguage\":\"en-US\"}]}<\/script>\n<!-- \/ Yoast SEO plugin. -->","yoast_head_json":{"title":"T-34\/85 1:16 standardna linija BB - TECHNIC-TOYS.com","robots":{"index":"index","follow":"follow","max-snippet":"max-snippet:-1","max-image-preview":"max-image-preview:large","max-video-preview":"max-video-preview:-1"},"canonical":"https:\/\/www.technic-toys.com\/izdelek\/t-34-85-116-standardna-linija-bb\/","og_locale":"en_US","og_type":"article","og_title":"T-34\/85 1:16 standardna linija BB - TECHNIC-TOYS.com","og_description":"Z dimom in zvokom","og_url":"https:\/\/www.technic-toys.com\/izdelek\/t-34-85-116-standardna-linija-bb\/","og_site_name":"TECHNIC-TOYS.com","article_modified_time":"2024-12-04T18:03:43+00:00","og_image":[{"width":2560,"height":1468,"url":"https:\/\/www.technic-toys.com\/wp-content\/uploads\/2022\/04\/23035.jpg","type":"image\/jpeg"}],"twitter_card":"summary_large_image","twitter_misc":{"Est. reading time":"2 minutes"},"schema":{"@context":"https:\/\/schema.org","@graph":[{"@type":"WebPage","@id":"https:\/\/www.technic-toys.com\/izdelek\/t-34-85-116-standardna-linija-bb\/","url":"https:\/\/www.technic-toys.com\/izdelek\/t-34-85-116-standardna-linija-bb\/","name":"T-34\/85 1:16 standardna linija BB - TECHNIC-TOYS.com","isPartOf":{"@id":"https:\/\/www.technic-toys.com\/en\/#website"},"datePublished":"2022-04-08T14:55:29+00:00","dateModified":"2024-12-04T18:03:43+00:00","breadcrumb":{"@id":"https:\/\/www.technic-toys.com\/izdelek\/t-34-85-116-standardna-linija-bb\/#breadcrumb"},"inLanguage":"en-US","potentialAction":[{"@type":"ReadAction","target":["https:\/\/www.technic-toys.com\/izdelek\/t-34-85-116-standardna-linija-bb\/"]}]},{"@type":"BreadcrumbList","@id":"https:\/\/www.technic-toys.com\/izdelek\/t-34-85-116-standardna-linija-bb\/#breadcrumb","itemListElement":[{"@type":"ListItem","position":1,"name":"Domov","item":"https:\/\/www.technic-toys.com\/en\/"},{"@type":"ListItem","position":2,"name":"Shop","item":"https:\/\/www.technic-toys.com\/en\/shop-2\/"},{"@type":"ListItem","position":3,"name":"T-34\/85 1:16 standardna linija BB"}]},{"@type":"WebSite","@id":"https:\/\/www.technic-toys.com\/en\/#website","url":"https:\/\/www.technic-toys.com\/en\/","name":"TECHNIC-TOYS.com","description":"","potentialAction":[{"@type":"SearchAction","target":{"@type":"EntryPoint","urlTemplate":"https:\/\/www.technic-toys.com\/en\/?s={search_term_string}"},"query-input":"required name=search_term_string"}],"inLanguage":"en-US"}]}},"_links":{"self":[{"href":"https:\/\/www.technic-toys.com\/en\/wp-json\/wp\/v2\/product\/15569"}],"collection":[{"href":"https:\/\/www.technic-toys.com\/en\/wp-json\/wp\/v2\/product"}],"about":[{"href":"https:\/\/www.technic-toys.com\/en\/wp-json\/wp\/v2\/types\/product"}],"wp:featuredmedia":[{"embeddable":true,"href":"https:\/\/www.technic-toys.com\/en\/wp-json\/wp\/v2\/media\/15570"}],"wp:attachment":[{"href":"https:\/\/www.technic-toys.com\/en\/wp-json\/wp\/v2\/media?parent=15569"}],"wp:term":[{"taxonomy":"product_cat","embeddable":true,"href":"https:\/\/www.technic-toys.com\/en\/wp-json\/wp\/v2\/product_cat?post=15569"},{"taxonomy":"product_tag","embeddable":true,"href":"https:\/\/www.technic-toys.com\/en\/wp-json\/wp\/v2\/product_tag?post=15569"}],"curies":[{"name":"wp","href":"https:\/\/api.w.org\/{rel}","templated":true}]}}