{"id":15588,"date":"2022-04-08T16:55:29","date_gmt":"2022-04-08T14:55:29","guid":{"rendered":"https:\/\/www.technic-toys.com\/izdelek\/tiger-i-116-professional-line-iii-bb-up\/"},"modified":"2024-12-04T19:03:44","modified_gmt":"2024-12-04T18:03:44","slug":"tiger-i-116-professional-line-iii-bb-up","status":"publish","type":"product","link":"https:\/\/www.technic-toys.com\/en\/izdelek\/tiger-i-116-professional-line-iii-bb-up\/","title":{"rendered":"Tiger I 1:16 Professional Line III BB\/UP"},"content":{"rendered":"<p>Te\u017eki Panzerkampfwagen VI &#8220;Tiger I&#8221; je proizvajalo podjetje Henschel od leta 1942 do 1944 in ga je Wehrmacht uporabljal od poznega poletja 1942 &#038;nbsp. Zaradi mo\u010dnega glavnega oro\u017eja in visoke za\u0161\u010dite oklepa je bil Tiger eden najmo\u010dnej\u0161ih tankov druge svetovne vojne in so se ga vsi nasprotniki bali.<\/p>\n<p>Izdaja AMEWI je zvesta- \u017eivljenjska replika v merilu 1:16. To je razli\u010dica RTR (Ready To Run). Vse komponente, kot so podvozje, kupola, valji, cev topa, verige in lopute itd., so pri tem modelu izdelane iz kovine. Poleg tega je bila izdelana tudi kovinska glavna prestava, vklju\u010dno z motorji, optimizirana za veliko te\u017eo. Menjalnik je zelo fino preveden, kar pomeni, da se celotna slika vo\u017enje zelo pribli\u017ea izvirniku. <br \/>Nepobarvan rezervoar lahko oblikujete in pobarvate po \u017eelji.<\/p>\n<p>Lastnosti:<br \/>Vzmetenje koles, neodvisno od torzijske palice<br \/>Lithum 2600mah baterija<br \/>Vse kovinske komponente< br \/ >Modul resni\u010dnega zvoka visoke kakovosti<br \/>Razli\u010dni zvo\u010dni u\u010dinki za motor, top in mitraljez<br \/>Visokokakovostna medeninasta oprema<\/p>\n<p>Tehni\u010dni podatki:<br \/>Merilo: 1:16 <br \/>Skupna dol\u017eina: 530mm <br \/>Dol\u017eina brez topa: 400mm<br \/>\u0160irina: 230mm<br \/>Vi\u0161ina: 195mm<br \/>Te\u017ea: 6500g<br \/>Barva: nepobarvan<br \/>Valji : kovina<br \/>Gosenice: kovina<br \/>Spodnji del trupa: kovina<br \/>Nosilec za kolesa: kovina<br \/>Storolo: kovina<br \/>Vre\u010dni obro\u010d: 360\u00b0 vrtljivi obro\u010d<br \/>Orodje: inkapsulirano metal gear<br \/>Izvedba: RTR, sestavljen pripravljen za vo\u017enjo, nepobarvan<br \/>Daljinski upravljalnik: 6-kanalni 2,4 GHz<\/p>\n<p>Obseg dobave:<br \/>Model Tiger I Professional Line III <br \/>Daljinski upravljalnik<br \/>LiIon baterija<br \/>polnilnik< br \/>Navodila za uporabo DE\/EN<\/p>\n","protected":false},"excerpt":{"rendered":"<p>Polna kovina, True Sound, nepobarvana<\/p>\n","protected":false},"featured_media":15589,"template":"","meta":[],"product_cat":[374,365],"product_tag":[],"acf":[],"yoast_head":"<!-- This site is optimized with the Yoast SEO plugin v21.7 - https:\/\/yoast.com\/wordpress\/plugins\/seo\/ -->\n<title>Tiger I 1:16 Professional Line III BB\/UP - TECHNIC-TOYS.com<\/title>\n<meta name=\"robots\" content=\"index, follow, max-snippet:-1, max-image-preview:large, max-video-preview:-1\" \/>\n<link rel=\"canonical\" href=\"https:\/\/www.technic-toys.com\/izdelek\/tiger-i-116-professional-line-iii-bb-up\/\" \/>\n<meta property=\"og:locale\" content=\"en_US\" \/>\n<meta property=\"og:type\" content=\"article\" \/>\n<meta property=\"og:title\" content=\"Tiger I 1:16 Professional Line III BB\/UP - TECHNIC-TOYS.com\" \/>\n<meta property=\"og:description\" content=\"Polna kovina, True Sound, nepobarvana\" \/>\n<meta property=\"og:url\" content=\"https:\/\/www.technic-toys.com\/izdelek\/tiger-i-116-professional-line-iii-bb-up\/\" \/>\n<meta property=\"og:site_name\" content=\"TECHNIC-TOYS.com\" \/>\n<meta property=\"article:modified_time\" content=\"2024-12-04T18:03:44+00:00\" \/>\n<meta property=\"og:image\" content=\"https:\/\/www.technic-toys.com\/wp-content\/uploads\/2022\/04\/23039.jpg\" \/>\n\t<meta property=\"og:image:width\" content=\"2560\" \/>\n\t<meta property=\"og:image:height\" content=\"1468\" \/>\n\t<meta property=\"og:image:type\" content=\"image\/jpeg\" \/>\n<meta name=\"twitter:card\" content=\"summary_large_image\" \/>\n<meta name=\"twitter:label1\" content=\"Est. reading time\" \/>\n\t<meta name=\"twitter:data1\" content=\"1 minute\" \/>\n<script type=\"application\/ld+json\" class=\"yoast-schema-graph\">{\"@context\":\"https:\/\/schema.org\",\"@graph\":[{\"@type\":\"WebPage\",\"@id\":\"https:\/\/www.technic-toys.com\/izdelek\/tiger-i-116-professional-line-iii-bb-up\/\",\"url\":\"https:\/\/www.technic-toys.com\/izdelek\/tiger-i-116-professional-line-iii-bb-up\/\",\"name\":\"Tiger I 1:16 Professional Line III BB\/UP - TECHNIC-TOYS.com\",\"isPartOf\":{\"@id\":\"https:\/\/www.technic-toys.com\/en\/#website\"},\"datePublished\":\"2022-04-08T14:55:29+00:00\",\"dateModified\":\"2024-12-04T18:03:44+00:00\",\"breadcrumb\":{\"@id\":\"https:\/\/www.technic-toys.com\/izdelek\/tiger-i-116-professional-line-iii-bb-up\/#breadcrumb\"},\"inLanguage\":\"en-US\",\"potentialAction\":[{\"@type\":\"ReadAction\",\"target\":[\"https:\/\/www.technic-toys.com\/izdelek\/tiger-i-116-professional-line-iii-bb-up\/\"]}]},{\"@type\":\"BreadcrumbList\",\"@id\":\"https:\/\/www.technic-toys.com\/izdelek\/tiger-i-116-professional-line-iii-bb-up\/#breadcrumb\",\"itemListElement\":[{\"@type\":\"ListItem\",\"position\":1,\"name\":\"Domov\",\"item\":\"https:\/\/www.technic-toys.com\/en\/\"},{\"@type\":\"ListItem\",\"position\":2,\"name\":\"Shop\",\"item\":\"https:\/\/www.technic-toys.com\/en\/shop-2\/\"},{\"@type\":\"ListItem\",\"position\":3,\"name\":\"Tiger I 1:16 Professional Line III BB\/UP\"}]},{\"@type\":\"WebSite\",\"@id\":\"https:\/\/www.technic-toys.com\/en\/#website\",\"url\":\"https:\/\/www.technic-toys.com\/en\/\",\"name\":\"TECHNIC-TOYS.com\",\"description\":\"\",\"potentialAction\":[{\"@type\":\"SearchAction\",\"target\":{\"@type\":\"EntryPoint\",\"urlTemplate\":\"https:\/\/www.technic-toys.com\/en\/?s={search_term_string}\"},\"query-input\":\"required name=search_term_string\"}],\"inLanguage\":\"en-US\"}]}<\/script>\n<!-- \/ Yoast SEO plugin. -->","yoast_head_json":{"title":"Tiger I 1:16 Professional Line III BB\/UP - TECHNIC-TOYS.com","robots":{"index":"index","follow":"follow","max-snippet":"max-snippet:-1","max-image-preview":"max-image-preview:large","max-video-preview":"max-video-preview:-1"},"canonical":"https:\/\/www.technic-toys.com\/izdelek\/tiger-i-116-professional-line-iii-bb-up\/","og_locale":"en_US","og_type":"article","og_title":"Tiger I 1:16 Professional Line III BB\/UP - TECHNIC-TOYS.com","og_description":"Polna kovina, True Sound, nepobarvana","og_url":"https:\/\/www.technic-toys.com\/izdelek\/tiger-i-116-professional-line-iii-bb-up\/","og_site_name":"TECHNIC-TOYS.com","article_modified_time":"2024-12-04T18:03:44+00:00","og_image":[{"width":2560,"height":1468,"url":"https:\/\/www.technic-toys.com\/wp-content\/uploads\/2022\/04\/23039.jpg","type":"image\/jpeg"}],"twitter_card":"summary_large_image","twitter_misc":{"Est. reading time":"1 minute"},"schema":{"@context":"https:\/\/schema.org","@graph":[{"@type":"WebPage","@id":"https:\/\/www.technic-toys.com\/izdelek\/tiger-i-116-professional-line-iii-bb-up\/","url":"https:\/\/www.technic-toys.com\/izdelek\/tiger-i-116-professional-line-iii-bb-up\/","name":"Tiger I 1:16 Professional Line III BB\/UP - TECHNIC-TOYS.com","isPartOf":{"@id":"https:\/\/www.technic-toys.com\/en\/#website"},"datePublished":"2022-04-08T14:55:29+00:00","dateModified":"2024-12-04T18:03:44+00:00","breadcrumb":{"@id":"https:\/\/www.technic-toys.com\/izdelek\/tiger-i-116-professional-line-iii-bb-up\/#breadcrumb"},"inLanguage":"en-US","potentialAction":[{"@type":"ReadAction","target":["https:\/\/www.technic-toys.com\/izdelek\/tiger-i-116-professional-line-iii-bb-up\/"]}]},{"@type":"BreadcrumbList","@id":"https:\/\/www.technic-toys.com\/izdelek\/tiger-i-116-professional-line-iii-bb-up\/#breadcrumb","itemListElement":[{"@type":"ListItem","position":1,"name":"Domov","item":"https:\/\/www.technic-toys.com\/en\/"},{"@type":"ListItem","position":2,"name":"Shop","item":"https:\/\/www.technic-toys.com\/en\/shop-2\/"},{"@type":"ListItem","position":3,"name":"Tiger I 1:16 Professional Line III BB\/UP"}]},{"@type":"WebSite","@id":"https:\/\/www.technic-toys.com\/en\/#website","url":"https:\/\/www.technic-toys.com\/en\/","name":"TECHNIC-TOYS.com","description":"","potentialAction":[{"@type":"SearchAction","target":{"@type":"EntryPoint","urlTemplate":"https:\/\/www.technic-toys.com\/en\/?s={search_term_string}"},"query-input":"required name=search_term_string"}],"inLanguage":"en-US"}]}},"_links":{"self":[{"href":"https:\/\/www.technic-toys.com\/en\/wp-json\/wp\/v2\/product\/15588"}],"collection":[{"href":"https:\/\/www.technic-toys.com\/en\/wp-json\/wp\/v2\/product"}],"about":[{"href":"https:\/\/www.technic-toys.com\/en\/wp-json\/wp\/v2\/types\/product"}],"wp:featuredmedia":[{"embeddable":true,"href":"https:\/\/www.technic-toys.com\/en\/wp-json\/wp\/v2\/media\/15589"}],"wp:attachment":[{"href":"https:\/\/www.technic-toys.com\/en\/wp-json\/wp\/v2\/media?parent=15588"}],"wp:term":[{"taxonomy":"product_cat","embeddable":true,"href":"https:\/\/www.technic-toys.com\/en\/wp-json\/wp\/v2\/product_cat?post=15588"},{"taxonomy":"product_tag","embeddable":true,"href":"https:\/\/www.technic-toys.com\/en\/wp-json\/wp\/v2\/product_tag?post=15588"}],"curies":[{"name":"wp","href":"https:\/\/api.w.org\/{rel}","templated":true}]}}