{"id":15616,"date":"2022-04-08T16:55:29","date_gmt":"2022-04-08T14:55:29","guid":{"rendered":"https:\/\/www.technic-toys.com\/izdelek\/tiger-i-116-professional-line-iii-bb-p\/"},"modified":"2024-12-04T19:03:37","modified_gmt":"2024-12-04T18:03:37","slug":"tiger-i-116-professional-line-iii-bb-p","status":"publish","type":"product","link":"https:\/\/www.technic-toys.com\/en\/izdelek\/tiger-i-116-professional-line-iii-bb-p\/","title":{"rendered":"Tiger I 1:16 Professional Line III BB\/P"},"content":{"rendered":"<p>Te\u017eki Panzerkampfwagen VI &#8220;Tiger I&#8221; je podjetje Henschel izdelovalo od leta 1942 do 1944 in ga je Wehrmacht uporabljal od poznega poletja 1942. Zaradi mo\u010dnega glavnega oro\u017eja in visoke za\u0161\u010dite oklepa je bil Tiger eden najmo\u010dnej\u0161ih tankov druge svetovne vojne in so se ga vsi nasprotniki bali.<\/p>\n<p>Izdaja AMEWI je zvesta- \u017eivljenjska replika v merilu 1:16. To je razli\u010dica RTR (Ready To Run). Vse komponente, kot so podvozje, kupola, valji, cev topa, verige in lopute itd., so pri tem modelu izdelane iz kovine. Poleg tega je bila izdelana tudi kovinska glavna prestava, vklju\u010dno z motorji, optimizirana za veliko te\u017eo. Menjalnik je zelo fino preveden, kar pomeni, da se celotna slika vo\u017enje zelo pribli\u017ea izvirniku. <\/p>\n<p>Lastnosti:<br \/>Vzmetenje enega kolesa s torizijskim drogom<br \/>Lithum 2600mah baterija<br \/>Vse komponente so izdelane iz kovine<br \/>Visokokakovosten resni\u010dni zvo\u010dni modul<br \/>Razli\u010den zvok efekti za motor, top in MG. 230 mm<br \/>Vi\u0161ina: 195 mm<br \/>Te\u017ea: 6500g<br \/>Barva: nepobarvan<br \/>Rotorji: kovinski<br \/>Verige: kovinski<br \/>Podlo\u017eka: kovina<br \/>Nosilec kolesa: kovina <br \/>Storolo: kovina<br \/>Vra\u010dni obro\u010d: 360\u00b0 vrtljivi obro\u010d<br \/>Orodje: zaprt kovinski zobnik<br \/>Izvedba: RTR, sestavljen pripravljen za vo\u017enjo, pobarvan <br \/>Daljinski upravljalnik: 6-kanalni 2,4 GHz<\/p>\n<p>Obseg dobave:<br \/>Model Tiger I Professional Line III<br \/>Daljinski upravljalnik<br \/>LiIon baterija<br \/> Polnilnik<br \/>Navodila za uporabo DE\/EN<\/p>\n","protected":false},"excerpt":{"rendered":"<p>Polna kovina, True Sound, barvana<\/p>\n","protected":false},"featured_media":15617,"template":"","meta":[],"product_cat":[374,365],"product_tag":[],"acf":[],"yoast_head":"<!-- This site is optimized with the Yoast SEO plugin v21.7 - https:\/\/yoast.com\/wordpress\/plugins\/seo\/ -->\n<title>Tiger I 1:16 Professional Line III BB\/P - TECHNIC-TOYS.com<\/title>\n<meta name=\"robots\" content=\"index, follow, max-snippet:-1, max-image-preview:large, max-video-preview:-1\" \/>\n<link rel=\"canonical\" href=\"https:\/\/www.technic-toys.com\/izdelek\/tiger-i-116-professional-line-iii-bb-p\/\" \/>\n<meta property=\"og:locale\" content=\"en_US\" \/>\n<meta property=\"og:type\" content=\"article\" \/>\n<meta property=\"og:title\" content=\"Tiger I 1:16 Professional Line III BB\/P - TECHNIC-TOYS.com\" \/>\n<meta property=\"og:description\" content=\"Polna kovina, True Sound, barvana\" \/>\n<meta property=\"og:url\" content=\"https:\/\/www.technic-toys.com\/izdelek\/tiger-i-116-professional-line-iii-bb-p\/\" \/>\n<meta property=\"og:site_name\" content=\"TECHNIC-TOYS.com\" \/>\n<meta property=\"article:modified_time\" content=\"2024-12-04T18:03:37+00:00\" \/>\n<meta property=\"og:image\" content=\"https:\/\/www.technic-toys.com\/wp-content\/uploads\/2022\/04\/23040.jpg\" \/>\n\t<meta property=\"og:image:width\" content=\"1280\" \/>\n\t<meta property=\"og:image:height\" content=\"734\" \/>\n\t<meta property=\"og:image:type\" content=\"image\/jpeg\" \/>\n<meta name=\"twitter:card\" content=\"summary_large_image\" \/>\n<meta name=\"twitter:label1\" content=\"Est. reading time\" \/>\n\t<meta name=\"twitter:data1\" content=\"1 minute\" \/>\n<script type=\"application\/ld+json\" class=\"yoast-schema-graph\">{\"@context\":\"https:\/\/schema.org\",\"@graph\":[{\"@type\":\"WebPage\",\"@id\":\"https:\/\/www.technic-toys.com\/izdelek\/tiger-i-116-professional-line-iii-bb-p\/\",\"url\":\"https:\/\/www.technic-toys.com\/izdelek\/tiger-i-116-professional-line-iii-bb-p\/\",\"name\":\"Tiger I 1:16 Professional Line III BB\/P - TECHNIC-TOYS.com\",\"isPartOf\":{\"@id\":\"https:\/\/www.technic-toys.com\/en\/#website\"},\"datePublished\":\"2022-04-08T14:55:29+00:00\",\"dateModified\":\"2024-12-04T18:03:37+00:00\",\"breadcrumb\":{\"@id\":\"https:\/\/www.technic-toys.com\/izdelek\/tiger-i-116-professional-line-iii-bb-p\/#breadcrumb\"},\"inLanguage\":\"en-US\",\"potentialAction\":[{\"@type\":\"ReadAction\",\"target\":[\"https:\/\/www.technic-toys.com\/izdelek\/tiger-i-116-professional-line-iii-bb-p\/\"]}]},{\"@type\":\"BreadcrumbList\",\"@id\":\"https:\/\/www.technic-toys.com\/izdelek\/tiger-i-116-professional-line-iii-bb-p\/#breadcrumb\",\"itemListElement\":[{\"@type\":\"ListItem\",\"position\":1,\"name\":\"Domov\",\"item\":\"https:\/\/www.technic-toys.com\/en\/\"},{\"@type\":\"ListItem\",\"position\":2,\"name\":\"Shop\",\"item\":\"https:\/\/www.technic-toys.com\/en\/shop-2\/\"},{\"@type\":\"ListItem\",\"position\":3,\"name\":\"Tiger I 1:16 Professional Line III BB\/P\"}]},{\"@type\":\"WebSite\",\"@id\":\"https:\/\/www.technic-toys.com\/en\/#website\",\"url\":\"https:\/\/www.technic-toys.com\/en\/\",\"name\":\"TECHNIC-TOYS.com\",\"description\":\"\",\"potentialAction\":[{\"@type\":\"SearchAction\",\"target\":{\"@type\":\"EntryPoint\",\"urlTemplate\":\"https:\/\/www.technic-toys.com\/en\/?s={search_term_string}\"},\"query-input\":\"required name=search_term_string\"}],\"inLanguage\":\"en-US\"}]}<\/script>\n<!-- \/ Yoast SEO plugin. -->","yoast_head_json":{"title":"Tiger I 1:16 Professional Line III BB\/P - TECHNIC-TOYS.com","robots":{"index":"index","follow":"follow","max-snippet":"max-snippet:-1","max-image-preview":"max-image-preview:large","max-video-preview":"max-video-preview:-1"},"canonical":"https:\/\/www.technic-toys.com\/izdelek\/tiger-i-116-professional-line-iii-bb-p\/","og_locale":"en_US","og_type":"article","og_title":"Tiger I 1:16 Professional Line III BB\/P - TECHNIC-TOYS.com","og_description":"Polna kovina, True Sound, barvana","og_url":"https:\/\/www.technic-toys.com\/izdelek\/tiger-i-116-professional-line-iii-bb-p\/","og_site_name":"TECHNIC-TOYS.com","article_modified_time":"2024-12-04T18:03:37+00:00","og_image":[{"width":1280,"height":734,"url":"https:\/\/www.technic-toys.com\/wp-content\/uploads\/2022\/04\/23040.jpg","type":"image\/jpeg"}],"twitter_card":"summary_large_image","twitter_misc":{"Est. reading time":"1 minute"},"schema":{"@context":"https:\/\/schema.org","@graph":[{"@type":"WebPage","@id":"https:\/\/www.technic-toys.com\/izdelek\/tiger-i-116-professional-line-iii-bb-p\/","url":"https:\/\/www.technic-toys.com\/izdelek\/tiger-i-116-professional-line-iii-bb-p\/","name":"Tiger I 1:16 Professional Line III BB\/P - TECHNIC-TOYS.com","isPartOf":{"@id":"https:\/\/www.technic-toys.com\/en\/#website"},"datePublished":"2022-04-08T14:55:29+00:00","dateModified":"2024-12-04T18:03:37+00:00","breadcrumb":{"@id":"https:\/\/www.technic-toys.com\/izdelek\/tiger-i-116-professional-line-iii-bb-p\/#breadcrumb"},"inLanguage":"en-US","potentialAction":[{"@type":"ReadAction","target":["https:\/\/www.technic-toys.com\/izdelek\/tiger-i-116-professional-line-iii-bb-p\/"]}]},{"@type":"BreadcrumbList","@id":"https:\/\/www.technic-toys.com\/izdelek\/tiger-i-116-professional-line-iii-bb-p\/#breadcrumb","itemListElement":[{"@type":"ListItem","position":1,"name":"Domov","item":"https:\/\/www.technic-toys.com\/en\/"},{"@type":"ListItem","position":2,"name":"Shop","item":"https:\/\/www.technic-toys.com\/en\/shop-2\/"},{"@type":"ListItem","position":3,"name":"Tiger I 1:16 Professional Line III BB\/P"}]},{"@type":"WebSite","@id":"https:\/\/www.technic-toys.com\/en\/#website","url":"https:\/\/www.technic-toys.com\/en\/","name":"TECHNIC-TOYS.com","description":"","potentialAction":[{"@type":"SearchAction","target":{"@type":"EntryPoint","urlTemplate":"https:\/\/www.technic-toys.com\/en\/?s={search_term_string}"},"query-input":"required name=search_term_string"}],"inLanguage":"en-US"}]}},"_links":{"self":[{"href":"https:\/\/www.technic-toys.com\/en\/wp-json\/wp\/v2\/product\/15616"}],"collection":[{"href":"https:\/\/www.technic-toys.com\/en\/wp-json\/wp\/v2\/product"}],"about":[{"href":"https:\/\/www.technic-toys.com\/en\/wp-json\/wp\/v2\/types\/product"}],"wp:featuredmedia":[{"embeddable":true,"href":"https:\/\/www.technic-toys.com\/en\/wp-json\/wp\/v2\/media\/15617"}],"wp:attachment":[{"href":"https:\/\/www.technic-toys.com\/en\/wp-json\/wp\/v2\/media?parent=15616"}],"wp:term":[{"taxonomy":"product_cat","embeddable":true,"href":"https:\/\/www.technic-toys.com\/en\/wp-json\/wp\/v2\/product_cat?post=15616"},{"taxonomy":"product_tag","embeddable":true,"href":"https:\/\/www.technic-toys.com\/en\/wp-json\/wp\/v2\/product_tag?post=15616"}],"curies":[{"name":"wp","href":"https:\/\/api.w.org\/{rel}","templated":true}]}}