{"id":15663,"date":"2022-04-08T16:55:29","date_gmt":"2022-04-08T14:55:29","guid":{"rendered":"https:\/\/www.technic-toys.com\/izdelek\/jagdpanther-g-116-advanced-line-bb\/"},"modified":"2024-12-04T19:03:39","modified_gmt":"2024-12-04T18:03:39","slug":"jagdpanther-g-116-advanced-line-bb","status":"publish","type":"product","link":"https:\/\/www.technic-toys.com\/en\/izdelek\/jagdpanther-g-116-advanced-line-bb\/","title":{"rendered":"Jagdpanther G 1:16 Advanced Line BB"},"content":{"rendered":"<p>Jagdpanzer V &#8216;Jagdpanther&#8217;, ki so ga zavezniki klasificirali kot morilec te\u017ekih tankov, je veljal za najbolj\u0161ega in najuspe\u0161nej\u0161ega uni\u010devalca tankov v drugi svetovni vojni. Serijska proizvodnja se je za\u010dela januarja 1944, Jagdpanther pa je bil prvi\u010d uporabljen junija 1944. Vendar se na boji\u0161\u010du ni ve\u010d pojavljal v zadostnem \u0161tevilu, da bi bil \u0161e odlo\u010dilen za vojno. Oboro\u017een je bil z 8,8 cm L\/71 King Tiger topom in 7,92 mm nosnim mitraljezom. Med ardensko ofenzivo so Jagdpantherji uni\u010dili veliko \u0161tevilo zavezni\u0161kih tankov. Izdaja AMEWI je resni\u010dna originalna replika v merilu 1:16. RTR &#8211; pripravljen za uporabo. S kovinskimi zobniki in kovinskimi verigami. Rezervoar ima tudi funkcijo dima in zvoka. Vsak rezervoar je pred dostavo testiran glede funkcionalnosti in popolnosti. Kontrolni seznam je vklju\u010den. Funkcije: stolp naprej\/nazaj levo\/desno vrtenje stolpa navzgor\/navzdol funkcija strela dim &#038; zvok<\/p>\n<p>Tehni\u010dni podatki: Obseg dobave: daljinski upravljalnik rezervoarja 2,4 GHz baterija + polnilec strelivo nalepke\/nalepke za dimno teko\u010dino<br \/> < br \/>Pomembna opomba: Lesena \u0161katla je bonus in vam ne daje pravice do reklamacij v primeru kakr\u0161ne koli zunanje po\u0161kodbe pravega lesenega zaboja.<\/p>\n","protected":false},"excerpt":{"rendered":"<p>Z dimom in zvokom, kovinskimi zobniki in verigami<\/p>\n","protected":false},"featured_media":15664,"template":"","meta":[],"product_cat":[374,365],"product_tag":[],"acf":[],"yoast_head":"<!-- This site is optimized with the Yoast SEO plugin v21.7 - https:\/\/yoast.com\/wordpress\/plugins\/seo\/ -->\n<title>Jagdpanther G 1:16 Advanced Line BB - TECHNIC-TOYS.com<\/title>\n<meta name=\"robots\" content=\"index, follow, max-snippet:-1, max-image-preview:large, max-video-preview:-1\" \/>\n<link rel=\"canonical\" href=\"https:\/\/www.technic-toys.com\/izdelek\/jagdpanther-g-116-advanced-line-bb\/\" \/>\n<meta property=\"og:locale\" content=\"en_US\" \/>\n<meta property=\"og:type\" content=\"article\" \/>\n<meta property=\"og:title\" content=\"Jagdpanther G 1:16 Advanced Line BB - TECHNIC-TOYS.com\" \/>\n<meta property=\"og:description\" content=\"Z dimom in zvokom, kovinskimi zobniki in verigami\" \/>\n<meta property=\"og:url\" content=\"https:\/\/www.technic-toys.com\/izdelek\/jagdpanther-g-116-advanced-line-bb\/\" \/>\n<meta property=\"og:site_name\" content=\"TECHNIC-TOYS.com\" \/>\n<meta property=\"article:modified_time\" content=\"2024-12-04T18:03:39+00:00\" \/>\n<meta property=\"og:image\" content=\"https:\/\/www.technic-toys.com\/wp-content\/uploads\/2022\/04\/23049.jpg\" \/>\n\t<meta property=\"og:image:width\" content=\"2560\" \/>\n\t<meta property=\"og:image:height\" content=\"1468\" \/>\n\t<meta property=\"og:image:type\" content=\"image\/jpeg\" \/>\n<meta name=\"twitter:card\" content=\"summary_large_image\" \/>\n<meta name=\"twitter:label1\" content=\"Est. reading time\" \/>\n\t<meta name=\"twitter:data1\" content=\"1 minute\" \/>\n<script type=\"application\/ld+json\" class=\"yoast-schema-graph\">{\"@context\":\"https:\/\/schema.org\",\"@graph\":[{\"@type\":\"WebPage\",\"@id\":\"https:\/\/www.technic-toys.com\/izdelek\/jagdpanther-g-116-advanced-line-bb\/\",\"url\":\"https:\/\/www.technic-toys.com\/izdelek\/jagdpanther-g-116-advanced-line-bb\/\",\"name\":\"Jagdpanther G 1:16 Advanced Line BB - TECHNIC-TOYS.com\",\"isPartOf\":{\"@id\":\"https:\/\/www.technic-toys.com\/en\/#website\"},\"datePublished\":\"2022-04-08T14:55:29+00:00\",\"dateModified\":\"2024-12-04T18:03:39+00:00\",\"breadcrumb\":{\"@id\":\"https:\/\/www.technic-toys.com\/izdelek\/jagdpanther-g-116-advanced-line-bb\/#breadcrumb\"},\"inLanguage\":\"en-US\",\"potentialAction\":[{\"@type\":\"ReadAction\",\"target\":[\"https:\/\/www.technic-toys.com\/izdelek\/jagdpanther-g-116-advanced-line-bb\/\"]}]},{\"@type\":\"BreadcrumbList\",\"@id\":\"https:\/\/www.technic-toys.com\/izdelek\/jagdpanther-g-116-advanced-line-bb\/#breadcrumb\",\"itemListElement\":[{\"@type\":\"ListItem\",\"position\":1,\"name\":\"Domov\",\"item\":\"https:\/\/www.technic-toys.com\/en\/\"},{\"@type\":\"ListItem\",\"position\":2,\"name\":\"Shop\",\"item\":\"https:\/\/www.technic-toys.com\/en\/shop-2\/\"},{\"@type\":\"ListItem\",\"position\":3,\"name\":\"Jagdpanther G 1:16 Advanced Line BB\"}]},{\"@type\":\"WebSite\",\"@id\":\"https:\/\/www.technic-toys.com\/en\/#website\",\"url\":\"https:\/\/www.technic-toys.com\/en\/\",\"name\":\"TECHNIC-TOYS.com\",\"description\":\"\",\"potentialAction\":[{\"@type\":\"SearchAction\",\"target\":{\"@type\":\"EntryPoint\",\"urlTemplate\":\"https:\/\/www.technic-toys.com\/en\/?s={search_term_string}\"},\"query-input\":\"required name=search_term_string\"}],\"inLanguage\":\"en-US\"}]}<\/script>\n<!-- \/ Yoast SEO plugin. -->","yoast_head_json":{"title":"Jagdpanther G 1:16 Advanced Line BB - TECHNIC-TOYS.com","robots":{"index":"index","follow":"follow","max-snippet":"max-snippet:-1","max-image-preview":"max-image-preview:large","max-video-preview":"max-video-preview:-1"},"canonical":"https:\/\/www.technic-toys.com\/izdelek\/jagdpanther-g-116-advanced-line-bb\/","og_locale":"en_US","og_type":"article","og_title":"Jagdpanther G 1:16 Advanced Line BB - TECHNIC-TOYS.com","og_description":"Z dimom in zvokom, kovinskimi zobniki in verigami","og_url":"https:\/\/www.technic-toys.com\/izdelek\/jagdpanther-g-116-advanced-line-bb\/","og_site_name":"TECHNIC-TOYS.com","article_modified_time":"2024-12-04T18:03:39+00:00","og_image":[{"width":2560,"height":1468,"url":"https:\/\/www.technic-toys.com\/wp-content\/uploads\/2022\/04\/23049.jpg","type":"image\/jpeg"}],"twitter_card":"summary_large_image","twitter_misc":{"Est. reading time":"1 minute"},"schema":{"@context":"https:\/\/schema.org","@graph":[{"@type":"WebPage","@id":"https:\/\/www.technic-toys.com\/izdelek\/jagdpanther-g-116-advanced-line-bb\/","url":"https:\/\/www.technic-toys.com\/izdelek\/jagdpanther-g-116-advanced-line-bb\/","name":"Jagdpanther G 1:16 Advanced Line BB - TECHNIC-TOYS.com","isPartOf":{"@id":"https:\/\/www.technic-toys.com\/en\/#website"},"datePublished":"2022-04-08T14:55:29+00:00","dateModified":"2024-12-04T18:03:39+00:00","breadcrumb":{"@id":"https:\/\/www.technic-toys.com\/izdelek\/jagdpanther-g-116-advanced-line-bb\/#breadcrumb"},"inLanguage":"en-US","potentialAction":[{"@type":"ReadAction","target":["https:\/\/www.technic-toys.com\/izdelek\/jagdpanther-g-116-advanced-line-bb\/"]}]},{"@type":"BreadcrumbList","@id":"https:\/\/www.technic-toys.com\/izdelek\/jagdpanther-g-116-advanced-line-bb\/#breadcrumb","itemListElement":[{"@type":"ListItem","position":1,"name":"Domov","item":"https:\/\/www.technic-toys.com\/en\/"},{"@type":"ListItem","position":2,"name":"Shop","item":"https:\/\/www.technic-toys.com\/en\/shop-2\/"},{"@type":"ListItem","position":3,"name":"Jagdpanther G 1:16 Advanced Line BB"}]},{"@type":"WebSite","@id":"https:\/\/www.technic-toys.com\/en\/#website","url":"https:\/\/www.technic-toys.com\/en\/","name":"TECHNIC-TOYS.com","description":"","potentialAction":[{"@type":"SearchAction","target":{"@type":"EntryPoint","urlTemplate":"https:\/\/www.technic-toys.com\/en\/?s={search_term_string}"},"query-input":"required name=search_term_string"}],"inLanguage":"en-US"}]}},"_links":{"self":[{"href":"https:\/\/www.technic-toys.com\/en\/wp-json\/wp\/v2\/product\/15663"}],"collection":[{"href":"https:\/\/www.technic-toys.com\/en\/wp-json\/wp\/v2\/product"}],"about":[{"href":"https:\/\/www.technic-toys.com\/en\/wp-json\/wp\/v2\/types\/product"}],"wp:featuredmedia":[{"embeddable":true,"href":"https:\/\/www.technic-toys.com\/en\/wp-json\/wp\/v2\/media\/15664"}],"wp:attachment":[{"href":"https:\/\/www.technic-toys.com\/en\/wp-json\/wp\/v2\/media?parent=15663"}],"wp:term":[{"taxonomy":"product_cat","embeddable":true,"href":"https:\/\/www.technic-toys.com\/en\/wp-json\/wp\/v2\/product_cat?post=15663"},{"taxonomy":"product_tag","embeddable":true,"href":"https:\/\/www.technic-toys.com\/en\/wp-json\/wp\/v2\/product_tag?post=15663"}],"curies":[{"name":"wp","href":"https:\/\/api.w.org\/{rel}","templated":true}]}}