{"id":15770,"date":"2022-04-08T16:59:29","date_gmt":"2022-04-08T14:59:29","guid":{"rendered":"https:\/\/www.technic-toys.com\/izdelek\/us-m26-pershing-116-standardna-linija-ir-bb\/"},"modified":"2024-12-04T19:03:31","modified_gmt":"2024-12-04T18:03:31","slug":"us-m26-pershing-116-standardna-linija-ir-bb","status":"publish","type":"product","link":"https:\/\/www.technic-toys.com\/en\/izdelek\/us-m26-pershing-116-standardna-linija-ir-bb\/","title":{"rendered":"US M26 Pershing 1:16 Standardna linija IR\/BB"},"content":{"rendered":"<p>M26 Pershing se je prvi\u010d pojavil februarja 1945. Zahvaljujo\u010d svojemu 90 mm topu se je M26 lahko boril tudi proti nem\u0161kim tankom Tiger, zaradi \u010desar je dobil vzdevek Tiger-Tamer (ukrotilec tigrov). M26 je postal \u0161e posebej znan v bitki pri K\u00f6lnu, ko je en sam Pershing v samo 2 dneh uspel nokautirati 10 tigrov in panterjev. Tanek, poimenovan po generalu Johnu J. Pershingu, je bil kasneje zelo uspe\u0161no uporabljen v korejski vojni od 1950 do 1953. Izdaja AMEWI je resni\u010dna originalna replika v merilu 1:16. RTR &#8211; pripravljen za uporabo. Rezervoar ima tudi funkcijo dima in zvoka. Vsak rezervoar je pred dostavo testiran glede funkcionalnosti in popolnosti. Kontrolni seznam je vklju\u010den. Funkcije: Naprej\/nazaj levo\/desno Turret gor\/dol Vrtenje kupole Funkcija streljanja dim in zvok Vsebina paketa: 1x rezervoar 1x daljinski upravljalnik 2,4GHz 1x baterija + polnilnik 1x strelivo<\/p>\n<p>Opomba: lesena \u0161katla je bonus in ne upravi\u010duje reklamacije v primeru kakr\u0161ne koli zunanje po\u0161kodbe prave lesene \u0161katle 1x nalepka dimne teko\u010dine<\/p>\n","protected":false},"excerpt":{"rendered":"<p>Dim in zvok<\/p>\n","protected":false},"featured_media":15771,"template":"","meta":[],"product_cat":[374,365],"product_tag":[],"acf":[],"yoast_head":"<!-- This site is optimized with the Yoast SEO plugin v21.7 - https:\/\/yoast.com\/wordpress\/plugins\/seo\/ -->\n<title>US M26 Pershing 1:16 Standardna linija IR\/BB - TECHNIC-TOYS.com<\/title>\n<meta name=\"robots\" content=\"index, follow, max-snippet:-1, max-image-preview:large, max-video-preview:-1\" \/>\n<link rel=\"canonical\" href=\"https:\/\/www.technic-toys.com\/izdelek\/us-m26-pershing-116-standardna-linija-ir-bb\/\" \/>\n<meta property=\"og:locale\" content=\"en_US\" \/>\n<meta property=\"og:type\" content=\"article\" \/>\n<meta property=\"og:title\" content=\"US M26 Pershing 1:16 Standardna linija IR\/BB - TECHNIC-TOYS.com\" \/>\n<meta property=\"og:description\" content=\"Dim in zvok\" \/>\n<meta property=\"og:url\" content=\"https:\/\/www.technic-toys.com\/izdelek\/us-m26-pershing-116-standardna-linija-ir-bb\/\" \/>\n<meta property=\"og:site_name\" content=\"TECHNIC-TOYS.com\" \/>\n<meta property=\"article:modified_time\" content=\"2024-12-04T18:03:31+00:00\" \/>\n<meta property=\"og:image\" content=\"https:\/\/www.technic-toys.com\/wp-content\/uploads\/2022\/04\/23061.jpg\" \/>\n\t<meta property=\"og:image:width\" content=\"2560\" \/>\n\t<meta property=\"og:image:height\" content=\"1468\" \/>\n\t<meta property=\"og:image:type\" content=\"image\/jpeg\" \/>\n<meta name=\"twitter:card\" content=\"summary_large_image\" \/>\n<meta name=\"twitter:label1\" content=\"Est. reading time\" \/>\n\t<meta name=\"twitter:data1\" content=\"1 minute\" \/>\n<script type=\"application\/ld+json\" class=\"yoast-schema-graph\">{\"@context\":\"https:\/\/schema.org\",\"@graph\":[{\"@type\":\"WebPage\",\"@id\":\"https:\/\/www.technic-toys.com\/izdelek\/us-m26-pershing-116-standardna-linija-ir-bb\/\",\"url\":\"https:\/\/www.technic-toys.com\/izdelek\/us-m26-pershing-116-standardna-linija-ir-bb\/\",\"name\":\"US M26 Pershing 1:16 Standardna linija IR\/BB - TECHNIC-TOYS.com\",\"isPartOf\":{\"@id\":\"https:\/\/www.technic-toys.com\/en\/#website\"},\"datePublished\":\"2022-04-08T14:59:29+00:00\",\"dateModified\":\"2024-12-04T18:03:31+00:00\",\"breadcrumb\":{\"@id\":\"https:\/\/www.technic-toys.com\/izdelek\/us-m26-pershing-116-standardna-linija-ir-bb\/#breadcrumb\"},\"inLanguage\":\"en-US\",\"potentialAction\":[{\"@type\":\"ReadAction\",\"target\":[\"https:\/\/www.technic-toys.com\/izdelek\/us-m26-pershing-116-standardna-linija-ir-bb\/\"]}]},{\"@type\":\"BreadcrumbList\",\"@id\":\"https:\/\/www.technic-toys.com\/izdelek\/us-m26-pershing-116-standardna-linija-ir-bb\/#breadcrumb\",\"itemListElement\":[{\"@type\":\"ListItem\",\"position\":1,\"name\":\"Domov\",\"item\":\"https:\/\/www.technic-toys.com\/en\/\"},{\"@type\":\"ListItem\",\"position\":2,\"name\":\"Shop\",\"item\":\"https:\/\/www.technic-toys.com\/en\/shop-2\/\"},{\"@type\":\"ListItem\",\"position\":3,\"name\":\"US M26 Pershing 1:16 Standardna linija IR\/BB\"}]},{\"@type\":\"WebSite\",\"@id\":\"https:\/\/www.technic-toys.com\/en\/#website\",\"url\":\"https:\/\/www.technic-toys.com\/en\/\",\"name\":\"TECHNIC-TOYS.com\",\"description\":\"\",\"potentialAction\":[{\"@type\":\"SearchAction\",\"target\":{\"@type\":\"EntryPoint\",\"urlTemplate\":\"https:\/\/www.technic-toys.com\/en\/?s={search_term_string}\"},\"query-input\":\"required name=search_term_string\"}],\"inLanguage\":\"en-US\"}]}<\/script>\n<!-- \/ Yoast SEO plugin. -->","yoast_head_json":{"title":"US M26 Pershing 1:16 Standardna linija IR\/BB - TECHNIC-TOYS.com","robots":{"index":"index","follow":"follow","max-snippet":"max-snippet:-1","max-image-preview":"max-image-preview:large","max-video-preview":"max-video-preview:-1"},"canonical":"https:\/\/www.technic-toys.com\/izdelek\/us-m26-pershing-116-standardna-linija-ir-bb\/","og_locale":"en_US","og_type":"article","og_title":"US M26 Pershing 1:16 Standardna linija IR\/BB - TECHNIC-TOYS.com","og_description":"Dim in zvok","og_url":"https:\/\/www.technic-toys.com\/izdelek\/us-m26-pershing-116-standardna-linija-ir-bb\/","og_site_name":"TECHNIC-TOYS.com","article_modified_time":"2024-12-04T18:03:31+00:00","og_image":[{"width":2560,"height":1468,"url":"https:\/\/www.technic-toys.com\/wp-content\/uploads\/2022\/04\/23061.jpg","type":"image\/jpeg"}],"twitter_card":"summary_large_image","twitter_misc":{"Est. reading time":"1 minute"},"schema":{"@context":"https:\/\/schema.org","@graph":[{"@type":"WebPage","@id":"https:\/\/www.technic-toys.com\/izdelek\/us-m26-pershing-116-standardna-linija-ir-bb\/","url":"https:\/\/www.technic-toys.com\/izdelek\/us-m26-pershing-116-standardna-linija-ir-bb\/","name":"US M26 Pershing 1:16 Standardna linija IR\/BB - TECHNIC-TOYS.com","isPartOf":{"@id":"https:\/\/www.technic-toys.com\/en\/#website"},"datePublished":"2022-04-08T14:59:29+00:00","dateModified":"2024-12-04T18:03:31+00:00","breadcrumb":{"@id":"https:\/\/www.technic-toys.com\/izdelek\/us-m26-pershing-116-standardna-linija-ir-bb\/#breadcrumb"},"inLanguage":"en-US","potentialAction":[{"@type":"ReadAction","target":["https:\/\/www.technic-toys.com\/izdelek\/us-m26-pershing-116-standardna-linija-ir-bb\/"]}]},{"@type":"BreadcrumbList","@id":"https:\/\/www.technic-toys.com\/izdelek\/us-m26-pershing-116-standardna-linija-ir-bb\/#breadcrumb","itemListElement":[{"@type":"ListItem","position":1,"name":"Domov","item":"https:\/\/www.technic-toys.com\/en\/"},{"@type":"ListItem","position":2,"name":"Shop","item":"https:\/\/www.technic-toys.com\/en\/shop-2\/"},{"@type":"ListItem","position":3,"name":"US M26 Pershing 1:16 Standardna linija IR\/BB"}]},{"@type":"WebSite","@id":"https:\/\/www.technic-toys.com\/en\/#website","url":"https:\/\/www.technic-toys.com\/en\/","name":"TECHNIC-TOYS.com","description":"","potentialAction":[{"@type":"SearchAction","target":{"@type":"EntryPoint","urlTemplate":"https:\/\/www.technic-toys.com\/en\/?s={search_term_string}"},"query-input":"required name=search_term_string"}],"inLanguage":"en-US"}]}},"_links":{"self":[{"href":"https:\/\/www.technic-toys.com\/en\/wp-json\/wp\/v2\/product\/15770"}],"collection":[{"href":"https:\/\/www.technic-toys.com\/en\/wp-json\/wp\/v2\/product"}],"about":[{"href":"https:\/\/www.technic-toys.com\/en\/wp-json\/wp\/v2\/types\/product"}],"wp:featuredmedia":[{"embeddable":true,"href":"https:\/\/www.technic-toys.com\/en\/wp-json\/wp\/v2\/media\/15771"}],"wp:attachment":[{"href":"https:\/\/www.technic-toys.com\/en\/wp-json\/wp\/v2\/media?parent=15770"}],"wp:term":[{"taxonomy":"product_cat","embeddable":true,"href":"https:\/\/www.technic-toys.com\/en\/wp-json\/wp\/v2\/product_cat?post=15770"},{"taxonomy":"product_tag","embeddable":true,"href":"https:\/\/www.technic-toys.com\/en\/wp-json\/wp\/v2\/product_tag?post=15770"}],"curies":[{"name":"wp","href":"https:\/\/api.w.org\/{rel}","templated":true}]}}