{"id":15834,"date":"2022-04-08T16:59:29","date_gmt":"2022-04-08T14:59:29","guid":{"rendered":"https:\/\/www.technic-toys.com\/izdelek\/stug-iii-116-standardna-linija-ir-bb\/"},"modified":"2024-12-04T19:03:35","modified_gmt":"2024-12-04T18:03:35","slug":"stug-iii-116-standardna-linija-ir-bb","status":"publish","type":"product","link":"https:\/\/www.technic-toys.com\/en\/izdelek\/stug-iii-116-standardna-linija-ir-bb\/","title":{"rendered":"Stug III 1:16 Standardna linija IR\/BB"},"content":{"rendered":"<p>Sturmgesch\u00fctz III je bil prvotno na\u010drtovan za podporo pehoti v drugi svetovni vojni, vendar se je vse pogosteje uporabljal kot protitankovsko vozilo. Imel je zelo nizko silhueto, zaradi \u010desar je sovra\u017enik te\u017eko opazil dobro zamaskiran StuG III ali ga zadel v boju. <br \/>Izdaja AMEWI v standardni liniji je zvesta replika v merilu 1:16 in je dostavljena kot razli\u010dica RTR &#8211; Ready-To-Run. Vsi pripomo\u010dki potrebni za delovanje so vklju\u010deni v obseg dobave (razen baterij za oddajnik 6x AA 1,5V Mignon) Rezervoar ima funkcijo strela, dima in zvoka, kar ponovno ob\u010dutno pove\u010da obseg. V trenutni razli\u010dici je bil dodatno opremljen tudi IR bojni modul za izvajanje razburljivih bitk z drugimi modeli iz na\u0161e serije Standard, Advanced ali Pro. Zadetek se nato simulira s stresanjem modela. Vgrajeni MG nato slu\u017ei kot funkcija IR posnetka. Glavna pu\u0161ka izstreli tudi 6 mm BB naboje do 15 m. Visokokakovostni, na novo prevedeni in zaprti plasti\u010dni menjalniki odli\u010dno porazdelijo mo\u010d pogona (en motor na stran) na verige modela, celotno podvozje pa je vzmeteno in opremljeno z nihajnimi rokami, kar optimizira vodljivost na terenu. Celoten model je dobavljen v visokokakovostni \u0161katli iz pravega lesa.<br \/>Lastnosti: Inkapsuliran menjalnik (za\u0161\u010diten pred kamenjem in umazanijo) Zmogljivi motorji (za dober pogon) Optika lestvice (zelo realisti\u010den videz) IR infrarde\u010di bojni modul (za razburljivo tankovske bitke) Smoke and Sound (prek oddajnika je mogo\u010de izbrati ve\u010d zvokov) 6 mm BB shot funkcija (izstrelki iz trde plastike do dosega pribl. 15 m) 2,4 GHz sistem z najnovej\u0161o elektroniko TK7.0<br \/>Tehni\u010dni podatki: Merilo: 1:16 Skupna dol\u017eina: 410 mm dol\u017eina brez topa: 340 mm \u0161irina: 185 mm Vi\u0161ina: 140 mm Te\u017ea: 1640 g Valji: Plasti\u010dne verige: Plastika Spodnji del trupa: Plasti\u010dni stolp: Plasti\u010dni Vrtljivi obro\u010d: 360\u00b0 Prestav: Plasti\u010dni menjalnik: R Elektronski menjalnik TK 7.0 Potovalni \u010das: pribli\u017eno 20 minut Baterija: Li-Ion 2S 7.4V 1800mAh 25C, Tamiya konektor, 68x37x22mm 93g Daljinski upravljalnik: namizni 2,4GHz Polnilnik: LiPo\/Li-Ion 220V polnilnik, izhodni polnilnik 8x polnilnik z mo\u010djo 50 m . 3 ure Lesena \u0161katla z nosilnimi ro\u010daji in pritrdilnimi elementi Oddajnik 2,4GHz Li-Ion baterija Polnilec dimno olje (upo\u0161tevajte koli\u010dino polnjenja v modelu) 6mm BB kroglice Razli\u010dni nastavki Navodila DE\/EN<br \/>Potrebna dodatna oprema: 6x 1,5V AA Mignon baterije<\/p>\n","protected":false},"excerpt":{"rendered":"<p>Z dimom in zvokom<\/p>\n","protected":false},"featured_media":15835,"template":"","meta":[],"product_cat":[374,365],"product_tag":[],"acf":[],"yoast_head":"<!-- This site is optimized with the Yoast SEO plugin v21.7 - https:\/\/yoast.com\/wordpress\/plugins\/seo\/ -->\n<title>Stug III 1:16 Standardna linija IR\/BB - TECHNIC-TOYS.com<\/title>\n<meta name=\"robots\" content=\"index, follow, max-snippet:-1, max-image-preview:large, max-video-preview:-1\" \/>\n<link rel=\"canonical\" href=\"https:\/\/www.technic-toys.com\/izdelek\/stug-iii-116-standardna-linija-ir-bb\/\" \/>\n<meta property=\"og:locale\" content=\"en_US\" \/>\n<meta property=\"og:type\" content=\"article\" \/>\n<meta property=\"og:title\" content=\"Stug III 1:16 Standardna linija IR\/BB - TECHNIC-TOYS.com\" \/>\n<meta property=\"og:description\" content=\"Z dimom in zvokom\" \/>\n<meta property=\"og:url\" content=\"https:\/\/www.technic-toys.com\/izdelek\/stug-iii-116-standardna-linija-ir-bb\/\" \/>\n<meta property=\"og:site_name\" content=\"TECHNIC-TOYS.com\" \/>\n<meta property=\"article:modified_time\" content=\"2024-12-04T18:03:35+00:00\" \/>\n<meta property=\"og:image\" content=\"https:\/\/www.technic-toys.com\/wp-content\/uploads\/2022\/04\/23067.jpg\" \/>\n\t<meta property=\"og:image:width\" content=\"2560\" \/>\n\t<meta property=\"og:image:height\" content=\"1468\" \/>\n\t<meta property=\"og:image:type\" content=\"image\/jpeg\" \/>\n<meta name=\"twitter:card\" content=\"summary_large_image\" \/>\n<meta name=\"twitter:label1\" content=\"Est. reading time\" \/>\n\t<meta name=\"twitter:data1\" content=\"2 minutes\" \/>\n<script type=\"application\/ld+json\" class=\"yoast-schema-graph\">{\"@context\":\"https:\/\/schema.org\",\"@graph\":[{\"@type\":\"WebPage\",\"@id\":\"https:\/\/www.technic-toys.com\/izdelek\/stug-iii-116-standardna-linija-ir-bb\/\",\"url\":\"https:\/\/www.technic-toys.com\/izdelek\/stug-iii-116-standardna-linija-ir-bb\/\",\"name\":\"Stug III 1:16 Standardna linija IR\/BB - TECHNIC-TOYS.com\",\"isPartOf\":{\"@id\":\"https:\/\/www.technic-toys.com\/en\/#website\"},\"datePublished\":\"2022-04-08T14:59:29+00:00\",\"dateModified\":\"2024-12-04T18:03:35+00:00\",\"breadcrumb\":{\"@id\":\"https:\/\/www.technic-toys.com\/izdelek\/stug-iii-116-standardna-linija-ir-bb\/#breadcrumb\"},\"inLanguage\":\"en-US\",\"potentialAction\":[{\"@type\":\"ReadAction\",\"target\":[\"https:\/\/www.technic-toys.com\/izdelek\/stug-iii-116-standardna-linija-ir-bb\/\"]}]},{\"@type\":\"BreadcrumbList\",\"@id\":\"https:\/\/www.technic-toys.com\/izdelek\/stug-iii-116-standardna-linija-ir-bb\/#breadcrumb\",\"itemListElement\":[{\"@type\":\"ListItem\",\"position\":1,\"name\":\"Domov\",\"item\":\"https:\/\/www.technic-toys.com\/en\/\"},{\"@type\":\"ListItem\",\"position\":2,\"name\":\"Shop\",\"item\":\"https:\/\/www.technic-toys.com\/en\/shop-2\/\"},{\"@type\":\"ListItem\",\"position\":3,\"name\":\"Stug III 1:16 Standardna linija IR\/BB\"}]},{\"@type\":\"WebSite\",\"@id\":\"https:\/\/www.technic-toys.com\/en\/#website\",\"url\":\"https:\/\/www.technic-toys.com\/en\/\",\"name\":\"TECHNIC-TOYS.com\",\"description\":\"\",\"potentialAction\":[{\"@type\":\"SearchAction\",\"target\":{\"@type\":\"EntryPoint\",\"urlTemplate\":\"https:\/\/www.technic-toys.com\/en\/?s={search_term_string}\"},\"query-input\":\"required name=search_term_string\"}],\"inLanguage\":\"en-US\"}]}<\/script>\n<!-- \/ Yoast SEO plugin. -->","yoast_head_json":{"title":"Stug III 1:16 Standardna linija IR\/BB - TECHNIC-TOYS.com","robots":{"index":"index","follow":"follow","max-snippet":"max-snippet:-1","max-image-preview":"max-image-preview:large","max-video-preview":"max-video-preview:-1"},"canonical":"https:\/\/www.technic-toys.com\/izdelek\/stug-iii-116-standardna-linija-ir-bb\/","og_locale":"en_US","og_type":"article","og_title":"Stug III 1:16 Standardna linija IR\/BB - TECHNIC-TOYS.com","og_description":"Z dimom in zvokom","og_url":"https:\/\/www.technic-toys.com\/izdelek\/stug-iii-116-standardna-linija-ir-bb\/","og_site_name":"TECHNIC-TOYS.com","article_modified_time":"2024-12-04T18:03:35+00:00","og_image":[{"width":2560,"height":1468,"url":"https:\/\/www.technic-toys.com\/wp-content\/uploads\/2022\/04\/23067.jpg","type":"image\/jpeg"}],"twitter_card":"summary_large_image","twitter_misc":{"Est. reading time":"2 minutes"},"schema":{"@context":"https:\/\/schema.org","@graph":[{"@type":"WebPage","@id":"https:\/\/www.technic-toys.com\/izdelek\/stug-iii-116-standardna-linija-ir-bb\/","url":"https:\/\/www.technic-toys.com\/izdelek\/stug-iii-116-standardna-linija-ir-bb\/","name":"Stug III 1:16 Standardna linija IR\/BB - TECHNIC-TOYS.com","isPartOf":{"@id":"https:\/\/www.technic-toys.com\/en\/#website"},"datePublished":"2022-04-08T14:59:29+00:00","dateModified":"2024-12-04T18:03:35+00:00","breadcrumb":{"@id":"https:\/\/www.technic-toys.com\/izdelek\/stug-iii-116-standardna-linija-ir-bb\/#breadcrumb"},"inLanguage":"en-US","potentialAction":[{"@type":"ReadAction","target":["https:\/\/www.technic-toys.com\/izdelek\/stug-iii-116-standardna-linija-ir-bb\/"]}]},{"@type":"BreadcrumbList","@id":"https:\/\/www.technic-toys.com\/izdelek\/stug-iii-116-standardna-linija-ir-bb\/#breadcrumb","itemListElement":[{"@type":"ListItem","position":1,"name":"Domov","item":"https:\/\/www.technic-toys.com\/en\/"},{"@type":"ListItem","position":2,"name":"Shop","item":"https:\/\/www.technic-toys.com\/en\/shop-2\/"},{"@type":"ListItem","position":3,"name":"Stug III 1:16 Standardna linija IR\/BB"}]},{"@type":"WebSite","@id":"https:\/\/www.technic-toys.com\/en\/#website","url":"https:\/\/www.technic-toys.com\/en\/","name":"TECHNIC-TOYS.com","description":"","potentialAction":[{"@type":"SearchAction","target":{"@type":"EntryPoint","urlTemplate":"https:\/\/www.technic-toys.com\/en\/?s={search_term_string}"},"query-input":"required name=search_term_string"}],"inLanguage":"en-US"}]}},"_links":{"self":[{"href":"https:\/\/www.technic-toys.com\/en\/wp-json\/wp\/v2\/product\/15834"}],"collection":[{"href":"https:\/\/www.technic-toys.com\/en\/wp-json\/wp\/v2\/product"}],"about":[{"href":"https:\/\/www.technic-toys.com\/en\/wp-json\/wp\/v2\/types\/product"}],"wp:featuredmedia":[{"embeddable":true,"href":"https:\/\/www.technic-toys.com\/en\/wp-json\/wp\/v2\/media\/15835"}],"wp:attachment":[{"href":"https:\/\/www.technic-toys.com\/en\/wp-json\/wp\/v2\/media?parent=15834"}],"wp:term":[{"taxonomy":"product_cat","embeddable":true,"href":"https:\/\/www.technic-toys.com\/en\/wp-json\/wp\/v2\/product_cat?post=15834"},{"taxonomy":"product_tag","embeddable":true,"href":"https:\/\/www.technic-toys.com\/en\/wp-json\/wp\/v2\/product_tag?post=15834"}],"curies":[{"name":"wp","href":"https:\/\/api.w.org\/{rel}","templated":true}]}}