{"id":15910,"date":"2022-04-08T16:59:29","date_gmt":"2022-04-08T14:59:29","guid":{"rendered":"https:\/\/www.technic-toys.com\/izdelek\/king-tiger-henschel-tower-116-standardna-linija-ir-bb\/"},"modified":"2024-12-04T19:03:27","modified_gmt":"2024-12-04T18:03:27","slug":"king-tiger-henschel-tower-116-standardna-linija-ir-bb","status":"publish","type":"product","link":"https:\/\/www.technic-toys.com\/en\/izdelek\/king-tiger-henschel-tower-116-standardna-linija-ir-bb\/","title":{"rendered":"King Tiger Henschel Tower 1:16 Standardna linija IR\/BB"},"content":{"rendered":"<p>Panzerkampfwagen VI, bolj znan kot Tiger II ali King Tiger, je bila izbolj\u0161ana razli\u010dica te\u017ekega tanka Tiger. Veljal je za najbolj\u0161i tank Wehrmachta v drugi svetovni vojni. 8,8 cm top je dal King Tigeru izjemno ognjeno mo\u010d. Prvih 50 izvodov je prejelo kupolo, ki jo je razvil Porsche, preden je bila name\u0161\u010dena le ozka kupola podjetja Henschel.<br \/>AMEWI Edition je resni\u010dna originalna replika v merilu 1:16. RTR &#8211; pripravljen za uporabo. Rezervoar ima tudi funkcijo dima in zvoka. Funkcija streljanja se izvaja s krmilno pal\u010dko in gumbom ter strelja 6 mm BB izstrelke iz trde plastike do 15 m. Poleg tega ima model infrarde\u010di bojni modul, ki omogo\u010da dvoboj z drugimi tanki iz te izdaje Amewi. Ko ga neposredno zadene sovra\u017enikov tank, se zadeti tank zatrese, kar simulira zadetek. Model poganjata 2 zmogljiva motorja, ki va\u0161o mo\u010d prena\u0161ata na pogonska kolesa preko ve\u010dstopenjskega plasti\u010dnega zobnika. Menjalnik je na notranji strani zaprt (pokrit). Vsa kolesa na \u0161asiji so povezana s \u0161asijo s kovinskimi nihajnimi rokami in so vla\u017ena. Top je mogo\u010de dvigovati in spu\u0161\u010dati, vse krmilne funkcije pa so sorazmerne. Ta zvesti model s kamufla\u017enim zaklju\u010dkom ni v ni\u010demer slab\u0161i od pravega tanka. Model ima tudi sistem osvetlitve in celoten obseg dobave ustreza najnovej\u0161emu stanju tehnike. Elektronika je posodobljena 7.0 in od zdaj naprej vse modele dostavljamo s sodobno LiPo baterijo z 1800 mAh in 7,4 V. V kompletu je prilo\u017een tudi ustrezen LiPo polnilec. Pred pakiranjem je bil model preverjen glede funkcionalnosti in modelu je prilo\u017een funkcionalni dnevnik. Dostava poteka v natan\u010dno prilegajo\u010dem se jedru iz stiropora, pri Amewiju pa brezpla\u010dno vklju\u010dimo \u0161katlo iz masivnega pravega lesa v naravni barvi. Model je bil testiran na funkcionalnost pred pakiranjem in vklju\u010den je funkcionalni protokol.<br \/>Poudarki: Super lestvica videz &#8211; zelo podroben videz, ki pritegne o\u010di Najnovej\u0161a elektronika TK 7.0 &#8211; vse komponente so najsodobnej\u0161i infrarde\u010di bojni sistem &#8211; za razburljive dvoboje z drugimi modeli iz na\u0161e ponudbe Dodatne funkcije: krmilni sistem 2,4 GHz Dva zmogljiva elektromotorja Multi -stopenjski menjalnik za popoln prenos mo\u010di na verige Mo\u010dnej\u0161a 7,4V Li-Ion pogonska baterija z 1800mAh in priklju\u010dkom Tamiya 220V polnilnik z izhodom 850mAh in priklju\u010dkom za uravnote\u017eenje \u0160tevilni nastavki in dodatki, kot so figura voznika, verige, MG itd. Preklopni zvoki prek zvo\u010dnega modula, kot so zvok MG, funkcija strela in \u0161um vo\u017enje Funkcija strela: 6 mm BB trde plasti\u010dne krogle Funkcija dima: uporaba dimnega olja ( Upo\u0161tevajte koli\u010dino polnjenja)<br \/>Tehni\u010dni podatki: Merilo: 1:16 Skupna dol\u017eina: 650 mm Dol\u017eina brez topa: 460 mm \u0160irina: 240 mm Vi\u0161ina: 190 mm Te\u017ea: 2729 g (brez baterije) Barva: Kamufla\u017ene verige Kolesa: Plasti\u010dni spodnji del trup: Plasti\u010dni stolp: Plasti\u010dni vrtljivi obro\u010d: 360\u00b0 Prenos: Plastika Izvedba: RTR \u010cas vo\u017enje: cca 12-15 minut Elektronika: TK 7.0 predal za baterije Dimenzije: 135 x 45 x 24 mm Baterija: Li-Ion, 2S 7.4mAh 182 Tamiya vti\u010d, 70x37x19mm, 93g daljinski upravljalnik: 2,4GHz polnilnik 2S LiPo \/ 220V 850mAh izhodni \u010das polnjenja: pribli\u017eno 2 uri<br \/>Obseg dobave: daljinski upravljalnik rezervoarja 2,4GHz polnilnik baterije strelivo 6mm BB nastavki lik teko\u010dina nalepka navodila za uporabo DE\/SL<br \/>Potrebna dodatna oprema: 6x AA baterije za daljinski upravljalnik<br \/>Pomembna opomba: Pozor: Lesena \u0161katla je bonus in vam ne daje pravice do reklamacij v primeru kakr\u0161ne koli zunanje po\u0161kodbe pravega lesa \u0161katla.<\/p>\n","protected":false},"excerpt":{"rendered":"<p>Z dimom in zvokom<\/p>\n","protected":false},"featured_media":15911,"template":"","meta":[],"product_cat":[374,365],"product_tag":[],"acf":[],"yoast_head":"<!-- This site is optimized with the Yoast SEO plugin v21.7 - https:\/\/yoast.com\/wordpress\/plugins\/seo\/ -->\n<title>King Tiger Henschel Tower 1:16 Standardna linija IR\/BB - TECHNIC-TOYS.com<\/title>\n<meta name=\"robots\" content=\"index, follow, max-snippet:-1, max-image-preview:large, max-video-preview:-1\" \/>\n<link rel=\"canonical\" href=\"https:\/\/www.technic-toys.com\/izdelek\/king-tiger-henschel-tower-116-standardna-linija-ir-bb\/\" \/>\n<meta property=\"og:locale\" content=\"en_US\" \/>\n<meta property=\"og:type\" content=\"article\" \/>\n<meta property=\"og:title\" content=\"King Tiger Henschel Tower 1:16 Standardna linija IR\/BB - TECHNIC-TOYS.com\" \/>\n<meta property=\"og:description\" content=\"Z dimom in zvokom\" \/>\n<meta property=\"og:url\" content=\"https:\/\/www.technic-toys.com\/izdelek\/king-tiger-henschel-tower-116-standardna-linija-ir-bb\/\" \/>\n<meta property=\"og:site_name\" content=\"TECHNIC-TOYS.com\" \/>\n<meta property=\"article:modified_time\" content=\"2024-12-04T18:03:27+00:00\" \/>\n<meta property=\"og:image\" content=\"https:\/\/www.technic-toys.com\/wp-content\/uploads\/2022\/04\/23072.jpg\" \/>\n\t<meta property=\"og:image:width\" content=\"2560\" \/>\n\t<meta property=\"og:image:height\" content=\"1468\" \/>\n\t<meta property=\"og:image:type\" content=\"image\/jpeg\" \/>\n<meta name=\"twitter:card\" content=\"summary_large_image\" \/>\n<meta name=\"twitter:label1\" content=\"Est. reading time\" \/>\n\t<meta name=\"twitter:data1\" content=\"3 minutes\" \/>\n<script type=\"application\/ld+json\" class=\"yoast-schema-graph\">{\"@context\":\"https:\/\/schema.org\",\"@graph\":[{\"@type\":\"WebPage\",\"@id\":\"https:\/\/www.technic-toys.com\/izdelek\/king-tiger-henschel-tower-116-standardna-linija-ir-bb\/\",\"url\":\"https:\/\/www.technic-toys.com\/izdelek\/king-tiger-henschel-tower-116-standardna-linija-ir-bb\/\",\"name\":\"King Tiger Henschel Tower 1:16 Standardna linija IR\/BB - TECHNIC-TOYS.com\",\"isPartOf\":{\"@id\":\"https:\/\/www.technic-toys.com\/en\/#website\"},\"datePublished\":\"2022-04-08T14:59:29+00:00\",\"dateModified\":\"2024-12-04T18:03:27+00:00\",\"breadcrumb\":{\"@id\":\"https:\/\/www.technic-toys.com\/izdelek\/king-tiger-henschel-tower-116-standardna-linija-ir-bb\/#breadcrumb\"},\"inLanguage\":\"en-US\",\"potentialAction\":[{\"@type\":\"ReadAction\",\"target\":[\"https:\/\/www.technic-toys.com\/izdelek\/king-tiger-henschel-tower-116-standardna-linija-ir-bb\/\"]}]},{\"@type\":\"BreadcrumbList\",\"@id\":\"https:\/\/www.technic-toys.com\/izdelek\/king-tiger-henschel-tower-116-standardna-linija-ir-bb\/#breadcrumb\",\"itemListElement\":[{\"@type\":\"ListItem\",\"position\":1,\"name\":\"Domov\",\"item\":\"https:\/\/www.technic-toys.com\/en\/\"},{\"@type\":\"ListItem\",\"position\":2,\"name\":\"Shop\",\"item\":\"https:\/\/www.technic-toys.com\/en\/shop-2\/\"},{\"@type\":\"ListItem\",\"position\":3,\"name\":\"King Tiger Henschel Tower 1:16 Standardna linija IR\/BB\"}]},{\"@type\":\"WebSite\",\"@id\":\"https:\/\/www.technic-toys.com\/en\/#website\",\"url\":\"https:\/\/www.technic-toys.com\/en\/\",\"name\":\"TECHNIC-TOYS.com\",\"description\":\"\",\"potentialAction\":[{\"@type\":\"SearchAction\",\"target\":{\"@type\":\"EntryPoint\",\"urlTemplate\":\"https:\/\/www.technic-toys.com\/en\/?s={search_term_string}\"},\"query-input\":\"required name=search_term_string\"}],\"inLanguage\":\"en-US\"}]}<\/script>\n<!-- \/ Yoast SEO plugin. -->","yoast_head_json":{"title":"King Tiger Henschel Tower 1:16 Standardna linija IR\/BB - TECHNIC-TOYS.com","robots":{"index":"index","follow":"follow","max-snippet":"max-snippet:-1","max-image-preview":"max-image-preview:large","max-video-preview":"max-video-preview:-1"},"canonical":"https:\/\/www.technic-toys.com\/izdelek\/king-tiger-henschel-tower-116-standardna-linija-ir-bb\/","og_locale":"en_US","og_type":"article","og_title":"King Tiger Henschel Tower 1:16 Standardna linija IR\/BB - TECHNIC-TOYS.com","og_description":"Z dimom in zvokom","og_url":"https:\/\/www.technic-toys.com\/izdelek\/king-tiger-henschel-tower-116-standardna-linija-ir-bb\/","og_site_name":"TECHNIC-TOYS.com","article_modified_time":"2024-12-04T18:03:27+00:00","og_image":[{"width":2560,"height":1468,"url":"https:\/\/www.technic-toys.com\/wp-content\/uploads\/2022\/04\/23072.jpg","type":"image\/jpeg"}],"twitter_card":"summary_large_image","twitter_misc":{"Est. reading time":"3 minutes"},"schema":{"@context":"https:\/\/schema.org","@graph":[{"@type":"WebPage","@id":"https:\/\/www.technic-toys.com\/izdelek\/king-tiger-henschel-tower-116-standardna-linija-ir-bb\/","url":"https:\/\/www.technic-toys.com\/izdelek\/king-tiger-henschel-tower-116-standardna-linija-ir-bb\/","name":"King Tiger Henschel Tower 1:16 Standardna linija IR\/BB - TECHNIC-TOYS.com","isPartOf":{"@id":"https:\/\/www.technic-toys.com\/en\/#website"},"datePublished":"2022-04-08T14:59:29+00:00","dateModified":"2024-12-04T18:03:27+00:00","breadcrumb":{"@id":"https:\/\/www.technic-toys.com\/izdelek\/king-tiger-henschel-tower-116-standardna-linija-ir-bb\/#breadcrumb"},"inLanguage":"en-US","potentialAction":[{"@type":"ReadAction","target":["https:\/\/www.technic-toys.com\/izdelek\/king-tiger-henschel-tower-116-standardna-linija-ir-bb\/"]}]},{"@type":"BreadcrumbList","@id":"https:\/\/www.technic-toys.com\/izdelek\/king-tiger-henschel-tower-116-standardna-linija-ir-bb\/#breadcrumb","itemListElement":[{"@type":"ListItem","position":1,"name":"Domov","item":"https:\/\/www.technic-toys.com\/en\/"},{"@type":"ListItem","position":2,"name":"Shop","item":"https:\/\/www.technic-toys.com\/en\/shop-2\/"},{"@type":"ListItem","position":3,"name":"King Tiger Henschel Tower 1:16 Standardna linija IR\/BB"}]},{"@type":"WebSite","@id":"https:\/\/www.technic-toys.com\/en\/#website","url":"https:\/\/www.technic-toys.com\/en\/","name":"TECHNIC-TOYS.com","description":"","potentialAction":[{"@type":"SearchAction","target":{"@type":"EntryPoint","urlTemplate":"https:\/\/www.technic-toys.com\/en\/?s={search_term_string}"},"query-input":"required name=search_term_string"}],"inLanguage":"en-US"}]}},"_links":{"self":[{"href":"https:\/\/www.technic-toys.com\/en\/wp-json\/wp\/v2\/product\/15910"}],"collection":[{"href":"https:\/\/www.technic-toys.com\/en\/wp-json\/wp\/v2\/product"}],"about":[{"href":"https:\/\/www.technic-toys.com\/en\/wp-json\/wp\/v2\/types\/product"}],"wp:featuredmedia":[{"embeddable":true,"href":"https:\/\/www.technic-toys.com\/en\/wp-json\/wp\/v2\/media\/15911"}],"wp:attachment":[{"href":"https:\/\/www.technic-toys.com\/en\/wp-json\/wp\/v2\/media?parent=15910"}],"wp:term":[{"taxonomy":"product_cat","embeddable":true,"href":"https:\/\/www.technic-toys.com\/en\/wp-json\/wp\/v2\/product_cat?post=15910"},{"taxonomy":"product_tag","embeddable":true,"href":"https:\/\/www.technic-toys.com\/en\/wp-json\/wp\/v2\/product_tag?post=15910"}],"curies":[{"name":"wp","href":"https:\/\/api.w.org\/{rel}","templated":true}]}}