{"id":15938,"date":"2022-04-08T16:59:29","date_gmt":"2022-04-08T14:59:29","guid":{"rendered":"https:\/\/www.technic-toys.com\/izdelek\/us-m4a3-sherman-116-standardna-linija-ir-bb\/"},"modified":"2024-12-04T19:03:27","modified_gmt":"2024-12-04T18:03:27","slug":"us-m4a3-sherman-116-standardna-linija-ir-bb","status":"publish","type":"product","link":"https:\/\/www.technic-toys.com\/en\/izdelek\/us-m4a3-sherman-116-standardna-linija-ir-bb\/","title":{"rendered":"US M4A3 Sherman 1:16 Standardna linija IR\/BB"},"content":{"rendered":"<p>M4A3 Sherman je bil srednji tank, ki so ga uporabljale oboro\u017eene sile ZDA. Med drugo svetovno vojno je bil eden najbolj izdelanih primerkov ameri\u0161kih oklepnih sil. Razli\u010dica M4A3 z motorjem Ford V8 in 76,2 mm pi\u0161tolo je bila uporabljena tudi v korejski vojni (1950 &#8211; 1953). Amewi Edition je resni\u010dna replika v merilu 1:16, dostavljena kot RTR razli\u010dica v \u0161katli iz masivnega pravega lesa v reprezentativnem slogu \u0161katle za strelivo naravne barve. Rezervoar ima funkcijo dima in zvoka ter sistem osvetlitve za \u0161e bolj prepri\u010dljive svetove izku\u0161enj. Funkcija streljanja se izvaja s krmilno pal\u010dko in gumbom, s katerim lahko izstrelite 6 mm BB izstrelke iz trde plastike na razdalji do 15 metrov. Poleg tega ima model infrarde\u010di bojni modul, ki omogo\u010da dvoboje z drugimi tanki iz te izdaje Amewi. V primeru neposrednega sovra\u017enikovega udarca se zadeti tank enkrat vidno &#8216;pretrese&#8217;. Top je mogo\u010de premikati gor in dol, vse krmilne funkcije so proporcionalne in jih je zato mogo\u010de upravljati ob\u010dutljivo. Model poganjata dva zmogljiva motorja, ki svojo mo\u010d prena\u0161ata na pogonska kolesa preko ve\u010dstopenjskega plasti\u010dnega menjalnika. Ta zvesti model s svojo olivno zeleno livrejo nikakor ni slab\u0161i od pravega tanka. Celoten obseg dobave ustreza najnovej\u0161emu stanju tehnike (elektronika TK 7.0). Od zdaj naprej vse modele dostavljamo s sodobno Li-Ion baterijo z 1800 mAh in 7,4 V. V kompletu je prilo\u017een tudi ustrezen polnilec. Model je bil pred pakiranjem preverjen glede funkcionalnosti in vklju\u010den je dnevnik funkcij. Dostava poteka v natan\u010dno prilegajo\u010dem se stiropornem jedru (opomba: lesena \u0161katla je bonus in vam ne daje pravice do reklamacij v primeru morebitnih zunanjih po\u0161kodb pravega lesenega zaboja med transportom).<br \/>Poudarki: Super scale videz &#8211; zelo podroben videz kot privla\u010den za o\u010di Najnovej\u0161a elektronika TK 7.0 &#8211; vse komponente so najsodobnej\u0161i infrarde\u010di bojni sistem &#8211; za razburljive dvoboje z drugimi modeli iz na\u0161e ponudbe Dodatne funkcije: 2,4 GHz krmilni sistem Dva zmogljiva elektromotorja Multi- stopenjski prenos za popoln prenos mo\u010di na verige Mo\u010dna 7,4 V Li-Ion pogonska baterija z 1800 mAh in Tamiya priklju\u010dkom 220 V polnilnik z 850 mAh izhodom in priklju\u010dkom za uravnote\u017eenje Funkcija streljanja: 6 mm BB naboje iz trde plastike Funkcija dima: uporaba dimnega olja (upo\u0161tevajte koli\u010dino polnjenja! ) Zvo\u010dni modul: akustiko lahko spreminjate preko oddajnika Tehni\u010dni podatki: Merilo: 1 :16 dol\u017eina: 365 mm \u0161irina: 165 mm vi\u0161ina: 175 mm te\u017ea: 1254 g barva: zelena kolesa: plastika off Tracks: Plastika Spodnji trup: Plasti\u010dni stolp: Plasti\u010dni Vrtljivi obro\u010d: 360\u00b0 vrtljivi obro\u010d Orodje: Plastika Izvedba: RTR Elektronika: TK 7.0 predal za baterije Dimenzije: 135x45x24mm Baterija: Li-Ion 2S 7.4V 1800mAh30mm priklju\u010dek, 400mAh30mm 2S LiPo \/ 220V 850mAh Nadzor izhoda: 2,4GHz<br \/>Obseg dobave: daljinski upravljalnik rezervoarja 2,4 GHz baterija 7,4V 1800mAh Li-Ion vti\u010d polnilnik LiPo \/ Li-Ion 850mAh strelivo 6mm BB slika dimna teko\u010dina navodila nalepka\/priklju\u010dki SL<br \/>Potrebna dodatna oprema: 6x AA baterije za daljinski upravljalnik<\/p>\n","protected":false},"excerpt":{"rendered":"<p>Z dimom in zvokom<\/p>\n","protected":false},"featured_media":15939,"template":"","meta":[],"product_cat":[374,365],"product_tag":[],"acf":[],"yoast_head":"<!-- This site is optimized with the Yoast SEO plugin v21.7 - https:\/\/yoast.com\/wordpress\/plugins\/seo\/ -->\n<title>US M4A3 Sherman 1:16 Standardna linija IR\/BB - TECHNIC-TOYS.com<\/title>\n<meta name=\"robots\" content=\"index, follow, max-snippet:-1, max-image-preview:large, max-video-preview:-1\" \/>\n<link rel=\"canonical\" href=\"https:\/\/www.technic-toys.com\/izdelek\/us-m4a3-sherman-116-standardna-linija-ir-bb\/\" \/>\n<meta property=\"og:locale\" content=\"en_US\" \/>\n<meta property=\"og:type\" content=\"article\" \/>\n<meta property=\"og:title\" content=\"US M4A3 Sherman 1:16 Standardna linija IR\/BB - TECHNIC-TOYS.com\" \/>\n<meta property=\"og:description\" content=\"Z dimom in zvokom\" \/>\n<meta property=\"og:url\" content=\"https:\/\/www.technic-toys.com\/izdelek\/us-m4a3-sherman-116-standardna-linija-ir-bb\/\" \/>\n<meta property=\"og:site_name\" content=\"TECHNIC-TOYS.com\" \/>\n<meta property=\"article:modified_time\" content=\"2024-12-04T18:03:27+00:00\" \/>\n<meta property=\"og:image\" content=\"https:\/\/www.technic-toys.com\/wp-content\/uploads\/2022\/04\/23073.jpg\" \/>\n\t<meta property=\"og:image:width\" content=\"2560\" \/>\n\t<meta property=\"og:image:height\" content=\"1468\" \/>\n\t<meta property=\"og:image:type\" content=\"image\/jpeg\" \/>\n<meta name=\"twitter:card\" content=\"summary_large_image\" \/>\n<meta name=\"twitter:label1\" content=\"Est. reading time\" \/>\n\t<meta name=\"twitter:data1\" content=\"2 minutes\" \/>\n<script type=\"application\/ld+json\" class=\"yoast-schema-graph\">{\"@context\":\"https:\/\/schema.org\",\"@graph\":[{\"@type\":\"WebPage\",\"@id\":\"https:\/\/www.technic-toys.com\/izdelek\/us-m4a3-sherman-116-standardna-linija-ir-bb\/\",\"url\":\"https:\/\/www.technic-toys.com\/izdelek\/us-m4a3-sherman-116-standardna-linija-ir-bb\/\",\"name\":\"US M4A3 Sherman 1:16 Standardna linija IR\/BB - TECHNIC-TOYS.com\",\"isPartOf\":{\"@id\":\"https:\/\/www.technic-toys.com\/en\/#website\"},\"datePublished\":\"2022-04-08T14:59:29+00:00\",\"dateModified\":\"2024-12-04T18:03:27+00:00\",\"breadcrumb\":{\"@id\":\"https:\/\/www.technic-toys.com\/izdelek\/us-m4a3-sherman-116-standardna-linija-ir-bb\/#breadcrumb\"},\"inLanguage\":\"en-US\",\"potentialAction\":[{\"@type\":\"ReadAction\",\"target\":[\"https:\/\/www.technic-toys.com\/izdelek\/us-m4a3-sherman-116-standardna-linija-ir-bb\/\"]}]},{\"@type\":\"BreadcrumbList\",\"@id\":\"https:\/\/www.technic-toys.com\/izdelek\/us-m4a3-sherman-116-standardna-linija-ir-bb\/#breadcrumb\",\"itemListElement\":[{\"@type\":\"ListItem\",\"position\":1,\"name\":\"Domov\",\"item\":\"https:\/\/www.technic-toys.com\/en\/\"},{\"@type\":\"ListItem\",\"position\":2,\"name\":\"Shop\",\"item\":\"https:\/\/www.technic-toys.com\/en\/shop-2\/\"},{\"@type\":\"ListItem\",\"position\":3,\"name\":\"US M4A3 Sherman 1:16 Standardna linija IR\/BB\"}]},{\"@type\":\"WebSite\",\"@id\":\"https:\/\/www.technic-toys.com\/en\/#website\",\"url\":\"https:\/\/www.technic-toys.com\/en\/\",\"name\":\"TECHNIC-TOYS.com\",\"description\":\"\",\"potentialAction\":[{\"@type\":\"SearchAction\",\"target\":{\"@type\":\"EntryPoint\",\"urlTemplate\":\"https:\/\/www.technic-toys.com\/en\/?s={search_term_string}\"},\"query-input\":\"required name=search_term_string\"}],\"inLanguage\":\"en-US\"}]}<\/script>\n<!-- \/ Yoast SEO plugin. -->","yoast_head_json":{"title":"US M4A3 Sherman 1:16 Standardna linija IR\/BB - TECHNIC-TOYS.com","robots":{"index":"index","follow":"follow","max-snippet":"max-snippet:-1","max-image-preview":"max-image-preview:large","max-video-preview":"max-video-preview:-1"},"canonical":"https:\/\/www.technic-toys.com\/izdelek\/us-m4a3-sherman-116-standardna-linija-ir-bb\/","og_locale":"en_US","og_type":"article","og_title":"US M4A3 Sherman 1:16 Standardna linija IR\/BB - TECHNIC-TOYS.com","og_description":"Z dimom in zvokom","og_url":"https:\/\/www.technic-toys.com\/izdelek\/us-m4a3-sherman-116-standardna-linija-ir-bb\/","og_site_name":"TECHNIC-TOYS.com","article_modified_time":"2024-12-04T18:03:27+00:00","og_image":[{"width":2560,"height":1468,"url":"https:\/\/www.technic-toys.com\/wp-content\/uploads\/2022\/04\/23073.jpg","type":"image\/jpeg"}],"twitter_card":"summary_large_image","twitter_misc":{"Est. reading time":"2 minutes"},"schema":{"@context":"https:\/\/schema.org","@graph":[{"@type":"WebPage","@id":"https:\/\/www.technic-toys.com\/izdelek\/us-m4a3-sherman-116-standardna-linija-ir-bb\/","url":"https:\/\/www.technic-toys.com\/izdelek\/us-m4a3-sherman-116-standardna-linija-ir-bb\/","name":"US M4A3 Sherman 1:16 Standardna linija IR\/BB - TECHNIC-TOYS.com","isPartOf":{"@id":"https:\/\/www.technic-toys.com\/en\/#website"},"datePublished":"2022-04-08T14:59:29+00:00","dateModified":"2024-12-04T18:03:27+00:00","breadcrumb":{"@id":"https:\/\/www.technic-toys.com\/izdelek\/us-m4a3-sherman-116-standardna-linija-ir-bb\/#breadcrumb"},"inLanguage":"en-US","potentialAction":[{"@type":"ReadAction","target":["https:\/\/www.technic-toys.com\/izdelek\/us-m4a3-sherman-116-standardna-linija-ir-bb\/"]}]},{"@type":"BreadcrumbList","@id":"https:\/\/www.technic-toys.com\/izdelek\/us-m4a3-sherman-116-standardna-linija-ir-bb\/#breadcrumb","itemListElement":[{"@type":"ListItem","position":1,"name":"Domov","item":"https:\/\/www.technic-toys.com\/en\/"},{"@type":"ListItem","position":2,"name":"Shop","item":"https:\/\/www.technic-toys.com\/en\/shop-2\/"},{"@type":"ListItem","position":3,"name":"US M4A3 Sherman 1:16 Standardna linija IR\/BB"}]},{"@type":"WebSite","@id":"https:\/\/www.technic-toys.com\/en\/#website","url":"https:\/\/www.technic-toys.com\/en\/","name":"TECHNIC-TOYS.com","description":"","potentialAction":[{"@type":"SearchAction","target":{"@type":"EntryPoint","urlTemplate":"https:\/\/www.technic-toys.com\/en\/?s={search_term_string}"},"query-input":"required name=search_term_string"}],"inLanguage":"en-US"}]}},"_links":{"self":[{"href":"https:\/\/www.technic-toys.com\/en\/wp-json\/wp\/v2\/product\/15938"}],"collection":[{"href":"https:\/\/www.technic-toys.com\/en\/wp-json\/wp\/v2\/product"}],"about":[{"href":"https:\/\/www.technic-toys.com\/en\/wp-json\/wp\/v2\/types\/product"}],"wp:featuredmedia":[{"embeddable":true,"href":"https:\/\/www.technic-toys.com\/en\/wp-json\/wp\/v2\/media\/15939"}],"wp:attachment":[{"href":"https:\/\/www.technic-toys.com\/en\/wp-json\/wp\/v2\/media?parent=15938"}],"wp:term":[{"taxonomy":"product_cat","embeddable":true,"href":"https:\/\/www.technic-toys.com\/en\/wp-json\/wp\/v2\/product_cat?post=15938"},{"taxonomy":"product_tag","embeddable":true,"href":"https:\/\/www.technic-toys.com\/en\/wp-json\/wp\/v2\/product_tag?post=15938"}],"curies":[{"name":"wp","href":"https:\/\/api.w.org\/{rel}","templated":true}]}}