{"id":15991,"date":"2022-04-08T16:59:29","date_gmt":"2022-04-08T14:59:29","guid":{"rendered":"https:\/\/www.technic-toys.com\/izdelek\/us-m1a2-116-advanced-line-ir-bb\/"},"modified":"2024-12-04T19:03:29","modified_gmt":"2024-12-04T18:03:29","slug":"us-m1a2-116-advanced-line-ir-bb","status":"publish","type":"product","link":"https:\/\/www.technic-toys.com\/en\/izdelek\/us-m1a2-116-advanced-line-ir-bb\/","title":{"rendered":"US M1A2 1:16 Advanced Line IR\/BB"},"content":{"rendered":"<p>M1 Abrams je bil glavni bojni tank ZDA od osemdesetih let prej\u0161njega stoletja. Do danes je bilo v ZDA in Egiptu zgrajenih ve\u010d kot 9000 primerkov. S pretvorbo v model M1A2 bi se morali osredoto\u010diti na \u0161e ve\u010djo za\u0161\u010dito oklepa, pove\u010dano pre\u017eivetje in izbolj\u0161ano vodljivost vozila. Rezervoar poganja mo\u010dna plinska turbina. V nedavni preteklosti je bil ta te\u017eki bojni tank na primer zelo uspe\u0161no uporabljen v zalivski vojni. Zaradi dobrega oklepa in mo\u010dne oboro\u017eitve je tank Abrams strahovit nasprotnik v akciji.<br \/>AMEWI Edition je resni\u010dna replika v merilu 1:16 kot RTR (Ready-to- Za\u017eeni) razli\u010dico. Model je opremljen z ve\u010dstopenjskim kovinskim menjalnikom za popoln prenos mo\u010di z dveh elektromotorjev na verige. Tank ima tudi funkcijo dima in zvoka, IR bojni modul za vznemirljive dvoboje z drugimi tanki iz serije Amewi in 6 mm strelni sistem BB. Ta naprava strelja 6 mm trde plasti\u010dne krogle do 15 m. Model je krmiljen preko sodobnega radijskega sistema 2,4 GHz z najnovej\u0161o elektroniko TK 7.0 &#8211; funkcije, kot so vo\u017enja, streljanje, dimni modul, zvo\u010dni modul (s spremenljivimi zvoki), vrtenje kupole in gibanje topa, je mogo\u010de nadzorovati ob\u010dutljivo in popolnoma sorazmerno preko oddajnik. Dostava poteka v visokokakovostni \u0161katli iz pravega lesa. Vsak rezervoar je pred dostavo testiran glede funkcionalnosti in popolnosti. Modelu je prilo\u017een kontrolni seznam.<br \/>Opozorilo: Lesena \u0161katla je bonus in modelu ne daje pravice do reklamacije v primeru kakr\u0161ne koli zunanje po\u0161kodbe \u0161katle.<br \/>Funkcije: naprej\/nazaj levo \/desna kupola navzgor\/dol rotacija kupole Funkcija posnetka, dim in zvok<br \/>Lastnosti: pomanj\u0161ani model, resni\u010den v izvirnem videzu. Vklju\u010deni so \u0161tevilni dodatki, kot so voznikova figura, mitraljez, nastavki itd. Mo\u010dni elektri\u010dni motorji za dobro po\u010dutje -Cestna mobilnost Konstrukcija, odporna na pr\u0161enje za primernost na prostem. Vse funkcije je mogo\u010de nadzorovati ob\u010dutljivo in popolnoma sorazmerno Funkcija dimljenja iz izpuha Zvo\u010dna funkcija za vsakogar Dejanja, kot so vo\u017enja, streljanje, vrtenje stolpa, itd. Infrarde\u010di posnetek preko funkcije MG LED osvetlitev<br \/>Tehni\u010dni podatki: Merilo: 1:16 Skupna dol\u017eina: 610mm dol\u017eina brez topa: 490mm \u0161irina: 225mm vi\u0161ina: 165mm Te\u017ea: 2479g (brez baterije) Barva: be\u017e z rjavimi Valji: plasti\u010dni Gosenice: plasti\u010dni spodnji trup: plasti\u010dna kupola: Plasti\u010dni vrtljivi obro\u010d: 360\u00b0 vrtljivi obro\u010d Prestav: Kovinski zobnik Izvedba: RTR \u010cas vo\u017enje: cca 15 min Elektronika: TK 7.0 predal za baterije Dimenzije: 135 x 45 x 24 mm Baterija: Li-Ion, 2S 7,4A Vti\u010d Tamiya, 1800C 70x37x19mm, 93g Daljinski upravljalnik: Obseg 2,4GHz: pribli\u017eno 100m Polnilnik: 2S LiPo \/ 220V 850mAh izhod \u010cas polnjenja: pribli\u017eno 2 uri<br \/>Obseg dobave: daljinski upravljalnik rezervoarja 2,4GHz baterijski polnilnik polnilnik 6mm polnilnik za teko\u010dino strelivo BB slika navodila za uporabo DE\/EN<br \/> Zahtevani dodatki: 6x AA baterije za daljinski upravljalnik<\/p>\n","protected":false},"excerpt":{"rendered":"<p>dimom in zvokom, kovinskimi zobniki<\/p>\n","protected":false},"featured_media":15992,"template":"","meta":[],"product_cat":[374,365],"product_tag":[],"acf":[],"yoast_head":"<!-- This site is optimized with the Yoast SEO plugin v21.7 - https:\/\/yoast.com\/wordpress\/plugins\/seo\/ -->\n<title>US M1A2 1:16 Advanced Line IR\/BB - TECHNIC-TOYS.com<\/title>\n<meta name=\"robots\" content=\"index, follow, max-snippet:-1, max-image-preview:large, max-video-preview:-1\" \/>\n<link rel=\"canonical\" href=\"https:\/\/www.technic-toys.com\/izdelek\/us-m1a2-116-advanced-line-ir-bb\/\" \/>\n<meta property=\"og:locale\" content=\"en_US\" \/>\n<meta property=\"og:type\" content=\"article\" \/>\n<meta property=\"og:title\" content=\"US M1A2 1:16 Advanced Line IR\/BB - TECHNIC-TOYS.com\" \/>\n<meta property=\"og:description\" content=\"dimom in zvokom, kovinskimi zobniki\" \/>\n<meta property=\"og:url\" content=\"https:\/\/www.technic-toys.com\/izdelek\/us-m1a2-116-advanced-line-ir-bb\/\" \/>\n<meta property=\"og:site_name\" content=\"TECHNIC-TOYS.com\" \/>\n<meta property=\"article:modified_time\" content=\"2024-12-04T18:03:29+00:00\" \/>\n<meta property=\"og:image\" content=\"https:\/\/www.technic-toys.com\/wp-content\/uploads\/2022\/04\/23076.jpg\" \/>\n\t<meta property=\"og:image:width\" content=\"2560\" \/>\n\t<meta property=\"og:image:height\" content=\"1468\" \/>\n\t<meta property=\"og:image:type\" content=\"image\/jpeg\" \/>\n<meta name=\"twitter:card\" content=\"summary_large_image\" \/>\n<meta name=\"twitter:label1\" content=\"Est. reading time\" \/>\n\t<meta name=\"twitter:data1\" content=\"2 minutes\" \/>\n<script type=\"application\/ld+json\" class=\"yoast-schema-graph\">{\"@context\":\"https:\/\/schema.org\",\"@graph\":[{\"@type\":\"WebPage\",\"@id\":\"https:\/\/www.technic-toys.com\/izdelek\/us-m1a2-116-advanced-line-ir-bb\/\",\"url\":\"https:\/\/www.technic-toys.com\/izdelek\/us-m1a2-116-advanced-line-ir-bb\/\",\"name\":\"US M1A2 1:16 Advanced Line IR\/BB - TECHNIC-TOYS.com\",\"isPartOf\":{\"@id\":\"https:\/\/www.technic-toys.com\/en\/#website\"},\"datePublished\":\"2022-04-08T14:59:29+00:00\",\"dateModified\":\"2024-12-04T18:03:29+00:00\",\"breadcrumb\":{\"@id\":\"https:\/\/www.technic-toys.com\/izdelek\/us-m1a2-116-advanced-line-ir-bb\/#breadcrumb\"},\"inLanguage\":\"en-US\",\"potentialAction\":[{\"@type\":\"ReadAction\",\"target\":[\"https:\/\/www.technic-toys.com\/izdelek\/us-m1a2-116-advanced-line-ir-bb\/\"]}]},{\"@type\":\"BreadcrumbList\",\"@id\":\"https:\/\/www.technic-toys.com\/izdelek\/us-m1a2-116-advanced-line-ir-bb\/#breadcrumb\",\"itemListElement\":[{\"@type\":\"ListItem\",\"position\":1,\"name\":\"Domov\",\"item\":\"https:\/\/www.technic-toys.com\/en\/\"},{\"@type\":\"ListItem\",\"position\":2,\"name\":\"Shop\",\"item\":\"https:\/\/www.technic-toys.com\/en\/shop-2\/\"},{\"@type\":\"ListItem\",\"position\":3,\"name\":\"US M1A2 1:16 Advanced Line IR\/BB\"}]},{\"@type\":\"WebSite\",\"@id\":\"https:\/\/www.technic-toys.com\/en\/#website\",\"url\":\"https:\/\/www.technic-toys.com\/en\/\",\"name\":\"TECHNIC-TOYS.com\",\"description\":\"\",\"potentialAction\":[{\"@type\":\"SearchAction\",\"target\":{\"@type\":\"EntryPoint\",\"urlTemplate\":\"https:\/\/www.technic-toys.com\/en\/?s={search_term_string}\"},\"query-input\":\"required name=search_term_string\"}],\"inLanguage\":\"en-US\"}]}<\/script>\n<!-- \/ Yoast SEO plugin. -->","yoast_head_json":{"title":"US M1A2 1:16 Advanced Line IR\/BB - TECHNIC-TOYS.com","robots":{"index":"index","follow":"follow","max-snippet":"max-snippet:-1","max-image-preview":"max-image-preview:large","max-video-preview":"max-video-preview:-1"},"canonical":"https:\/\/www.technic-toys.com\/izdelek\/us-m1a2-116-advanced-line-ir-bb\/","og_locale":"en_US","og_type":"article","og_title":"US M1A2 1:16 Advanced Line IR\/BB - TECHNIC-TOYS.com","og_description":"dimom in zvokom, kovinskimi zobniki","og_url":"https:\/\/www.technic-toys.com\/izdelek\/us-m1a2-116-advanced-line-ir-bb\/","og_site_name":"TECHNIC-TOYS.com","article_modified_time":"2024-12-04T18:03:29+00:00","og_image":[{"width":2560,"height":1468,"url":"https:\/\/www.technic-toys.com\/wp-content\/uploads\/2022\/04\/23076.jpg","type":"image\/jpeg"}],"twitter_card":"summary_large_image","twitter_misc":{"Est. reading time":"2 minutes"},"schema":{"@context":"https:\/\/schema.org","@graph":[{"@type":"WebPage","@id":"https:\/\/www.technic-toys.com\/izdelek\/us-m1a2-116-advanced-line-ir-bb\/","url":"https:\/\/www.technic-toys.com\/izdelek\/us-m1a2-116-advanced-line-ir-bb\/","name":"US M1A2 1:16 Advanced Line IR\/BB - TECHNIC-TOYS.com","isPartOf":{"@id":"https:\/\/www.technic-toys.com\/en\/#website"},"datePublished":"2022-04-08T14:59:29+00:00","dateModified":"2024-12-04T18:03:29+00:00","breadcrumb":{"@id":"https:\/\/www.technic-toys.com\/izdelek\/us-m1a2-116-advanced-line-ir-bb\/#breadcrumb"},"inLanguage":"en-US","potentialAction":[{"@type":"ReadAction","target":["https:\/\/www.technic-toys.com\/izdelek\/us-m1a2-116-advanced-line-ir-bb\/"]}]},{"@type":"BreadcrumbList","@id":"https:\/\/www.technic-toys.com\/izdelek\/us-m1a2-116-advanced-line-ir-bb\/#breadcrumb","itemListElement":[{"@type":"ListItem","position":1,"name":"Domov","item":"https:\/\/www.technic-toys.com\/en\/"},{"@type":"ListItem","position":2,"name":"Shop","item":"https:\/\/www.technic-toys.com\/en\/shop-2\/"},{"@type":"ListItem","position":3,"name":"US M1A2 1:16 Advanced Line IR\/BB"}]},{"@type":"WebSite","@id":"https:\/\/www.technic-toys.com\/en\/#website","url":"https:\/\/www.technic-toys.com\/en\/","name":"TECHNIC-TOYS.com","description":"","potentialAction":[{"@type":"SearchAction","target":{"@type":"EntryPoint","urlTemplate":"https:\/\/www.technic-toys.com\/en\/?s={search_term_string}"},"query-input":"required name=search_term_string"}],"inLanguage":"en-US"}]}},"_links":{"self":[{"href":"https:\/\/www.technic-toys.com\/en\/wp-json\/wp\/v2\/product\/15991"}],"collection":[{"href":"https:\/\/www.technic-toys.com\/en\/wp-json\/wp\/v2\/product"}],"about":[{"href":"https:\/\/www.technic-toys.com\/en\/wp-json\/wp\/v2\/types\/product"}],"wp:featuredmedia":[{"embeddable":true,"href":"https:\/\/www.technic-toys.com\/en\/wp-json\/wp\/v2\/media\/15992"}],"wp:attachment":[{"href":"https:\/\/www.technic-toys.com\/en\/wp-json\/wp\/v2\/media?parent=15991"}],"wp:term":[{"taxonomy":"product_cat","embeddable":true,"href":"https:\/\/www.technic-toys.com\/en\/wp-json\/wp\/v2\/product_cat?post=15991"},{"taxonomy":"product_tag","embeddable":true,"href":"https:\/\/www.technic-toys.com\/en\/wp-json\/wp\/v2\/product_tag?post=15991"}],"curies":[{"name":"wp","href":"https:\/\/api.w.org\/{rel}","templated":true}]}}