{"id":16019,"date":"2022-04-08T16:59:29","date_gmt":"2022-04-08T14:59:29","guid":{"rendered":"https:\/\/www.technic-toys.com\/izdelek\/leopard-2a6-116-standardna-linija-ir-bb\/"},"modified":"2024-12-04T19:03:30","modified_gmt":"2024-12-04T18:03:30","slug":"leopard-2a6-116-standardna-linija-ir-bb","status":"publish","type":"product","link":"https:\/\/www.technic-toys.com\/en\/izdelek\/leopard-2a6-116-standardna-linija-ir-bb\/","title":{"rendered":"Leopard 2A6 1:16 Standardna linija IR\/BB"},"content":{"rendered":"<p>Leopard 2 je glavni bojni tank nem\u0161ke izdelave in je \u0161e vedno eden najbolj\u0161ih te vrste. Prvotno je bil mi\u0161ljen kot hrbtenica oklepnih sil in za obrambo pred sovra\u017enikovimi tankovski formacijami. Predelava tanka v razli\u010dico A6 je vplivala predvsem na oro\u017eni sistem. Poleg teh sprememb je bilo uvedeno tudi novo strelivo KE (kineti\u010dna energija). Glavno oro\u017eje je stabilizirano in nikoli ne izgubi tar\u010de iz vida tudi pri vo\u017enji po terenu. S temi inovacijami je Leo2A6 eden najnatan\u010dnej\u0161ih tankov na svetu.<br \/>Opis: AMEWI Edition je resni\u010dna replika v merilu 1:16, dostavljena v \u0161katli iz masivnega pravega lesa v reprezentativni slog \u0161katle za strelivo naravne barve. RTR &#8211; pripravljen za vo\u017enjo Rezervoar ima funkcijo dima in zvoka ter sistem osvetlitve za \u0161e bolj prepri\u010dljive svetove izku\u0161enj. Funkcija streljanja se izvaja s pomo\u010djo igralne palice in gumba, preko katerega je mogo\u010de izstreliti 6mm BB izstrelke iz trde plastike do 15m. Poleg tega ima model infrarde\u010di bojni modul, ki omogo\u010da dvoboje z drugimi tanki iz te izdaje Amewi. V primeru neposrednega sovra\u017enikovega udarca se zadeti tank enkrat vidno zatrese. Top je mogo\u010de premikati gor in dol, vse krmilne funkcije so proporcionalne in jih je zato mogo\u010de upravljati ob\u010dutljivo.<br \/>Model poganjata dva zmogljiva motorja, ki svojo mo\u010d prena\u0161ata na pogonska kolesa preko ve\u010dstopenjskega plasti\u010dnega zobnika. Menjalnik v notranjosti je dodatno kapsuliran (pokrit) Vsa kolesa na \u0161asiji so povezana s \u0161asijo s kovinskimi nihajnimi rokami in vla\u017ena. Ta zvesti model s kamufla\u017enim zaklju\u010dkom ni v ni\u010demer slab\u0161i od pravega tanka. Celoten obseg dobave ustreza najnovej\u0161emu stanju tehnike (elektronika TK 6.0). Od zdaj naprej vse modele dostavljamo s sodobno LiPo baterijo z 1800 mAh in 7,4 V. V kompletu je tudi ustrezen LiPo polnilec.<br \/>Model je bil pred pakiranjem testiran na funkcionalnost in prilo\u017een je funkcionalni dnevnik. Dobavljeno v natan\u010dno prilegajo\u010dem se jedru iz stiroporja (opomba: lesena \u0161katla je bonus in vam ne daje pravice do reklamacij v primeru kakr\u0161ne koli zunanje po\u0161kodbe prave lesene \u0161katle).<br \/>Funkcije: Naprej\/nazaj levo\/desno vrtenje top na licu mesta: Gor\/dol stolp: funkcija rotacijskega streljanja<br \/>dodatni infrarde\u010di bojni modul za vznemirljive dvoboje dim in zvo\u010dna osvetlitev navla\u017eena kovinska krila za kolesa<br \/>Tehni\u010dni podatki: dol\u017eina: 480 mm dol\u017eina s topom: 700 mm \u0161irina: 220 mm vi\u0161ina: 175 mm te\u017ea: 2669 g brez funkcije streljanja na baterije: 6 mm BB naboje iz trde plastike Funkcija dimljenja: z dimnim oljem (upo\u0161tevajte koli\u010dino polnjenja!) Baterija: 1800 mAh 7,4 V LiPo 2S, 93 g, 130 x 42 mm LiPo polnilo polnilnik balansirnik z 850mAh Krmiljenje: 2,4Ghz elektronika: TK 6,0<br \/>Obseg dobave: 1x rezervoar 1x daljinski upravljalnik 2,4 GHz 1x baterija 7,4V 1800mAh LiPo 1x vti\u010dni polnilnik LiPo 850mAh 1x naboj za teko\u010dino 1x naboji za teko\u010dino 1x Navodila DE \/ EN<br \/>Potrebna dodatna oprema poslu\u0161aj: 6x 1,5V mignon AA baterije za oddajnik<\/p>\n","protected":false},"excerpt":{"rendered":"<p>Z dimom in zvokom<\/p>\n","protected":false},"featured_media":16020,"template":"","meta":[],"product_cat":[374,365],"product_tag":[],"acf":[],"yoast_head":"<!-- This site is optimized with the Yoast SEO plugin v21.7 - https:\/\/yoast.com\/wordpress\/plugins\/seo\/ -->\n<title>Leopard 2A6 1:16 Standardna linija IR\/BB - TECHNIC-TOYS.com<\/title>\n<meta name=\"robots\" content=\"index, follow, max-snippet:-1, max-image-preview:large, max-video-preview:-1\" \/>\n<link rel=\"canonical\" href=\"https:\/\/www.technic-toys.com\/izdelek\/leopard-2a6-116-standardna-linija-ir-bb\/\" \/>\n<meta property=\"og:locale\" content=\"en_US\" \/>\n<meta property=\"og:type\" content=\"article\" \/>\n<meta property=\"og:title\" content=\"Leopard 2A6 1:16 Standardna linija IR\/BB - TECHNIC-TOYS.com\" \/>\n<meta property=\"og:description\" content=\"Z dimom in zvokom\" \/>\n<meta property=\"og:url\" content=\"https:\/\/www.technic-toys.com\/izdelek\/leopard-2a6-116-standardna-linija-ir-bb\/\" \/>\n<meta property=\"og:site_name\" content=\"TECHNIC-TOYS.com\" \/>\n<meta property=\"article:modified_time\" content=\"2024-12-04T18:03:30+00:00\" \/>\n<meta property=\"og:image\" content=\"https:\/\/www.technic-toys.com\/wp-content\/uploads\/2022\/04\/23077.jpg\" \/>\n\t<meta property=\"og:image:width\" content=\"2560\" \/>\n\t<meta property=\"og:image:height\" content=\"1468\" \/>\n\t<meta property=\"og:image:type\" content=\"image\/jpeg\" \/>\n<meta name=\"twitter:card\" content=\"summary_large_image\" \/>\n<meta name=\"twitter:label1\" content=\"Est. reading time\" \/>\n\t<meta name=\"twitter:data1\" content=\"2 minutes\" \/>\n<script type=\"application\/ld+json\" class=\"yoast-schema-graph\">{\"@context\":\"https:\/\/schema.org\",\"@graph\":[{\"@type\":\"WebPage\",\"@id\":\"https:\/\/www.technic-toys.com\/izdelek\/leopard-2a6-116-standardna-linija-ir-bb\/\",\"url\":\"https:\/\/www.technic-toys.com\/izdelek\/leopard-2a6-116-standardna-linija-ir-bb\/\",\"name\":\"Leopard 2A6 1:16 Standardna linija IR\/BB - TECHNIC-TOYS.com\",\"isPartOf\":{\"@id\":\"https:\/\/www.technic-toys.com\/en\/#website\"},\"datePublished\":\"2022-04-08T14:59:29+00:00\",\"dateModified\":\"2024-12-04T18:03:30+00:00\",\"breadcrumb\":{\"@id\":\"https:\/\/www.technic-toys.com\/izdelek\/leopard-2a6-116-standardna-linija-ir-bb\/#breadcrumb\"},\"inLanguage\":\"en-US\",\"potentialAction\":[{\"@type\":\"ReadAction\",\"target\":[\"https:\/\/www.technic-toys.com\/izdelek\/leopard-2a6-116-standardna-linija-ir-bb\/\"]}]},{\"@type\":\"BreadcrumbList\",\"@id\":\"https:\/\/www.technic-toys.com\/izdelek\/leopard-2a6-116-standardna-linija-ir-bb\/#breadcrumb\",\"itemListElement\":[{\"@type\":\"ListItem\",\"position\":1,\"name\":\"Domov\",\"item\":\"https:\/\/www.technic-toys.com\/en\/\"},{\"@type\":\"ListItem\",\"position\":2,\"name\":\"Shop\",\"item\":\"https:\/\/www.technic-toys.com\/en\/shop-2\/\"},{\"@type\":\"ListItem\",\"position\":3,\"name\":\"Leopard 2A6 1:16 Standardna linija IR\/BB\"}]},{\"@type\":\"WebSite\",\"@id\":\"https:\/\/www.technic-toys.com\/en\/#website\",\"url\":\"https:\/\/www.technic-toys.com\/en\/\",\"name\":\"TECHNIC-TOYS.com\",\"description\":\"\",\"potentialAction\":[{\"@type\":\"SearchAction\",\"target\":{\"@type\":\"EntryPoint\",\"urlTemplate\":\"https:\/\/www.technic-toys.com\/en\/?s={search_term_string}\"},\"query-input\":\"required name=search_term_string\"}],\"inLanguage\":\"en-US\"}]}<\/script>\n<!-- \/ Yoast SEO plugin. -->","yoast_head_json":{"title":"Leopard 2A6 1:16 Standardna linija IR\/BB - TECHNIC-TOYS.com","robots":{"index":"index","follow":"follow","max-snippet":"max-snippet:-1","max-image-preview":"max-image-preview:large","max-video-preview":"max-video-preview:-1"},"canonical":"https:\/\/www.technic-toys.com\/izdelek\/leopard-2a6-116-standardna-linija-ir-bb\/","og_locale":"en_US","og_type":"article","og_title":"Leopard 2A6 1:16 Standardna linija IR\/BB - TECHNIC-TOYS.com","og_description":"Z dimom in zvokom","og_url":"https:\/\/www.technic-toys.com\/izdelek\/leopard-2a6-116-standardna-linija-ir-bb\/","og_site_name":"TECHNIC-TOYS.com","article_modified_time":"2024-12-04T18:03:30+00:00","og_image":[{"width":2560,"height":1468,"url":"https:\/\/www.technic-toys.com\/wp-content\/uploads\/2022\/04\/23077.jpg","type":"image\/jpeg"}],"twitter_card":"summary_large_image","twitter_misc":{"Est. reading time":"2 minutes"},"schema":{"@context":"https:\/\/schema.org","@graph":[{"@type":"WebPage","@id":"https:\/\/www.technic-toys.com\/izdelek\/leopard-2a6-116-standardna-linija-ir-bb\/","url":"https:\/\/www.technic-toys.com\/izdelek\/leopard-2a6-116-standardna-linija-ir-bb\/","name":"Leopard 2A6 1:16 Standardna linija IR\/BB - TECHNIC-TOYS.com","isPartOf":{"@id":"https:\/\/www.technic-toys.com\/en\/#website"},"datePublished":"2022-04-08T14:59:29+00:00","dateModified":"2024-12-04T18:03:30+00:00","breadcrumb":{"@id":"https:\/\/www.technic-toys.com\/izdelek\/leopard-2a6-116-standardna-linija-ir-bb\/#breadcrumb"},"inLanguage":"en-US","potentialAction":[{"@type":"ReadAction","target":["https:\/\/www.technic-toys.com\/izdelek\/leopard-2a6-116-standardna-linija-ir-bb\/"]}]},{"@type":"BreadcrumbList","@id":"https:\/\/www.technic-toys.com\/izdelek\/leopard-2a6-116-standardna-linija-ir-bb\/#breadcrumb","itemListElement":[{"@type":"ListItem","position":1,"name":"Domov","item":"https:\/\/www.technic-toys.com\/en\/"},{"@type":"ListItem","position":2,"name":"Shop","item":"https:\/\/www.technic-toys.com\/en\/shop-2\/"},{"@type":"ListItem","position":3,"name":"Leopard 2A6 1:16 Standardna linija IR\/BB"}]},{"@type":"WebSite","@id":"https:\/\/www.technic-toys.com\/en\/#website","url":"https:\/\/www.technic-toys.com\/en\/","name":"TECHNIC-TOYS.com","description":"","potentialAction":[{"@type":"SearchAction","target":{"@type":"EntryPoint","urlTemplate":"https:\/\/www.technic-toys.com\/en\/?s={search_term_string}"},"query-input":"required name=search_term_string"}],"inLanguage":"en-US"}]}},"_links":{"self":[{"href":"https:\/\/www.technic-toys.com\/en\/wp-json\/wp\/v2\/product\/16019"}],"collection":[{"href":"https:\/\/www.technic-toys.com\/en\/wp-json\/wp\/v2\/product"}],"about":[{"href":"https:\/\/www.technic-toys.com\/en\/wp-json\/wp\/v2\/types\/product"}],"wp:featuredmedia":[{"embeddable":true,"href":"https:\/\/www.technic-toys.com\/en\/wp-json\/wp\/v2\/media\/16020"}],"wp:attachment":[{"href":"https:\/\/www.technic-toys.com\/en\/wp-json\/wp\/v2\/media?parent=16019"}],"wp:term":[{"taxonomy":"product_cat","embeddable":true,"href":"https:\/\/www.technic-toys.com\/en\/wp-json\/wp\/v2\/product_cat?post=16019"},{"taxonomy":"product_tag","embeddable":true,"href":"https:\/\/www.technic-toys.com\/en\/wp-json\/wp\/v2\/product_tag?post=16019"}],"curies":[{"name":"wp","href":"https:\/\/api.w.org\/{rel}","templated":true}]}}