{"id":16088,"date":"2022-04-08T16:59:29","date_gmt":"2022-04-08T14:59:29","guid":{"rendered":"https:\/\/www.technic-toys.com\/izdelek\/panzer-iii-116-professional-line-iii-bb-p\/"},"modified":"2024-12-04T19:03:34","modified_gmt":"2024-12-04T18:03:34","slug":"panzer-iii-116-professional-line-iii-bb-p","status":"publish","type":"product","link":"https:\/\/www.technic-toys.com\/en\/izdelek\/panzer-iii-116-professional-line-iii-bb-p\/","title":{"rendered":"Panzer III 1:16 Professional Line III BB\/P"},"content":{"rendered":"<p>Panzerkampfwagen III (tudi PzKpfw III ali Panzer III) je bil srednji nem\u0161ki tank iz druge svetovne vojne. Namenjen kot standardni model za bodo\u010de oklepne divizije, je bil oboro\u017een z oklepnim topom za protitankovski boj, medtem ko bi podoben Panzer IV slu\u017eil kot podporno vozilo. Panzer III, ki je bil v letih 1941 in 1942 glavno nem\u0161ko oklepno vozilo, ki ga je razvil Daimler-Benz, se je v prvi polovici vojne dobro obnesel, potem pa se je s pojavom mo\u010dnej\u0161ih sovra\u017enikovih tankov hitro pove\u010dala njegova bojna vrednost. zmanj\u0161ano zaradi omejene raz\u0161irljivosti. Od 1936 do 1943 je bilo izdelanih 5700 izvodov, pri \u010demer je bilo podvozje izdelano kot osnova za veliko uspe\u0161nej\u0161i Sturmgesch\u00fctz III do konca vojne.<\/p>\n<p>Izdaja AMEWI je zvesta- life metal replika v merilu 1:16, dostavljena v trdni aluminijasti \u0161katli v plemenitem slogu kot RTR (Ready-to-Run) razli\u010dica. Rezervoar ima realisti\u010dno zvo\u010dno funkcijo in sistem osvetlitve za \u0161e bolj prepri\u010dljive svetove izku\u0161enj. Funkcija streljanja se izvaja s pomo\u010djo igralne palice, preko katere je mogo\u010de izstreliti 6 mm BB izstrelke iz trde plastike do 15 m. Top je mogo\u010de premikati gor\/dol, kupolo pa lahko zavrtite za 360\u00b0. Vse krmilne funkcije so sorazmerne in jih je zato mogo\u010de ob\u010dutljivo nadzorovati. Model poganjata dva zmogljiva motorja, ki svojo mo\u010d prena\u0161ata na pogonska kolesa preko ve\u010dstopenjskega kovinskega menjalnika. Ta model s svojo sivo (temno sivo) povr\u0161ino ni v ni\u010demer slab\u0161i od pravega rezervoarja. Celoten obseg dobave ustreza najnovej\u0161emu stanju tehnike. Celoten model je bil izdelan iz visokokakovostne kovine in tehta ponosnih 4450 g. Upravlja se s pomo\u010djo visokokakovostnega, varnega 2,4 GHz daljinskega upravljalnika. Vgrajeni zvo\u010dni modul skoraj odli\u010dno simulira zagonski hrup rezervoarja. Zelo realisti\u010dno so reproducirani tudi hrup pri vo\u017enji in funkcija strela. Vse funkcije originalnega rezervoarja je mogo\u010de reproducirati do najmanj\u0161ih podrobnosti v tem zelo kakovostnem polnokovinskem rezervoarju. Obseg dobave vklju\u010duje tudi sodobno Li-Po baterijo s 7,4V in 3000mAh (priklju\u010dek Tamiya) ter ustrezen polnilnik in razli\u010dne nastavke. <br \/>Model je bil testiran glede funkcionalnosti pred pakiranjem. Dostava poteka v prilagojeni aluminijasti \u0161katli z dodatno notranjo za\u0161\u010dito za model in oddajnik. <\/p>\n<p>Poudarki:<br \/>Super optika (zelo podrobna)<br \/>Najnovej\u0161a elektronika in realisti\u010den zvo\u010dni modul<br \/>Popoln model iz kovine (orodje, verige, valji, stolp in \u0161asija ) <\/p>\n<p>Dodatne funkcije:<br \/>Vse lopute in lopute s funkcijo<br \/>Nadzorni sistem 2,4 GHz<br \/>Dva zmogljiva elektromotorja<br \/>Ve\u010dstopenjski kovinski zobniki za popolno mo\u010d prenos na verige<br \/>Ve\u0161eno ohi\u0161je<br \/>Zmogljiva 7,4V Li-Po pogonska baterija s 3000mAh in Tamiya priklju\u010dkom<br \/>Prilo\u017een je primeren polnilnik<br \/>funkcija 6 mm BB shot (trde plasti\u010dne krogle)<br \/ ><br \/>Tehni\u010dni podatki: <br \/>Merilo: 1:16<br \/>Skupna dol\u017eina: 370 mm<br \/>Dol\u017eina brez pi\u0161tole: 340 mm<br \/>\u0160irina: 185 mm<br \/>Vi\u0161ina: 165 mm<br \/>Te\u017ea: 4450g<br \/>Barva: temno siva<br \/>Valji: kovinski<br \/>verige: kovina<br \/>Spodnji del trupa: kovina<br \/> Stolp: kovina<br \/>Vre\u010dni obro\u010d: 360 \u00b0 vrtljivi obro\u010d<br \/>Orodje: kovinski zobnik<br \/>Izvedba: RTR<br \/>Elektronika: MA-1020<br \/>\u010cas vo\u017enje: cca 15-20min Odvisno od povr\u0161ine<br \/>Dimenzije predala za baterije: 160 x 40 x 30 mm<br \/>Baterija: Li-Po, 2S 7.4V 3000mAh 25C mehka torbica Tamiya vti\u010d <br \/>Dx\u0160xV: 105 x 30 x 18 mm, te\u017ea 142g <br \/>Daljinski upravljalnik: 6 kanalov 2,4GHz s funkcijami me\u0161anja<br \/>Domet: pribl. 100m<br \/>polnilnik: MF3023, 220V, 2-3S Li-Po preko uravnote\u017eenja, izhod: 1000mA<br \/> \u010cas polnjenja: pribli\u017eno 2-3h<\/p>\n<p>Obseg dobave:<br \/>Panzer<br \/>Daljinski upravljalnik 2,4 GHz<br \/>Baterija 7,4V 3000mAh Li-Po<br \/>LiPo polnilec vti\u010d 1000 mA izhod <br \/> Strelivo 6 mm BB<br \/>Razli\u010dni nastavki<br \/>Navodila za uporabo DE\/EN <\/p>\n<p>Potrebna dodatna oprema:<br \/>6x AA baterije za daljinski upravljalnik<br \/ ><\/p>\n","protected":false},"excerpt":{"rendered":"<p>Polna kovina, True Sound, barvana<\/p>\n","protected":false},"featured_media":16089,"template":"","meta":[],"product_cat":[374,365],"product_tag":[],"acf":[],"yoast_head":"<!-- This site is optimized with the Yoast SEO plugin v21.7 - https:\/\/yoast.com\/wordpress\/plugins\/seo\/ -->\n<title>Panzer III 1:16 Professional Line III BB\/P - TECHNIC-TOYS.com<\/title>\n<meta name=\"robots\" content=\"index, follow, max-snippet:-1, max-image-preview:large, max-video-preview:-1\" \/>\n<link rel=\"canonical\" href=\"https:\/\/www.technic-toys.com\/izdelek\/panzer-iii-116-professional-line-iii-bb-p\/\" \/>\n<meta property=\"og:locale\" content=\"en_US\" \/>\n<meta property=\"og:type\" content=\"article\" \/>\n<meta property=\"og:title\" content=\"Panzer III 1:16 Professional Line III BB\/P - TECHNIC-TOYS.com\" \/>\n<meta property=\"og:description\" content=\"Polna kovina, True Sound, barvana\" \/>\n<meta property=\"og:url\" content=\"https:\/\/www.technic-toys.com\/izdelek\/panzer-iii-116-professional-line-iii-bb-p\/\" \/>\n<meta property=\"og:site_name\" content=\"TECHNIC-TOYS.com\" \/>\n<meta property=\"article:modified_time\" content=\"2024-12-04T18:03:34+00:00\" \/>\n<meta property=\"og:image\" content=\"https:\/\/www.technic-toys.com\/wp-content\/uploads\/2022\/04\/23080.jpg\" \/>\n\t<meta property=\"og:image:width\" content=\"2560\" \/>\n\t<meta property=\"og:image:height\" content=\"1468\" \/>\n\t<meta property=\"og:image:type\" content=\"image\/jpeg\" \/>\n<meta name=\"twitter:card\" content=\"summary_large_image\" \/>\n<meta name=\"twitter:label1\" content=\"Est. reading time\" \/>\n\t<meta name=\"twitter:data1\" content=\"3 minutes\" \/>\n<script type=\"application\/ld+json\" class=\"yoast-schema-graph\">{\"@context\":\"https:\/\/schema.org\",\"@graph\":[{\"@type\":\"WebPage\",\"@id\":\"https:\/\/www.technic-toys.com\/izdelek\/panzer-iii-116-professional-line-iii-bb-p\/\",\"url\":\"https:\/\/www.technic-toys.com\/izdelek\/panzer-iii-116-professional-line-iii-bb-p\/\",\"name\":\"Panzer III 1:16 Professional Line III BB\/P - TECHNIC-TOYS.com\",\"isPartOf\":{\"@id\":\"https:\/\/www.technic-toys.com\/en\/#website\"},\"datePublished\":\"2022-04-08T14:59:29+00:00\",\"dateModified\":\"2024-12-04T18:03:34+00:00\",\"breadcrumb\":{\"@id\":\"https:\/\/www.technic-toys.com\/izdelek\/panzer-iii-116-professional-line-iii-bb-p\/#breadcrumb\"},\"inLanguage\":\"en-US\",\"potentialAction\":[{\"@type\":\"ReadAction\",\"target\":[\"https:\/\/www.technic-toys.com\/izdelek\/panzer-iii-116-professional-line-iii-bb-p\/\"]}]},{\"@type\":\"BreadcrumbList\",\"@id\":\"https:\/\/www.technic-toys.com\/izdelek\/panzer-iii-116-professional-line-iii-bb-p\/#breadcrumb\",\"itemListElement\":[{\"@type\":\"ListItem\",\"position\":1,\"name\":\"Domov\",\"item\":\"https:\/\/www.technic-toys.com\/en\/\"},{\"@type\":\"ListItem\",\"position\":2,\"name\":\"Shop\",\"item\":\"https:\/\/www.technic-toys.com\/en\/shop-2\/\"},{\"@type\":\"ListItem\",\"position\":3,\"name\":\"Panzer III 1:16 Professional Line III BB\/P\"}]},{\"@type\":\"WebSite\",\"@id\":\"https:\/\/www.technic-toys.com\/en\/#website\",\"url\":\"https:\/\/www.technic-toys.com\/en\/\",\"name\":\"TECHNIC-TOYS.com\",\"description\":\"\",\"potentialAction\":[{\"@type\":\"SearchAction\",\"target\":{\"@type\":\"EntryPoint\",\"urlTemplate\":\"https:\/\/www.technic-toys.com\/en\/?s={search_term_string}\"},\"query-input\":\"required name=search_term_string\"}],\"inLanguage\":\"en-US\"}]}<\/script>\n<!-- \/ Yoast SEO plugin. -->","yoast_head_json":{"title":"Panzer III 1:16 Professional Line III BB\/P - TECHNIC-TOYS.com","robots":{"index":"index","follow":"follow","max-snippet":"max-snippet:-1","max-image-preview":"max-image-preview:large","max-video-preview":"max-video-preview:-1"},"canonical":"https:\/\/www.technic-toys.com\/izdelek\/panzer-iii-116-professional-line-iii-bb-p\/","og_locale":"en_US","og_type":"article","og_title":"Panzer III 1:16 Professional Line III BB\/P - TECHNIC-TOYS.com","og_description":"Polna kovina, True Sound, barvana","og_url":"https:\/\/www.technic-toys.com\/izdelek\/panzer-iii-116-professional-line-iii-bb-p\/","og_site_name":"TECHNIC-TOYS.com","article_modified_time":"2024-12-04T18:03:34+00:00","og_image":[{"width":2560,"height":1468,"url":"https:\/\/www.technic-toys.com\/wp-content\/uploads\/2022\/04\/23080.jpg","type":"image\/jpeg"}],"twitter_card":"summary_large_image","twitter_misc":{"Est. reading time":"3 minutes"},"schema":{"@context":"https:\/\/schema.org","@graph":[{"@type":"WebPage","@id":"https:\/\/www.technic-toys.com\/izdelek\/panzer-iii-116-professional-line-iii-bb-p\/","url":"https:\/\/www.technic-toys.com\/izdelek\/panzer-iii-116-professional-line-iii-bb-p\/","name":"Panzer III 1:16 Professional Line III BB\/P - TECHNIC-TOYS.com","isPartOf":{"@id":"https:\/\/www.technic-toys.com\/en\/#website"},"datePublished":"2022-04-08T14:59:29+00:00","dateModified":"2024-12-04T18:03:34+00:00","breadcrumb":{"@id":"https:\/\/www.technic-toys.com\/izdelek\/panzer-iii-116-professional-line-iii-bb-p\/#breadcrumb"},"inLanguage":"en-US","potentialAction":[{"@type":"ReadAction","target":["https:\/\/www.technic-toys.com\/izdelek\/panzer-iii-116-professional-line-iii-bb-p\/"]}]},{"@type":"BreadcrumbList","@id":"https:\/\/www.technic-toys.com\/izdelek\/panzer-iii-116-professional-line-iii-bb-p\/#breadcrumb","itemListElement":[{"@type":"ListItem","position":1,"name":"Domov","item":"https:\/\/www.technic-toys.com\/en\/"},{"@type":"ListItem","position":2,"name":"Shop","item":"https:\/\/www.technic-toys.com\/en\/shop-2\/"},{"@type":"ListItem","position":3,"name":"Panzer III 1:16 Professional Line III BB\/P"}]},{"@type":"WebSite","@id":"https:\/\/www.technic-toys.com\/en\/#website","url":"https:\/\/www.technic-toys.com\/en\/","name":"TECHNIC-TOYS.com","description":"","potentialAction":[{"@type":"SearchAction","target":{"@type":"EntryPoint","urlTemplate":"https:\/\/www.technic-toys.com\/en\/?s={search_term_string}"},"query-input":"required name=search_term_string"}],"inLanguage":"en-US"}]}},"_links":{"self":[{"href":"https:\/\/www.technic-toys.com\/en\/wp-json\/wp\/v2\/product\/16088"}],"collection":[{"href":"https:\/\/www.technic-toys.com\/en\/wp-json\/wp\/v2\/product"}],"about":[{"href":"https:\/\/www.technic-toys.com\/en\/wp-json\/wp\/v2\/types\/product"}],"wp:featuredmedia":[{"embeddable":true,"href":"https:\/\/www.technic-toys.com\/en\/wp-json\/wp\/v2\/media\/16089"}],"wp:attachment":[{"href":"https:\/\/www.technic-toys.com\/en\/wp-json\/wp\/v2\/media?parent=16088"}],"wp:term":[{"taxonomy":"product_cat","embeddable":true,"href":"https:\/\/www.technic-toys.com\/en\/wp-json\/wp\/v2\/product_cat?post=16088"},{"taxonomy":"product_tag","embeddable":true,"href":"https:\/\/www.technic-toys.com\/en\/wp-json\/wp\/v2\/product_tag?post=16088"}],"curies":[{"name":"wp","href":"https:\/\/api.w.org\/{rel}","templated":true}]}}