{"id":16155,"date":"2022-04-08T17:06:10","date_gmt":"2022-04-08T15:06:10","guid":{"rendered":"https:\/\/www.technic-toys.com\/izdelek\/m4a3-sherman-116-professional-line-iii-ir-p\/"},"modified":"2024-12-04T19:03:17","modified_gmt":"2024-12-04T18:03:17","slug":"m4a3-sherman-116-professional-line-iii-ir-p","status":"publish","type":"product","link":"https:\/\/www.technic-toys.com\/en\/izdelek\/m4a3-sherman-116-professional-line-iii-ir-p\/","title":{"rendered":"M4A3 Sherman 1:16 Professional Line III IR\/P"},"content":{"rendered":"<p>Rezervoar M4A3 \u2013 razli\u010dica RTR \u2013 v celoti izdelan iz kovine Slikanje Army GreenTa rezervoar v merilu 1:16 je bil v celoti izdelan iz kovine z najve\u010djo skrbnostjo in natan\u010dnostjo. Visokokakovostna medeninasta oprema Visokokakovostni True Sound Module: Zvo\u010dna elektronika strokovnjakov \u2013 zelo visoka kakovost Razli\u010dni zvo\u010dni u\u010dinki za motor, top, MG vklj. Visokokakovosten 2,4 GHz 6-kanalni radijski daljinski upravljalnik in 3.300 mAh Ni-Mh baterija Rezervoar v merilu 1:16 v celoti izdelan iz kovine Vrtljiv za 360 stopinj Nastavitev vi\u0161ine topa Vklju\u010duje funkcijo dima Modul True sound (barva je 1K barva , to omogo\u010da, da se vremenske razmere nadaljujejo do popolnosti in rezervoar nato z mat prozornim premazom za za\u0161\u010dito povr\u0161ine laka) Daljinski upravljalnik: 2,4 GHz 6-kanalna baterija: 3.300 mAh Ni-Mh baterija Tehni\u010dni podatki: izdelan rezervoar v merilu 1:16 v celoti iz kovine 360 stopinj vrtljiva nastavitev vi\u0161ine topa True sound modul Daljinski upravljalnik: 2,4 GHz 6-kanalna baterija: 3.300 mAh Ni-Mh baterija Obseg dobave: Dostavljeno v plemeniti torbici Vsebuje: Daljinski upravljalnik rezervoarja 2,4 GHz 6-kanalni polnilec baterije<\/p>\n","protected":false},"excerpt":{"rendered":"<p>Polna kovina, True Sound, barvana<\/p>\n","protected":false},"featured_media":16156,"template":"","meta":[],"product_cat":[374,365],"product_tag":[],"acf":[],"yoast_head":"<!-- This site is optimized with the Yoast SEO plugin v21.7 - https:\/\/yoast.com\/wordpress\/plugins\/seo\/ -->\n<title>M4A3 Sherman 1:16 Professional Line III IR\/P - TECHNIC-TOYS.com<\/title>\n<meta name=\"robots\" content=\"index, follow, max-snippet:-1, max-image-preview:large, max-video-preview:-1\" \/>\n<link rel=\"canonical\" href=\"https:\/\/www.technic-toys.com\/izdelek\/m4a3-sherman-116-professional-line-iii-ir-p\/\" \/>\n<meta property=\"og:locale\" content=\"en_US\" \/>\n<meta property=\"og:type\" content=\"article\" \/>\n<meta property=\"og:title\" content=\"M4A3 Sherman 1:16 Professional Line III IR\/P - TECHNIC-TOYS.com\" \/>\n<meta property=\"og:description\" content=\"Polna kovina, True Sound, barvana\" \/>\n<meta property=\"og:url\" content=\"https:\/\/www.technic-toys.com\/izdelek\/m4a3-sherman-116-professional-line-iii-ir-p\/\" \/>\n<meta property=\"og:site_name\" content=\"TECHNIC-TOYS.com\" \/>\n<meta property=\"article:modified_time\" content=\"2024-12-04T18:03:17+00:00\" \/>\n<meta property=\"og:image\" content=\"https:\/\/www.technic-toys.com\/wp-content\/uploads\/2022\/04\/23084.jpg\" \/>\n\t<meta property=\"og:image:width\" content=\"2560\" \/>\n\t<meta property=\"og:image:height\" content=\"1468\" \/>\n\t<meta property=\"og:image:type\" content=\"image\/jpeg\" \/>\n<meta name=\"twitter:card\" content=\"summary_large_image\" \/>\n<meta name=\"twitter:label1\" content=\"Est. reading time\" \/>\n\t<meta name=\"twitter:data1\" content=\"1 minute\" \/>\n<script type=\"application\/ld+json\" class=\"yoast-schema-graph\">{\"@context\":\"https:\/\/schema.org\",\"@graph\":[{\"@type\":\"WebPage\",\"@id\":\"https:\/\/www.technic-toys.com\/izdelek\/m4a3-sherman-116-professional-line-iii-ir-p\/\",\"url\":\"https:\/\/www.technic-toys.com\/izdelek\/m4a3-sherman-116-professional-line-iii-ir-p\/\",\"name\":\"M4A3 Sherman 1:16 Professional Line III IR\/P - TECHNIC-TOYS.com\",\"isPartOf\":{\"@id\":\"https:\/\/www.technic-toys.com\/en\/#website\"},\"datePublished\":\"2022-04-08T15:06:10+00:00\",\"dateModified\":\"2024-12-04T18:03:17+00:00\",\"breadcrumb\":{\"@id\":\"https:\/\/www.technic-toys.com\/izdelek\/m4a3-sherman-116-professional-line-iii-ir-p\/#breadcrumb\"},\"inLanguage\":\"en-US\",\"potentialAction\":[{\"@type\":\"ReadAction\",\"target\":[\"https:\/\/www.technic-toys.com\/izdelek\/m4a3-sherman-116-professional-line-iii-ir-p\/\"]}]},{\"@type\":\"BreadcrumbList\",\"@id\":\"https:\/\/www.technic-toys.com\/izdelek\/m4a3-sherman-116-professional-line-iii-ir-p\/#breadcrumb\",\"itemListElement\":[{\"@type\":\"ListItem\",\"position\":1,\"name\":\"Domov\",\"item\":\"https:\/\/www.technic-toys.com\/en\/\"},{\"@type\":\"ListItem\",\"position\":2,\"name\":\"Shop\",\"item\":\"https:\/\/www.technic-toys.com\/en\/shop-2\/\"},{\"@type\":\"ListItem\",\"position\":3,\"name\":\"M4A3 Sherman 1:16 Professional Line III IR\/P\"}]},{\"@type\":\"WebSite\",\"@id\":\"https:\/\/www.technic-toys.com\/en\/#website\",\"url\":\"https:\/\/www.technic-toys.com\/en\/\",\"name\":\"TECHNIC-TOYS.com\",\"description\":\"\",\"potentialAction\":[{\"@type\":\"SearchAction\",\"target\":{\"@type\":\"EntryPoint\",\"urlTemplate\":\"https:\/\/www.technic-toys.com\/en\/?s={search_term_string}\"},\"query-input\":\"required name=search_term_string\"}],\"inLanguage\":\"en-US\"}]}<\/script>\n<!-- \/ Yoast SEO plugin. -->","yoast_head_json":{"title":"M4A3 Sherman 1:16 Professional Line III IR\/P - TECHNIC-TOYS.com","robots":{"index":"index","follow":"follow","max-snippet":"max-snippet:-1","max-image-preview":"max-image-preview:large","max-video-preview":"max-video-preview:-1"},"canonical":"https:\/\/www.technic-toys.com\/izdelek\/m4a3-sherman-116-professional-line-iii-ir-p\/","og_locale":"en_US","og_type":"article","og_title":"M4A3 Sherman 1:16 Professional Line III IR\/P - TECHNIC-TOYS.com","og_description":"Polna kovina, True Sound, barvana","og_url":"https:\/\/www.technic-toys.com\/izdelek\/m4a3-sherman-116-professional-line-iii-ir-p\/","og_site_name":"TECHNIC-TOYS.com","article_modified_time":"2024-12-04T18:03:17+00:00","og_image":[{"width":2560,"height":1468,"url":"https:\/\/www.technic-toys.com\/wp-content\/uploads\/2022\/04\/23084.jpg","type":"image\/jpeg"}],"twitter_card":"summary_large_image","twitter_misc":{"Est. reading time":"1 minute"},"schema":{"@context":"https:\/\/schema.org","@graph":[{"@type":"WebPage","@id":"https:\/\/www.technic-toys.com\/izdelek\/m4a3-sherman-116-professional-line-iii-ir-p\/","url":"https:\/\/www.technic-toys.com\/izdelek\/m4a3-sherman-116-professional-line-iii-ir-p\/","name":"M4A3 Sherman 1:16 Professional Line III IR\/P - TECHNIC-TOYS.com","isPartOf":{"@id":"https:\/\/www.technic-toys.com\/en\/#website"},"datePublished":"2022-04-08T15:06:10+00:00","dateModified":"2024-12-04T18:03:17+00:00","breadcrumb":{"@id":"https:\/\/www.technic-toys.com\/izdelek\/m4a3-sherman-116-professional-line-iii-ir-p\/#breadcrumb"},"inLanguage":"en-US","potentialAction":[{"@type":"ReadAction","target":["https:\/\/www.technic-toys.com\/izdelek\/m4a3-sherman-116-professional-line-iii-ir-p\/"]}]},{"@type":"BreadcrumbList","@id":"https:\/\/www.technic-toys.com\/izdelek\/m4a3-sherman-116-professional-line-iii-ir-p\/#breadcrumb","itemListElement":[{"@type":"ListItem","position":1,"name":"Domov","item":"https:\/\/www.technic-toys.com\/en\/"},{"@type":"ListItem","position":2,"name":"Shop","item":"https:\/\/www.technic-toys.com\/en\/shop-2\/"},{"@type":"ListItem","position":3,"name":"M4A3 Sherman 1:16 Professional Line III IR\/P"}]},{"@type":"WebSite","@id":"https:\/\/www.technic-toys.com\/en\/#website","url":"https:\/\/www.technic-toys.com\/en\/","name":"TECHNIC-TOYS.com","description":"","potentialAction":[{"@type":"SearchAction","target":{"@type":"EntryPoint","urlTemplate":"https:\/\/www.technic-toys.com\/en\/?s={search_term_string}"},"query-input":"required name=search_term_string"}],"inLanguage":"en-US"}]}},"_links":{"self":[{"href":"https:\/\/www.technic-toys.com\/en\/wp-json\/wp\/v2\/product\/16155"}],"collection":[{"href":"https:\/\/www.technic-toys.com\/en\/wp-json\/wp\/v2\/product"}],"about":[{"href":"https:\/\/www.technic-toys.com\/en\/wp-json\/wp\/v2\/types\/product"}],"wp:featuredmedia":[{"embeddable":true,"href":"https:\/\/www.technic-toys.com\/en\/wp-json\/wp\/v2\/media\/16156"}],"wp:attachment":[{"href":"https:\/\/www.technic-toys.com\/en\/wp-json\/wp\/v2\/media?parent=16155"}],"wp:term":[{"taxonomy":"product_cat","embeddable":true,"href":"https:\/\/www.technic-toys.com\/en\/wp-json\/wp\/v2\/product_cat?post=16155"},{"taxonomy":"product_tag","embeddable":true,"href":"https:\/\/www.technic-toys.com\/en\/wp-json\/wp\/v2\/product_tag?post=16155"}],"curies":[{"name":"wp","href":"https:\/\/api.w.org\/{rel}","templated":true}]}}