{"id":16183,"date":"2022-04-08T17:06:10","date_gmt":"2022-04-08T15:06:10","guid":{"rendered":"https:\/\/www.technic-toys.com\/izdelek\/m36-jackson-b1-116-professional-line-iii-ir-up\/"},"modified":"2024-12-04T19:03:18","modified_gmt":"2024-12-04T18:03:18","slug":"m36-jackson-b1-116-professional-line-iii-ir-up","status":"publish","type":"product","link":"https:\/\/www.technic-toys.com\/en\/izdelek\/m36-jackson-b1-116-professional-line-iii-ir-up\/","title":{"rendered":"M36 Jackson B1 1:16 Professional Line III IR\/UP"},"content":{"rendered":"<p>Tank M36 B1 &#8211; RTR razli\u010dica &#8211; vse kovineM36 Jackson (znan tudi kot Slugger) je bil ameri\u0161ki uni\u010devalec tankov med drugo svetovno vojno Razli\u010dica B1 je imela kupolo M36 na vrhu M4A3 Sherman. M36 B1 je bil prvi\u010d uporabljen v ofenzivi v Ardenih pozimi 1944\/145. Skupno je bilo izdelanih 1700 enot tega uni\u010devalca tankov. V boju je bilo izgubljenih 153 kosov.Ta tank je bil izdelan iz kovine v merilu 1:16 z veliko skrbnostjo in natan\u010dnostjo.Top je nastavljiv po vi\u0161ini Visokokakovostni True Sound Module: Zvo\u010dna elektronika od strokovnjakov &#8211; zelo visoka kakovost Razli\u010den zvok u\u010dinki za motor, top, MG vklj. visokokakovosten 2,4 GHz 6-kanalni radijski daljinski upravljalnik in 3300 mAh Ni-Mh baterija Tehni\u010dni podatki: rezervoar v merilu 1:16 v celoti izdelan iz kovine za 360 stopinj vrtljiv nastavitev vi\u0161ine topa Pravi daljinski upravljalnik zvo\u010dnega modula: 2,4 GHz 6-kanalni baterija: 3.300 mAh Ni-Mh baterija Dostava v plemeniti transportni torbici vsebuje: Daljinski upravljalnik rezervoarja 2,4 GHz 6-kanalni polnilnik baterij Obseg dobave: Dobavljeno v plemeniti transportni torbici vsebuje: Daljinski upravljalnik rezervoarja 2,4 GHz 6-kanalni polnilnik baterij<\/p>\n","protected":false},"excerpt":{"rendered":"<p>Polna kovina, True Sound, nepobarvana<\/p>\n","protected":false},"featured_media":16184,"template":"","meta":[],"product_cat":[374,365],"product_tag":[],"acf":[],"yoast_head":"<!-- This site is optimized with the Yoast SEO plugin v21.7 - https:\/\/yoast.com\/wordpress\/plugins\/seo\/ -->\n<title>M36 Jackson B1 1:16 Professional Line III IR\/UP - TECHNIC-TOYS.com<\/title>\n<meta name=\"robots\" content=\"index, follow, max-snippet:-1, max-image-preview:large, max-video-preview:-1\" \/>\n<link rel=\"canonical\" href=\"https:\/\/www.technic-toys.com\/izdelek\/m36-jackson-b1-116-professional-line-iii-ir-up\/\" \/>\n<meta property=\"og:locale\" content=\"en_US\" \/>\n<meta property=\"og:type\" content=\"article\" \/>\n<meta property=\"og:title\" content=\"M36 Jackson B1 1:16 Professional Line III IR\/UP - TECHNIC-TOYS.com\" \/>\n<meta property=\"og:description\" content=\"Polna kovina, True Sound, nepobarvana\" \/>\n<meta property=\"og:url\" content=\"https:\/\/www.technic-toys.com\/izdelek\/m36-jackson-b1-116-professional-line-iii-ir-up\/\" \/>\n<meta property=\"og:site_name\" content=\"TECHNIC-TOYS.com\" \/>\n<meta property=\"article:modified_time\" content=\"2024-12-04T18:03:18+00:00\" \/>\n<meta property=\"og:image\" content=\"https:\/\/www.technic-toys.com\/wp-content\/uploads\/2022\/04\/23085.jpg\" \/>\n\t<meta property=\"og:image:width\" content=\"2560\" \/>\n\t<meta property=\"og:image:height\" content=\"1468\" \/>\n\t<meta property=\"og:image:type\" content=\"image\/jpeg\" \/>\n<meta name=\"twitter:card\" content=\"summary_large_image\" \/>\n<meta name=\"twitter:label1\" content=\"Est. reading time\" \/>\n\t<meta name=\"twitter:data1\" content=\"1 minute\" \/>\n<script type=\"application\/ld+json\" class=\"yoast-schema-graph\">{\"@context\":\"https:\/\/schema.org\",\"@graph\":[{\"@type\":\"WebPage\",\"@id\":\"https:\/\/www.technic-toys.com\/izdelek\/m36-jackson-b1-116-professional-line-iii-ir-up\/\",\"url\":\"https:\/\/www.technic-toys.com\/izdelek\/m36-jackson-b1-116-professional-line-iii-ir-up\/\",\"name\":\"M36 Jackson B1 1:16 Professional Line III IR\/UP - TECHNIC-TOYS.com\",\"isPartOf\":{\"@id\":\"https:\/\/www.technic-toys.com\/en\/#website\"},\"datePublished\":\"2022-04-08T15:06:10+00:00\",\"dateModified\":\"2024-12-04T18:03:18+00:00\",\"breadcrumb\":{\"@id\":\"https:\/\/www.technic-toys.com\/izdelek\/m36-jackson-b1-116-professional-line-iii-ir-up\/#breadcrumb\"},\"inLanguage\":\"en-US\",\"potentialAction\":[{\"@type\":\"ReadAction\",\"target\":[\"https:\/\/www.technic-toys.com\/izdelek\/m36-jackson-b1-116-professional-line-iii-ir-up\/\"]}]},{\"@type\":\"BreadcrumbList\",\"@id\":\"https:\/\/www.technic-toys.com\/izdelek\/m36-jackson-b1-116-professional-line-iii-ir-up\/#breadcrumb\",\"itemListElement\":[{\"@type\":\"ListItem\",\"position\":1,\"name\":\"Domov\",\"item\":\"https:\/\/www.technic-toys.com\/en\/\"},{\"@type\":\"ListItem\",\"position\":2,\"name\":\"Shop\",\"item\":\"https:\/\/www.technic-toys.com\/en\/shop-2\/\"},{\"@type\":\"ListItem\",\"position\":3,\"name\":\"M36 Jackson B1 1:16 Professional Line III IR\/UP\"}]},{\"@type\":\"WebSite\",\"@id\":\"https:\/\/www.technic-toys.com\/en\/#website\",\"url\":\"https:\/\/www.technic-toys.com\/en\/\",\"name\":\"TECHNIC-TOYS.com\",\"description\":\"\",\"potentialAction\":[{\"@type\":\"SearchAction\",\"target\":{\"@type\":\"EntryPoint\",\"urlTemplate\":\"https:\/\/www.technic-toys.com\/en\/?s={search_term_string}\"},\"query-input\":\"required name=search_term_string\"}],\"inLanguage\":\"en-US\"}]}<\/script>\n<!-- \/ Yoast SEO plugin. -->","yoast_head_json":{"title":"M36 Jackson B1 1:16 Professional Line III IR\/UP - TECHNIC-TOYS.com","robots":{"index":"index","follow":"follow","max-snippet":"max-snippet:-1","max-image-preview":"max-image-preview:large","max-video-preview":"max-video-preview:-1"},"canonical":"https:\/\/www.technic-toys.com\/izdelek\/m36-jackson-b1-116-professional-line-iii-ir-up\/","og_locale":"en_US","og_type":"article","og_title":"M36 Jackson B1 1:16 Professional Line III IR\/UP - TECHNIC-TOYS.com","og_description":"Polna kovina, True Sound, nepobarvana","og_url":"https:\/\/www.technic-toys.com\/izdelek\/m36-jackson-b1-116-professional-line-iii-ir-up\/","og_site_name":"TECHNIC-TOYS.com","article_modified_time":"2024-12-04T18:03:18+00:00","og_image":[{"width":2560,"height":1468,"url":"https:\/\/www.technic-toys.com\/wp-content\/uploads\/2022\/04\/23085.jpg","type":"image\/jpeg"}],"twitter_card":"summary_large_image","twitter_misc":{"Est. reading time":"1 minute"},"schema":{"@context":"https:\/\/schema.org","@graph":[{"@type":"WebPage","@id":"https:\/\/www.technic-toys.com\/izdelek\/m36-jackson-b1-116-professional-line-iii-ir-up\/","url":"https:\/\/www.technic-toys.com\/izdelek\/m36-jackson-b1-116-professional-line-iii-ir-up\/","name":"M36 Jackson B1 1:16 Professional Line III IR\/UP - TECHNIC-TOYS.com","isPartOf":{"@id":"https:\/\/www.technic-toys.com\/en\/#website"},"datePublished":"2022-04-08T15:06:10+00:00","dateModified":"2024-12-04T18:03:18+00:00","breadcrumb":{"@id":"https:\/\/www.technic-toys.com\/izdelek\/m36-jackson-b1-116-professional-line-iii-ir-up\/#breadcrumb"},"inLanguage":"en-US","potentialAction":[{"@type":"ReadAction","target":["https:\/\/www.technic-toys.com\/izdelek\/m36-jackson-b1-116-professional-line-iii-ir-up\/"]}]},{"@type":"BreadcrumbList","@id":"https:\/\/www.technic-toys.com\/izdelek\/m36-jackson-b1-116-professional-line-iii-ir-up\/#breadcrumb","itemListElement":[{"@type":"ListItem","position":1,"name":"Domov","item":"https:\/\/www.technic-toys.com\/en\/"},{"@type":"ListItem","position":2,"name":"Shop","item":"https:\/\/www.technic-toys.com\/en\/shop-2\/"},{"@type":"ListItem","position":3,"name":"M36 Jackson B1 1:16 Professional Line III IR\/UP"}]},{"@type":"WebSite","@id":"https:\/\/www.technic-toys.com\/en\/#website","url":"https:\/\/www.technic-toys.com\/en\/","name":"TECHNIC-TOYS.com","description":"","potentialAction":[{"@type":"SearchAction","target":{"@type":"EntryPoint","urlTemplate":"https:\/\/www.technic-toys.com\/en\/?s={search_term_string}"},"query-input":"required name=search_term_string"}],"inLanguage":"en-US"}]}},"_links":{"self":[{"href":"https:\/\/www.technic-toys.com\/en\/wp-json\/wp\/v2\/product\/16183"}],"collection":[{"href":"https:\/\/www.technic-toys.com\/en\/wp-json\/wp\/v2\/product"}],"about":[{"href":"https:\/\/www.technic-toys.com\/en\/wp-json\/wp\/v2\/types\/product"}],"wp:featuredmedia":[{"embeddable":true,"href":"https:\/\/www.technic-toys.com\/en\/wp-json\/wp\/v2\/media\/16184"}],"wp:attachment":[{"href":"https:\/\/www.technic-toys.com\/en\/wp-json\/wp\/v2\/media?parent=16183"}],"wp:term":[{"taxonomy":"product_cat","embeddable":true,"href":"https:\/\/www.technic-toys.com\/en\/wp-json\/wp\/v2\/product_cat?post=16183"},{"taxonomy":"product_tag","embeddable":true,"href":"https:\/\/www.technic-toys.com\/en\/wp-json\/wp\/v2\/product_tag?post=16183"}],"curies":[{"name":"wp","href":"https:\/\/api.w.org\/{rel}","templated":true}]}}