{"id":16255,"date":"2022-04-08T17:06:10","date_gmt":"2022-04-08T15:06:10","guid":{"rendered":"https:\/\/www.technic-toys.com\/izdelek\/wolverine-m10-116-professional-line-iii-ir-up\/"},"modified":"2024-12-04T19:03:23","modified_gmt":"2024-12-04T18:03:23","slug":"wolverine-m10-116-professional-line-iii-ir-up","status":"publish","type":"product","link":"https:\/\/www.technic-toys.com\/en\/izdelek\/wolverine-m10-116-professional-line-iii-ir-up\/","title":{"rendered":"Wolverine M10 1:16 Professional Line III IR\/UP"},"content":{"rendered":"<p>M10 Wolverine je bil prvi ameri\u0161ki uni\u010devalec tankov, uporabljen v drugi svetovni vojni. Model navdu\u0161uje s \u0161tevilnimi detajli v merilu.<br \/>Vsi nastavki so bili natan\u010dno reproducirani, lopute in lopute se lahko odprejo kot original. Ljubitelji tankov bodo opazili predvsem podvozje v realisti\u010dnem obsegu in originalno vzmetenje.<br \/>Kakovostna elektronika resni\u010dnega zvoka realisti\u010dno reproducira zvok M10. Stolp se lahko vrti za 360 stopinj. Top se lahko premika gor in dol s pomo\u010djo servo.<br \/>Funkcija strela simulira odboj, cev topa se premika naprej in nazaj. Model tanka ima tudi infrarde\u010di bojni sistem, tako da lahko razburljive bitke simulirate z ve\u010d modeli.<\/p>\n<p>Tudi notranje vrednosti govorijo same zase:<br \/>Robustni kovinski zobniki iz kaljenega jeklo zagotavlja vzdr\u017eljivost in popoln prenos mo\u010di!<br \/>LiPo baterija znanega proizvajalca GENS ACE slu\u017ei kot vir energije za zelo dolge vo\u017enje. Baterijo je mogo\u010de priro\u010dno polniti od zunaj s pomo\u010djo vti\u010da za uravnote\u017eenje preko lopute za polnjenje in je ni treba odstraniti iz modela.<br \/>Celoten paket zaokro\u017euje luksuzno aluminijasto ohi\u0161je, katerega notranjost ima ustrezno rezano penasto gumo .<br \/><br \/ >Ta razli\u010dica je nepobarvana. Tako lahko poslikavo izdelamo po lastnih \u017eeljah.<\/p>\n<p>Lastnosti:<br \/>Popolnoma izdelan iz kovinskega modela rezervoarja v merilu 1:16<br \/>Izdelani visokokakovostni kovinski zobniki iz kaljenega jekla<br \/>Pravi zvok Elektronika z realisti\u010dno reprodukcijo zvoka<br \/>Vse v originalnem ohi\u0161ju<br \/>Vzmetni valji<br \/>S 6-kanalnim daljinskim upravljalnikom 2,4 GHz<br \/>Proporcionalni nadzor<br \/ >Vrtna kupola 360\u00b0<br \/>Vi\u0161ina topa nastavljiva s servo <br \/>Noble transportni kov\u010dek iz aluminija<br \/>Infrarde\u010di bojni sistem<\/p>\n<p>Tehni\u010dni podatki:<br \/>Merilo 1:16 <br \/>Dimenzije brez topa: 370x185x160mm<br \/>Te\u017ea: pribli\u017eno 11Kg<br \/>Prestavno razmerje: 5:1<br \/>Baterija: LiPo 2S 7.4V 2600mAh<br \/>Polilec: Po ravnote\u017eje<br \/>Po 800mA \/><br \/>Obseg dobave:<br \/>Panzer M10 Wolverine<br \/>Daljinski upravljalnik 2,4 GHz 6-kanalni<br \/>LiPo baterija<br \/>polnilnik<br \/>Navodila za uporabo<br \/>Priklju\u010dki <br \/>Rezervni \u010dleni za verige<\/p>\n","protected":false},"excerpt":{"rendered":"<p>Polna kovina, True Sound, barvana<\/p>\n","protected":false},"featured_media":16256,"template":"","meta":[],"product_cat":[374,365],"product_tag":[],"acf":[],"yoast_head":"<!-- This site is optimized with the Yoast SEO plugin v21.7 - https:\/\/yoast.com\/wordpress\/plugins\/seo\/ -->\n<title>Wolverine M10 1:16 Professional Line III IR\/UP - TECHNIC-TOYS.com<\/title>\n<meta name=\"robots\" content=\"index, follow, max-snippet:-1, max-image-preview:large, max-video-preview:-1\" \/>\n<link rel=\"canonical\" href=\"https:\/\/www.technic-toys.com\/izdelek\/wolverine-m10-116-professional-line-iii-ir-up\/\" \/>\n<meta property=\"og:locale\" content=\"en_US\" \/>\n<meta property=\"og:type\" content=\"article\" \/>\n<meta property=\"og:title\" content=\"Wolverine M10 1:16 Professional Line III IR\/UP - TECHNIC-TOYS.com\" \/>\n<meta property=\"og:description\" content=\"Polna kovina, True Sound, barvana\" \/>\n<meta property=\"og:url\" content=\"https:\/\/www.technic-toys.com\/izdelek\/wolverine-m10-116-professional-line-iii-ir-up\/\" \/>\n<meta property=\"og:site_name\" content=\"TECHNIC-TOYS.com\" \/>\n<meta property=\"article:modified_time\" content=\"2024-12-04T18:03:23+00:00\" \/>\n<meta property=\"og:image\" content=\"https:\/\/www.technic-toys.com\/wp-content\/uploads\/2022\/04\/23089.jpg\" \/>\n\t<meta property=\"og:image:width\" content=\"1280\" \/>\n\t<meta property=\"og:image:height\" content=\"734\" \/>\n\t<meta property=\"og:image:type\" content=\"image\/jpeg\" \/>\n<meta name=\"twitter:card\" content=\"summary_large_image\" \/>\n<meta name=\"twitter:label1\" content=\"Est. reading time\" \/>\n\t<meta name=\"twitter:data1\" content=\"1 minute\" \/>\n<script type=\"application\/ld+json\" class=\"yoast-schema-graph\">{\"@context\":\"https:\/\/schema.org\",\"@graph\":[{\"@type\":\"WebPage\",\"@id\":\"https:\/\/www.technic-toys.com\/izdelek\/wolverine-m10-116-professional-line-iii-ir-up\/\",\"url\":\"https:\/\/www.technic-toys.com\/izdelek\/wolverine-m10-116-professional-line-iii-ir-up\/\",\"name\":\"Wolverine M10 1:16 Professional Line III IR\/UP - TECHNIC-TOYS.com\",\"isPartOf\":{\"@id\":\"https:\/\/www.technic-toys.com\/en\/#website\"},\"datePublished\":\"2022-04-08T15:06:10+00:00\",\"dateModified\":\"2024-12-04T18:03:23+00:00\",\"breadcrumb\":{\"@id\":\"https:\/\/www.technic-toys.com\/izdelek\/wolverine-m10-116-professional-line-iii-ir-up\/#breadcrumb\"},\"inLanguage\":\"en-US\",\"potentialAction\":[{\"@type\":\"ReadAction\",\"target\":[\"https:\/\/www.technic-toys.com\/izdelek\/wolverine-m10-116-professional-line-iii-ir-up\/\"]}]},{\"@type\":\"BreadcrumbList\",\"@id\":\"https:\/\/www.technic-toys.com\/izdelek\/wolverine-m10-116-professional-line-iii-ir-up\/#breadcrumb\",\"itemListElement\":[{\"@type\":\"ListItem\",\"position\":1,\"name\":\"Domov\",\"item\":\"https:\/\/www.technic-toys.com\/en\/\"},{\"@type\":\"ListItem\",\"position\":2,\"name\":\"Shop\",\"item\":\"https:\/\/www.technic-toys.com\/en\/shop-2\/\"},{\"@type\":\"ListItem\",\"position\":3,\"name\":\"Wolverine M10 1:16 Professional Line III IR\/UP\"}]},{\"@type\":\"WebSite\",\"@id\":\"https:\/\/www.technic-toys.com\/en\/#website\",\"url\":\"https:\/\/www.technic-toys.com\/en\/\",\"name\":\"TECHNIC-TOYS.com\",\"description\":\"\",\"potentialAction\":[{\"@type\":\"SearchAction\",\"target\":{\"@type\":\"EntryPoint\",\"urlTemplate\":\"https:\/\/www.technic-toys.com\/en\/?s={search_term_string}\"},\"query-input\":\"required name=search_term_string\"}],\"inLanguage\":\"en-US\"}]}<\/script>\n<!-- \/ Yoast SEO plugin. -->","yoast_head_json":{"title":"Wolverine M10 1:16 Professional Line III IR\/UP - TECHNIC-TOYS.com","robots":{"index":"index","follow":"follow","max-snippet":"max-snippet:-1","max-image-preview":"max-image-preview:large","max-video-preview":"max-video-preview:-1"},"canonical":"https:\/\/www.technic-toys.com\/izdelek\/wolverine-m10-116-professional-line-iii-ir-up\/","og_locale":"en_US","og_type":"article","og_title":"Wolverine M10 1:16 Professional Line III IR\/UP - TECHNIC-TOYS.com","og_description":"Polna kovina, True Sound, barvana","og_url":"https:\/\/www.technic-toys.com\/izdelek\/wolverine-m10-116-professional-line-iii-ir-up\/","og_site_name":"TECHNIC-TOYS.com","article_modified_time":"2024-12-04T18:03:23+00:00","og_image":[{"width":1280,"height":734,"url":"https:\/\/www.technic-toys.com\/wp-content\/uploads\/2022\/04\/23089.jpg","type":"image\/jpeg"}],"twitter_card":"summary_large_image","twitter_misc":{"Est. reading time":"1 minute"},"schema":{"@context":"https:\/\/schema.org","@graph":[{"@type":"WebPage","@id":"https:\/\/www.technic-toys.com\/izdelek\/wolverine-m10-116-professional-line-iii-ir-up\/","url":"https:\/\/www.technic-toys.com\/izdelek\/wolverine-m10-116-professional-line-iii-ir-up\/","name":"Wolverine M10 1:16 Professional Line III IR\/UP - TECHNIC-TOYS.com","isPartOf":{"@id":"https:\/\/www.technic-toys.com\/en\/#website"},"datePublished":"2022-04-08T15:06:10+00:00","dateModified":"2024-12-04T18:03:23+00:00","breadcrumb":{"@id":"https:\/\/www.technic-toys.com\/izdelek\/wolverine-m10-116-professional-line-iii-ir-up\/#breadcrumb"},"inLanguage":"en-US","potentialAction":[{"@type":"ReadAction","target":["https:\/\/www.technic-toys.com\/izdelek\/wolverine-m10-116-professional-line-iii-ir-up\/"]}]},{"@type":"BreadcrumbList","@id":"https:\/\/www.technic-toys.com\/izdelek\/wolverine-m10-116-professional-line-iii-ir-up\/#breadcrumb","itemListElement":[{"@type":"ListItem","position":1,"name":"Domov","item":"https:\/\/www.technic-toys.com\/en\/"},{"@type":"ListItem","position":2,"name":"Shop","item":"https:\/\/www.technic-toys.com\/en\/shop-2\/"},{"@type":"ListItem","position":3,"name":"Wolverine M10 1:16 Professional Line III IR\/UP"}]},{"@type":"WebSite","@id":"https:\/\/www.technic-toys.com\/en\/#website","url":"https:\/\/www.technic-toys.com\/en\/","name":"TECHNIC-TOYS.com","description":"","potentialAction":[{"@type":"SearchAction","target":{"@type":"EntryPoint","urlTemplate":"https:\/\/www.technic-toys.com\/en\/?s={search_term_string}"},"query-input":"required name=search_term_string"}],"inLanguage":"en-US"}]}},"_links":{"self":[{"href":"https:\/\/www.technic-toys.com\/en\/wp-json\/wp\/v2\/product\/16255"}],"collection":[{"href":"https:\/\/www.technic-toys.com\/en\/wp-json\/wp\/v2\/product"}],"about":[{"href":"https:\/\/www.technic-toys.com\/en\/wp-json\/wp\/v2\/types\/product"}],"wp:featuredmedia":[{"embeddable":true,"href":"https:\/\/www.technic-toys.com\/en\/wp-json\/wp\/v2\/media\/16256"}],"wp:attachment":[{"href":"https:\/\/www.technic-toys.com\/en\/wp-json\/wp\/v2\/media?parent=16255"}],"wp:term":[{"taxonomy":"product_cat","embeddable":true,"href":"https:\/\/www.technic-toys.com\/en\/wp-json\/wp\/v2\/product_cat?post=16255"},{"taxonomy":"product_tag","embeddable":true,"href":"https:\/\/www.technic-toys.com\/en\/wp-json\/wp\/v2\/product_tag?post=16255"}],"curies":[{"name":"wp","href":"https:\/\/api.w.org\/{rel}","templated":true}]}}