{"id":16342,"date":"2022-04-08T17:06:10","date_gmt":"2022-04-08T15:06:10","guid":{"rendered":"https:\/\/www.technic-toys.com\/izdelek\/tiger-i-116-advanced-line-ir-bb\/"},"modified":"2024-12-04T19:03:24","modified_gmt":"2024-12-04T18:03:24","slug":"tiger-i-116-advanced-line-ir-bb","status":"publish","type":"product","link":"https:\/\/www.technic-toys.com\/en\/izdelek\/tiger-i-116-advanced-line-ir-bb\/","title":{"rendered":"Tiger I 1:16 Advanced Line IR\/BB"},"content":{"rendered":"<p>Te\u017eki Panzerkampfwagen VI &#8220;Tiger I&#8221; je podjetje Henschel izdelovalo od leta 1942 do 1944 in ga je Wehrmacht uporabljal od poznega poletja 1942. Zaradi mo\u010dne glavne pu\u0161ke in visoke za\u0161\u010dite oklepa je bil Tiger eden najmo\u010dnej\u0161ih tankov druge svetovne vojne in so se ga bali vsi nasprotniki. <\/p>\n<p>Izdaja AMEWI je replika v merilu 1:16, ki je zvesta originalu. To je RTR &#8211; pripravljena za uporabo razli\u010dica v najnovej\u0161i razli\u010dici (elektronika TK 6.0) in je opremljena z zaprtim kovinskim zobnikom in kovinskimi nihajnimi rokami za kolesa. Rezervoar ima tudi funkcijo dima in zvoka. Dostava poteka v visokokakovostni tiskani \u0161katli z ustreznim stiropornim jedrom. Vsak (!) rezervoar je pred dobavo testiran na funkcionalnost in popolnost. Kontrolni seznam je vklju\u010den. Vklju\u010den je tudi infrarde\u010di bojni modul, ki omogo\u010da razburljive dvoboje z drugimi modeli iz na\u0161e Advanced ali Pro linije. V primeru neposrednega zadetka iz infrarde\u010dega MG zadevnega tanka se model zadetka &#8220;trese&#8221; in tako nakazuje zadetek. Vozno obna\u0161anje tega odli\u010dnega modela navdu\u0161uje z resni\u010dnimi izvirnimi zvoki in funkcijami. Poleg infrarde\u010dega bojnega modula ima model tudi 6 mm BB sistem streljanja preko glavne pu\u0161ke. Vse funkcije je mogo\u010de nadzorovati popolnoma sorazmerno in prek oddajnika je mogo\u010de nastaviti 5 razli\u010dnih zvokov.<\/p>\n<p>Funkcije:<br \/>Naprej\/nazaj<br \/>Levo\/desno<br \/>Stolp gor\/dol < br \/>Vrtenje kupole<br \/>Funkcija streljanja<br \/>Dim in zvok<br \/>Infrarde\u010di modul za streljanje<br \/>Osvetlitev<\/p>\n<p>Tehni\u010dni podatki:<br \/>Dol\u017eina: 520 mm< br \/> Dol\u017eina brez pi\u0161tole: 390 mm<br \/>\u0160irina: 230 mm<br \/>Vi\u0161ina: 190 mm<br \/>Te\u017ea: 2547 g brez baterije<br \/>\u010cas vo\u017enje: pribli\u017eno 20 min.<br \/>\u010cas polnjenja: pribl. 3 ure< br \/>Dim in zvok (zvok je mogo\u010de spremeniti)<br \/>Inkapsulirana kovinska oprema<br \/>Kovinske roke \/ nihajne roke za kolesa<br \/>Infrarde\u010di bojni modul<br \/>Funkcija dima: uporaba dima olje (upo\u0161tevajte koli\u010dino polnjenja!)<br \/>Baterija : 1800mAh 7,4V Li-Ion 2S, 93g, 68 x 37 x 22mm<br \/>polnilnik 2S LiPo\/ Li-Ion polnilnik uravnote\u017eenja z 850mAh<br \/>Kontrola: 2,4 GHz<br \/>Elektronika: TK 6.0< br \/><br \/>Obseg dobave:<br \/>Panzer Tiger I<br \/>Daljinski upravljalnik 2,4 GHz<br \/>Baterija<br \/>Polnilec<br \/ > Strelivo 6 mm BB<br \/>Dimna teko\u010dina<br \/>Nalepka + nastavki<\/p>\n<p>Potrebna dodatna oprema:<br \/>6x baterije za oddajnik 1,5V Mignon AA<\/p>\n","protected":false},"excerpt":{"rendered":"<p>dimom in zvokom, kovinskimi zobniki<\/p>\n","protected":false},"featured_media":16343,"template":"","meta":[],"product_cat":[374,365],"product_tag":[],"acf":[],"yoast_head":"<!-- This site is optimized with the Yoast SEO plugin v21.7 - https:\/\/yoast.com\/wordpress\/plugins\/seo\/ -->\n<title>Tiger I 1:16 Advanced Line IR\/BB - TECHNIC-TOYS.com<\/title>\n<meta name=\"robots\" content=\"index, follow, max-snippet:-1, max-image-preview:large, max-video-preview:-1\" \/>\n<link rel=\"canonical\" href=\"https:\/\/www.technic-toys.com\/izdelek\/tiger-i-116-advanced-line-ir-bb\/\" \/>\n<meta property=\"og:locale\" content=\"en_US\" \/>\n<meta property=\"og:type\" content=\"article\" \/>\n<meta property=\"og:title\" content=\"Tiger I 1:16 Advanced Line IR\/BB - TECHNIC-TOYS.com\" \/>\n<meta property=\"og:description\" content=\"dimom in zvokom, kovinskimi zobniki\" \/>\n<meta property=\"og:url\" content=\"https:\/\/www.technic-toys.com\/izdelek\/tiger-i-116-advanced-line-ir-bb\/\" \/>\n<meta property=\"og:site_name\" content=\"TECHNIC-TOYS.com\" \/>\n<meta property=\"article:modified_time\" content=\"2024-12-04T18:03:24+00:00\" \/>\n<meta property=\"og:image\" content=\"https:\/\/www.technic-toys.com\/wp-content\/uploads\/2022\/04\/23101.jpg\" \/>\n\t<meta property=\"og:image:width\" content=\"2560\" \/>\n\t<meta property=\"og:image:height\" content=\"1468\" \/>\n\t<meta property=\"og:image:type\" content=\"image\/jpeg\" \/>\n<meta name=\"twitter:card\" content=\"summary_large_image\" \/>\n<meta name=\"twitter:label1\" content=\"Est. reading time\" \/>\n\t<meta name=\"twitter:data1\" content=\"2 minutes\" \/>\n<script type=\"application\/ld+json\" class=\"yoast-schema-graph\">{\"@context\":\"https:\/\/schema.org\",\"@graph\":[{\"@type\":\"WebPage\",\"@id\":\"https:\/\/www.technic-toys.com\/izdelek\/tiger-i-116-advanced-line-ir-bb\/\",\"url\":\"https:\/\/www.technic-toys.com\/izdelek\/tiger-i-116-advanced-line-ir-bb\/\",\"name\":\"Tiger I 1:16 Advanced Line IR\/BB - TECHNIC-TOYS.com\",\"isPartOf\":{\"@id\":\"https:\/\/www.technic-toys.com\/en\/#website\"},\"datePublished\":\"2022-04-08T15:06:10+00:00\",\"dateModified\":\"2024-12-04T18:03:24+00:00\",\"breadcrumb\":{\"@id\":\"https:\/\/www.technic-toys.com\/izdelek\/tiger-i-116-advanced-line-ir-bb\/#breadcrumb\"},\"inLanguage\":\"en-US\",\"potentialAction\":[{\"@type\":\"ReadAction\",\"target\":[\"https:\/\/www.technic-toys.com\/izdelek\/tiger-i-116-advanced-line-ir-bb\/\"]}]},{\"@type\":\"BreadcrumbList\",\"@id\":\"https:\/\/www.technic-toys.com\/izdelek\/tiger-i-116-advanced-line-ir-bb\/#breadcrumb\",\"itemListElement\":[{\"@type\":\"ListItem\",\"position\":1,\"name\":\"Domov\",\"item\":\"https:\/\/www.technic-toys.com\/en\/\"},{\"@type\":\"ListItem\",\"position\":2,\"name\":\"Shop\",\"item\":\"https:\/\/www.technic-toys.com\/en\/shop-2\/\"},{\"@type\":\"ListItem\",\"position\":3,\"name\":\"Tiger I 1:16 Advanced Line IR\/BB\"}]},{\"@type\":\"WebSite\",\"@id\":\"https:\/\/www.technic-toys.com\/en\/#website\",\"url\":\"https:\/\/www.technic-toys.com\/en\/\",\"name\":\"TECHNIC-TOYS.com\",\"description\":\"\",\"potentialAction\":[{\"@type\":\"SearchAction\",\"target\":{\"@type\":\"EntryPoint\",\"urlTemplate\":\"https:\/\/www.technic-toys.com\/en\/?s={search_term_string}\"},\"query-input\":\"required name=search_term_string\"}],\"inLanguage\":\"en-US\"}]}<\/script>\n<!-- \/ Yoast SEO plugin. -->","yoast_head_json":{"title":"Tiger I 1:16 Advanced Line IR\/BB - TECHNIC-TOYS.com","robots":{"index":"index","follow":"follow","max-snippet":"max-snippet:-1","max-image-preview":"max-image-preview:large","max-video-preview":"max-video-preview:-1"},"canonical":"https:\/\/www.technic-toys.com\/izdelek\/tiger-i-116-advanced-line-ir-bb\/","og_locale":"en_US","og_type":"article","og_title":"Tiger I 1:16 Advanced Line IR\/BB - TECHNIC-TOYS.com","og_description":"dimom in zvokom, kovinskimi zobniki","og_url":"https:\/\/www.technic-toys.com\/izdelek\/tiger-i-116-advanced-line-ir-bb\/","og_site_name":"TECHNIC-TOYS.com","article_modified_time":"2024-12-04T18:03:24+00:00","og_image":[{"width":2560,"height":1468,"url":"https:\/\/www.technic-toys.com\/wp-content\/uploads\/2022\/04\/23101.jpg","type":"image\/jpeg"}],"twitter_card":"summary_large_image","twitter_misc":{"Est. reading time":"2 minutes"},"schema":{"@context":"https:\/\/schema.org","@graph":[{"@type":"WebPage","@id":"https:\/\/www.technic-toys.com\/izdelek\/tiger-i-116-advanced-line-ir-bb\/","url":"https:\/\/www.technic-toys.com\/izdelek\/tiger-i-116-advanced-line-ir-bb\/","name":"Tiger I 1:16 Advanced Line IR\/BB - TECHNIC-TOYS.com","isPartOf":{"@id":"https:\/\/www.technic-toys.com\/en\/#website"},"datePublished":"2022-04-08T15:06:10+00:00","dateModified":"2024-12-04T18:03:24+00:00","breadcrumb":{"@id":"https:\/\/www.technic-toys.com\/izdelek\/tiger-i-116-advanced-line-ir-bb\/#breadcrumb"},"inLanguage":"en-US","potentialAction":[{"@type":"ReadAction","target":["https:\/\/www.technic-toys.com\/izdelek\/tiger-i-116-advanced-line-ir-bb\/"]}]},{"@type":"BreadcrumbList","@id":"https:\/\/www.technic-toys.com\/izdelek\/tiger-i-116-advanced-line-ir-bb\/#breadcrumb","itemListElement":[{"@type":"ListItem","position":1,"name":"Domov","item":"https:\/\/www.technic-toys.com\/en\/"},{"@type":"ListItem","position":2,"name":"Shop","item":"https:\/\/www.technic-toys.com\/en\/shop-2\/"},{"@type":"ListItem","position":3,"name":"Tiger I 1:16 Advanced Line IR\/BB"}]},{"@type":"WebSite","@id":"https:\/\/www.technic-toys.com\/en\/#website","url":"https:\/\/www.technic-toys.com\/en\/","name":"TECHNIC-TOYS.com","description":"","potentialAction":[{"@type":"SearchAction","target":{"@type":"EntryPoint","urlTemplate":"https:\/\/www.technic-toys.com\/en\/?s={search_term_string}"},"query-input":"required name=search_term_string"}],"inLanguage":"en-US"}]}},"_links":{"self":[{"href":"https:\/\/www.technic-toys.com\/en\/wp-json\/wp\/v2\/product\/16342"}],"collection":[{"href":"https:\/\/www.technic-toys.com\/en\/wp-json\/wp\/v2\/product"}],"about":[{"href":"https:\/\/www.technic-toys.com\/en\/wp-json\/wp\/v2\/types\/product"}],"wp:featuredmedia":[{"embeddable":true,"href":"https:\/\/www.technic-toys.com\/en\/wp-json\/wp\/v2\/media\/16343"}],"wp:attachment":[{"href":"https:\/\/www.technic-toys.com\/en\/wp-json\/wp\/v2\/media?parent=16342"}],"wp:term":[{"taxonomy":"product_cat","embeddable":true,"href":"https:\/\/www.technic-toys.com\/en\/wp-json\/wp\/v2\/product_cat?post=16342"},{"taxonomy":"product_tag","embeddable":true,"href":"https:\/\/www.technic-toys.com\/en\/wp-json\/wp\/v2\/product_tag?post=16342"}],"curies":[{"name":"wp","href":"https:\/\/api.w.org\/{rel}","templated":true}]}}