{"id":16458,"date":"2022-04-08T17:06:10","date_gmt":"2022-04-08T15:06:10","guid":{"rendered":"https:\/\/www.technic-toys.com\/izdelek\/king-tiger-s-stolpom-henschel-116-professional-line-ii-ir-bb\/"},"modified":"2024-12-04T19:03:19","modified_gmt":"2024-12-04T18:03:19","slug":"king-tiger-s-stolpom-henschel-116-professional-line-ii-ir-bb","status":"publish","type":"product","link":"https:\/\/www.technic-toys.com\/en\/izdelek\/king-tiger-s-stolpom-henschel-116-professional-line-ii-ir-bb\/","title":{"rendered":"King Tiger s stolpom Henschel 1:16 Professional Line II IR\/BB"},"content":{"rendered":"<p>Panzerkampfwagen VI, bolj znan kot Tiger II ali King Tiger, je bila izbolj\u0161ana razli\u010dica te\u017ekega tanka Tiger. Med drugo svetovno vojno je veljal za najbolj\u0161i tank nem\u0161kega Wehrmachta. 8,8 cm top je dal King Tigeru izjemno ognjeno mo\u010d. Prvih 50 izvodov je prejelo kupolo, ki jo je razvil Porsche, preden je bila name\u0161\u010dena le ozka kupola podjetja Henschel.<\/p>\n<p>AMEWI Edition je ekskluzivna replika, ki ustreza originalu na lestvici 1: 16 s popolnoma kovinskim ohi\u0161jem iz na\u0161e Pro metal serije. \u010cudovit model je dostavljen v \u0161katli iz masivnega pravega lesa v reprezentativnem slogu \u0161katle za strelivo naravne barve kot razli\u010dica RTR (pripravljena za uporabo). Rezervoar ima funkcijo dima in zvoka ter sistem osvetlitve za \u0161e bolj prepri\u010dljive svetove izku\u0161enj. Funkcija streljanja se izvaja s pomo\u010djo igralne palice in gumba, preko katerega je mogo\u010de izstreliti 6mm BB izstrelke iz trde plastike do 15m. Top je mogo\u010de premikati gor in dol, vse krmilne funkcije so proporcionalne in jih je zato mogo\u010de upravljati ob\u010dutljivo. Poleg tega ima model infrarde\u010di bojni modul, ki omogo\u010da dvoboje z drugimi tanki iz te izdaje Amewi. V primeru neposrednega sovra\u017enikovega udarca se zadeti tank enkrat vidno &#8216;pretrese&#8217;. Model poganjata dva zmogljiva motorja, ki svojo mo\u010d prena\u0161ata na pogonska kolesa preko ve\u010dstopenjskega kovinskega menjalnika. Celoten tek je iz kovine, tako kot same verige, tudi v notranjosti je kapsulirano (pokrito). Vsa kolesa na \u0161asiji so povezana s \u0161asijo s kovinskimi nihajnimi rokami in so vla\u017ena. Ta zvesti model s kamufla\u017enim zaklju\u010dkom ni v ni\u010demer slab\u0161i od pravega tanka. Celoten obseg dobave ustreza najnovej\u0161emu stanju tehnike (elektronika TK 7.0). Od zdaj naprej vse modele dostavljamo s sodobno LiPo baterijo z 1800 mAh in 7,4 V. V kompletu je prilo\u017een tudi ustrezen LiPo polnilec. <\/p>\n<p>Model je bil pred pakiranjem preverjen glede funkcionalnosti in vklju\u010den je dnevnik funkcij. Dostava poteka v natan\u010dno prilegajo\u010dem se stiropornem jedru (opomba: lesena \u0161katla je bonus in vam ne daje pravice do reklamacij v primeru zunanjih po\u0161kodb na pravem lesenem zaboju).<\/p>\n<p>Funkcije:< br \/>Naprej\/nazaj<br \/>Levo\/desno<br \/>Obrni na mestu<br \/>Top: navzgor\/navzdol<br \/>Stola: zasuka<br \/>Funkcija streljanja<br \/>Infrarde\u010di bojni modul <br \/>Dim in zvok<br \/>Osvetlitev <\/p>\n<p>Lastnosti:<br \/>Dva zmogljiva elektromotorja<br \/>Duhirana kovinska nihala za kolesa<br \/>Ve\u010dstopenjski, zaprti kovinski menjalnik za popoln prenos mo\u010di na kovinske verige<br \/>Popoln kovinski pogonski komplet<br \/>Zmogljiva 7,4V Li-Ion pogonska baterija z 1800mAh in priklju\u010dkom XT60<br \/>220V polnilnik z izhodom 850mAh in priklju\u010dkom za uravnote\u017eenje<br \/> Vklju\u010deni so \u0161tevilni priklju\u010dki in dodatki, kot so figura voznika, verige, mitraljez itd.<br \/>Zvoki, ki jih je mogo\u010de preklopiti prek zvo\u010dnega modula, kot so zvok MG, funkcija strela in zvoki vo\u017enje<\/p>\n<p>Tehni\u010dni podatki:<br \/>Lest: 1:16<br \/>Skupna dol\u017eina: 650mm<br \/>Dol\u017eina brez topa: 460mm<br \/>\u0160irina: 240mm<br \/>Vi\u0161ina: 190mm<br \/>Te\u017ea: 6600g z baterijo<br \/>Barva: kamufla\u017eni <br \/>Valji: kovinski<br \/>Verige: kovina<br \/>Spodnji del trupa: plastika<br \/>Stolp: plastika<br \/>Vrjni obro\u010d: 360\u00b0 vrtljivi obro\u010d<br \/>Orodje: zaprto kovinsko orodje <br \/>Zasnova: RTR<br \/>\u010cas vo\u017enje: pribli\u017eno 10 &#8211; 15 min, odvisno od povr\u0161ine<br \/>Elektronika: TK 7.0<br \/>Dimenzije predala za baterije: 135x45x24mm<br \/>Baterija: Li- Ion 2S 7,4V 1800mAh mehko ohi\u0161je, XT60, 70x36x21mm, 93g<br \/>Daljinski upravljalnik: 2,4GHz<br \/>Domet: pribli\u017eno 100m<br \/>Polilec: 2S Li-Ion \/ LiPo s priklju\u010dkom za polnilnik 2S 58 in 20A izhod<br \/>\u010cas polnjenja: pribli\u017eno 2 uri<\/p>\n<p>Obseg dobave:<br \/>Panzer<br \/>Daljinski upravljalnik 2,4 GHz<br \/>Baterija 7,4V 1800mAh Li-Ion<br \/>LiPo\/Li-Ion vti\u010d polnilnika 850mAh<br \/>Strelivo 6mm BB<br \/>Dimna teko\u010dina<br \/>Nalepka<br \/>Deli za pritrditev<br \/>Slika<br \/>Navodila za uporabo DE\/EN<\/p>\n<p>Potrebna dodatna oprema:<br \/ >6x AA baterije za televizorje inflacija<\/p>\n","protected":false},"excerpt":{"rendered":"<p>Smoke &#038; Sound, kovinsko ohi\u0161je in zobniki<\/p>\n","protected":false},"featured_media":10439,"template":"","meta":[],"product_cat":[374,365],"product_tag":[],"acf":[],"yoast_head":"<!-- This site is optimized with the Yoast SEO plugin v21.7 - https:\/\/yoast.com\/wordpress\/plugins\/seo\/ -->\n<title>King Tiger s stolpom Henschel 1:16 Professional Line II IR\/BB - TECHNIC-TOYS.com<\/title>\n<meta name=\"robots\" content=\"index, follow, max-snippet:-1, max-image-preview:large, max-video-preview:-1\" \/>\n<link rel=\"canonical\" href=\"https:\/\/www.technic-toys.com\/izdelek\/king-tiger-s-stolpom-henschel-116-professional-line-ii-ir-bb\/\" \/>\n<meta property=\"og:locale\" content=\"en_US\" \/>\n<meta property=\"og:type\" content=\"article\" \/>\n<meta property=\"og:title\" content=\"King Tiger s stolpom Henschel 1:16 Professional Line II IR\/BB - TECHNIC-TOYS.com\" \/>\n<meta property=\"og:description\" content=\"Smoke &amp; Sound, kovinsko ohi\u0161je in zobniki\" \/>\n<meta property=\"og:url\" content=\"https:\/\/www.technic-toys.com\/izdelek\/king-tiger-s-stolpom-henschel-116-professional-line-ii-ir-bb\/\" \/>\n<meta property=\"og:site_name\" content=\"TECHNIC-TOYS.com\" \/>\n<meta property=\"article:modified_time\" content=\"2024-12-04T18:03:19+00:00\" \/>\n<meta property=\"og:image\" content=\"https:\/\/www.technic-toys.com\/wp-content\/uploads\/2022\/01\/23111.jpg\" \/>\n\t<meta property=\"og:image:width\" content=\"2560\" \/>\n\t<meta property=\"og:image:height\" content=\"1468\" \/>\n\t<meta property=\"og:image:type\" content=\"image\/jpeg\" \/>\n<meta name=\"twitter:card\" content=\"summary_large_image\" \/>\n<meta name=\"twitter:label1\" content=\"Est. reading time\" \/>\n\t<meta name=\"twitter:data1\" content=\"3 minutes\" \/>\n<script type=\"application\/ld+json\" class=\"yoast-schema-graph\">{\"@context\":\"https:\/\/schema.org\",\"@graph\":[{\"@type\":\"WebPage\",\"@id\":\"https:\/\/www.technic-toys.com\/izdelek\/king-tiger-s-stolpom-henschel-116-professional-line-ii-ir-bb\/\",\"url\":\"https:\/\/www.technic-toys.com\/izdelek\/king-tiger-s-stolpom-henschel-116-professional-line-ii-ir-bb\/\",\"name\":\"King Tiger s stolpom Henschel 1:16 Professional Line II IR\/BB - TECHNIC-TOYS.com\",\"isPartOf\":{\"@id\":\"https:\/\/www.technic-toys.com\/en\/#website\"},\"datePublished\":\"2022-04-08T15:06:10+00:00\",\"dateModified\":\"2024-12-04T18:03:19+00:00\",\"breadcrumb\":{\"@id\":\"https:\/\/www.technic-toys.com\/izdelek\/king-tiger-s-stolpom-henschel-116-professional-line-ii-ir-bb\/#breadcrumb\"},\"inLanguage\":\"en-US\",\"potentialAction\":[{\"@type\":\"ReadAction\",\"target\":[\"https:\/\/www.technic-toys.com\/izdelek\/king-tiger-s-stolpom-henschel-116-professional-line-ii-ir-bb\/\"]}]},{\"@type\":\"BreadcrumbList\",\"@id\":\"https:\/\/www.technic-toys.com\/izdelek\/king-tiger-s-stolpom-henschel-116-professional-line-ii-ir-bb\/#breadcrumb\",\"itemListElement\":[{\"@type\":\"ListItem\",\"position\":1,\"name\":\"Domov\",\"item\":\"https:\/\/www.technic-toys.com\/en\/\"},{\"@type\":\"ListItem\",\"position\":2,\"name\":\"Shop\",\"item\":\"https:\/\/www.technic-toys.com\/en\/shop-2\/\"},{\"@type\":\"ListItem\",\"position\":3,\"name\":\"King Tiger s stolpom Henschel 1:16 Professional Line II IR\/BB\"}]},{\"@type\":\"WebSite\",\"@id\":\"https:\/\/www.technic-toys.com\/en\/#website\",\"url\":\"https:\/\/www.technic-toys.com\/en\/\",\"name\":\"TECHNIC-TOYS.com\",\"description\":\"\",\"potentialAction\":[{\"@type\":\"SearchAction\",\"target\":{\"@type\":\"EntryPoint\",\"urlTemplate\":\"https:\/\/www.technic-toys.com\/en\/?s={search_term_string}\"},\"query-input\":\"required name=search_term_string\"}],\"inLanguage\":\"en-US\"}]}<\/script>\n<!-- \/ Yoast SEO plugin. -->","yoast_head_json":{"title":"King Tiger s stolpom Henschel 1:16 Professional Line II IR\/BB - TECHNIC-TOYS.com","robots":{"index":"index","follow":"follow","max-snippet":"max-snippet:-1","max-image-preview":"max-image-preview:large","max-video-preview":"max-video-preview:-1"},"canonical":"https:\/\/www.technic-toys.com\/izdelek\/king-tiger-s-stolpom-henschel-116-professional-line-ii-ir-bb\/","og_locale":"en_US","og_type":"article","og_title":"King Tiger s stolpom Henschel 1:16 Professional Line II IR\/BB - TECHNIC-TOYS.com","og_description":"Smoke & Sound, kovinsko ohi\u0161je in zobniki","og_url":"https:\/\/www.technic-toys.com\/izdelek\/king-tiger-s-stolpom-henschel-116-professional-line-ii-ir-bb\/","og_site_name":"TECHNIC-TOYS.com","article_modified_time":"2024-12-04T18:03:19+00:00","og_image":[{"width":2560,"height":1468,"url":"https:\/\/www.technic-toys.com\/wp-content\/uploads\/2022\/01\/23111.jpg","type":"image\/jpeg"}],"twitter_card":"summary_large_image","twitter_misc":{"Est. reading time":"3 minutes"},"schema":{"@context":"https:\/\/schema.org","@graph":[{"@type":"WebPage","@id":"https:\/\/www.technic-toys.com\/izdelek\/king-tiger-s-stolpom-henschel-116-professional-line-ii-ir-bb\/","url":"https:\/\/www.technic-toys.com\/izdelek\/king-tiger-s-stolpom-henschel-116-professional-line-ii-ir-bb\/","name":"King Tiger s stolpom Henschel 1:16 Professional Line II IR\/BB - TECHNIC-TOYS.com","isPartOf":{"@id":"https:\/\/www.technic-toys.com\/en\/#website"},"datePublished":"2022-04-08T15:06:10+00:00","dateModified":"2024-12-04T18:03:19+00:00","breadcrumb":{"@id":"https:\/\/www.technic-toys.com\/izdelek\/king-tiger-s-stolpom-henschel-116-professional-line-ii-ir-bb\/#breadcrumb"},"inLanguage":"en-US","potentialAction":[{"@type":"ReadAction","target":["https:\/\/www.technic-toys.com\/izdelek\/king-tiger-s-stolpom-henschel-116-professional-line-ii-ir-bb\/"]}]},{"@type":"BreadcrumbList","@id":"https:\/\/www.technic-toys.com\/izdelek\/king-tiger-s-stolpom-henschel-116-professional-line-ii-ir-bb\/#breadcrumb","itemListElement":[{"@type":"ListItem","position":1,"name":"Domov","item":"https:\/\/www.technic-toys.com\/en\/"},{"@type":"ListItem","position":2,"name":"Shop","item":"https:\/\/www.technic-toys.com\/en\/shop-2\/"},{"@type":"ListItem","position":3,"name":"King Tiger s stolpom Henschel 1:16 Professional Line II IR\/BB"}]},{"@type":"WebSite","@id":"https:\/\/www.technic-toys.com\/en\/#website","url":"https:\/\/www.technic-toys.com\/en\/","name":"TECHNIC-TOYS.com","description":"","potentialAction":[{"@type":"SearchAction","target":{"@type":"EntryPoint","urlTemplate":"https:\/\/www.technic-toys.com\/en\/?s={search_term_string}"},"query-input":"required name=search_term_string"}],"inLanguage":"en-US"}]}},"_links":{"self":[{"href":"https:\/\/www.technic-toys.com\/en\/wp-json\/wp\/v2\/product\/16458"}],"collection":[{"href":"https:\/\/www.technic-toys.com\/en\/wp-json\/wp\/v2\/product"}],"about":[{"href":"https:\/\/www.technic-toys.com\/en\/wp-json\/wp\/v2\/types\/product"}],"wp:featuredmedia":[{"embeddable":true,"href":"https:\/\/www.technic-toys.com\/en\/wp-json\/wp\/v2\/media\/10439"}],"wp:attachment":[{"href":"https:\/\/www.technic-toys.com\/en\/wp-json\/wp\/v2\/media?parent=16458"}],"wp:term":[{"taxonomy":"product_cat","embeddable":true,"href":"https:\/\/www.technic-toys.com\/en\/wp-json\/wp\/v2\/product_cat?post=16458"},{"taxonomy":"product_tag","embeddable":true,"href":"https:\/\/www.technic-toys.com\/en\/wp-json\/wp\/v2\/product_tag?post=16458"}],"curies":[{"name":"wp","href":"https:\/\/api.w.org\/{rel}","templated":true}]}}