{"id":16459,"date":"2022-04-08T17:06:10","date_gmt":"2022-04-08T15:06:10","guid":{"rendered":"https:\/\/www.technic-toys.com\/izdelek\/leopard-2a6-116-advanced-line-ir-bb\/"},"modified":"2024-12-04T19:03:20","modified_gmt":"2024-12-04T18:03:20","slug":"leopard-2a6-116-advanced-line-ir-bb","status":"publish","type":"product","link":"https:\/\/www.technic-toys.com\/en\/izdelek\/leopard-2a6-116-advanced-line-ir-bb\/","title":{"rendered":"Leopard 2A6 1:16 Advanced Line IR\/BB"},"content":{"rendered":"<p>Leopard 2 je glavni bojni tank nem\u0161ke izdelave. Prvotno je bil mi\u0161ljen kot hrbtenica oklepnih sil in za prepre\u010devanje sovra\u017enikovih oklepnih formacij. Predelava tanka v razli\u010dico A6 je vplivala predvsem na oro\u017eni sistem. Poleg teh sprememb je bilo predstavljeno tudi novo strelivo KE.<\/p>\n<p>Izdaja AMEWI je replika v merilu 1:16, ki je zvesta originalu. RTR &#8211; pripravljen za uporabo in z najnovej\u0161o elektroniko TK 7.0. S kovinskimi zobniki in bla\u017eenimi zibalci za kolesa ima na\u0161a razli\u010dica visokokakovosten koncept podvozja in pogona, kar daje modelu zelo dobre vozne lastnosti. Rezervoar ima tudi funkcijo dim, strel in zvok s spremenljivimi zvoki (nastavljivo preko oddajnika). Poleg tega ima ta model infrarde\u010di bojni modul, ki omogo\u010da dvoboje z drugimi modeli iz Amewi Advanced ali Pro Line. Rezervoar signalizira zadetek s tresenjem. \u010ce je rezervoar ve\u010dkrat udarjen, so vse funkcije za kratek \u010das onemogo\u010dene.<br \/>Vsak rezervoar se pred dostavo testira glede funkcionalnosti in popolnosti. Modelu je prilo\u017een kontrolni seznam.<\/p>\n<p>Poudarki:<br \/>IR bojni modul (Modul omogo\u010da sprejem infrarde\u010dih signalov, ki jih spro\u017ei strel sovra\u017enikovega tanka.)<br \/ >Dimni modul (izpu\u0161ni dim je simuliran s prilo\u017eenim dimnim oljem)<br \/>Zvo\u010dni modul (z 2 zamenljivima zvokoma motorja, ki ju je mogo\u010de nadzorovati preko oddajnika)<\/p>\n<p>Druge funkcije:<br \/>Visoka kakovost , originalna barva v maskirnem videzu<br \/> V obseg dobave je vklju\u010denih veliko nastavkov in dodatkov, kot so figura voznika, verige, mitraljez itd.<br \/>Dodatni zvoki prek zvo\u010dnega modula kot so zvok mitraljeza, funkcija strela in vozni hrup<br \/>Zelo ob\u010dutljiv nadzor voznih funkcij prek oddajnika 2,4 GHz<br \/ >Funkcija streljanja za 6 mm trde plasti\u010dne naboje je mogo\u010de nadzorovati z daljinskim upravljalnikom<br \/>Na primer originalna osvetlitev modela spredaj in zadaj<\/p>\n<p>Tehni\u010dni podatki:<br \/>Merilo: 1:16<br \/>Skupna dol\u017eina: 690 mm<br \/ >Dol\u017eina brez topa: 480 mm<br \/ >\u0160irina: 240 mm<br \/>Vi\u0161ina: 190 mm<br \/>Te\u017ea: 2 907g (brez baterije)<br \/>barva: kamufla\u017ena<br \/>kolesa: plastika<br \/>gosenice: plastika<br \/>podvozje: plastika<br \/>nosilec koles: plastika<br \/>stolp: plastika<br \/ >Vrjni obro\u010d: 360\u00b0 vrtljivi obro\u010d<br \/>Zobnik: jekleni zobnik<br \/>Izvedba: RTR, pripravljen za vo\u017enjo<br \/>Elektronika: TK 7.0<br \/>\u010cas vo\u017enje: pribl. 12 &#8211; 15 min . (odvisno od povr\u0161ine)< br \/>\u010cas polnjenja: pribli\u017eno 2 uri<br \/>Dimenzije predelka za baterijo: 140x54x25mm<br \/>Baterija: LiIon 2S 7.4V 1800mAh 18650 okroglih celic, Tamiya vti\u010d 37 x \u0160 x \u0160 x \u0160 x 22 mm, 93 g<br \/>Daljinski upravljalnik: 14 kanalov 2,4GHz<br \/>Polnilec: USB kabel z uravnote\u017eenjem in 0,85A izhodna mo\u010d<\/p>\n<p>Obseg dobave:<br \/>Model rezervoarja<br \/ >Daljinski upravljalnik 2,4 GHz<br \/>Baterija 7,4 V 1800 mAh Li-Ion<br \/> Li-Ion vti\u010d polnilnika 850 mAh <br \/>Potrebna dodatna oprema:<br \/>6x 1,5V Mignon AA baterije za oddajnik<br \/ ><\/p>\n","protected":false},"excerpt":{"rendered":"<p>dimom in zvokom, kovinskimi zobniki<\/p>\n","protected":false},"featured_media":16460,"template":"","meta":[],"product_cat":[374,365],"product_tag":[],"acf":[],"yoast_head":"<!-- This site is optimized with the Yoast SEO plugin v21.7 - https:\/\/yoast.com\/wordpress\/plugins\/seo\/ -->\n<title>Leopard 2A6 1:16 Advanced Line IR\/BB - TECHNIC-TOYS.com<\/title>\n<meta name=\"robots\" content=\"index, follow, max-snippet:-1, max-image-preview:large, max-video-preview:-1\" \/>\n<link rel=\"canonical\" href=\"https:\/\/www.technic-toys.com\/izdelek\/leopard-2a6-116-advanced-line-ir-bb\/\" \/>\n<meta property=\"og:locale\" content=\"en_US\" \/>\n<meta property=\"og:type\" content=\"article\" \/>\n<meta property=\"og:title\" content=\"Leopard 2A6 1:16 Advanced Line IR\/BB - TECHNIC-TOYS.com\" \/>\n<meta property=\"og:description\" content=\"dimom in zvokom, kovinskimi zobniki\" \/>\n<meta property=\"og:url\" content=\"https:\/\/www.technic-toys.com\/izdelek\/leopard-2a6-116-advanced-line-ir-bb\/\" \/>\n<meta property=\"og:site_name\" content=\"TECHNIC-TOYS.com\" \/>\n<meta property=\"article:modified_time\" content=\"2024-12-04T18:03:20+00:00\" \/>\n<meta property=\"og:image\" content=\"https:\/\/www.technic-toys.com\/wp-content\/uploads\/2022\/04\/23112.jpg\" \/>\n\t<meta property=\"og:image:width\" content=\"2560\" \/>\n\t<meta property=\"og:image:height\" content=\"1468\" \/>\n\t<meta property=\"og:image:type\" content=\"image\/jpeg\" \/>\n<meta name=\"twitter:card\" content=\"summary_large_image\" \/>\n<meta name=\"twitter:label1\" content=\"Est. reading time\" \/>\n\t<meta name=\"twitter:data1\" content=\"2 minutes\" \/>\n<script type=\"application\/ld+json\" class=\"yoast-schema-graph\">{\"@context\":\"https:\/\/schema.org\",\"@graph\":[{\"@type\":\"WebPage\",\"@id\":\"https:\/\/www.technic-toys.com\/izdelek\/leopard-2a6-116-advanced-line-ir-bb\/\",\"url\":\"https:\/\/www.technic-toys.com\/izdelek\/leopard-2a6-116-advanced-line-ir-bb\/\",\"name\":\"Leopard 2A6 1:16 Advanced Line IR\/BB - TECHNIC-TOYS.com\",\"isPartOf\":{\"@id\":\"https:\/\/www.technic-toys.com\/en\/#website\"},\"datePublished\":\"2022-04-08T15:06:10+00:00\",\"dateModified\":\"2024-12-04T18:03:20+00:00\",\"breadcrumb\":{\"@id\":\"https:\/\/www.technic-toys.com\/izdelek\/leopard-2a6-116-advanced-line-ir-bb\/#breadcrumb\"},\"inLanguage\":\"en-US\",\"potentialAction\":[{\"@type\":\"ReadAction\",\"target\":[\"https:\/\/www.technic-toys.com\/izdelek\/leopard-2a6-116-advanced-line-ir-bb\/\"]}]},{\"@type\":\"BreadcrumbList\",\"@id\":\"https:\/\/www.technic-toys.com\/izdelek\/leopard-2a6-116-advanced-line-ir-bb\/#breadcrumb\",\"itemListElement\":[{\"@type\":\"ListItem\",\"position\":1,\"name\":\"Domov\",\"item\":\"https:\/\/www.technic-toys.com\/en\/\"},{\"@type\":\"ListItem\",\"position\":2,\"name\":\"Shop\",\"item\":\"https:\/\/www.technic-toys.com\/en\/shop-2\/\"},{\"@type\":\"ListItem\",\"position\":3,\"name\":\"Leopard 2A6 1:16 Advanced Line IR\/BB\"}]},{\"@type\":\"WebSite\",\"@id\":\"https:\/\/www.technic-toys.com\/en\/#website\",\"url\":\"https:\/\/www.technic-toys.com\/en\/\",\"name\":\"TECHNIC-TOYS.com\",\"description\":\"\",\"potentialAction\":[{\"@type\":\"SearchAction\",\"target\":{\"@type\":\"EntryPoint\",\"urlTemplate\":\"https:\/\/www.technic-toys.com\/en\/?s={search_term_string}\"},\"query-input\":\"required name=search_term_string\"}],\"inLanguage\":\"en-US\"}]}<\/script>\n<!-- \/ Yoast SEO plugin. -->","yoast_head_json":{"title":"Leopard 2A6 1:16 Advanced Line IR\/BB - TECHNIC-TOYS.com","robots":{"index":"index","follow":"follow","max-snippet":"max-snippet:-1","max-image-preview":"max-image-preview:large","max-video-preview":"max-video-preview:-1"},"canonical":"https:\/\/www.technic-toys.com\/izdelek\/leopard-2a6-116-advanced-line-ir-bb\/","og_locale":"en_US","og_type":"article","og_title":"Leopard 2A6 1:16 Advanced Line IR\/BB - TECHNIC-TOYS.com","og_description":"dimom in zvokom, kovinskimi zobniki","og_url":"https:\/\/www.technic-toys.com\/izdelek\/leopard-2a6-116-advanced-line-ir-bb\/","og_site_name":"TECHNIC-TOYS.com","article_modified_time":"2024-12-04T18:03:20+00:00","og_image":[{"width":2560,"height":1468,"url":"https:\/\/www.technic-toys.com\/wp-content\/uploads\/2022\/04\/23112.jpg","type":"image\/jpeg"}],"twitter_card":"summary_large_image","twitter_misc":{"Est. reading time":"2 minutes"},"schema":{"@context":"https:\/\/schema.org","@graph":[{"@type":"WebPage","@id":"https:\/\/www.technic-toys.com\/izdelek\/leopard-2a6-116-advanced-line-ir-bb\/","url":"https:\/\/www.technic-toys.com\/izdelek\/leopard-2a6-116-advanced-line-ir-bb\/","name":"Leopard 2A6 1:16 Advanced Line IR\/BB - TECHNIC-TOYS.com","isPartOf":{"@id":"https:\/\/www.technic-toys.com\/en\/#website"},"datePublished":"2022-04-08T15:06:10+00:00","dateModified":"2024-12-04T18:03:20+00:00","breadcrumb":{"@id":"https:\/\/www.technic-toys.com\/izdelek\/leopard-2a6-116-advanced-line-ir-bb\/#breadcrumb"},"inLanguage":"en-US","potentialAction":[{"@type":"ReadAction","target":["https:\/\/www.technic-toys.com\/izdelek\/leopard-2a6-116-advanced-line-ir-bb\/"]}]},{"@type":"BreadcrumbList","@id":"https:\/\/www.technic-toys.com\/izdelek\/leopard-2a6-116-advanced-line-ir-bb\/#breadcrumb","itemListElement":[{"@type":"ListItem","position":1,"name":"Domov","item":"https:\/\/www.technic-toys.com\/en\/"},{"@type":"ListItem","position":2,"name":"Shop","item":"https:\/\/www.technic-toys.com\/en\/shop-2\/"},{"@type":"ListItem","position":3,"name":"Leopard 2A6 1:16 Advanced Line IR\/BB"}]},{"@type":"WebSite","@id":"https:\/\/www.technic-toys.com\/en\/#website","url":"https:\/\/www.technic-toys.com\/en\/","name":"TECHNIC-TOYS.com","description":"","potentialAction":[{"@type":"SearchAction","target":{"@type":"EntryPoint","urlTemplate":"https:\/\/www.technic-toys.com\/en\/?s={search_term_string}"},"query-input":"required name=search_term_string"}],"inLanguage":"en-US"}]}},"_links":{"self":[{"href":"https:\/\/www.technic-toys.com\/en\/wp-json\/wp\/v2\/product\/16459"}],"collection":[{"href":"https:\/\/www.technic-toys.com\/en\/wp-json\/wp\/v2\/product"}],"about":[{"href":"https:\/\/www.technic-toys.com\/en\/wp-json\/wp\/v2\/types\/product"}],"wp:featuredmedia":[{"embeddable":true,"href":"https:\/\/www.technic-toys.com\/en\/wp-json\/wp\/v2\/media\/16460"}],"wp:attachment":[{"href":"https:\/\/www.technic-toys.com\/en\/wp-json\/wp\/v2\/media?parent=16459"}],"wp:term":[{"taxonomy":"product_cat","embeddable":true,"href":"https:\/\/www.technic-toys.com\/en\/wp-json\/wp\/v2\/product_cat?post=16459"},{"taxonomy":"product_tag","embeddable":true,"href":"https:\/\/www.technic-toys.com\/en\/wp-json\/wp\/v2\/product_tag?post=16459"}],"curies":[{"name":"wp","href":"https:\/\/api.w.org\/{rel}","templated":true}]}}