{"id":16487,"date":"2022-04-08T17:06:10","date_gmt":"2022-04-08T15:06:10","guid":{"rendered":"https:\/\/www.technic-toys.com\/izdelek\/leopard-2a6-116-professional-line-ir-bb\/"},"modified":"2024-12-04T19:03:21","modified_gmt":"2024-12-04T18:03:21","slug":"leopard-2a6-116-professional-line-ir-bb","status":"publish","type":"product","link":"https:\/\/www.technic-toys.com\/en\/izdelek\/leopard-2a6-116-professional-line-ir-bb\/","title":{"rendered":"Leopard 2A6 1:16 Professional Line IR\/BB"},"content":{"rendered":"<p>Leopard 2 je glavni bojni tank nem\u0161ke izdelave in je \u0161e vedno eden najbolj\u0161ih te vrste. Prvotno je bil mi\u0161ljen kot hrbtenica oklepnih sil in za obrambo pred sovra\u017enikovimi tankovski formacijami. Predelava tanka v razli\u010dico A6 je vplivala predvsem na oro\u017eni sistem. Poleg teh sprememb je bilo uvedeno tudi novo strelivo KE (kineti\u010dna energija). Glavno oro\u017eje je stabilizirano in nikoli ne izgubi tar\u010de iz vida tudi pri vo\u017enji po terenu. S temi inovacijami je Leo2A6 eden najnatan\u010dnej\u0161ih tankov na svetu.<br \/>AMEWI Edition je resni\u010dna originalna replika v merilu 1:16 kot razli\u010dica RTR (pripravljena za uporabo). S kovinskimi zobniki, kovinskimi verigami, kovinskimi kolesi in bla\u017eenimi kovinskimi kole\u0161\u010dki za kolesa ima na\u0161a razli\u010dica izjemno kakovosten koncept podvozja in pogona, ki mu v tem razredu ni para! Tanek ima tudi funkcijo dim, strel in zvok s spremenljivimi zvoki (nastavljivo preko oddajnika) Ta model ima tudi infrarde\u010di bojni modul, ki omogo\u010da dvoboje z drugimi modeli iz Amewi Advanced ali Pro Line. (O funkciji MG) Dostava poteka v visokokakovostni \u0161katli iz pravega lesa, celotna vsebina pa je dodatno za\u0161\u010ditena z natan\u010dno prilegajo\u010dim se stiropornim jedrom. Vsak (!) rezervoar je pred dobavo testiran na funkcionalnost in popolnost. Modelu je prilo\u017een kontrolni seznam.<br \/>Opozorilo: Lesena \u0161katla je brezpla\u010den bonus in vam ne daje pravice do reklamacije v primeru kakr\u0161ne koli zunanje po\u0161kodbe prave lesene \u0161katle.<br \/>Funkcije: naprej\/ obra\u010danje nazaj levo\/desno na mestu Top: gor\/dol Kupola: rotacija Funkcija streljanja Infrarde\u010di bojni modul Dim in zvo\u010dna osvetlitev Spremenljivi zvoki<br \/>Poudarki: Super skala optika (zelo podrobna) Najnovej\u0161a elektronika (TK 7.0) Infrarde\u010di bojni sistem za vznemirljivi dvoboji z drugimi modeli iz na\u0161e ponudbe<br \/>Dodatne funkcije: bla\u017ei kovinski kole\u0161\u010dki za kolesa zaprti kovinski zobniki kovinske verige popolna kovinska tekalna oprema najnovej\u0161a elektronika (TK6.0) 2,4GHz sistem infrarde\u010di bojni modul funkcija strela (6 mm BB pribl. domet 15 m) zvo\u010dna funkcija (zvok je mogo\u010de izbrati prek oddajnika) funkcija dima (dimno olje vklju\u010deno, upo\u0161tevajte koli\u010dino polnjenja)<br \/>Tehni\u010dni podatki: Merilo: 1:16 Skupna dol\u017eina: 650 mm Dol\u017eina brez topa: 460 mm \u0160irina: 240 mm Vi\u0161ina: 190 mm Te\u017ea: 480 3g brez baterije Barva: kamufla\u017ena Valji: kovina Verige: kovina Spodnji del trupa: plastika Stolp: plastika Vrtljivi obro\u010d: 360\u00b0 vrtljivi obro\u010d Orodje: zaprto kovinsko orodje Izvedba: RTR \u010cas vo\u017enje: cca 10-15 min, odvisno od povr\u0161ine Elektronika: TK 7.0 predal za baterije Mere: 135 x 45 x 24 mm baterija: Li-Ion 2S 7,4 V 1800 mAh mehka torbica, XT60 Dx\u0160xV: 70x36x21mm Te\u017ea: 93g Daljinski upravljalnik: Razpon 2,4GHz: pribli\u017eno 100 mAh polnilnika LiPo 100 mAh polnilnika priklju\u010dek in izhod 850 mAh \u010cas polnjenja: pribli\u017eno 2 h<br \/>Obseg dobave: akumulatorski vti\u010d daljinskega upravljalnika rezervoarja strelivo dim teko\u010dina nalepka nalepke nalepke slika navodila za uporabo DE\/EN<br \/>Potrebna dodatna oprema: 6x AA baterije za daljinski upravljalnik<\/p>\n","protected":false},"excerpt":{"rendered":"<p>kovinskimi verigami, kolesi in zobniki<\/p>\n","protected":false},"featured_media":16488,"template":"","meta":[],"product_cat":[374,365],"product_tag":[],"acf":[],"yoast_head":"<!-- This site is optimized with the Yoast SEO plugin v21.7 - https:\/\/yoast.com\/wordpress\/plugins\/seo\/ -->\n<title>Leopard 2A6 1:16 Professional Line IR\/BB - TECHNIC-TOYS.com<\/title>\n<meta name=\"robots\" content=\"index, follow, max-snippet:-1, max-image-preview:large, max-video-preview:-1\" \/>\n<link rel=\"canonical\" href=\"https:\/\/www.technic-toys.com\/izdelek\/leopard-2a6-116-professional-line-ir-bb\/\" \/>\n<meta property=\"og:locale\" content=\"en_US\" \/>\n<meta property=\"og:type\" content=\"article\" \/>\n<meta property=\"og:title\" content=\"Leopard 2A6 1:16 Professional Line IR\/BB - TECHNIC-TOYS.com\" \/>\n<meta property=\"og:description\" content=\"kovinskimi verigami, kolesi in zobniki\" \/>\n<meta property=\"og:url\" content=\"https:\/\/www.technic-toys.com\/izdelek\/leopard-2a6-116-professional-line-ir-bb\/\" \/>\n<meta property=\"og:site_name\" content=\"TECHNIC-TOYS.com\" \/>\n<meta property=\"article:modified_time\" content=\"2024-12-04T18:03:21+00:00\" \/>\n<meta property=\"og:image\" content=\"https:\/\/www.technic-toys.com\/wp-content\/uploads\/2022\/04\/23113.jpg\" \/>\n\t<meta property=\"og:image:width\" content=\"2560\" \/>\n\t<meta property=\"og:image:height\" content=\"1468\" \/>\n\t<meta property=\"og:image:type\" content=\"image\/jpeg\" \/>\n<meta name=\"twitter:card\" content=\"summary_large_image\" \/>\n<meta name=\"twitter:label1\" content=\"Est. reading time\" \/>\n\t<meta name=\"twitter:data1\" content=\"2 minutes\" \/>\n<script type=\"application\/ld+json\" class=\"yoast-schema-graph\">{\"@context\":\"https:\/\/schema.org\",\"@graph\":[{\"@type\":\"WebPage\",\"@id\":\"https:\/\/www.technic-toys.com\/izdelek\/leopard-2a6-116-professional-line-ir-bb\/\",\"url\":\"https:\/\/www.technic-toys.com\/izdelek\/leopard-2a6-116-professional-line-ir-bb\/\",\"name\":\"Leopard 2A6 1:16 Professional Line IR\/BB - TECHNIC-TOYS.com\",\"isPartOf\":{\"@id\":\"https:\/\/www.technic-toys.com\/en\/#website\"},\"datePublished\":\"2022-04-08T15:06:10+00:00\",\"dateModified\":\"2024-12-04T18:03:21+00:00\",\"breadcrumb\":{\"@id\":\"https:\/\/www.technic-toys.com\/izdelek\/leopard-2a6-116-professional-line-ir-bb\/#breadcrumb\"},\"inLanguage\":\"en-US\",\"potentialAction\":[{\"@type\":\"ReadAction\",\"target\":[\"https:\/\/www.technic-toys.com\/izdelek\/leopard-2a6-116-professional-line-ir-bb\/\"]}]},{\"@type\":\"BreadcrumbList\",\"@id\":\"https:\/\/www.technic-toys.com\/izdelek\/leopard-2a6-116-professional-line-ir-bb\/#breadcrumb\",\"itemListElement\":[{\"@type\":\"ListItem\",\"position\":1,\"name\":\"Domov\",\"item\":\"https:\/\/www.technic-toys.com\/en\/\"},{\"@type\":\"ListItem\",\"position\":2,\"name\":\"Shop\",\"item\":\"https:\/\/www.technic-toys.com\/en\/shop-2\/\"},{\"@type\":\"ListItem\",\"position\":3,\"name\":\"Leopard 2A6 1:16 Professional Line IR\/BB\"}]},{\"@type\":\"WebSite\",\"@id\":\"https:\/\/www.technic-toys.com\/en\/#website\",\"url\":\"https:\/\/www.technic-toys.com\/en\/\",\"name\":\"TECHNIC-TOYS.com\",\"description\":\"\",\"potentialAction\":[{\"@type\":\"SearchAction\",\"target\":{\"@type\":\"EntryPoint\",\"urlTemplate\":\"https:\/\/www.technic-toys.com\/en\/?s={search_term_string}\"},\"query-input\":\"required name=search_term_string\"}],\"inLanguage\":\"en-US\"}]}<\/script>\n<!-- \/ Yoast SEO plugin. -->","yoast_head_json":{"title":"Leopard 2A6 1:16 Professional Line IR\/BB - TECHNIC-TOYS.com","robots":{"index":"index","follow":"follow","max-snippet":"max-snippet:-1","max-image-preview":"max-image-preview:large","max-video-preview":"max-video-preview:-1"},"canonical":"https:\/\/www.technic-toys.com\/izdelek\/leopard-2a6-116-professional-line-ir-bb\/","og_locale":"en_US","og_type":"article","og_title":"Leopard 2A6 1:16 Professional Line IR\/BB - TECHNIC-TOYS.com","og_description":"kovinskimi verigami, kolesi in zobniki","og_url":"https:\/\/www.technic-toys.com\/izdelek\/leopard-2a6-116-professional-line-ir-bb\/","og_site_name":"TECHNIC-TOYS.com","article_modified_time":"2024-12-04T18:03:21+00:00","og_image":[{"width":2560,"height":1468,"url":"https:\/\/www.technic-toys.com\/wp-content\/uploads\/2022\/04\/23113.jpg","type":"image\/jpeg"}],"twitter_card":"summary_large_image","twitter_misc":{"Est. reading time":"2 minutes"},"schema":{"@context":"https:\/\/schema.org","@graph":[{"@type":"WebPage","@id":"https:\/\/www.technic-toys.com\/izdelek\/leopard-2a6-116-professional-line-ir-bb\/","url":"https:\/\/www.technic-toys.com\/izdelek\/leopard-2a6-116-professional-line-ir-bb\/","name":"Leopard 2A6 1:16 Professional Line IR\/BB - TECHNIC-TOYS.com","isPartOf":{"@id":"https:\/\/www.technic-toys.com\/en\/#website"},"datePublished":"2022-04-08T15:06:10+00:00","dateModified":"2024-12-04T18:03:21+00:00","breadcrumb":{"@id":"https:\/\/www.technic-toys.com\/izdelek\/leopard-2a6-116-professional-line-ir-bb\/#breadcrumb"},"inLanguage":"en-US","potentialAction":[{"@type":"ReadAction","target":["https:\/\/www.technic-toys.com\/izdelek\/leopard-2a6-116-professional-line-ir-bb\/"]}]},{"@type":"BreadcrumbList","@id":"https:\/\/www.technic-toys.com\/izdelek\/leopard-2a6-116-professional-line-ir-bb\/#breadcrumb","itemListElement":[{"@type":"ListItem","position":1,"name":"Domov","item":"https:\/\/www.technic-toys.com\/en\/"},{"@type":"ListItem","position":2,"name":"Shop","item":"https:\/\/www.technic-toys.com\/en\/shop-2\/"},{"@type":"ListItem","position":3,"name":"Leopard 2A6 1:16 Professional Line IR\/BB"}]},{"@type":"WebSite","@id":"https:\/\/www.technic-toys.com\/en\/#website","url":"https:\/\/www.technic-toys.com\/en\/","name":"TECHNIC-TOYS.com","description":"","potentialAction":[{"@type":"SearchAction","target":{"@type":"EntryPoint","urlTemplate":"https:\/\/www.technic-toys.com\/en\/?s={search_term_string}"},"query-input":"required name=search_term_string"}],"inLanguage":"en-US"}]}},"_links":{"self":[{"href":"https:\/\/www.technic-toys.com\/en\/wp-json\/wp\/v2\/product\/16487"}],"collection":[{"href":"https:\/\/www.technic-toys.com\/en\/wp-json\/wp\/v2\/product"}],"about":[{"href":"https:\/\/www.technic-toys.com\/en\/wp-json\/wp\/v2\/types\/product"}],"wp:featuredmedia":[{"embeddable":true,"href":"https:\/\/www.technic-toys.com\/en\/wp-json\/wp\/v2\/media\/16488"}],"wp:attachment":[{"href":"https:\/\/www.technic-toys.com\/en\/wp-json\/wp\/v2\/media?parent=16487"}],"wp:term":[{"taxonomy":"product_cat","embeddable":true,"href":"https:\/\/www.technic-toys.com\/en\/wp-json\/wp\/v2\/product_cat?post=16487"},{"taxonomy":"product_tag","embeddable":true,"href":"https:\/\/www.technic-toys.com\/en\/wp-json\/wp\/v2\/product_tag?post=16487"}],"curies":[{"name":"wp","href":"https:\/\/api.w.org\/{rel}","templated":true}]}}