{"id":16546,"date":"2022-04-08T17:06:10","date_gmt":"2022-04-08T15:06:10","guid":{"rendered":"https:\/\/www.technic-toys.com\/izdelek\/us-m4a3-sherman-116-professional-line-ir-bb\/"},"modified":"2024-12-04T19:03:23","modified_gmt":"2024-12-04T18:03:23","slug":"us-m4a3-sherman-116-professional-line-ir-bb","status":"publish","type":"product","link":"https:\/\/www.technic-toys.com\/en\/izdelek\/us-m4a3-sherman-116-professional-line-ir-bb\/","title":{"rendered":"US M4A3 Sherman 1:16 Professional Line IR\/BB"},"content":{"rendered":"<p>M4A3 Sherman je bil srednji tank, ki so ga uporabljale oboro\u017eene sile ZDA. Med drugo svetovno vojno je bil eden najbolj izdelanih primerkov ameri\u0161kih oklepnih sil. Razli\u010dica M4A3 z motorjem Ford V8 in 76,2 mm pi\u0161tolo je bila uporabljena tudi v korejski vojni (1950 &#8211; 1953). <\/p>\n<p>AMEWI Edition je resni\u010dna originalna replika v merilu 1:16, dostavljena v \u0161katli iz masivnega pravega lesa v reprezentativnem slogu \u0161katle za strelivo naravne barve. RTR &#8211; pripravljen za uporabo. Rezervoar ima funkcijo dima in zvoka ter sistem osvetlitve za \u0161e bolj prepri\u010dljive svetove izku\u0161enj. Funkcija streljanja se izvaja s tipko, s katero lahko izstrelite 6mm BB izstrelke iz trde plastike do 15m. Top je mogo\u010de premikati gor in dol, vse krmilne funkcije so proporcionalne in jih je zato mogo\u010de upravljati ob\u010dutljivo. Poleg tega ima model infrarde\u010di bojni modul, ki omogo\u010da dvoboje z drugimi tanki iz te izdaje Amewi. V primeru neposrednega sovra\u017enikovega udarca se zadeti tank enkrat vidno &#8216;pretrese&#8217;. Model poganjata dva zmogljiva motorja, ki svojo mo\u010d prena\u0161ata na pogonska kolesa preko ve\u010dstopenjskega kovinskega menjalnika. Menjalnik je na notranji strani tudi zaprt (pokrit). Vsa kolesa na \u0161asiji so povezana s podvozjem z dvojnimi nihajnimi rokami in so vla\u017ena. Pogonska kolesa so kovinska, kovinske pa tudi verige. Ta originalni model s svojo olivno zeleno barvo nikakor ni slab\u0161i od pravega rezervoarja. Celoten obseg dobave ustreza najnovej\u0161emu stanju tehnike (elektronika TK 6.0). Od zdaj naprej vse modele dostavljamo s sodobno Li-Ion baterijo z 1800 mAh in 7,4 V. V kompletu je prilo\u017een tudi ustrezen polnilnik 220V.<\/p>\n<p>Model je bil testiran na funkcionalnost, preden je bil zapakiran in prilo\u017een je dnevnik delovanja. Dobavljivo je v masivni leseni \u0161katli z natan\u010dno prilegajo\u010dim se stiropornim jedrom.<\/p>\n<p>Opozorilo: <br \/>Lesen zaboj je bonus in vam ne daje pravice do reklamacije v primeru zunanjih po\u0161kodb do prave lesene \u0161katle. <\/p>\n<p>Funkcije:<br \/>Naprej\/nazaj<br \/>Levo\/desno<br \/>Obrni na mestu<br \/>Top: navzgor\/navzdol<br \/>Storolo: zavoj<br \/>Funkcija streljanja<br \/>MG zvok<br \/>Infrarde\u010di bojni modul<br \/>Dim in zvok (zvok je mogo\u010de spremeniti prek oddajnika)<br \/>Osvetlitev<br \/>Bla\u017eenje koles<br \/>Inkapsulirano kovinski zobniki <br \/ >Kovinske verige<\/p>\n<p>Tehni\u010dni podatki:<br \/>Dol\u017eina: 365mm<br \/>\u0160irina: 165mm<br \/>Vi\u0161ina: 175mm<br \/>Te\u017ea: 2554g brez baterije in nastavki<br \/>Funkcija streljanja: 6 mm BB<br \/>Naboji iz trde plastike<br \/>Funkcija dimljenja: uporaba dimnega olja (upo\u0161tevajte koli\u010dino polnjenja!)<br \/>Baterija: 1800mAh 7,4V Li-Ion 2S, 93g, 130 x 42 x 20 mm<br \/>Napajalnik 2S Li-Ion<br \/>Uravnavalec polnilnika z 850mAh<br \/>Kontrola: 2,4Ghz<br \/>Elektronika: TK 6.0<\/p>\n<p>Obseg dobave: <br \/>Panzer<br \/>Daljinski upravljalnik 2,4 GHz<br \/>Baterija 7,4V 1800mAh Li-Ion<br \/>Li-Ion polnilnik 850mAh<br \/>Streilo 6mm BB<br \/>Dimna teko\u010dina<br \/ >Nalepka<br \/>Deli za monta\u017eo<br \/>Slika <br \/>Navodila DE \/ EN<\/p>\n<p>Ben Potrebni dodatki:<br \/>6x 1,5V mignon AA baterije za oddajnik<\/p>\n","protected":false},"excerpt":{"rendered":"<p>dimom in zvokom, kovinskimi verigami, kolesi in zobniki<\/p>\n","protected":false},"featured_media":16547,"template":"","meta":[],"product_cat":[374,365],"product_tag":[],"acf":[],"yoast_head":"<!-- This site is optimized with the Yoast SEO plugin v21.7 - https:\/\/yoast.com\/wordpress\/plugins\/seo\/ -->\n<title>US M4A3 Sherman 1:16 Professional Line IR\/BB - TECHNIC-TOYS.com<\/title>\n<meta name=\"robots\" content=\"index, follow, max-snippet:-1, max-image-preview:large, max-video-preview:-1\" \/>\n<link rel=\"canonical\" href=\"https:\/\/www.technic-toys.com\/izdelek\/us-m4a3-sherman-116-professional-line-ir-bb\/\" \/>\n<meta property=\"og:locale\" content=\"en_US\" \/>\n<meta property=\"og:type\" content=\"article\" \/>\n<meta property=\"og:title\" content=\"US M4A3 Sherman 1:16 Professional Line IR\/BB - TECHNIC-TOYS.com\" \/>\n<meta property=\"og:description\" content=\"dimom in zvokom, kovinskimi verigami, kolesi in zobniki\" \/>\n<meta property=\"og:url\" content=\"https:\/\/www.technic-toys.com\/izdelek\/us-m4a3-sherman-116-professional-line-ir-bb\/\" \/>\n<meta property=\"og:site_name\" content=\"TECHNIC-TOYS.com\" \/>\n<meta property=\"article:modified_time\" content=\"2024-12-04T18:03:23+00:00\" \/>\n<meta property=\"og:image\" content=\"https:\/\/www.technic-toys.com\/wp-content\/uploads\/2022\/04\/23115.jpg\" \/>\n\t<meta property=\"og:image:width\" content=\"2560\" \/>\n\t<meta property=\"og:image:height\" content=\"1468\" \/>\n\t<meta property=\"og:image:type\" content=\"image\/jpeg\" \/>\n<meta name=\"twitter:card\" content=\"summary_large_image\" \/>\n<meta name=\"twitter:label1\" content=\"Est. reading time\" \/>\n\t<meta name=\"twitter:data1\" content=\"2 minutes\" \/>\n<script type=\"application\/ld+json\" class=\"yoast-schema-graph\">{\"@context\":\"https:\/\/schema.org\",\"@graph\":[{\"@type\":\"WebPage\",\"@id\":\"https:\/\/www.technic-toys.com\/izdelek\/us-m4a3-sherman-116-professional-line-ir-bb\/\",\"url\":\"https:\/\/www.technic-toys.com\/izdelek\/us-m4a3-sherman-116-professional-line-ir-bb\/\",\"name\":\"US M4A3 Sherman 1:16 Professional Line IR\/BB - TECHNIC-TOYS.com\",\"isPartOf\":{\"@id\":\"https:\/\/www.technic-toys.com\/en\/#website\"},\"datePublished\":\"2022-04-08T15:06:10+00:00\",\"dateModified\":\"2024-12-04T18:03:23+00:00\",\"breadcrumb\":{\"@id\":\"https:\/\/www.technic-toys.com\/izdelek\/us-m4a3-sherman-116-professional-line-ir-bb\/#breadcrumb\"},\"inLanguage\":\"en-US\",\"potentialAction\":[{\"@type\":\"ReadAction\",\"target\":[\"https:\/\/www.technic-toys.com\/izdelek\/us-m4a3-sherman-116-professional-line-ir-bb\/\"]}]},{\"@type\":\"BreadcrumbList\",\"@id\":\"https:\/\/www.technic-toys.com\/izdelek\/us-m4a3-sherman-116-professional-line-ir-bb\/#breadcrumb\",\"itemListElement\":[{\"@type\":\"ListItem\",\"position\":1,\"name\":\"Domov\",\"item\":\"https:\/\/www.technic-toys.com\/en\/\"},{\"@type\":\"ListItem\",\"position\":2,\"name\":\"Shop\",\"item\":\"https:\/\/www.technic-toys.com\/en\/shop-2\/\"},{\"@type\":\"ListItem\",\"position\":3,\"name\":\"US M4A3 Sherman 1:16 Professional Line IR\/BB\"}]},{\"@type\":\"WebSite\",\"@id\":\"https:\/\/www.technic-toys.com\/en\/#website\",\"url\":\"https:\/\/www.technic-toys.com\/en\/\",\"name\":\"TECHNIC-TOYS.com\",\"description\":\"\",\"potentialAction\":[{\"@type\":\"SearchAction\",\"target\":{\"@type\":\"EntryPoint\",\"urlTemplate\":\"https:\/\/www.technic-toys.com\/en\/?s={search_term_string}\"},\"query-input\":\"required name=search_term_string\"}],\"inLanguage\":\"en-US\"}]}<\/script>\n<!-- \/ Yoast SEO plugin. -->","yoast_head_json":{"title":"US M4A3 Sherman 1:16 Professional Line IR\/BB - TECHNIC-TOYS.com","robots":{"index":"index","follow":"follow","max-snippet":"max-snippet:-1","max-image-preview":"max-image-preview:large","max-video-preview":"max-video-preview:-1"},"canonical":"https:\/\/www.technic-toys.com\/izdelek\/us-m4a3-sherman-116-professional-line-ir-bb\/","og_locale":"en_US","og_type":"article","og_title":"US M4A3 Sherman 1:16 Professional Line IR\/BB - TECHNIC-TOYS.com","og_description":"dimom in zvokom, kovinskimi verigami, kolesi in zobniki","og_url":"https:\/\/www.technic-toys.com\/izdelek\/us-m4a3-sherman-116-professional-line-ir-bb\/","og_site_name":"TECHNIC-TOYS.com","article_modified_time":"2024-12-04T18:03:23+00:00","og_image":[{"width":2560,"height":1468,"url":"https:\/\/www.technic-toys.com\/wp-content\/uploads\/2022\/04\/23115.jpg","type":"image\/jpeg"}],"twitter_card":"summary_large_image","twitter_misc":{"Est. reading time":"2 minutes"},"schema":{"@context":"https:\/\/schema.org","@graph":[{"@type":"WebPage","@id":"https:\/\/www.technic-toys.com\/izdelek\/us-m4a3-sherman-116-professional-line-ir-bb\/","url":"https:\/\/www.technic-toys.com\/izdelek\/us-m4a3-sherman-116-professional-line-ir-bb\/","name":"US M4A3 Sherman 1:16 Professional Line IR\/BB - TECHNIC-TOYS.com","isPartOf":{"@id":"https:\/\/www.technic-toys.com\/en\/#website"},"datePublished":"2022-04-08T15:06:10+00:00","dateModified":"2024-12-04T18:03:23+00:00","breadcrumb":{"@id":"https:\/\/www.technic-toys.com\/izdelek\/us-m4a3-sherman-116-professional-line-ir-bb\/#breadcrumb"},"inLanguage":"en-US","potentialAction":[{"@type":"ReadAction","target":["https:\/\/www.technic-toys.com\/izdelek\/us-m4a3-sherman-116-professional-line-ir-bb\/"]}]},{"@type":"BreadcrumbList","@id":"https:\/\/www.technic-toys.com\/izdelek\/us-m4a3-sherman-116-professional-line-ir-bb\/#breadcrumb","itemListElement":[{"@type":"ListItem","position":1,"name":"Domov","item":"https:\/\/www.technic-toys.com\/en\/"},{"@type":"ListItem","position":2,"name":"Shop","item":"https:\/\/www.technic-toys.com\/en\/shop-2\/"},{"@type":"ListItem","position":3,"name":"US M4A3 Sherman 1:16 Professional Line IR\/BB"}]},{"@type":"WebSite","@id":"https:\/\/www.technic-toys.com\/en\/#website","url":"https:\/\/www.technic-toys.com\/en\/","name":"TECHNIC-TOYS.com","description":"","potentialAction":[{"@type":"SearchAction","target":{"@type":"EntryPoint","urlTemplate":"https:\/\/www.technic-toys.com\/en\/?s={search_term_string}"},"query-input":"required name=search_term_string"}],"inLanguage":"en-US"}]}},"_links":{"self":[{"href":"https:\/\/www.technic-toys.com\/en\/wp-json\/wp\/v2\/product\/16546"}],"collection":[{"href":"https:\/\/www.technic-toys.com\/en\/wp-json\/wp\/v2\/product"}],"about":[{"href":"https:\/\/www.technic-toys.com\/en\/wp-json\/wp\/v2\/types\/product"}],"wp:featuredmedia":[{"embeddable":true,"href":"https:\/\/www.technic-toys.com\/en\/wp-json\/wp\/v2\/media\/16547"}],"wp:attachment":[{"href":"https:\/\/www.technic-toys.com\/en\/wp-json\/wp\/v2\/media?parent=16546"}],"wp:term":[{"taxonomy":"product_cat","embeddable":true,"href":"https:\/\/www.technic-toys.com\/en\/wp-json\/wp\/v2\/product_cat?post=16546"},{"taxonomy":"product_tag","embeddable":true,"href":"https:\/\/www.technic-toys.com\/en\/wp-json\/wp\/v2\/product_tag?post=16546"}],"curies":[{"name":"wp","href":"https:\/\/api.w.org\/{rel}","templated":true}]}}