{"id":16599,"date":"2022-04-08T17:13:12","date_gmt":"2022-04-08T15:13:12","guid":{"rendered":"https:\/\/www.technic-toys.com\/izdelek\/t-90-116-advanced-line-ir-bb\/"},"modified":"2024-12-04T19:03:14","modified_gmt":"2024-12-04T18:03:14","slug":"t-90-116-advanced-line-ir-bb","status":"publish","type":"product","link":"https:\/\/www.technic-toys.com\/en\/izdelek\/t-90-116-advanced-line-ir-bb\/","title":{"rendered":"T-90 1:16 Advanced Line IR\/BB"},"content":{"rendered":"<p>Prvi prototip je bil izdelan leta 1989 na Uralvagonzavodu v Ni\u017enem Tagilu in je bil ozna\u010den kot Object 188. To je bil modificiran T-72B s sistemom za vodenje ognja T-80U in novim reaktivnim oklepom (ERA) tipa Kontakt -5. Kasneje so bili naknadno opremljeni izbolj\u0161an oklep kupole in samoza\u0161\u010ditni sistem TSchU-1 Shtora-1. Ta tank je dobil oznako T-72BU, vendar so ga po slabem uspehu ira\u0161kega T-72 v drugi zalivski vojni preimenovali v T-90 iz tr\u017enih razlogov. Serijska proizvodnja se je za\u010dela leta 1992. T-90 je bil prvi\u010d predstavljen javnosti leta 1993 na voja\u0161ki razstavi v Kubinki. Trup je izdelan iz varjenih oklepnih jeklenih elementov, kupola T-90, razvita iz stare kupole T-72BU, je izdelana iz litega jekla. Tanek ima tipi\u010dno nizko silhueto ruskih tankov, kar znatno zmanj\u0161a njegovo obmo\u010dje udarca. Zaradi pove\u010dane te\u017ee zmogljivost dizelskega motorja T-72 W-46 ni ve\u010d zadostovala. Zato je bil v prve modele vgrajen dizelski motor W-84 MS s 618 kW (840 KM). Od leta 2004 so rezervoarji opremljeni z motorjem W-92 S2 z mo\u010djo 740 kW (1.006 KM), ki je bil izdelan v \u010celjabinskem traktorskem obratu. Med proizvodnjo so bile name\u0161\u010dene razli\u010dne razli\u010dice 125 mm gladkocevne pu\u0161ke. Najpogosteje se uporabljata razli\u010dici 2A46M-2 (L51) in novi raz\u0161irjeni 2A46M-5 (L55). Top je popolnoma stabiliziran. Dvodelno strelivo se samodejno nalo\u017ei iz nakladalnega vrtiljaka, nakladalnik je izpu\u0161\u010den. Bojni komplet je 42 strelov za 125 mm top, od tega 22 v nakladalnem vrtiljaku, ostalo v regalih v prostih prostorih v notranjosti.<br \/>AMEWI Edition je resni\u010dna replika v 1: 16 lestvica. To je RTR &#8211; pripravljena za uporabo razli\u010dica v najnovej\u0161i razli\u010dici (elektronika TK 6.0) in je opremljena z zaprtim kovinskim zobnikom in kovinskimi nihajnimi rokami za kolesa. Rezervoar ima tudi funkcijo dima in zvoka. Dostava poteka v visokokakovostni tiskani \u0161katli z ustreznim stiropornim jedrom. Vsak rezervoar je pred dostavo testiran glede funkcionalnosti in popolnosti. Prilo\u017een je kontrolni seznam. V obseg dobave je vklju\u010den tudi infrarde\u010di bojni modul, ki omogo\u010da razburljive dvoboje z drugimi modeli linije AMEWI Advanced ali Pro. V primeru neposrednega zadetka z infrarde\u010dim mitraljezom se zadeti tank zatrese in tako ka\u017ee na zadetek. Rezervoar je mogo\u010de upravljati ob\u010dutljivo, model pa navdu\u0161uje tudi z resni\u010dnimi izvirnimi zvoki in \u0161tevilnimi funkcijami. Poleg infrarde\u010dega bojnega modula ima T-90 tudi sistem streljanja 6 mm BB preko glavne pu\u0161ke (topa). Vse funkcije so popolnoma proporcionalno nadzorovane. Preko oddajnika je mogo\u010de nastaviti pet razli\u010dnih zvokov.<br \/>Funkcije: naprej\/nazaj levo\/desno stolp navzgor\/dol rotacija stolpa funkcija strela dim in zvok infrarde\u010di posnetek osvetlitev modula<br \/>Tehni\u010dni podatki: skupna dol\u017eina: dol\u017eina trupa 590 mm : 430 mm \u0161irina: 230 mm Vi\u0161ina: 160 mm Te\u017ea: 2270 g brez baterije \u010cas vo\u017enje: pribli\u017eno 20 minut \u010cas polnjenja: pribli\u017eno 3 ure Dim in zvok (zvok se lahko spreminja) Inkapsulirani kovinski zobniki Kovinske roke \/ nihajne roke za kolesa Infrarde\u010di bojni modul funkcija: uporaba dimnega olja (upo\u0161tevajte koli\u010dino polnjenja!) Baterija: 1800 mAh 7,4 V Li-Ion 2S, 93 g, 68 x 37 x 22 mm, Tamiya vti\u010dni polnilnik 2S LiPo\/ Li-Ion polnilnik uravnote\u017eenje z 850 mAh Krmiljenje: 2,4KGHz elektronski 6.0<br \/>Obseg dobave Panzer T-90 daljinski upravljalnik 2,4 GHz baterija: 1800 mAh polnilec strelivo 6mm BB dimna teko\u010da nalepka + nastavki<br \/>Potrebna dodatna oprema: 6x 1,5V Mignon AA baterije za oddajnik<\/p>\n","protected":false},"excerpt":{"rendered":"<p>dimom in zvokom, kovinskimi zobniki<\/p>\n","protected":false},"featured_media":16600,"template":"","meta":[],"product_cat":[374,365],"product_tag":[],"acf":[],"yoast_head":"<!-- This site is optimized with the Yoast SEO plugin v21.7 - https:\/\/yoast.com\/wordpress\/plugins\/seo\/ -->\n<title>T-90 1:16 Advanced Line IR\/BB - TECHNIC-TOYS.com<\/title>\n<meta name=\"robots\" content=\"index, follow, max-snippet:-1, max-image-preview:large, max-video-preview:-1\" \/>\n<link rel=\"canonical\" href=\"https:\/\/www.technic-toys.com\/izdelek\/t-90-116-advanced-line-ir-bb\/\" \/>\n<meta property=\"og:locale\" content=\"en_US\" \/>\n<meta property=\"og:type\" content=\"article\" \/>\n<meta property=\"og:title\" content=\"T-90 1:16 Advanced Line IR\/BB - TECHNIC-TOYS.com\" \/>\n<meta property=\"og:description\" content=\"dimom in zvokom, kovinskimi zobniki\" \/>\n<meta property=\"og:url\" content=\"https:\/\/www.technic-toys.com\/izdelek\/t-90-116-advanced-line-ir-bb\/\" \/>\n<meta property=\"og:site_name\" content=\"TECHNIC-TOYS.com\" \/>\n<meta property=\"article:modified_time\" content=\"2024-12-04T18:03:14+00:00\" \/>\n<meta property=\"og:image\" content=\"https:\/\/www.technic-toys.com\/wp-content\/uploads\/2022\/04\/23118.jpg\" \/>\n\t<meta property=\"og:image:width\" content=\"2560\" \/>\n\t<meta property=\"og:image:height\" content=\"1468\" \/>\n\t<meta property=\"og:image:type\" content=\"image\/jpeg\" \/>\n<meta name=\"twitter:card\" content=\"summary_large_image\" \/>\n<meta name=\"twitter:label1\" content=\"Est. reading time\" \/>\n\t<meta name=\"twitter:data1\" content=\"3 minutes\" \/>\n<script type=\"application\/ld+json\" class=\"yoast-schema-graph\">{\"@context\":\"https:\/\/schema.org\",\"@graph\":[{\"@type\":\"WebPage\",\"@id\":\"https:\/\/www.technic-toys.com\/izdelek\/t-90-116-advanced-line-ir-bb\/\",\"url\":\"https:\/\/www.technic-toys.com\/izdelek\/t-90-116-advanced-line-ir-bb\/\",\"name\":\"T-90 1:16 Advanced Line IR\/BB - TECHNIC-TOYS.com\",\"isPartOf\":{\"@id\":\"https:\/\/www.technic-toys.com\/en\/#website\"},\"datePublished\":\"2022-04-08T15:13:12+00:00\",\"dateModified\":\"2024-12-04T18:03:14+00:00\",\"breadcrumb\":{\"@id\":\"https:\/\/www.technic-toys.com\/izdelek\/t-90-116-advanced-line-ir-bb\/#breadcrumb\"},\"inLanguage\":\"en-US\",\"potentialAction\":[{\"@type\":\"ReadAction\",\"target\":[\"https:\/\/www.technic-toys.com\/izdelek\/t-90-116-advanced-line-ir-bb\/\"]}]},{\"@type\":\"BreadcrumbList\",\"@id\":\"https:\/\/www.technic-toys.com\/izdelek\/t-90-116-advanced-line-ir-bb\/#breadcrumb\",\"itemListElement\":[{\"@type\":\"ListItem\",\"position\":1,\"name\":\"Domov\",\"item\":\"https:\/\/www.technic-toys.com\/en\/\"},{\"@type\":\"ListItem\",\"position\":2,\"name\":\"Shop\",\"item\":\"https:\/\/www.technic-toys.com\/en\/shop-2\/\"},{\"@type\":\"ListItem\",\"position\":3,\"name\":\"T-90 1:16 Advanced Line IR\/BB\"}]},{\"@type\":\"WebSite\",\"@id\":\"https:\/\/www.technic-toys.com\/en\/#website\",\"url\":\"https:\/\/www.technic-toys.com\/en\/\",\"name\":\"TECHNIC-TOYS.com\",\"description\":\"\",\"potentialAction\":[{\"@type\":\"SearchAction\",\"target\":{\"@type\":\"EntryPoint\",\"urlTemplate\":\"https:\/\/www.technic-toys.com\/en\/?s={search_term_string}\"},\"query-input\":\"required name=search_term_string\"}],\"inLanguage\":\"en-US\"}]}<\/script>\n<!-- \/ Yoast SEO plugin. -->","yoast_head_json":{"title":"T-90 1:16 Advanced Line IR\/BB - TECHNIC-TOYS.com","robots":{"index":"index","follow":"follow","max-snippet":"max-snippet:-1","max-image-preview":"max-image-preview:large","max-video-preview":"max-video-preview:-1"},"canonical":"https:\/\/www.technic-toys.com\/izdelek\/t-90-116-advanced-line-ir-bb\/","og_locale":"en_US","og_type":"article","og_title":"T-90 1:16 Advanced Line IR\/BB - TECHNIC-TOYS.com","og_description":"dimom in zvokom, kovinskimi zobniki","og_url":"https:\/\/www.technic-toys.com\/izdelek\/t-90-116-advanced-line-ir-bb\/","og_site_name":"TECHNIC-TOYS.com","article_modified_time":"2024-12-04T18:03:14+00:00","og_image":[{"width":2560,"height":1468,"url":"https:\/\/www.technic-toys.com\/wp-content\/uploads\/2022\/04\/23118.jpg","type":"image\/jpeg"}],"twitter_card":"summary_large_image","twitter_misc":{"Est. reading time":"3 minutes"},"schema":{"@context":"https:\/\/schema.org","@graph":[{"@type":"WebPage","@id":"https:\/\/www.technic-toys.com\/izdelek\/t-90-116-advanced-line-ir-bb\/","url":"https:\/\/www.technic-toys.com\/izdelek\/t-90-116-advanced-line-ir-bb\/","name":"T-90 1:16 Advanced Line IR\/BB - TECHNIC-TOYS.com","isPartOf":{"@id":"https:\/\/www.technic-toys.com\/en\/#website"},"datePublished":"2022-04-08T15:13:12+00:00","dateModified":"2024-12-04T18:03:14+00:00","breadcrumb":{"@id":"https:\/\/www.technic-toys.com\/izdelek\/t-90-116-advanced-line-ir-bb\/#breadcrumb"},"inLanguage":"en-US","potentialAction":[{"@type":"ReadAction","target":["https:\/\/www.technic-toys.com\/izdelek\/t-90-116-advanced-line-ir-bb\/"]}]},{"@type":"BreadcrumbList","@id":"https:\/\/www.technic-toys.com\/izdelek\/t-90-116-advanced-line-ir-bb\/#breadcrumb","itemListElement":[{"@type":"ListItem","position":1,"name":"Domov","item":"https:\/\/www.technic-toys.com\/en\/"},{"@type":"ListItem","position":2,"name":"Shop","item":"https:\/\/www.technic-toys.com\/en\/shop-2\/"},{"@type":"ListItem","position":3,"name":"T-90 1:16 Advanced Line IR\/BB"}]},{"@type":"WebSite","@id":"https:\/\/www.technic-toys.com\/en\/#website","url":"https:\/\/www.technic-toys.com\/en\/","name":"TECHNIC-TOYS.com","description":"","potentialAction":[{"@type":"SearchAction","target":{"@type":"EntryPoint","urlTemplate":"https:\/\/www.technic-toys.com\/en\/?s={search_term_string}"},"query-input":"required name=search_term_string"}],"inLanguage":"en-US"}]}},"_links":{"self":[{"href":"https:\/\/www.technic-toys.com\/en\/wp-json\/wp\/v2\/product\/16599"}],"collection":[{"href":"https:\/\/www.technic-toys.com\/en\/wp-json\/wp\/v2\/product"}],"about":[{"href":"https:\/\/www.technic-toys.com\/en\/wp-json\/wp\/v2\/types\/product"}],"wp:featuredmedia":[{"embeddable":true,"href":"https:\/\/www.technic-toys.com\/en\/wp-json\/wp\/v2\/media\/16600"}],"wp:attachment":[{"href":"https:\/\/www.technic-toys.com\/en\/wp-json\/wp\/v2\/media?parent=16599"}],"wp:term":[{"taxonomy":"product_cat","embeddable":true,"href":"https:\/\/www.technic-toys.com\/en\/wp-json\/wp\/v2\/product_cat?post=16599"},{"taxonomy":"product_tag","embeddable":true,"href":"https:\/\/www.technic-toys.com\/en\/wp-json\/wp\/v2\/product_tag?post=16599"}],"curies":[{"name":"wp","href":"https:\/\/api.w.org\/{rel}","templated":true}]}}