{"id":16627,"date":"2022-04-08T17:13:12","date_gmt":"2022-04-08T15:13:12","guid":{"rendered":"https:\/\/www.technic-toys.com\/izdelek\/t-90-116-professional-line-ir-bb\/"},"modified":"2024-12-04T19:03:16","modified_gmt":"2024-12-04T18:03:16","slug":"t-90-116-professional-line-ir-bb","status":"publish","type":"product","link":"https:\/\/www.technic-toys.com\/en\/izdelek\/t-90-116-professional-line-ir-bb\/","title":{"rendered":"T-90 1:16 Professional Line IR\/BB"},"content":{"rendered":"<p>Zgodovinsko ozadje: Prvi prototip je bil zgrajen leta 1989 na Uralvagonzavodu v Ni\u017enjem Tagilu in je bil ozna\u010den kot Objekt 188. To je bil predelani T-72B s sistemom za upravljanje ognja T-80U in novim reaktivnim oklepom (ERA) tip Kontakt-5. Kasneje so bili naknadno opremljeni izbolj\u0161an oklep kupole in samoza\u0161\u010ditni sistem TSchU-1 Shtora-1. Ta tank je dobil oznako T-72BU, vendar so ga po slabem uspehu ira\u0161kega T-72 v drugi zalivski vojni preimenovali v T-90 iz tr\u017enih razlogov. Serijska proizvodnja se je za\u010dela leta 1992. T-90 je bil prvi\u010d predstavljen javnosti leta 1993 na voja\u0161ki razstavi v Kubinki. Trup je izdelan iz varjenih oklepnih jeklenih elementov, kupola T-90, razvita iz stare kupole T-72BU, je izdelana iz litega jekla. Tanek ima tipi\u010dno nizko silhueto ruskih tankov, kar znatno zmanj\u0161a njegovo obmo\u010dje udarca. Zaradi pove\u010dane te\u017ee zmogljivost dizelskega motorja T-72 W-46 ni ve\u010d zadostovala. Zato je bil v prve modele vgrajen dizelski motor W-84 MS s 618 kW (840 KM). Od leta 2004 so rezervoarji opremljeni z motorjem W-92 S2 z mo\u010djo 740 kW (1.006 KM), ki je bil izdelan v \u010celjabinskem traktorskem obratu. Med proizvodnjo so bile name\u0161\u010dene razli\u010dne razli\u010dice 125 mm gladkocevne pu\u0161ke. Najpogosteje se uporabljata razli\u010dici 2A46M-2 (L51) in novi raz\u0161irjeni 2A46M-5 (L55). Top je popolnoma stabiliziran. Dvodelno strelivo se samodejno nalo\u017ei iz nakladalnega vrtiljaka, nakladalnik je izpu\u0161\u010den. Bojni komplet je 42 strelov za 125 mm pu\u0161ko, od tega 22 v nakladalnem vrtiljaku, ostalo v regalih v prostih prostorih v notranjosti.<br \/>AMEWI Edition je replika v merilu 1:16, ki je zvesta original in je na voljo v \u0161katli iz masivnega pravega lesa v reprezentativnem slogu \u0161katle za strelivo naravne barve. To je razli\u010dica RTR (Ready-to-Run) v najnovej\u0161i razli\u010dici (Electronics TK 7.0) in je opremljena z zaprtim kovinskim menjalnikom, kovinskimi verigami, kovinskimi kolesi in kovinskimi nihajnimi rokami za kolesa. Rezervoar ima tudi funkcijo dima in zvoka. Vsak (!) rezervoar je pred dobavo testiran na funkcionalnost in popolnost. Prilo\u017een je kontrolni seznam. V obseg dobave je vklju\u010den tudi infrarde\u010di bojni modul, ki omogo\u010da razburljive dvoboje z drugimi modeli linije AMEWI Advanced ali Pro. V primeru neposrednega zadetka z infrarde\u010dim mitraljezom se \u00bbzadeti tank trese, kar ka\u017ee na zadetek. Rezervoar je mogo\u010de upravljati ob\u010dutljivo in navdu\u0161uje tudi z realisti\u010dnimi zvoki in \u0161tevilnimi funkcijami. Poleg omenjenega infrarde\u010dega bojnega modula ima T-90 tudi sistem streljanja 6 mm BB preko glavne pu\u0161ke (topa). Vse funkcije so popolnoma proporcionalno nadzorovane. Preko oddajnika je mogo\u010de nastaviti razli\u010dne zvoke.<br \/>Funkcije: naprej\/nazaj levo\/desno Vrtenje na mestu Top: gor\/dol Turret: vrtenje Funkcija streljanja Infrarde\u010di bojni modul Dimna in zvo\u010dna osvetlitev Spremenljivi zvoki<br \/>Poudarki: optika super lestvice (zelo podrobna) Najnovej\u0161a elektronika (TK 7.0) Infrarde\u010di bojni sistem za vznemirljive dvoboje z drugimi modeli iz na\u0161e ponudbe<br \/>Dodatne funkcije: Dva zmogljiva elektromotorja Du\u0161ene kovinske kole\u0161\u010dke Ve\u010dstopenjski zaprti kovinski zobniki Prestave za popoln prenos mo\u010di na kovinske verige Celoten pogonski komplet iz Metal Strong 7,4 V Li-Ion pogonske baterije z 1800 mAh in priklju\u010dkom XT60 220 V polnilnik z izhodom 850 mAh in priklju\u010dkom za uravnote\u017eenje Veliko nastavkov in dodatkov, kot so figura voznika, verige, MG itd. Preklopno zvoki prek zvo\u010dnega modula, kot so MG zvok, funkcija strela in hrup vo\u017enje<br \/>Tehni\u010dni podatki: Merilo: 1:16 Skupna dol\u017eina: 650 mm dol\u017eina brez topa : 460mm \u0161irina: 240mm vi\u0161ina: 190mm te\u017ea: 4763g brez baterije barva: kamufla\u017eni valji: kovinske gosenice: kovinski spodnji trup: plasti\u010dni stolp: plasti\u010dni vrtljivi obro\u010d: 360\u00b0 vrtljivi obro\u010d menjalnik: zaprt kovinski menjalnik design: Rtxx potovalni \u010das: 10 potovalni \u010das -15min odvisno od podlage Elektronika: TK 7.0 predal za baterije Dimenzije: 135 x 45 x 24 mm Baterija: Li-Ion 2S 7.4V 1800mAh mehka torbica, XT60 Dx\u0160xV: 70 x 36 x 21 mm Te\u017ea4te razpon: 93gr Ref. 100m polnilec: 2S Li-Ion\/LiPo polnilnik 220V s priklju\u010dkom za uravnote\u017eenje in 850mAh izhodom \u010cas polnjenja: pribli\u017eno 2h<br \/>Obseg dobave: rezervoar za daljinski upravljalnik akumulatorski vti\u010d strelivo dim teko\u010dina nalepka nalepka nalepka slika navodila za uporabo DE\/EN<br \/>Opomba: lesena \u0161katla je brezpla\u010den bonus in vam ne daje pravice do reklamacije v primeru kakr\u0161ne koli zunanje po\u0161kodbe prave lesene \u0161katle.<\/p>\n","protected":false},"excerpt":{"rendered":"<p>dimom in zvokom, kovinskimi verigami, kolesi in zobniki<\/p>\n","protected":false},"featured_media":16628,"template":"","meta":[],"product_cat":[374,365],"product_tag":[],"acf":[],"yoast_head":"<!-- This site is optimized with the Yoast SEO plugin v21.7 - https:\/\/yoast.com\/wordpress\/plugins\/seo\/ -->\n<title>T-90 1:16 Professional Line IR\/BB - TECHNIC-TOYS.com<\/title>\n<meta name=\"robots\" content=\"index, follow, max-snippet:-1, max-image-preview:large, max-video-preview:-1\" \/>\n<link rel=\"canonical\" href=\"https:\/\/www.technic-toys.com\/izdelek\/t-90-116-professional-line-ir-bb\/\" \/>\n<meta property=\"og:locale\" content=\"en_US\" \/>\n<meta property=\"og:type\" content=\"article\" \/>\n<meta property=\"og:title\" content=\"T-90 1:16 Professional Line IR\/BB - TECHNIC-TOYS.com\" \/>\n<meta property=\"og:description\" content=\"dimom in zvokom, kovinskimi verigami, kolesi in zobniki\" \/>\n<meta property=\"og:url\" content=\"https:\/\/www.technic-toys.com\/izdelek\/t-90-116-professional-line-ir-bb\/\" \/>\n<meta property=\"og:site_name\" content=\"TECHNIC-TOYS.com\" \/>\n<meta property=\"article:modified_time\" content=\"2024-12-04T18:03:16+00:00\" \/>\n<meta property=\"og:image\" content=\"https:\/\/www.technic-toys.com\/wp-content\/uploads\/2022\/04\/23119.jpg\" \/>\n\t<meta property=\"og:image:width\" content=\"2560\" \/>\n\t<meta property=\"og:image:height\" content=\"1468\" \/>\n\t<meta property=\"og:image:type\" content=\"image\/jpeg\" \/>\n<meta name=\"twitter:card\" content=\"summary_large_image\" \/>\n<meta name=\"twitter:label1\" content=\"Est. reading time\" \/>\n\t<meta name=\"twitter:data1\" content=\"4 minutes\" \/>\n<script type=\"application\/ld+json\" class=\"yoast-schema-graph\">{\"@context\":\"https:\/\/schema.org\",\"@graph\":[{\"@type\":\"WebPage\",\"@id\":\"https:\/\/www.technic-toys.com\/izdelek\/t-90-116-professional-line-ir-bb\/\",\"url\":\"https:\/\/www.technic-toys.com\/izdelek\/t-90-116-professional-line-ir-bb\/\",\"name\":\"T-90 1:16 Professional Line IR\/BB - TECHNIC-TOYS.com\",\"isPartOf\":{\"@id\":\"https:\/\/www.technic-toys.com\/en\/#website\"},\"datePublished\":\"2022-04-08T15:13:12+00:00\",\"dateModified\":\"2024-12-04T18:03:16+00:00\",\"breadcrumb\":{\"@id\":\"https:\/\/www.technic-toys.com\/izdelek\/t-90-116-professional-line-ir-bb\/#breadcrumb\"},\"inLanguage\":\"en-US\",\"potentialAction\":[{\"@type\":\"ReadAction\",\"target\":[\"https:\/\/www.technic-toys.com\/izdelek\/t-90-116-professional-line-ir-bb\/\"]}]},{\"@type\":\"BreadcrumbList\",\"@id\":\"https:\/\/www.technic-toys.com\/izdelek\/t-90-116-professional-line-ir-bb\/#breadcrumb\",\"itemListElement\":[{\"@type\":\"ListItem\",\"position\":1,\"name\":\"Domov\",\"item\":\"https:\/\/www.technic-toys.com\/en\/\"},{\"@type\":\"ListItem\",\"position\":2,\"name\":\"Shop\",\"item\":\"https:\/\/www.technic-toys.com\/en\/shop-2\/\"},{\"@type\":\"ListItem\",\"position\":3,\"name\":\"T-90 1:16 Professional Line IR\/BB\"}]},{\"@type\":\"WebSite\",\"@id\":\"https:\/\/www.technic-toys.com\/en\/#website\",\"url\":\"https:\/\/www.technic-toys.com\/en\/\",\"name\":\"TECHNIC-TOYS.com\",\"description\":\"\",\"potentialAction\":[{\"@type\":\"SearchAction\",\"target\":{\"@type\":\"EntryPoint\",\"urlTemplate\":\"https:\/\/www.technic-toys.com\/en\/?s={search_term_string}\"},\"query-input\":\"required name=search_term_string\"}],\"inLanguage\":\"en-US\"}]}<\/script>\n<!-- \/ Yoast SEO plugin. -->","yoast_head_json":{"title":"T-90 1:16 Professional Line IR\/BB - TECHNIC-TOYS.com","robots":{"index":"index","follow":"follow","max-snippet":"max-snippet:-1","max-image-preview":"max-image-preview:large","max-video-preview":"max-video-preview:-1"},"canonical":"https:\/\/www.technic-toys.com\/izdelek\/t-90-116-professional-line-ir-bb\/","og_locale":"en_US","og_type":"article","og_title":"T-90 1:16 Professional Line IR\/BB - TECHNIC-TOYS.com","og_description":"dimom in zvokom, kovinskimi verigami, kolesi in zobniki","og_url":"https:\/\/www.technic-toys.com\/izdelek\/t-90-116-professional-line-ir-bb\/","og_site_name":"TECHNIC-TOYS.com","article_modified_time":"2024-12-04T18:03:16+00:00","og_image":[{"width":2560,"height":1468,"url":"https:\/\/www.technic-toys.com\/wp-content\/uploads\/2022\/04\/23119.jpg","type":"image\/jpeg"}],"twitter_card":"summary_large_image","twitter_misc":{"Est. reading time":"4 minutes"},"schema":{"@context":"https:\/\/schema.org","@graph":[{"@type":"WebPage","@id":"https:\/\/www.technic-toys.com\/izdelek\/t-90-116-professional-line-ir-bb\/","url":"https:\/\/www.technic-toys.com\/izdelek\/t-90-116-professional-line-ir-bb\/","name":"T-90 1:16 Professional Line IR\/BB - TECHNIC-TOYS.com","isPartOf":{"@id":"https:\/\/www.technic-toys.com\/en\/#website"},"datePublished":"2022-04-08T15:13:12+00:00","dateModified":"2024-12-04T18:03:16+00:00","breadcrumb":{"@id":"https:\/\/www.technic-toys.com\/izdelek\/t-90-116-professional-line-ir-bb\/#breadcrumb"},"inLanguage":"en-US","potentialAction":[{"@type":"ReadAction","target":["https:\/\/www.technic-toys.com\/izdelek\/t-90-116-professional-line-ir-bb\/"]}]},{"@type":"BreadcrumbList","@id":"https:\/\/www.technic-toys.com\/izdelek\/t-90-116-professional-line-ir-bb\/#breadcrumb","itemListElement":[{"@type":"ListItem","position":1,"name":"Domov","item":"https:\/\/www.technic-toys.com\/en\/"},{"@type":"ListItem","position":2,"name":"Shop","item":"https:\/\/www.technic-toys.com\/en\/shop-2\/"},{"@type":"ListItem","position":3,"name":"T-90 1:16 Professional Line IR\/BB"}]},{"@type":"WebSite","@id":"https:\/\/www.technic-toys.com\/en\/#website","url":"https:\/\/www.technic-toys.com\/en\/","name":"TECHNIC-TOYS.com","description":"","potentialAction":[{"@type":"SearchAction","target":{"@type":"EntryPoint","urlTemplate":"https:\/\/www.technic-toys.com\/en\/?s={search_term_string}"},"query-input":"required name=search_term_string"}],"inLanguage":"en-US"}]}},"_links":{"self":[{"href":"https:\/\/www.technic-toys.com\/en\/wp-json\/wp\/v2\/product\/16627"}],"collection":[{"href":"https:\/\/www.technic-toys.com\/en\/wp-json\/wp\/v2\/product"}],"about":[{"href":"https:\/\/www.technic-toys.com\/en\/wp-json\/wp\/v2\/types\/product"}],"wp:featuredmedia":[{"embeddable":true,"href":"https:\/\/www.technic-toys.com\/en\/wp-json\/wp\/v2\/media\/16628"}],"wp:attachment":[{"href":"https:\/\/www.technic-toys.com\/en\/wp-json\/wp\/v2\/media?parent=16627"}],"wp:term":[{"taxonomy":"product_cat","embeddable":true,"href":"https:\/\/www.technic-toys.com\/en\/wp-json\/wp\/v2\/product_cat?post=16627"},{"taxonomy":"product_tag","embeddable":true,"href":"https:\/\/www.technic-toys.com\/en\/wp-json\/wp\/v2\/product_tag?post=16627"}],"curies":[{"name":"wp","href":"https:\/\/api.w.org\/{rel}","templated":true}]}}