{"id":16658,"date":"2022-04-08T17:13:12","date_gmt":"2022-04-08T15:13:12","guid":{"rendered":"https:\/\/www.technic-toys.com\/izdelek\/t-72-116-advanced-line-ir-bb\/"},"modified":"2024-12-04T19:03:10","modified_gmt":"2024-12-04T18:03:10","slug":"t-72-116-advanced-line-ir-bb","status":"publish","type":"product","link":"https:\/\/www.technic-toys.com\/en\/izdelek\/t-72-116-advanced-line-ir-bb\/","title":{"rendered":"T-72 1:16 Advanced Line IR\/BB"},"content":{"rendered":"<p>T-72 je sovjetski glavni bojni tank, ki ga je od leta 1972 izdelalo podjetje Uralvagonzavod, v uporabo pa ga je dala Sovjetska vojska. Poleg Sovjetske zveze so tank izdelovali na Poljskem, \u010ce\u0161koslova\u0161kem in v Jugoslaviji, po licenci pa v Indiji od leta 1980. T-72 je trenutno najbolj raz\u0161irjen glavni bojni tank na svetu. Izvo\u017eeno je bilo v velikem \u0161tevilu, tudi v \u0161tevilne dr\u017eave Bli\u017enjega vzhoda, kot so Sirija, Libija, Iran in Irak. Uporabljali so ga v \u0161tevilnih konfliktih, kot so libanonska vojna leta 1982, prva in druga zalivska vojna ter jugoslovanska vojna. Skupno je bilo izdelanih okoli 20.000 primerkov, od tega jih Rusija \u0161e vedno vzdr\u017euje okoli 9.200, pri \u010demer je le okoli 1.200 aktivnih. Glavna oboro\u017eitev T-72 je 125 mm pi\u0161tola D-81TM, ki je bila sprejeta v oboro\u017eitev sovjetskih oboro\u017eenih sil pod indeksom GRAU 2A46. Je gladkocevna pi\u0161tola, prekrita s toplotnim \u0161\u010ditom iz plo\u010devine, ki prepre\u010duje neenakomerno segrevanje zaradi vremenskih razmer, in je opremljena z odsesovalnikom dima. Oro\u017eni sistem je stabiliziran s stabilizacijskim sistemom 2E28M. Optika strelca je stabilizirana v navpi\u010dni osi, oro\u017eni sistem v vodoravni osi. Razpon vi\u0161ine oro\u017eja je od -6\u00b0 do +14\u00b0.<\/p>\n<p>AMEWI Edition je resni\u010dna replika v merilu 1:16, dostavljena v visokokakovostni \u010drni \u0161katli. z ustreznim polistirenskim jedrom kot razli\u010dica RTR \u2013 pripravljen za uporabo. Rezervoar ima funkcijo dima in zvoka ter sistem osvetlitve za \u0161e bolj prepri\u010dljive svetove izku\u0161enj. Funkcija streljanja se izvaja s tipko, s katero lahko izstrelite 6mm BB izstrelke iz trde plastike do 15m. Top je mogo\u010de premikati gor in dol, vse krmilne funkcije so proporcionalne in jih je zato mogo\u010de upravljati ob\u010dutljivo. Poleg tega ima model infrarde\u010di bojni modul, ki omogo\u010da dvoboje z drugimi tanki iz te izdaje Amewi. V primeru neposrednega sovra\u017enikovega udarca se zadeti tank enkrat vidno &#8216;pretrese&#8217;. Model poganjata dva zmogljiva motorja, ki svojo mo\u010d prena\u0161ata na pogonska kolesa preko ve\u010dstopenjskega kovinskega menjalnika. Menjalnik je na notranji strani tudi zaprt (pokrit). Vsa kolesa na \u0161asiji so povezana s \u0161asijo s kovinskimi nihajnimi rokami in so vla\u017ena. Ta originalni model s svojo olivno zeleno barvo nikakor ni slab\u0161i od pravega rezervoarja. Celoten obseg dobave ustreza najnovej\u0161emu stanju tehnike (elektronika TK 6.0). Od zdaj naprej vse modele dostavljamo s sodobno Li-Ion baterijo z 1800 mAh in 7,4 V. V kompletu je prilo\u017een tudi ustrezen polnilnik 220V.<\/p>\n<p>Model je bil testiran na funkcionalnost, preden je bil zapakiran in prilo\u017een je dnevnik delovanja. Dobavljeno v jedru iz stiroporja po meri<\/p>\n<p>Funkcije:<br \/>Naprej\/nazaj<br \/>Levo\/desno<br \/>Obrni se na mestu<br \/>Top: gor\/dol< br \/ >Turm: rotacija<br \/>Funkcija streljanja<br \/>MG zvok<br \/>Infrarde\u010di bojni modul<br \/>Dim in zvok (zvok je mogo\u010de spremeniti prek oddajnika)<br \/>Osvetlitev<br \/>Dumil kovinska krila za kolesa<br \/>Kovinsko zaprto orodje<br \/>Plasti\u010dne verige za visok oprijem<\/p>\n<p>Tehni\u010dni podatki:<br \/>Dol\u017eina: 430mm<br \/>\u0160irina: 230mm<br \/> Vi\u0161ina: 145 mm<br \/>Dol\u017eina s topom: 590 mm<br \/>Te\u017ea: 2204g brez baterije<br \/>Funkcija streljanja: 6mm BB trde plasti\u010dne krogle<br \/>Dodatni infrarde\u010di bojni modul za razgibane dvoboje<br \/>Funkcija dima : z dimnim oljem (upo\u0161tevajte koli\u010dino polnjenja!)<br \/>Baterija: 1800mAh 7,4V Li-Ion 2S, 93g, 68 x 37 x 22mm<br \/>Polilnik 2S LiPo\/ Li-Ion polnilnik uravnote\u017eenja z 850mAh<br \/ >Krmiljenje: 2,4 GHz<br \/>Elektronika: TK 6,0<\/p>\n<p>Obseg dobave:<br \/>Model rezervoarja T-72<br \/>Daljinski upravljalnik 2,4 GHz<br \/>Baterija 7,4 V 1800mAh Li-Ion<br \/>Li-Ion polnilni vti\u010d 850mAh<br \/>Strelivo 6mm BB<br \/>Dimna teko\u010dina<br \/>Nalepke, nastavki, slike<br \/>Navodila DE \/ EN<br \/>< br \/>Potrebna dodatna oprema:<br \/>6x 1,5V mignon AA baterije za oddajnik<\/p>\n<p><\/p>\n","protected":false},"excerpt":{"rendered":"<p>dimom in zvokom, kovinskimi zobniki<\/p>\n","protected":false},"featured_media":16659,"template":"","meta":[],"product_cat":[374,365],"product_tag":[],"acf":[],"yoast_head":"<!-- This site is optimized with the Yoast SEO plugin v21.7 - https:\/\/yoast.com\/wordpress\/plugins\/seo\/ -->\n<title>T-72 1:16 Advanced Line IR\/BB - TECHNIC-TOYS.com<\/title>\n<meta name=\"robots\" content=\"index, follow, max-snippet:-1, max-image-preview:large, max-video-preview:-1\" \/>\n<link rel=\"canonical\" href=\"https:\/\/www.technic-toys.com\/izdelek\/t-72-116-advanced-line-ir-bb\/\" \/>\n<meta property=\"og:locale\" content=\"en_US\" \/>\n<meta property=\"og:type\" content=\"article\" \/>\n<meta property=\"og:title\" content=\"T-72 1:16 Advanced Line IR\/BB - TECHNIC-TOYS.com\" \/>\n<meta property=\"og:description\" content=\"dimom in zvokom, kovinskimi zobniki\" \/>\n<meta property=\"og:url\" content=\"https:\/\/www.technic-toys.com\/izdelek\/t-72-116-advanced-line-ir-bb\/\" \/>\n<meta property=\"og:site_name\" content=\"TECHNIC-TOYS.com\" \/>\n<meta property=\"article:modified_time\" content=\"2024-12-04T18:03:10+00:00\" \/>\n<meta property=\"og:image\" content=\"https:\/\/www.technic-toys.com\/wp-content\/uploads\/2022\/04\/23120.jpg\" \/>\n\t<meta property=\"og:image:width\" content=\"2560\" \/>\n\t<meta property=\"og:image:height\" content=\"1468\" \/>\n\t<meta property=\"og:image:type\" content=\"image\/jpeg\" \/>\n<meta name=\"twitter:card\" content=\"summary_large_image\" \/>\n<meta name=\"twitter:label1\" content=\"Est. reading time\" \/>\n\t<meta name=\"twitter:data1\" content=\"3 minutes\" \/>\n<script type=\"application\/ld+json\" class=\"yoast-schema-graph\">{\"@context\":\"https:\/\/schema.org\",\"@graph\":[{\"@type\":\"WebPage\",\"@id\":\"https:\/\/www.technic-toys.com\/izdelek\/t-72-116-advanced-line-ir-bb\/\",\"url\":\"https:\/\/www.technic-toys.com\/izdelek\/t-72-116-advanced-line-ir-bb\/\",\"name\":\"T-72 1:16 Advanced Line IR\/BB - TECHNIC-TOYS.com\",\"isPartOf\":{\"@id\":\"https:\/\/www.technic-toys.com\/en\/#website\"},\"datePublished\":\"2022-04-08T15:13:12+00:00\",\"dateModified\":\"2024-12-04T18:03:10+00:00\",\"breadcrumb\":{\"@id\":\"https:\/\/www.technic-toys.com\/izdelek\/t-72-116-advanced-line-ir-bb\/#breadcrumb\"},\"inLanguage\":\"en-US\",\"potentialAction\":[{\"@type\":\"ReadAction\",\"target\":[\"https:\/\/www.technic-toys.com\/izdelek\/t-72-116-advanced-line-ir-bb\/\"]}]},{\"@type\":\"BreadcrumbList\",\"@id\":\"https:\/\/www.technic-toys.com\/izdelek\/t-72-116-advanced-line-ir-bb\/#breadcrumb\",\"itemListElement\":[{\"@type\":\"ListItem\",\"position\":1,\"name\":\"Domov\",\"item\":\"https:\/\/www.technic-toys.com\/en\/\"},{\"@type\":\"ListItem\",\"position\":2,\"name\":\"Shop\",\"item\":\"https:\/\/www.technic-toys.com\/en\/shop-2\/\"},{\"@type\":\"ListItem\",\"position\":3,\"name\":\"T-72 1:16 Advanced Line IR\/BB\"}]},{\"@type\":\"WebSite\",\"@id\":\"https:\/\/www.technic-toys.com\/en\/#website\",\"url\":\"https:\/\/www.technic-toys.com\/en\/\",\"name\":\"TECHNIC-TOYS.com\",\"description\":\"\",\"potentialAction\":[{\"@type\":\"SearchAction\",\"target\":{\"@type\":\"EntryPoint\",\"urlTemplate\":\"https:\/\/www.technic-toys.com\/en\/?s={search_term_string}\"},\"query-input\":\"required name=search_term_string\"}],\"inLanguage\":\"en-US\"}]}<\/script>\n<!-- \/ Yoast SEO plugin. -->","yoast_head_json":{"title":"T-72 1:16 Advanced Line IR\/BB - TECHNIC-TOYS.com","robots":{"index":"index","follow":"follow","max-snippet":"max-snippet:-1","max-image-preview":"max-image-preview:large","max-video-preview":"max-video-preview:-1"},"canonical":"https:\/\/www.technic-toys.com\/izdelek\/t-72-116-advanced-line-ir-bb\/","og_locale":"en_US","og_type":"article","og_title":"T-72 1:16 Advanced Line IR\/BB - TECHNIC-TOYS.com","og_description":"dimom in zvokom, kovinskimi zobniki","og_url":"https:\/\/www.technic-toys.com\/izdelek\/t-72-116-advanced-line-ir-bb\/","og_site_name":"TECHNIC-TOYS.com","article_modified_time":"2024-12-04T18:03:10+00:00","og_image":[{"width":2560,"height":1468,"url":"https:\/\/www.technic-toys.com\/wp-content\/uploads\/2022\/04\/23120.jpg","type":"image\/jpeg"}],"twitter_card":"summary_large_image","twitter_misc":{"Est. reading time":"3 minutes"},"schema":{"@context":"https:\/\/schema.org","@graph":[{"@type":"WebPage","@id":"https:\/\/www.technic-toys.com\/izdelek\/t-72-116-advanced-line-ir-bb\/","url":"https:\/\/www.technic-toys.com\/izdelek\/t-72-116-advanced-line-ir-bb\/","name":"T-72 1:16 Advanced Line IR\/BB - TECHNIC-TOYS.com","isPartOf":{"@id":"https:\/\/www.technic-toys.com\/en\/#website"},"datePublished":"2022-04-08T15:13:12+00:00","dateModified":"2024-12-04T18:03:10+00:00","breadcrumb":{"@id":"https:\/\/www.technic-toys.com\/izdelek\/t-72-116-advanced-line-ir-bb\/#breadcrumb"},"inLanguage":"en-US","potentialAction":[{"@type":"ReadAction","target":["https:\/\/www.technic-toys.com\/izdelek\/t-72-116-advanced-line-ir-bb\/"]}]},{"@type":"BreadcrumbList","@id":"https:\/\/www.technic-toys.com\/izdelek\/t-72-116-advanced-line-ir-bb\/#breadcrumb","itemListElement":[{"@type":"ListItem","position":1,"name":"Domov","item":"https:\/\/www.technic-toys.com\/en\/"},{"@type":"ListItem","position":2,"name":"Shop","item":"https:\/\/www.technic-toys.com\/en\/shop-2\/"},{"@type":"ListItem","position":3,"name":"T-72 1:16 Advanced Line IR\/BB"}]},{"@type":"WebSite","@id":"https:\/\/www.technic-toys.com\/en\/#website","url":"https:\/\/www.technic-toys.com\/en\/","name":"TECHNIC-TOYS.com","description":"","potentialAction":[{"@type":"SearchAction","target":{"@type":"EntryPoint","urlTemplate":"https:\/\/www.technic-toys.com\/en\/?s={search_term_string}"},"query-input":"required name=search_term_string"}],"inLanguage":"en-US"}]}},"_links":{"self":[{"href":"https:\/\/www.technic-toys.com\/en\/wp-json\/wp\/v2\/product\/16658"}],"collection":[{"href":"https:\/\/www.technic-toys.com\/en\/wp-json\/wp\/v2\/product"}],"about":[{"href":"https:\/\/www.technic-toys.com\/en\/wp-json\/wp\/v2\/types\/product"}],"wp:featuredmedia":[{"embeddable":true,"href":"https:\/\/www.technic-toys.com\/en\/wp-json\/wp\/v2\/media\/16659"}],"wp:attachment":[{"href":"https:\/\/www.technic-toys.com\/en\/wp-json\/wp\/v2\/media?parent=16658"}],"wp:term":[{"taxonomy":"product_cat","embeddable":true,"href":"https:\/\/www.technic-toys.com\/en\/wp-json\/wp\/v2\/product_cat?post=16658"},{"taxonomy":"product_tag","embeddable":true,"href":"https:\/\/www.technic-toys.com\/en\/wp-json\/wp\/v2\/product_tag?post=16658"}],"curies":[{"name":"wp","href":"https:\/\/api.w.org\/{rel}","templated":true}]}}