{"id":16705,"date":"2022-04-08T17:13:12","date_gmt":"2022-04-08T15:13:12","guid":{"rendered":"https:\/\/www.technic-toys.com\/izdelek\/kv2-116-standardna-linija-ir-bb\/"},"modified":"2024-12-04T19:03:11","modified_gmt":"2024-12-04T18:03:11","slug":"kv2-116-standardna-linija-ir-bb","status":"publish","type":"product","link":"https:\/\/www.technic-toys.com\/en\/izdelek\/kv2-116-standardna-linija-ir-bb\/","title":{"rendered":"KV2 1:16 Standardna linija IR\/BB"},"content":{"rendered":"<p>KV-2 (rusko K\u0412-2), poimenovan po ministru za obrambo v \u010dasu uvedbe serije KV, mar\u0161alu Klimentu Jefremovi\u010du Voro\u0161ilovu, je bil sovjetski te\u017eki tank, ki je slu\u017eil v drugi svetovni vojni od 1941 do 1942.<br \/>\nKV-2 je bil razvit na \u0161asiji KV-1, ko je sovjetski general\u0161tab zahteval tank s te\u017eko oboro\u017eitvijo za napad na utrjene polo\u017eaje in bunkerje. Da bi izpolnili to zahtevo, je bila kupola mo\u010dno pove\u010dana, da bi lahko sprejela skraj\u0161ano topni\u0161ko pu\u0161ko kalibra 152 mm. Visoka silhueta vozila je zdaj zahtevala pove\u010dan oklep na kupoli, da bi lahko vzdr\u017eala pri\u010dakovano mo\u010dno obstreljevanje. Bojna te\u017ea KW-2 se je pove\u010dala na 57 ton, njegova najve\u010dja hitrost pa je padla pod 30 km\/h. Edina sovjetska razli\u010dica KV-2 je bila KV-2b, ki ni temeljila na \u0161asiji KV-1, ampak na \u0161asiji izbolj\u0161anega KV-1A.<\/p>\n<p>Izdaja AMEWI je zvesta replika v merilu 1:16. To je razli\u010dica RTR (Ready-To-Run) v najnovej\u0161i razli\u010dici (Electronics TK 7.0) in je opremljena z zaprtim menjalnikom in kovinskimi nihajnimi rokami za kolesa. Rezervoar ima tudi funkcijo dima in zvoka. Dostava poteka v visokokakovostni tiskani \u0161katli z ustreznim stiropornim jedrom. Vsak rezervoar je pred dostavo testiran glede funkcionalnosti in popolnosti. Prilo\u017een je kontrolni seznam. V obseg dobave je vklju\u010den tudi infrarde\u010di bojni modul, ki omogo\u010da vznemirljive dvoboje z drugimi modeli serije AMEWI Standard, Advanced ali Pro. V primeru neposrednega zadetka z infrarde\u010dim mitraljezom se zadeti tank zatrese in tako ka\u017ee na zadetek. Rezervoar je mogo\u010de upravljati ob\u010dutljivo in model navdu\u0161uje z resni\u010dnimi izvirnimi zvoki in \u0161tevilnimi funkcijami. Poleg infrarde\u010dega bojnega modula ima tank KV-2 tudi sistem streljanja 6 mm BB preko glavne pu\u0161ke (topa). Vse funkcije je mogo\u010de nadzorovati popolnoma sorazmerno. Preko oddajnika lahko nastavite dva razli\u010dna zvoka motorja.<\/p>\n<p>Funkcije:<br \/>\nNaprej\/nazaj<br \/>\nLevo\/desno<br \/>\nStopolo gor\/dol<br \/>\nVrtenje kupole&lt; br \/&gt;Funkcija streljanja<br \/>\nDim in zvok<br \/>\nInfrarde\u010di modul za streljanje<\/p>\n<p>Poudarki:<br \/>\nPodroben model: Visoka stopnja obsega zahvaljujo\u010d \u0161tevilnim nastavkom in dodatki<br \/>\nInkapsulirana prestava: Za popoln prenos mo\u010di z zmogljivih motorjev na verige<br \/>\nKovinska nihala na valjih: Zagotovite ve\u010djo stabilnost in vzdr\u017eljivost pogona<\/p>\n<p>Druge lastnosti:<br \/>\nVelik Li- Ionska baterija za dalj\u0161i \u010das vo\u017enje in konstantno zmogljivost<br \/>\nPrilo\u017een je primeren Li-Ion\/Li-Po polnilnik 220V<br \/>\nPrilo\u017eeno dimno olje in 6mm BB izstrelki<br \/>\nSodoben 2,4GHz krmilni sistem s \u0161tevilnimi dodatnimi funkcijami<br \/>\nNajnovej\u0161a elektronika (TK7.0)<\/p>\n<p>Tehni\u010dni podatki:<br \/>\nMerilo: 1:16<br \/>\nDol\u017eina s topom: 430mm<br \/>\nDol\u017eina brez topa: 415mm<br \/>\n\u0160irina: 210 mm<br \/>\nVi\u0161ina: 200 mm<br \/>\nTe\u017ea: 2319 g brez baterije<br \/>\n\u010cas vo\u017enje: pribli\u017eno 20 minut<br \/>\n\u010cas polnjenja: pribli\u017eno 3 ure<br \/>\nDim in zvok (zvok se lahko spremeni)<br \/>\nInkapsuliran menjalnik<br \/>\nKovinske roke\/nihajne roke za kolesa&lt; br \/&gt;Infrarde\u010di bojni modul&lt; br \/&gt;Funkcija dimljenja: uporaba dimnega olja (upo\u0161tevajte koli\u010dino polnjenja!)<br \/>\nBaterija: Li-Ion 2S 7.4V 1800mAh, 93g, 68x37x22mm, Tamiya vti\u010d<br \/>\nPolilec 2S Li Po \/ Li-Ion polnilnik za uravnote\u017eenje z 850 mAh&lt; br \/&gt;Nadzor: 2,4GHz<br \/>\nElektronika: TK 7.0<\/p>\n<p>Obseg dobave:<br \/>\nModel<br \/>\nOddajnik<br \/>\nAkumulator<br \/>\npolnilec 220V<br \/>\nPriklju\u010dki<br \/>\nDimno olje<br \/>\n6 mm BB kroglice<br \/>\nNavodila DE\/EN<\/p>\n<p>Potreben pribor:<br \/>\n6x 1,5 V Mignon AA baterije za daljinski upravljalnik<\/p>\n","protected":false},"excerpt":{"rendered":"<p>Dim in zvok<\/p>\n","protected":false},"featured_media":16706,"template":"","meta":[],"product_cat":[374,365],"product_tag":[],"acf":[],"yoast_head":"<!-- This site is optimized with the Yoast SEO plugin v21.7 - https:\/\/yoast.com\/wordpress\/plugins\/seo\/ -->\n<title>KV2 1:16 Standardna linija IR\/BB - TECHNIC-TOYS.com<\/title>\n<meta name=\"robots\" content=\"index, follow, max-snippet:-1, max-image-preview:large, max-video-preview:-1\" \/>\n<link rel=\"canonical\" href=\"https:\/\/www.technic-toys.com\/izdelek\/kv2-116-standardna-linija-ir-bb\/\" \/>\n<meta property=\"og:locale\" content=\"en_US\" \/>\n<meta property=\"og:type\" content=\"article\" \/>\n<meta property=\"og:title\" content=\"KV2 1:16 Standardna linija IR\/BB - TECHNIC-TOYS.com\" \/>\n<meta property=\"og:description\" content=\"Dim in zvok\" \/>\n<meta property=\"og:url\" content=\"https:\/\/www.technic-toys.com\/izdelek\/kv2-116-standardna-linija-ir-bb\/\" \/>\n<meta property=\"og:site_name\" content=\"TECHNIC-TOYS.com\" \/>\n<meta property=\"article:modified_time\" content=\"2024-12-04T18:03:11+00:00\" \/>\n<meta property=\"og:image\" content=\"https:\/\/www.technic-toys.com\/wp-content\/uploads\/2022\/04\/23122.jpg\" \/>\n\t<meta property=\"og:image:width\" content=\"2560\" \/>\n\t<meta property=\"og:image:height\" content=\"1468\" \/>\n\t<meta property=\"og:image:type\" content=\"image\/jpeg\" \/>\n<meta name=\"twitter:card\" content=\"summary_large_image\" \/>\n<meta name=\"twitter:label1\" content=\"Est. reading time\" \/>\n\t<meta name=\"twitter:data1\" content=\"3 minutes\" \/>\n<script type=\"application\/ld+json\" class=\"yoast-schema-graph\">{\"@context\":\"https:\/\/schema.org\",\"@graph\":[{\"@type\":\"WebPage\",\"@id\":\"https:\/\/www.technic-toys.com\/izdelek\/kv2-116-standardna-linija-ir-bb\/\",\"url\":\"https:\/\/www.technic-toys.com\/izdelek\/kv2-116-standardna-linija-ir-bb\/\",\"name\":\"KV2 1:16 Standardna linija IR\/BB - TECHNIC-TOYS.com\",\"isPartOf\":{\"@id\":\"https:\/\/www.technic-toys.com\/en\/#website\"},\"datePublished\":\"2022-04-08T15:13:12+00:00\",\"dateModified\":\"2024-12-04T18:03:11+00:00\",\"breadcrumb\":{\"@id\":\"https:\/\/www.technic-toys.com\/izdelek\/kv2-116-standardna-linija-ir-bb\/#breadcrumb\"},\"inLanguage\":\"en-US\",\"potentialAction\":[{\"@type\":\"ReadAction\",\"target\":[\"https:\/\/www.technic-toys.com\/izdelek\/kv2-116-standardna-linija-ir-bb\/\"]}]},{\"@type\":\"BreadcrumbList\",\"@id\":\"https:\/\/www.technic-toys.com\/izdelek\/kv2-116-standardna-linija-ir-bb\/#breadcrumb\",\"itemListElement\":[{\"@type\":\"ListItem\",\"position\":1,\"name\":\"Domov\",\"item\":\"https:\/\/www.technic-toys.com\/en\/\"},{\"@type\":\"ListItem\",\"position\":2,\"name\":\"Shop\",\"item\":\"https:\/\/www.technic-toys.com\/en\/shop-2\/\"},{\"@type\":\"ListItem\",\"position\":3,\"name\":\"KV2 1:16 Standardna linija IR\/BB\"}]},{\"@type\":\"WebSite\",\"@id\":\"https:\/\/www.technic-toys.com\/en\/#website\",\"url\":\"https:\/\/www.technic-toys.com\/en\/\",\"name\":\"TECHNIC-TOYS.com\",\"description\":\"\",\"potentialAction\":[{\"@type\":\"SearchAction\",\"target\":{\"@type\":\"EntryPoint\",\"urlTemplate\":\"https:\/\/www.technic-toys.com\/en\/?s={search_term_string}\"},\"query-input\":\"required name=search_term_string\"}],\"inLanguage\":\"en-US\"}]}<\/script>\n<!-- \/ Yoast SEO plugin. -->","yoast_head_json":{"title":"KV2 1:16 Standardna linija IR\/BB - TECHNIC-TOYS.com","robots":{"index":"index","follow":"follow","max-snippet":"max-snippet:-1","max-image-preview":"max-image-preview:large","max-video-preview":"max-video-preview:-1"},"canonical":"https:\/\/www.technic-toys.com\/izdelek\/kv2-116-standardna-linija-ir-bb\/","og_locale":"en_US","og_type":"article","og_title":"KV2 1:16 Standardna linija IR\/BB - TECHNIC-TOYS.com","og_description":"Dim in zvok","og_url":"https:\/\/www.technic-toys.com\/izdelek\/kv2-116-standardna-linija-ir-bb\/","og_site_name":"TECHNIC-TOYS.com","article_modified_time":"2024-12-04T18:03:11+00:00","og_image":[{"width":2560,"height":1468,"url":"https:\/\/www.technic-toys.com\/wp-content\/uploads\/2022\/04\/23122.jpg","type":"image\/jpeg"}],"twitter_card":"summary_large_image","twitter_misc":{"Est. reading time":"3 minutes"},"schema":{"@context":"https:\/\/schema.org","@graph":[{"@type":"WebPage","@id":"https:\/\/www.technic-toys.com\/izdelek\/kv2-116-standardna-linija-ir-bb\/","url":"https:\/\/www.technic-toys.com\/izdelek\/kv2-116-standardna-linija-ir-bb\/","name":"KV2 1:16 Standardna linija IR\/BB - TECHNIC-TOYS.com","isPartOf":{"@id":"https:\/\/www.technic-toys.com\/en\/#website"},"datePublished":"2022-04-08T15:13:12+00:00","dateModified":"2024-12-04T18:03:11+00:00","breadcrumb":{"@id":"https:\/\/www.technic-toys.com\/izdelek\/kv2-116-standardna-linija-ir-bb\/#breadcrumb"},"inLanguage":"en-US","potentialAction":[{"@type":"ReadAction","target":["https:\/\/www.technic-toys.com\/izdelek\/kv2-116-standardna-linija-ir-bb\/"]}]},{"@type":"BreadcrumbList","@id":"https:\/\/www.technic-toys.com\/izdelek\/kv2-116-standardna-linija-ir-bb\/#breadcrumb","itemListElement":[{"@type":"ListItem","position":1,"name":"Domov","item":"https:\/\/www.technic-toys.com\/en\/"},{"@type":"ListItem","position":2,"name":"Shop","item":"https:\/\/www.technic-toys.com\/en\/shop-2\/"},{"@type":"ListItem","position":3,"name":"KV2 1:16 Standardna linija IR\/BB"}]},{"@type":"WebSite","@id":"https:\/\/www.technic-toys.com\/en\/#website","url":"https:\/\/www.technic-toys.com\/en\/","name":"TECHNIC-TOYS.com","description":"","potentialAction":[{"@type":"SearchAction","target":{"@type":"EntryPoint","urlTemplate":"https:\/\/www.technic-toys.com\/en\/?s={search_term_string}"},"query-input":"required name=search_term_string"}],"inLanguage":"en-US"}]}},"_links":{"self":[{"href":"https:\/\/www.technic-toys.com\/en\/wp-json\/wp\/v2\/product\/16705"}],"collection":[{"href":"https:\/\/www.technic-toys.com\/en\/wp-json\/wp\/v2\/product"}],"about":[{"href":"https:\/\/www.technic-toys.com\/en\/wp-json\/wp\/v2\/types\/product"}],"wp:featuredmedia":[{"embeddable":true,"href":"https:\/\/www.technic-toys.com\/en\/wp-json\/wp\/v2\/media\/16706"}],"wp:attachment":[{"href":"https:\/\/www.technic-toys.com\/en\/wp-json\/wp\/v2\/media?parent=16705"}],"wp:term":[{"taxonomy":"product_cat","embeddable":true,"href":"https:\/\/www.technic-toys.com\/en\/wp-json\/wp\/v2\/product_cat?post=16705"},{"taxonomy":"product_tag","embeddable":true,"href":"https:\/\/www.technic-toys.com\/en\/wp-json\/wp\/v2\/product_tag?post=16705"}],"curies":[{"name":"wp","href":"https:\/\/api.w.org\/{rel}","templated":true}]}}