{"id":16786,"date":"2022-04-08T17:13:12","date_gmt":"2022-04-08T15:13:12","guid":{"rendered":"https:\/\/www.technic-toys.com\/izdelek\/t-34-mentorn-brezkrtacni-4-kanalni-sw-880-mm-450-g\/"},"modified":"2024-12-04T19:03:13","modified_gmt":"2024-12-04T18:03:13","slug":"t-34-mentorn-brezkrtacni-4-kanalni-sw-880-mm-450-g","status":"publish","type":"product","link":"https:\/\/www.technic-toys.com\/en\/izdelek\/t-34-mentorn-brezkrtacni-4-kanalni-sw-880-mm-450-g\/","title":{"rendered":"T-34 Mentorn brezkrta\u010dni 4 kanalni \/ SW 880 mm \/ 450 g"},"content":{"rendered":"<p>T-34 Mentor je bilo v petdesetih letih prej\u0161njega stoletja najpogosteje uporabljeno izobra\u017eevalno letalo ameri\u0161kih letalskih sil. Model temelji na izbolj\u0161ani razli\u010dici T-34. Krila velike povr\u0161ine dajejo modelu odli\u010dno stabilnost in zelo dobre akrobatske lastnosti.Model je najsodobnej\u0161i z brezkrta\u010dnim motorjem in litij-polimernim akumulatorjem. Trup in krila so izdelani iz Skyfoam, zelo odporne in lahke pene, ki v\u010dasih odpu\u0161\u010da trde pristanek Tehni\u010dni podatki: Model: T-34 Mentor Tip motorja: 2830 Out-Runner brezkrta\u010dni motor Napajanje: 11.1V 1200 mAh Li-polimer baterija Dol\u017eina: 760 mm Razpon kril: 880 mm Povr\u0161ina kril: pribli\u017eno 15 g\/dm2 Obremenitev kril: pribli\u017eno 30 g\/dm2 Te\u017ea leta: 450 g Trajanje leta: pribli\u017eno 10 min Daljinski upravljalnik: 4-kanalni profesionalni daljinski upravljalnik Funkcije RC<\/p>\n","protected":false},"excerpt":{"rendered":"<p>T-34 Mentor je bilo v petdesetih letih prej\u0161njega stoletja najpogosteje uporabljeno izobra\u017eevalno letalo ameri\u0161kih letalskih sil. Model temelji na izbolj\u0161ani razli\u010dici T-34. Krila velike povr\u0161ine dajejo modelu odli\u010dno stabilnost in zelo dobre akrobatske lastnosti.Model je najsodobnej\u0161i z brezkrta\u010dnim motorjem in litij-polimernim akumulatorjem. Trup in krila so izdelani iz Skyfoam, zelo odporne in lahke pene, ki [&hellip;]<\/p>\n","protected":false},"featured_media":0,"template":"","meta":[],"product_cat":[362,378],"product_tag":[],"acf":[],"yoast_head":"<!-- This site is optimized with the Yoast SEO plugin v21.7 - https:\/\/yoast.com\/wordpress\/plugins\/seo\/ -->\n<title>T-34 Mentorn brezkrta\u010dni 4 kanalni \/ SW 880 mm \/ 450 g - TECHNIC-TOYS.com<\/title>\n<meta name=\"robots\" content=\"index, follow, max-snippet:-1, max-image-preview:large, max-video-preview:-1\" \/>\n<link rel=\"canonical\" href=\"https:\/\/www.technic-toys.com\/izdelek\/t-34-mentorn-brezkrtacni-4-kanalni-sw-880-mm-450-g\/\" \/>\n<meta property=\"og:locale\" content=\"en_US\" \/>\n<meta property=\"og:type\" content=\"article\" \/>\n<meta property=\"og:title\" content=\"T-34 Mentorn brezkrta\u010dni 4 kanalni \/ SW 880 mm \/ 450 g - TECHNIC-TOYS.com\" \/>\n<meta property=\"og:description\" content=\"T-34 Mentor je bilo v petdesetih letih prej\u0161njega stoletja najpogosteje uporabljeno izobra\u017eevalno letalo ameri\u0161kih letalskih sil. Model temelji na izbolj\u0161ani razli\u010dici T-34. Krila velike povr\u0161ine dajejo modelu odli\u010dno stabilnost in zelo dobre akrobatske lastnosti.Model je najsodobnej\u0161i z brezkrta\u010dnim motorjem in litij-polimernim akumulatorjem. Trup in krila so izdelani iz Skyfoam, zelo odporne in lahke pene, ki [&hellip;]\" \/>\n<meta property=\"og:url\" content=\"https:\/\/www.technic-toys.com\/izdelek\/t-34-mentorn-brezkrtacni-4-kanalni-sw-880-mm-450-g\/\" \/>\n<meta property=\"og:site_name\" content=\"TECHNIC-TOYS.com\" \/>\n<meta property=\"article:modified_time\" content=\"2024-12-04T18:03:13+00:00\" \/>\n<meta name=\"twitter:card\" content=\"summary_large_image\" \/>\n<meta name=\"twitter:label1\" content=\"Est. reading time\" \/>\n\t<meta name=\"twitter:data1\" content=\"1 minute\" \/>\n<script type=\"application\/ld+json\" class=\"yoast-schema-graph\">{\"@context\":\"https:\/\/schema.org\",\"@graph\":[{\"@type\":\"WebPage\",\"@id\":\"https:\/\/www.technic-toys.com\/izdelek\/t-34-mentorn-brezkrtacni-4-kanalni-sw-880-mm-450-g\/\",\"url\":\"https:\/\/www.technic-toys.com\/izdelek\/t-34-mentorn-brezkrtacni-4-kanalni-sw-880-mm-450-g\/\",\"name\":\"T-34 Mentorn brezkrta\u010dni 4 kanalni \/ SW 880 mm \/ 450 g - TECHNIC-TOYS.com\",\"isPartOf\":{\"@id\":\"https:\/\/www.technic-toys.com\/en\/#website\"},\"datePublished\":\"2022-04-08T15:13:12+00:00\",\"dateModified\":\"2024-12-04T18:03:13+00:00\",\"breadcrumb\":{\"@id\":\"https:\/\/www.technic-toys.com\/izdelek\/t-34-mentorn-brezkrtacni-4-kanalni-sw-880-mm-450-g\/#breadcrumb\"},\"inLanguage\":\"en-US\",\"potentialAction\":[{\"@type\":\"ReadAction\",\"target\":[\"https:\/\/www.technic-toys.com\/izdelek\/t-34-mentorn-brezkrtacni-4-kanalni-sw-880-mm-450-g\/\"]}]},{\"@type\":\"BreadcrumbList\",\"@id\":\"https:\/\/www.technic-toys.com\/izdelek\/t-34-mentorn-brezkrtacni-4-kanalni-sw-880-mm-450-g\/#breadcrumb\",\"itemListElement\":[{\"@type\":\"ListItem\",\"position\":1,\"name\":\"Domov\",\"item\":\"https:\/\/www.technic-toys.com\/en\/\"},{\"@type\":\"ListItem\",\"position\":2,\"name\":\"Shop\",\"item\":\"https:\/\/www.technic-toys.com\/en\/shop-2\/\"},{\"@type\":\"ListItem\",\"position\":3,\"name\":\"T-34 Mentorn brezkrta\u010dni 4 kanalni \/ SW 880 mm \/ 450 g\"}]},{\"@type\":\"WebSite\",\"@id\":\"https:\/\/www.technic-toys.com\/en\/#website\",\"url\":\"https:\/\/www.technic-toys.com\/en\/\",\"name\":\"TECHNIC-TOYS.com\",\"description\":\"\",\"potentialAction\":[{\"@type\":\"SearchAction\",\"target\":{\"@type\":\"EntryPoint\",\"urlTemplate\":\"https:\/\/www.technic-toys.com\/en\/?s={search_term_string}\"},\"query-input\":\"required name=search_term_string\"}],\"inLanguage\":\"en-US\"}]}<\/script>\n<!-- \/ Yoast SEO plugin. -->","yoast_head_json":{"title":"T-34 Mentorn brezkrta\u010dni 4 kanalni \/ SW 880 mm \/ 450 g - TECHNIC-TOYS.com","robots":{"index":"index","follow":"follow","max-snippet":"max-snippet:-1","max-image-preview":"max-image-preview:large","max-video-preview":"max-video-preview:-1"},"canonical":"https:\/\/www.technic-toys.com\/izdelek\/t-34-mentorn-brezkrtacni-4-kanalni-sw-880-mm-450-g\/","og_locale":"en_US","og_type":"article","og_title":"T-34 Mentorn brezkrta\u010dni 4 kanalni \/ SW 880 mm \/ 450 g - TECHNIC-TOYS.com","og_description":"T-34 Mentor je bilo v petdesetih letih prej\u0161njega stoletja najpogosteje uporabljeno izobra\u017eevalno letalo ameri\u0161kih letalskih sil. Model temelji na izbolj\u0161ani razli\u010dici T-34. Krila velike povr\u0161ine dajejo modelu odli\u010dno stabilnost in zelo dobre akrobatske lastnosti.Model je najsodobnej\u0161i z brezkrta\u010dnim motorjem in litij-polimernim akumulatorjem. Trup in krila so izdelani iz Skyfoam, zelo odporne in lahke pene, ki [&hellip;]","og_url":"https:\/\/www.technic-toys.com\/izdelek\/t-34-mentorn-brezkrtacni-4-kanalni-sw-880-mm-450-g\/","og_site_name":"TECHNIC-TOYS.com","article_modified_time":"2024-12-04T18:03:13+00:00","twitter_card":"summary_large_image","twitter_misc":{"Est. reading time":"1 minute"},"schema":{"@context":"https:\/\/schema.org","@graph":[{"@type":"WebPage","@id":"https:\/\/www.technic-toys.com\/izdelek\/t-34-mentorn-brezkrtacni-4-kanalni-sw-880-mm-450-g\/","url":"https:\/\/www.technic-toys.com\/izdelek\/t-34-mentorn-brezkrtacni-4-kanalni-sw-880-mm-450-g\/","name":"T-34 Mentorn brezkrta\u010dni 4 kanalni \/ SW 880 mm \/ 450 g - TECHNIC-TOYS.com","isPartOf":{"@id":"https:\/\/www.technic-toys.com\/en\/#website"},"datePublished":"2022-04-08T15:13:12+00:00","dateModified":"2024-12-04T18:03:13+00:00","breadcrumb":{"@id":"https:\/\/www.technic-toys.com\/izdelek\/t-34-mentorn-brezkrtacni-4-kanalni-sw-880-mm-450-g\/#breadcrumb"},"inLanguage":"en-US","potentialAction":[{"@type":"ReadAction","target":["https:\/\/www.technic-toys.com\/izdelek\/t-34-mentorn-brezkrtacni-4-kanalni-sw-880-mm-450-g\/"]}]},{"@type":"BreadcrumbList","@id":"https:\/\/www.technic-toys.com\/izdelek\/t-34-mentorn-brezkrtacni-4-kanalni-sw-880-mm-450-g\/#breadcrumb","itemListElement":[{"@type":"ListItem","position":1,"name":"Domov","item":"https:\/\/www.technic-toys.com\/en\/"},{"@type":"ListItem","position":2,"name":"Shop","item":"https:\/\/www.technic-toys.com\/en\/shop-2\/"},{"@type":"ListItem","position":3,"name":"T-34 Mentorn brezkrta\u010dni 4 kanalni \/ SW 880 mm \/ 450 g"}]},{"@type":"WebSite","@id":"https:\/\/www.technic-toys.com\/en\/#website","url":"https:\/\/www.technic-toys.com\/en\/","name":"TECHNIC-TOYS.com","description":"","potentialAction":[{"@type":"SearchAction","target":{"@type":"EntryPoint","urlTemplate":"https:\/\/www.technic-toys.com\/en\/?s={search_term_string}"},"query-input":"required name=search_term_string"}],"inLanguage":"en-US"}]}},"_links":{"self":[{"href":"https:\/\/www.technic-toys.com\/en\/wp-json\/wp\/v2\/product\/16786"}],"collection":[{"href":"https:\/\/www.technic-toys.com\/en\/wp-json\/wp\/v2\/product"}],"about":[{"href":"https:\/\/www.technic-toys.com\/en\/wp-json\/wp\/v2\/types\/product"}],"wp:attachment":[{"href":"https:\/\/www.technic-toys.com\/en\/wp-json\/wp\/v2\/media?parent=16786"}],"wp:term":[{"taxonomy":"product_cat","embeddable":true,"href":"https:\/\/www.technic-toys.com\/en\/wp-json\/wp\/v2\/product_cat?post=16786"},{"taxonomy":"product_tag","embeddable":true,"href":"https:\/\/www.technic-toys.com\/en\/wp-json\/wp\/v2\/product_tag?post=16786"}],"curies":[{"name":"wp","href":"https:\/\/api.w.org\/{rel}","templated":true}]}}