{"id":16885,"date":"2022-04-08T17:13:12","date_gmt":"2022-04-08T15:13:12","guid":{"rendered":"https:\/\/www.technic-toys.com\/izdelek\/swift-4-kanalno-letalo-s-kanalskim-ventilatorjem-1200-mm-artf\/"},"modified":"2024-12-04T19:03:16","modified_gmt":"2024-12-04T18:03:16","slug":"swift-4-kanalno-letalo-s-kanalskim-ventilatorjem-1200-mm-artf","status":"publish","type":"product","link":"https:\/\/www.technic-toys.com\/en\/izdelek\/swift-4-kanalno-letalo-s-kanalskim-ventilatorjem-1200-mm-artf\/","title":{"rendered":"Jadrilica SWIFT 4-kanalno letalo s kanalskim ventilatorjem 1200 mm ARTF"},"content":{"rendered":"<p>Swift turbinsko jadralno letalo v mini formatu. To elektri\u010dno turbinsko jadralno letalo je opremljeno z rotorjem 4S. Zahvaljujo\u010d 8,5 % NACA 009 profiliranju je model zelo hiter. Zmogljivost vzpona je navpi\u010dna. Drsne lastnosti so izjemne za model iz pene. Kljub temu ostaja dobra narava skozi izbrane povr\u0161ine in repni profil, tako da se vsakodnevni piloti zlahka spopadejo s Swiftom. Za pristanek je mogo\u010de krilce dvigniti in dodati globino, tako da so mo\u017eni tudi pristanki na ne tako velikih povr\u0161inah. Tehni\u010dni podatki: Razpon: 1200 mm Dol\u017eina: 1016 mm Te\u017ea (brez baterije) 950 g Profil povr\u0161ine: NACA 009ESC: 40AServo: 4 x, digitalno. Metal gear, po 9 g. Obseg dobave: ESC, servomotorji, potrebni dodatki: LiPo baterija 4S 14.8V 2500mAH-3000mAH 4-kanalni daljinski upravljalnik s sprejemnikom<\/p>\n","protected":false},"excerpt":{"rendered":"<p>Swift turbinsko jadralno letalo v mini formatu. To elektri\u010dno turbinsko jadralno letalo je opremljeno z rotorjem 4S. Zahvaljujo\u010d 8,5 % NACA 009 profiliranju je model zelo hiter. Zmogljivost vzpona je navpi\u010dna. Drsne lastnosti so izjemne za model iz pene. Kljub temu ostaja dobra narava skozi izbrane povr\u0161ine in repni profil, tako da se vsakodnevni piloti [&hellip;]<\/p>\n","protected":false},"featured_media":16886,"template":"","meta":[],"product_cat":[362,379],"product_tag":[],"acf":[],"yoast_head":"<!-- This site is optimized with the Yoast SEO plugin v21.7 - https:\/\/yoast.com\/wordpress\/plugins\/seo\/ -->\n<title>Jadrilica SWIFT 4-kanalno letalo s kanalskim ventilatorjem 1200 mm ARTF - TECHNIC-TOYS.com<\/title>\n<meta name=\"robots\" content=\"index, follow, max-snippet:-1, max-image-preview:large, max-video-preview:-1\" \/>\n<link rel=\"canonical\" href=\"https:\/\/www.technic-toys.com\/izdelek\/swift-4-kanalno-letalo-s-kanalskim-ventilatorjem-1200-mm-artf\/\" \/>\n<meta property=\"og:locale\" content=\"en_US\" \/>\n<meta property=\"og:type\" content=\"article\" \/>\n<meta property=\"og:title\" content=\"Jadrilica SWIFT 4-kanalno letalo s kanalskim ventilatorjem 1200 mm ARTF - TECHNIC-TOYS.com\" \/>\n<meta property=\"og:description\" content=\"Swift turbinsko jadralno letalo v mini formatu. To elektri\u010dno turbinsko jadralno letalo je opremljeno z rotorjem 4S. Zahvaljujo\u010d 8,5 % NACA 009 profiliranju je model zelo hiter. Zmogljivost vzpona je navpi\u010dna. Drsne lastnosti so izjemne za model iz pene. Kljub temu ostaja dobra narava skozi izbrane povr\u0161ine in repni profil, tako da se vsakodnevni piloti [&hellip;]\" \/>\n<meta property=\"og:url\" content=\"https:\/\/www.technic-toys.com\/izdelek\/swift-4-kanalno-letalo-s-kanalskim-ventilatorjem-1200-mm-artf\/\" \/>\n<meta property=\"og:site_name\" content=\"TECHNIC-TOYS.com\" \/>\n<meta property=\"article:modified_time\" content=\"2024-12-04T18:03:16+00:00\" \/>\n<meta property=\"og:image\" content=\"https:\/\/www.technic-toys.com\/wp-content\/uploads\/2022\/04\/24055.jpg\" \/>\n\t<meta property=\"og:image:width\" content=\"2560\" \/>\n\t<meta property=\"og:image:height\" content=\"1468\" \/>\n\t<meta property=\"og:image:type\" content=\"image\/jpeg\" \/>\n<meta name=\"twitter:card\" content=\"summary_large_image\" \/>\n<meta name=\"twitter:label1\" content=\"Est. reading time\" \/>\n\t<meta name=\"twitter:data1\" content=\"1 minute\" \/>\n<script type=\"application\/ld+json\" class=\"yoast-schema-graph\">{\"@context\":\"https:\/\/schema.org\",\"@graph\":[{\"@type\":\"WebPage\",\"@id\":\"https:\/\/www.technic-toys.com\/izdelek\/swift-4-kanalno-letalo-s-kanalskim-ventilatorjem-1200-mm-artf\/\",\"url\":\"https:\/\/www.technic-toys.com\/izdelek\/swift-4-kanalno-letalo-s-kanalskim-ventilatorjem-1200-mm-artf\/\",\"name\":\"Jadrilica SWIFT 4-kanalno letalo s kanalskim ventilatorjem 1200 mm ARTF - TECHNIC-TOYS.com\",\"isPartOf\":{\"@id\":\"https:\/\/www.technic-toys.com\/en\/#website\"},\"datePublished\":\"2022-04-08T15:13:12+00:00\",\"dateModified\":\"2024-12-04T18:03:16+00:00\",\"breadcrumb\":{\"@id\":\"https:\/\/www.technic-toys.com\/izdelek\/swift-4-kanalno-letalo-s-kanalskim-ventilatorjem-1200-mm-artf\/#breadcrumb\"},\"inLanguage\":\"en-US\",\"potentialAction\":[{\"@type\":\"ReadAction\",\"target\":[\"https:\/\/www.technic-toys.com\/izdelek\/swift-4-kanalno-letalo-s-kanalskim-ventilatorjem-1200-mm-artf\/\"]}]},{\"@type\":\"BreadcrumbList\",\"@id\":\"https:\/\/www.technic-toys.com\/izdelek\/swift-4-kanalno-letalo-s-kanalskim-ventilatorjem-1200-mm-artf\/#breadcrumb\",\"itemListElement\":[{\"@type\":\"ListItem\",\"position\":1,\"name\":\"Domov\",\"item\":\"https:\/\/www.technic-toys.com\/en\/\"},{\"@type\":\"ListItem\",\"position\":2,\"name\":\"Shop\",\"item\":\"https:\/\/www.technic-toys.com\/en\/shop-2\/\"},{\"@type\":\"ListItem\",\"position\":3,\"name\":\"Jadrilica SWIFT 4-kanalno letalo s kanalskim ventilatorjem 1200 mm ARTF\"}]},{\"@type\":\"WebSite\",\"@id\":\"https:\/\/www.technic-toys.com\/en\/#website\",\"url\":\"https:\/\/www.technic-toys.com\/en\/\",\"name\":\"TECHNIC-TOYS.com\",\"description\":\"\",\"potentialAction\":[{\"@type\":\"SearchAction\",\"target\":{\"@type\":\"EntryPoint\",\"urlTemplate\":\"https:\/\/www.technic-toys.com\/en\/?s={search_term_string}\"},\"query-input\":\"required name=search_term_string\"}],\"inLanguage\":\"en-US\"}]}<\/script>\n<!-- \/ Yoast SEO plugin. -->","yoast_head_json":{"title":"Jadrilica SWIFT 4-kanalno letalo s kanalskim ventilatorjem 1200 mm ARTF - TECHNIC-TOYS.com","robots":{"index":"index","follow":"follow","max-snippet":"max-snippet:-1","max-image-preview":"max-image-preview:large","max-video-preview":"max-video-preview:-1"},"canonical":"https:\/\/www.technic-toys.com\/izdelek\/swift-4-kanalno-letalo-s-kanalskim-ventilatorjem-1200-mm-artf\/","og_locale":"en_US","og_type":"article","og_title":"Jadrilica SWIFT 4-kanalno letalo s kanalskim ventilatorjem 1200 mm ARTF - TECHNIC-TOYS.com","og_description":"Swift turbinsko jadralno letalo v mini formatu. To elektri\u010dno turbinsko jadralno letalo je opremljeno z rotorjem 4S. Zahvaljujo\u010d 8,5 % NACA 009 profiliranju je model zelo hiter. Zmogljivost vzpona je navpi\u010dna. Drsne lastnosti so izjemne za model iz pene. Kljub temu ostaja dobra narava skozi izbrane povr\u0161ine in repni profil, tako da se vsakodnevni piloti [&hellip;]","og_url":"https:\/\/www.technic-toys.com\/izdelek\/swift-4-kanalno-letalo-s-kanalskim-ventilatorjem-1200-mm-artf\/","og_site_name":"TECHNIC-TOYS.com","article_modified_time":"2024-12-04T18:03:16+00:00","og_image":[{"width":2560,"height":1468,"url":"https:\/\/www.technic-toys.com\/wp-content\/uploads\/2022\/04\/24055.jpg","type":"image\/jpeg"}],"twitter_card":"summary_large_image","twitter_misc":{"Est. reading time":"1 minute"},"schema":{"@context":"https:\/\/schema.org","@graph":[{"@type":"WebPage","@id":"https:\/\/www.technic-toys.com\/izdelek\/swift-4-kanalno-letalo-s-kanalskim-ventilatorjem-1200-mm-artf\/","url":"https:\/\/www.technic-toys.com\/izdelek\/swift-4-kanalno-letalo-s-kanalskim-ventilatorjem-1200-mm-artf\/","name":"Jadrilica SWIFT 4-kanalno letalo s kanalskim ventilatorjem 1200 mm ARTF - TECHNIC-TOYS.com","isPartOf":{"@id":"https:\/\/www.technic-toys.com\/en\/#website"},"datePublished":"2022-04-08T15:13:12+00:00","dateModified":"2024-12-04T18:03:16+00:00","breadcrumb":{"@id":"https:\/\/www.technic-toys.com\/izdelek\/swift-4-kanalno-letalo-s-kanalskim-ventilatorjem-1200-mm-artf\/#breadcrumb"},"inLanguage":"en-US","potentialAction":[{"@type":"ReadAction","target":["https:\/\/www.technic-toys.com\/izdelek\/swift-4-kanalno-letalo-s-kanalskim-ventilatorjem-1200-mm-artf\/"]}]},{"@type":"BreadcrumbList","@id":"https:\/\/www.technic-toys.com\/izdelek\/swift-4-kanalno-letalo-s-kanalskim-ventilatorjem-1200-mm-artf\/#breadcrumb","itemListElement":[{"@type":"ListItem","position":1,"name":"Domov","item":"https:\/\/www.technic-toys.com\/en\/"},{"@type":"ListItem","position":2,"name":"Shop","item":"https:\/\/www.technic-toys.com\/en\/shop-2\/"},{"@type":"ListItem","position":3,"name":"Jadrilica SWIFT 4-kanalno letalo s kanalskim ventilatorjem 1200 mm ARTF"}]},{"@type":"WebSite","@id":"https:\/\/www.technic-toys.com\/en\/#website","url":"https:\/\/www.technic-toys.com\/en\/","name":"TECHNIC-TOYS.com","description":"","potentialAction":[{"@type":"SearchAction","target":{"@type":"EntryPoint","urlTemplate":"https:\/\/www.technic-toys.com\/en\/?s={search_term_string}"},"query-input":"required name=search_term_string"}],"inLanguage":"en-US"}]}},"_links":{"self":[{"href":"https:\/\/www.technic-toys.com\/en\/wp-json\/wp\/v2\/product\/16885"}],"collection":[{"href":"https:\/\/www.technic-toys.com\/en\/wp-json\/wp\/v2\/product"}],"about":[{"href":"https:\/\/www.technic-toys.com\/en\/wp-json\/wp\/v2\/types\/product"}],"wp:featuredmedia":[{"embeddable":true,"href":"https:\/\/www.technic-toys.com\/en\/wp-json\/wp\/v2\/media\/16886"}],"wp:attachment":[{"href":"https:\/\/www.technic-toys.com\/en\/wp-json\/wp\/v2\/media?parent=16885"}],"wp:term":[{"taxonomy":"product_cat","embeddable":true,"href":"https:\/\/www.technic-toys.com\/en\/wp-json\/wp\/v2\/product_cat?post=16885"},{"taxonomy":"product_tag","embeddable":true,"href":"https:\/\/www.technic-toys.com\/en\/wp-json\/wp\/v2\/product_tag?post=16885"}],"curies":[{"name":"wp","href":"https:\/\/api.w.org\/{rel}","templated":true}]}}