{"id":17009,"date":"2022-04-08T17:18:40","date_gmt":"2022-04-08T15:18:40","guid":{"rendered":"https:\/\/www.technic-toys.com\/izdelek\/turozno-letalo-a36-1280-mm-brezkrtacno-pnp\/"},"modified":"2024-12-04T19:03:04","modified_gmt":"2024-12-04T18:03:04","slug":"turozno-letalo-a36-1280-mm-brezkrtacno-pnp","status":"publish","type":"product","link":"https:\/\/www.technic-toys.com\/en\/izdelek\/turozno-letalo-a36-1280-mm-brezkrtacno-pnp\/","title":{"rendered":"Turozno letalo A36 1280 mm brezkrta\u010dno PNP"},"content":{"rendered":"<p>Popolna vrhunska optika z vrhunskimi letalnimi lastnostmi! Ta model zdru\u017euje odli\u010den videz z vrhunsko zmogljivostjo in zaradi zasnove pogona za 3 &#8211; 4 celi\u010dne LiPo baterije je model mogo\u010de premikati tako v merilu kot v akrobatiki. Pri 4S je potisno razmerje ve\u010d kot 1:1, tako da akrobatski manevri, kot so rolls, loppings in turns, niso problem. Bi bili raje malo ti\u0161ji? Nato preprosto vzemite 3S 2200mAh LiPo in letite udobno in varno. \u017de na 3S so karakteristike letenja ve\u010d kot zadostne za normalnega pilota!Zaradi izredno dobrih lastnosti po\u010dasnega letenja, lepi 3-to\u010dkovni pristanki uspejo takoj. Lastnosti: Optika skale z veliko detajli Elektri\u010dno izvle\u010dno podvozje Z upravljivim izvle\u010dnim podvozjem motor. Krmilnik in servo \u017ee name\u0161\u010dena Pozicijska lu\u010d na krilih Pristajalne lu\u010di v premcu Krmilna nosna naprava Tehni\u010dni podatki: Razpon: 1280 mm Dol\u017eina: 985 mm Te\u017ea: 1380 g Motor: 3715 brezkrta\u010dni outrunner 950KV Krmilnik: Brezkrta\u010dni daljnogled: 513x 7 dostava Servog. : Model PNP Navodila Zahtevana dodatna oprema: 4-kanalni oddajnik in sprejemnik 2.3S LiPo baterija 11.1V &#8211; 4S 14.8V LiPo polnilec<\/p>\n","protected":false},"excerpt":{"rendered":"<p>Popolna vrhunska optika z vrhunskimi letalnimi lastnostmi! Ta model zdru\u017euje odli\u010den videz z vrhunsko zmogljivostjo in zaradi zasnove pogona za 3 &#8211; 4 celi\u010dne LiPo baterije je model mogo\u010de premikati tako v merilu kot v akrobatiki. Pri 4S je potisno razmerje ve\u010d kot 1:1, tako da akrobatski manevri, kot so rolls, loppings in turns, niso [&hellip;]<\/p>\n","protected":false},"featured_media":17010,"template":"","meta":[],"product_cat":[362,378],"product_tag":[],"acf":[],"yoast_head":"<!-- This site is optimized with the Yoast SEO plugin v21.7 - https:\/\/yoast.com\/wordpress\/plugins\/seo\/ -->\n<title>Turozno letalo A36 1280 mm brezkrta\u010dno PNP - TECHNIC-TOYS.com<\/title>\n<meta name=\"robots\" content=\"index, follow, max-snippet:-1, max-image-preview:large, max-video-preview:-1\" \/>\n<link rel=\"canonical\" href=\"https:\/\/www.technic-toys.com\/izdelek\/turozno-letalo-a36-1280-mm-brezkrtacno-pnp\/\" \/>\n<meta property=\"og:locale\" content=\"en_US\" \/>\n<meta property=\"og:type\" content=\"article\" \/>\n<meta property=\"og:title\" content=\"Turozno letalo A36 1280 mm brezkrta\u010dno PNP - TECHNIC-TOYS.com\" \/>\n<meta property=\"og:description\" content=\"Popolna vrhunska optika z vrhunskimi letalnimi lastnostmi! Ta model zdru\u017euje odli\u010den videz z vrhunsko zmogljivostjo in zaradi zasnove pogona za 3 &#8211; 4 celi\u010dne LiPo baterije je model mogo\u010de premikati tako v merilu kot v akrobatiki. Pri 4S je potisno razmerje ve\u010d kot 1:1, tako da akrobatski manevri, kot so rolls, loppings in turns, niso [&hellip;]\" \/>\n<meta property=\"og:url\" content=\"https:\/\/www.technic-toys.com\/izdelek\/turozno-letalo-a36-1280-mm-brezkrtacno-pnp\/\" \/>\n<meta property=\"og:site_name\" content=\"TECHNIC-TOYS.com\" \/>\n<meta property=\"article:modified_time\" content=\"2024-12-04T18:03:04+00:00\" \/>\n<meta property=\"og:image\" content=\"https:\/\/www.technic-toys.com\/wp-content\/uploads\/2022\/04\/24068.jpg\" \/>\n\t<meta property=\"og:image:width\" content=\"1280\" \/>\n\t<meta property=\"og:image:height\" content=\"734\" \/>\n\t<meta property=\"og:image:type\" content=\"image\/jpeg\" \/>\n<meta name=\"twitter:card\" content=\"summary_large_image\" \/>\n<meta name=\"twitter:label1\" content=\"Est. reading time\" \/>\n\t<meta name=\"twitter:data1\" content=\"1 minute\" \/>\n<script type=\"application\/ld+json\" class=\"yoast-schema-graph\">{\"@context\":\"https:\/\/schema.org\",\"@graph\":[{\"@type\":\"WebPage\",\"@id\":\"https:\/\/www.technic-toys.com\/izdelek\/turozno-letalo-a36-1280-mm-brezkrtacno-pnp\/\",\"url\":\"https:\/\/www.technic-toys.com\/izdelek\/turozno-letalo-a36-1280-mm-brezkrtacno-pnp\/\",\"name\":\"Turozno letalo A36 1280 mm brezkrta\u010dno PNP - TECHNIC-TOYS.com\",\"isPartOf\":{\"@id\":\"https:\/\/www.technic-toys.com\/en\/#website\"},\"datePublished\":\"2022-04-08T15:18:40+00:00\",\"dateModified\":\"2024-12-04T18:03:04+00:00\",\"breadcrumb\":{\"@id\":\"https:\/\/www.technic-toys.com\/izdelek\/turozno-letalo-a36-1280-mm-brezkrtacno-pnp\/#breadcrumb\"},\"inLanguage\":\"en-US\",\"potentialAction\":[{\"@type\":\"ReadAction\",\"target\":[\"https:\/\/www.technic-toys.com\/izdelek\/turozno-letalo-a36-1280-mm-brezkrtacno-pnp\/\"]}]},{\"@type\":\"BreadcrumbList\",\"@id\":\"https:\/\/www.technic-toys.com\/izdelek\/turozno-letalo-a36-1280-mm-brezkrtacno-pnp\/#breadcrumb\",\"itemListElement\":[{\"@type\":\"ListItem\",\"position\":1,\"name\":\"Domov\",\"item\":\"https:\/\/www.technic-toys.com\/en\/\"},{\"@type\":\"ListItem\",\"position\":2,\"name\":\"Shop\",\"item\":\"https:\/\/www.technic-toys.com\/en\/shop-2\/\"},{\"@type\":\"ListItem\",\"position\":3,\"name\":\"Turozno letalo A36 1280 mm brezkrta\u010dno PNP\"}]},{\"@type\":\"WebSite\",\"@id\":\"https:\/\/www.technic-toys.com\/en\/#website\",\"url\":\"https:\/\/www.technic-toys.com\/en\/\",\"name\":\"TECHNIC-TOYS.com\",\"description\":\"\",\"potentialAction\":[{\"@type\":\"SearchAction\",\"target\":{\"@type\":\"EntryPoint\",\"urlTemplate\":\"https:\/\/www.technic-toys.com\/en\/?s={search_term_string}\"},\"query-input\":\"required name=search_term_string\"}],\"inLanguage\":\"en-US\"}]}<\/script>\n<!-- \/ Yoast SEO plugin. -->","yoast_head_json":{"title":"Turozno letalo A36 1280 mm brezkrta\u010dno PNP - TECHNIC-TOYS.com","robots":{"index":"index","follow":"follow","max-snippet":"max-snippet:-1","max-image-preview":"max-image-preview:large","max-video-preview":"max-video-preview:-1"},"canonical":"https:\/\/www.technic-toys.com\/izdelek\/turozno-letalo-a36-1280-mm-brezkrtacno-pnp\/","og_locale":"en_US","og_type":"article","og_title":"Turozno letalo A36 1280 mm brezkrta\u010dno PNP - TECHNIC-TOYS.com","og_description":"Popolna vrhunska optika z vrhunskimi letalnimi lastnostmi! Ta model zdru\u017euje odli\u010den videz z vrhunsko zmogljivostjo in zaradi zasnove pogona za 3 &#8211; 4 celi\u010dne LiPo baterije je model mogo\u010de premikati tako v merilu kot v akrobatiki. Pri 4S je potisno razmerje ve\u010d kot 1:1, tako da akrobatski manevri, kot so rolls, loppings in turns, niso [&hellip;]","og_url":"https:\/\/www.technic-toys.com\/izdelek\/turozno-letalo-a36-1280-mm-brezkrtacno-pnp\/","og_site_name":"TECHNIC-TOYS.com","article_modified_time":"2024-12-04T18:03:04+00:00","og_image":[{"width":1280,"height":734,"url":"https:\/\/www.technic-toys.com\/wp-content\/uploads\/2022\/04\/24068.jpg","type":"image\/jpeg"}],"twitter_card":"summary_large_image","twitter_misc":{"Est. reading time":"1 minute"},"schema":{"@context":"https:\/\/schema.org","@graph":[{"@type":"WebPage","@id":"https:\/\/www.technic-toys.com\/izdelek\/turozno-letalo-a36-1280-mm-brezkrtacno-pnp\/","url":"https:\/\/www.technic-toys.com\/izdelek\/turozno-letalo-a36-1280-mm-brezkrtacno-pnp\/","name":"Turozno letalo A36 1280 mm brezkrta\u010dno PNP - TECHNIC-TOYS.com","isPartOf":{"@id":"https:\/\/www.technic-toys.com\/en\/#website"},"datePublished":"2022-04-08T15:18:40+00:00","dateModified":"2024-12-04T18:03:04+00:00","breadcrumb":{"@id":"https:\/\/www.technic-toys.com\/izdelek\/turozno-letalo-a36-1280-mm-brezkrtacno-pnp\/#breadcrumb"},"inLanguage":"en-US","potentialAction":[{"@type":"ReadAction","target":["https:\/\/www.technic-toys.com\/izdelek\/turozno-letalo-a36-1280-mm-brezkrtacno-pnp\/"]}]},{"@type":"BreadcrumbList","@id":"https:\/\/www.technic-toys.com\/izdelek\/turozno-letalo-a36-1280-mm-brezkrtacno-pnp\/#breadcrumb","itemListElement":[{"@type":"ListItem","position":1,"name":"Domov","item":"https:\/\/www.technic-toys.com\/en\/"},{"@type":"ListItem","position":2,"name":"Shop","item":"https:\/\/www.technic-toys.com\/en\/shop-2\/"},{"@type":"ListItem","position":3,"name":"Turozno letalo A36 1280 mm brezkrta\u010dno PNP"}]},{"@type":"WebSite","@id":"https:\/\/www.technic-toys.com\/en\/#website","url":"https:\/\/www.technic-toys.com\/en\/","name":"TECHNIC-TOYS.com","description":"","potentialAction":[{"@type":"SearchAction","target":{"@type":"EntryPoint","urlTemplate":"https:\/\/www.technic-toys.com\/en\/?s={search_term_string}"},"query-input":"required name=search_term_string"}],"inLanguage":"en-US"}]}},"_links":{"self":[{"href":"https:\/\/www.technic-toys.com\/en\/wp-json\/wp\/v2\/product\/17009"}],"collection":[{"href":"https:\/\/www.technic-toys.com\/en\/wp-json\/wp\/v2\/product"}],"about":[{"href":"https:\/\/www.technic-toys.com\/en\/wp-json\/wp\/v2\/types\/product"}],"wp:featuredmedia":[{"embeddable":true,"href":"https:\/\/www.technic-toys.com\/en\/wp-json\/wp\/v2\/media\/17010"}],"wp:attachment":[{"href":"https:\/\/www.technic-toys.com\/en\/wp-json\/wp\/v2\/media?parent=17009"}],"wp:term":[{"taxonomy":"product_cat","embeddable":true,"href":"https:\/\/www.technic-toys.com\/en\/wp-json\/wp\/v2\/product_cat?post=17009"},{"taxonomy":"product_tag","embeddable":true,"href":"https:\/\/www.technic-toys.com\/en\/wp-json\/wp\/v2\/product_tag?post=17009"}],"curies":[{"name":"wp","href":"https:\/\/api.w.org\/{rel}","templated":true}]}}