{"id":17032,"date":"2022-04-08T17:18:40","date_gmt":"2022-04-08T15:18:40","guid":{"rendered":"https:\/\/www.technic-toys.com\/izdelek\/piper-j3-1400-mm-brezkrtacni-pnp-vojasko-zelena\/"},"modified":"2024-12-04T19:03:05","modified_gmt":"2024-12-04T18:03:05","slug":"piper-j3-1400-mm-brezkrtacni-pnp-vojasko-zelena","status":"publish","type":"product","link":"https:\/\/www.technic-toys.com\/en\/izdelek\/piper-j3-1400-mm-brezkrtacni-pnp-vojasko-zelena\/","title":{"rendered":"Piper J3 1400 mm brezkrta\u010dni PNP voja\u0161ko zelena"},"content":{"rendered":"<p>Piper J-3 v merilni optiki<br \/>Kon\u010dno ne rumeni J-3, ampak tak z voja\u0161kim videzom in razponom kril 1400 mm. To pomeni, da je model \u0161e vedno enostaven za prevoz in je \u0161e vedno tako velik, da ga lahko brez te\u017eav \u0161e vedno letimo tudi v vetrovnih razmerah. Model, izdelan v optiki lestvice, ima na primer podvozje lestvice z velikimi kolesi, propeler lestvice, lutko motorja za tehtnico in \u0161tevilne druge podrobnosti, ki ustrezajo originalu. Vpadljiva barva ustreza laku D-Day in ima zelo lep zaklju\u010dek.<br \/>Ker je zasnovana za 4S LiPo, je potisk 1:1 in brez te\u017eav omogo\u010da tudi dinami\u010dno akrobatiko. Kljub temu je model popolnoma dobrodu\u0161en in lastnosti po\u010dasnega letenja so skoraj legendarne. Zaradi tega je model idealen tako za ambiciozne za\u010detnike kot za izku\u0161enega pilota. Kakovost in izdelava modela je zelo visoka in ne pu\u0161\u010da ni\u010d \u017eelenega.<\/p>\n<p>Tehni\u010dni podatki:<br \/>\u0160irina razpona: 1400mm<br \/>Dol\u017eina: 1050mm<br \/>Potis: 1 :1 <br \/>Motor: 3648 700KV outrunner<br \/>Servo: 4x 9g<\/p>\n<p>Obseg dobave:<br \/>Piper J3 zeleni PNP<br \/>Navodila<\/p>\n<p>Potrebna dodatna oprema:<br \/>4 &#8211; 6 kanalni oddajnik in sprejemnik 2,4GHz<br \/>LiPo baterija 4S 14,8V min 2200 &#8211; 2600mAh 30C s polnilnikom XT60<\/p>\n","protected":false},"excerpt":{"rendered":"<p>Piper J-3 v merilni optikiKon\u010dno ne rumeni J-3, ampak tak z voja\u0161kim videzom in razponom kril 1400 mm. To pomeni, da je model \u0161e vedno enostaven za prevoz in je \u0161e vedno tako velik, da ga lahko brez te\u017eav \u0161e vedno letimo tudi v vetrovnih razmerah. Model, izdelan v optiki lestvice, ima na primer podvozje [&hellip;]<\/p>\n","protected":false},"featured_media":17033,"template":"","meta":[],"product_cat":[362,396],"product_tag":[],"acf":[],"yoast_head":"<!-- This site is optimized with the Yoast SEO plugin v21.7 - https:\/\/yoast.com\/wordpress\/plugins\/seo\/ -->\n<title>Piper J3 1400 mm brezkrta\u010dni PNP voja\u0161ko zelena - TECHNIC-TOYS.com<\/title>\n<meta name=\"robots\" content=\"index, follow, max-snippet:-1, max-image-preview:large, max-video-preview:-1\" \/>\n<link rel=\"canonical\" href=\"https:\/\/www.technic-toys.com\/izdelek\/piper-j3-1400-mm-brezkrtacni-pnp-vojasko-zelena\/\" \/>\n<meta property=\"og:locale\" content=\"en_US\" \/>\n<meta property=\"og:type\" content=\"article\" \/>\n<meta property=\"og:title\" content=\"Piper J3 1400 mm brezkrta\u010dni PNP voja\u0161ko zelena - TECHNIC-TOYS.com\" \/>\n<meta property=\"og:description\" content=\"Piper J-3 v merilni optikiKon\u010dno ne rumeni J-3, ampak tak z voja\u0161kim videzom in razponom kril 1400 mm. To pomeni, da je model \u0161e vedno enostaven za prevoz in je \u0161e vedno tako velik, da ga lahko brez te\u017eav \u0161e vedno letimo tudi v vetrovnih razmerah. Model, izdelan v optiki lestvice, ima na primer podvozje [&hellip;]\" \/>\n<meta property=\"og:url\" content=\"https:\/\/www.technic-toys.com\/izdelek\/piper-j3-1400-mm-brezkrtacni-pnp-vojasko-zelena\/\" \/>\n<meta property=\"og:site_name\" content=\"TECHNIC-TOYS.com\" \/>\n<meta property=\"article:modified_time\" content=\"2024-12-04T18:03:05+00:00\" \/>\n<meta property=\"og:image\" content=\"https:\/\/www.technic-toys.com\/wp-content\/uploads\/2022\/04\/24072.jpg\" \/>\n\t<meta property=\"og:image:width\" content=\"2560\" \/>\n\t<meta property=\"og:image:height\" content=\"1468\" \/>\n\t<meta property=\"og:image:type\" content=\"image\/jpeg\" \/>\n<meta name=\"twitter:card\" content=\"summary_large_image\" \/>\n<meta name=\"twitter:label1\" content=\"Est. reading time\" \/>\n\t<meta name=\"twitter:data1\" content=\"1 minute\" \/>\n<script type=\"application\/ld+json\" class=\"yoast-schema-graph\">{\"@context\":\"https:\/\/schema.org\",\"@graph\":[{\"@type\":\"WebPage\",\"@id\":\"https:\/\/www.technic-toys.com\/izdelek\/piper-j3-1400-mm-brezkrtacni-pnp-vojasko-zelena\/\",\"url\":\"https:\/\/www.technic-toys.com\/izdelek\/piper-j3-1400-mm-brezkrtacni-pnp-vojasko-zelena\/\",\"name\":\"Piper J3 1400 mm brezkrta\u010dni PNP voja\u0161ko zelena - TECHNIC-TOYS.com\",\"isPartOf\":{\"@id\":\"https:\/\/www.technic-toys.com\/en\/#website\"},\"datePublished\":\"2022-04-08T15:18:40+00:00\",\"dateModified\":\"2024-12-04T18:03:05+00:00\",\"breadcrumb\":{\"@id\":\"https:\/\/www.technic-toys.com\/izdelek\/piper-j3-1400-mm-brezkrtacni-pnp-vojasko-zelena\/#breadcrumb\"},\"inLanguage\":\"en-US\",\"potentialAction\":[{\"@type\":\"ReadAction\",\"target\":[\"https:\/\/www.technic-toys.com\/izdelek\/piper-j3-1400-mm-brezkrtacni-pnp-vojasko-zelena\/\"]}]},{\"@type\":\"BreadcrumbList\",\"@id\":\"https:\/\/www.technic-toys.com\/izdelek\/piper-j3-1400-mm-brezkrtacni-pnp-vojasko-zelena\/#breadcrumb\",\"itemListElement\":[{\"@type\":\"ListItem\",\"position\":1,\"name\":\"Domov\",\"item\":\"https:\/\/www.technic-toys.com\/en\/\"},{\"@type\":\"ListItem\",\"position\":2,\"name\":\"Shop\",\"item\":\"https:\/\/www.technic-toys.com\/en\/shop-2\/\"},{\"@type\":\"ListItem\",\"position\":3,\"name\":\"Piper J3 1400 mm brezkrta\u010dni PNP voja\u0161ko zelena\"}]},{\"@type\":\"WebSite\",\"@id\":\"https:\/\/www.technic-toys.com\/en\/#website\",\"url\":\"https:\/\/www.technic-toys.com\/en\/\",\"name\":\"TECHNIC-TOYS.com\",\"description\":\"\",\"potentialAction\":[{\"@type\":\"SearchAction\",\"target\":{\"@type\":\"EntryPoint\",\"urlTemplate\":\"https:\/\/www.technic-toys.com\/en\/?s={search_term_string}\"},\"query-input\":\"required name=search_term_string\"}],\"inLanguage\":\"en-US\"}]}<\/script>\n<!-- \/ Yoast SEO plugin. -->","yoast_head_json":{"title":"Piper J3 1400 mm brezkrta\u010dni PNP voja\u0161ko zelena - TECHNIC-TOYS.com","robots":{"index":"index","follow":"follow","max-snippet":"max-snippet:-1","max-image-preview":"max-image-preview:large","max-video-preview":"max-video-preview:-1"},"canonical":"https:\/\/www.technic-toys.com\/izdelek\/piper-j3-1400-mm-brezkrtacni-pnp-vojasko-zelena\/","og_locale":"en_US","og_type":"article","og_title":"Piper J3 1400 mm brezkrta\u010dni PNP voja\u0161ko zelena - TECHNIC-TOYS.com","og_description":"Piper J-3 v merilni optikiKon\u010dno ne rumeni J-3, ampak tak z voja\u0161kim videzom in razponom kril 1400 mm. To pomeni, da je model \u0161e vedno enostaven za prevoz in je \u0161e vedno tako velik, da ga lahko brez te\u017eav \u0161e vedno letimo tudi v vetrovnih razmerah. Model, izdelan v optiki lestvice, ima na primer podvozje [&hellip;]","og_url":"https:\/\/www.technic-toys.com\/izdelek\/piper-j3-1400-mm-brezkrtacni-pnp-vojasko-zelena\/","og_site_name":"TECHNIC-TOYS.com","article_modified_time":"2024-12-04T18:03:05+00:00","og_image":[{"width":2560,"height":1468,"url":"https:\/\/www.technic-toys.com\/wp-content\/uploads\/2022\/04\/24072.jpg","type":"image\/jpeg"}],"twitter_card":"summary_large_image","twitter_misc":{"Est. reading time":"1 minute"},"schema":{"@context":"https:\/\/schema.org","@graph":[{"@type":"WebPage","@id":"https:\/\/www.technic-toys.com\/izdelek\/piper-j3-1400-mm-brezkrtacni-pnp-vojasko-zelena\/","url":"https:\/\/www.technic-toys.com\/izdelek\/piper-j3-1400-mm-brezkrtacni-pnp-vojasko-zelena\/","name":"Piper J3 1400 mm brezkrta\u010dni PNP voja\u0161ko zelena - TECHNIC-TOYS.com","isPartOf":{"@id":"https:\/\/www.technic-toys.com\/en\/#website"},"datePublished":"2022-04-08T15:18:40+00:00","dateModified":"2024-12-04T18:03:05+00:00","breadcrumb":{"@id":"https:\/\/www.technic-toys.com\/izdelek\/piper-j3-1400-mm-brezkrtacni-pnp-vojasko-zelena\/#breadcrumb"},"inLanguage":"en-US","potentialAction":[{"@type":"ReadAction","target":["https:\/\/www.technic-toys.com\/izdelek\/piper-j3-1400-mm-brezkrtacni-pnp-vojasko-zelena\/"]}]},{"@type":"BreadcrumbList","@id":"https:\/\/www.technic-toys.com\/izdelek\/piper-j3-1400-mm-brezkrtacni-pnp-vojasko-zelena\/#breadcrumb","itemListElement":[{"@type":"ListItem","position":1,"name":"Domov","item":"https:\/\/www.technic-toys.com\/en\/"},{"@type":"ListItem","position":2,"name":"Shop","item":"https:\/\/www.technic-toys.com\/en\/shop-2\/"},{"@type":"ListItem","position":3,"name":"Piper J3 1400 mm brezkrta\u010dni PNP voja\u0161ko zelena"}]},{"@type":"WebSite","@id":"https:\/\/www.technic-toys.com\/en\/#website","url":"https:\/\/www.technic-toys.com\/en\/","name":"TECHNIC-TOYS.com","description":"","potentialAction":[{"@type":"SearchAction","target":{"@type":"EntryPoint","urlTemplate":"https:\/\/www.technic-toys.com\/en\/?s={search_term_string}"},"query-input":"required name=search_term_string"}],"inLanguage":"en-US"}]}},"_links":{"self":[{"href":"https:\/\/www.technic-toys.com\/en\/wp-json\/wp\/v2\/product\/17032"}],"collection":[{"href":"https:\/\/www.technic-toys.com\/en\/wp-json\/wp\/v2\/product"}],"about":[{"href":"https:\/\/www.technic-toys.com\/en\/wp-json\/wp\/v2\/types\/product"}],"wp:featuredmedia":[{"embeddable":true,"href":"https:\/\/www.technic-toys.com\/en\/wp-json\/wp\/v2\/media\/17033"}],"wp:attachment":[{"href":"https:\/\/www.technic-toys.com\/en\/wp-json\/wp\/v2\/media?parent=17032"}],"wp:term":[{"taxonomy":"product_cat","embeddable":true,"href":"https:\/\/www.technic-toys.com\/en\/wp-json\/wp\/v2\/product_cat?post=17032"},{"taxonomy":"product_tag","embeddable":true,"href":"https:\/\/www.technic-toys.com\/en\/wp-json\/wp\/v2\/product_tag?post=17032"}],"curies":[{"name":"wp","href":"https:\/\/api.w.org\/{rel}","templated":true}]}}