{"id":17101,"date":"2022-04-08T17:18:40","date_gmt":"2022-04-08T15:18:40","guid":{"rendered":"https:\/\/www.technic-toys.com\/izdelek\/akrobatski-model-thunder-1400-mm-z-nizkim-krilom-pnp-rumena\/"},"modified":"2024-12-04T19:03:06","modified_gmt":"2024-12-04T18:03:06","slug":"akrobatski-model-thunder-1400-mm-z-nizkim-krilom-pnp-rumena","status":"publish","type":"product","link":"https:\/\/www.technic-toys.com\/en\/izdelek\/akrobatski-model-thunder-1400-mm-z-nizkim-krilom-pnp-rumena\/","title":{"rendered":"Akrobatski model Thunder 1400 mm z nizkim krilom PNP rumena"},"content":{"rendered":"<p>Na\u0161 priljubljeni Riot V2 (24063) v smiselnem nadaljnjem razvoju. Povr\u0161ina, zadnji del, pogonske komponente in elektronika so ostali enaki, zato so rezervni deli zmanj\u0161ani na minimum. Spremenjen je bil le trup in visokokrilni Trainer Riot V2 je postal nizkokrilni, ki je opremljen tudi z \u017eiroskopom. Model Thunder je vrhunski akrobatski trena\u017eer, barva pa zagotavlja dobro vidljivost na nebu. Razmerje potiska je ve\u010d kot 1:1 in zaradi nastavljivih upogibov krmila je model idealno primeren za za\u010detnike do profesionalce. Dosegljiv spekter letenja sega od preprostih ogledov do 3D akrobatike. Model, ki raste s pilotom in ga je vedno mogo\u010de prilagoditi lastnim potrebam. Velik nadstre\u0161ek omogo\u010da hitro menjavo baterije in dovolj prostora za uporabo razli\u010dnih baterij. 2200 &#8211; 2600 mAh 3S so zlahka mo\u017eni. Odvisno od sloga letenja je dosegljiv \u010das letenja zelo visok in zna\u0161a 8-14 minut. Vgrajen \u017eiroskop stabilizira model v vseh polo\u017eajih in zunanji vplivi kot so veter in napake pri krmiljenju so skriti Lastnosti: zelo lepa optika, zelo stabilen model, prostorno, robustno podvozje, zelo robusten material, vse je privija\u010deno in ni\u010d zlepljeno ( enostavna konstrukcija), zelo dobre lastnosti letenja (zelo po\u010dasen do hiter), name\u0161\u010den \u017eiroskop standardne baterije 3S 2200 &#8211; 2600 mAh (niso prilo\u017eene)Vsi servomotorji \u017ee sestavljeni Brezkrta\u010dni motor in Hobbywing ESC so \u017ee name\u0161\u010deni Razmerje potiska ve\u010d kot 1:1 Popolnoma primerno za akrobatiko Primerno za za\u010detnike hvala do \u017eiroskopske podpore Tehni\u010dni podatki: Razpon: 1400 mm Dol\u017eina: 1113 mm Te\u017ea brez baterije in sprejemnika: 1360 gr Razmerje potiska: ve\u010d kot 1:1 Material: EP (trdo stisnjena pena) Obseg dobave: Model Thunder vklju\u010dno z motorjem, ESC in servomotorji, \u0161asijo in navodili, vsem potrebnim vijaki, propeler in spinner, navodila, potrebna dodatna oprema: oddajnik iz 5 kanalne baterije 3S 2200 &#8211; 2600mAh 11.1V LiPo polnilec<\/p>\n","protected":false},"excerpt":{"rendered":"<p>Na\u0161 priljubljeni Riot V2 (24063) v smiselnem nadaljnjem razvoju. Povr\u0161ina, zadnji del, pogonske komponente in elektronika so ostali enaki, zato so rezervni deli zmanj\u0161ani na minimum. Spremenjen je bil le trup in visokokrilni Trainer Riot V2 je postal nizkokrilni, ki je opremljen tudi z \u017eiroskopom. Model Thunder je vrhunski akrobatski trena\u017eer, barva pa zagotavlja dobro [&hellip;]<\/p>\n","protected":false},"featured_media":17102,"template":"","meta":[],"product_cat":[362,378],"product_tag":[],"acf":[],"yoast_head":"<!-- This site is optimized with the Yoast SEO plugin v21.7 - https:\/\/yoast.com\/wordpress\/plugins\/seo\/ -->\n<title>Akrobatski model Thunder 1400 mm z nizkim krilom PNP rumena - TECHNIC-TOYS.com<\/title>\n<meta name=\"robots\" content=\"index, follow, max-snippet:-1, max-image-preview:large, max-video-preview:-1\" \/>\n<link rel=\"canonical\" href=\"https:\/\/www.technic-toys.com\/izdelek\/akrobatski-model-thunder-1400-mm-z-nizkim-krilom-pnp-rumena\/\" \/>\n<meta property=\"og:locale\" content=\"en_US\" \/>\n<meta property=\"og:type\" content=\"article\" \/>\n<meta property=\"og:title\" content=\"Akrobatski model Thunder 1400 mm z nizkim krilom PNP rumena - TECHNIC-TOYS.com\" \/>\n<meta property=\"og:description\" content=\"Na\u0161 priljubljeni Riot V2 (24063) v smiselnem nadaljnjem razvoju. Povr\u0161ina, zadnji del, pogonske komponente in elektronika so ostali enaki, zato so rezervni deli zmanj\u0161ani na minimum. Spremenjen je bil le trup in visokokrilni Trainer Riot V2 je postal nizkokrilni, ki je opremljen tudi z \u017eiroskopom. Model Thunder je vrhunski akrobatski trena\u017eer, barva pa zagotavlja dobro [&hellip;]\" \/>\n<meta property=\"og:url\" content=\"https:\/\/www.technic-toys.com\/izdelek\/akrobatski-model-thunder-1400-mm-z-nizkim-krilom-pnp-rumena\/\" \/>\n<meta property=\"og:site_name\" content=\"TECHNIC-TOYS.com\" \/>\n<meta property=\"article:modified_time\" content=\"2024-12-04T18:03:06+00:00\" \/>\n<meta property=\"og:image\" content=\"https:\/\/www.technic-toys.com\/wp-content\/uploads\/2022\/04\/24078.jpg\" \/>\n\t<meta property=\"og:image:width\" content=\"2560\" \/>\n\t<meta property=\"og:image:height\" content=\"1468\" \/>\n\t<meta property=\"og:image:type\" content=\"image\/jpeg\" \/>\n<meta name=\"twitter:card\" content=\"summary_large_image\" \/>\n<meta name=\"twitter:label1\" content=\"Est. reading time\" \/>\n\t<meta name=\"twitter:data1\" content=\"1 minute\" \/>\n<script type=\"application\/ld+json\" class=\"yoast-schema-graph\">{\"@context\":\"https:\/\/schema.org\",\"@graph\":[{\"@type\":\"WebPage\",\"@id\":\"https:\/\/www.technic-toys.com\/izdelek\/akrobatski-model-thunder-1400-mm-z-nizkim-krilom-pnp-rumena\/\",\"url\":\"https:\/\/www.technic-toys.com\/izdelek\/akrobatski-model-thunder-1400-mm-z-nizkim-krilom-pnp-rumena\/\",\"name\":\"Akrobatski model Thunder 1400 mm z nizkim krilom PNP rumena - TECHNIC-TOYS.com\",\"isPartOf\":{\"@id\":\"https:\/\/www.technic-toys.com\/en\/#website\"},\"datePublished\":\"2022-04-08T15:18:40+00:00\",\"dateModified\":\"2024-12-04T18:03:06+00:00\",\"breadcrumb\":{\"@id\":\"https:\/\/www.technic-toys.com\/izdelek\/akrobatski-model-thunder-1400-mm-z-nizkim-krilom-pnp-rumena\/#breadcrumb\"},\"inLanguage\":\"en-US\",\"potentialAction\":[{\"@type\":\"ReadAction\",\"target\":[\"https:\/\/www.technic-toys.com\/izdelek\/akrobatski-model-thunder-1400-mm-z-nizkim-krilom-pnp-rumena\/\"]}]},{\"@type\":\"BreadcrumbList\",\"@id\":\"https:\/\/www.technic-toys.com\/izdelek\/akrobatski-model-thunder-1400-mm-z-nizkim-krilom-pnp-rumena\/#breadcrumb\",\"itemListElement\":[{\"@type\":\"ListItem\",\"position\":1,\"name\":\"Domov\",\"item\":\"https:\/\/www.technic-toys.com\/en\/\"},{\"@type\":\"ListItem\",\"position\":2,\"name\":\"Shop\",\"item\":\"https:\/\/www.technic-toys.com\/en\/shop-2\/\"},{\"@type\":\"ListItem\",\"position\":3,\"name\":\"Akrobatski model Thunder 1400 mm z nizkim krilom PNP rumena\"}]},{\"@type\":\"WebSite\",\"@id\":\"https:\/\/www.technic-toys.com\/en\/#website\",\"url\":\"https:\/\/www.technic-toys.com\/en\/\",\"name\":\"TECHNIC-TOYS.com\",\"description\":\"\",\"potentialAction\":[{\"@type\":\"SearchAction\",\"target\":{\"@type\":\"EntryPoint\",\"urlTemplate\":\"https:\/\/www.technic-toys.com\/en\/?s={search_term_string}\"},\"query-input\":\"required name=search_term_string\"}],\"inLanguage\":\"en-US\"}]}<\/script>\n<!-- \/ Yoast SEO plugin. -->","yoast_head_json":{"title":"Akrobatski model Thunder 1400 mm z nizkim krilom PNP rumena - TECHNIC-TOYS.com","robots":{"index":"index","follow":"follow","max-snippet":"max-snippet:-1","max-image-preview":"max-image-preview:large","max-video-preview":"max-video-preview:-1"},"canonical":"https:\/\/www.technic-toys.com\/izdelek\/akrobatski-model-thunder-1400-mm-z-nizkim-krilom-pnp-rumena\/","og_locale":"en_US","og_type":"article","og_title":"Akrobatski model Thunder 1400 mm z nizkim krilom PNP rumena - TECHNIC-TOYS.com","og_description":"Na\u0161 priljubljeni Riot V2 (24063) v smiselnem nadaljnjem razvoju. Povr\u0161ina, zadnji del, pogonske komponente in elektronika so ostali enaki, zato so rezervni deli zmanj\u0161ani na minimum. Spremenjen je bil le trup in visokokrilni Trainer Riot V2 je postal nizkokrilni, ki je opremljen tudi z \u017eiroskopom. Model Thunder je vrhunski akrobatski trena\u017eer, barva pa zagotavlja dobro [&hellip;]","og_url":"https:\/\/www.technic-toys.com\/izdelek\/akrobatski-model-thunder-1400-mm-z-nizkim-krilom-pnp-rumena\/","og_site_name":"TECHNIC-TOYS.com","article_modified_time":"2024-12-04T18:03:06+00:00","og_image":[{"width":2560,"height":1468,"url":"https:\/\/www.technic-toys.com\/wp-content\/uploads\/2022\/04\/24078.jpg","type":"image\/jpeg"}],"twitter_card":"summary_large_image","twitter_misc":{"Est. reading time":"1 minute"},"schema":{"@context":"https:\/\/schema.org","@graph":[{"@type":"WebPage","@id":"https:\/\/www.technic-toys.com\/izdelek\/akrobatski-model-thunder-1400-mm-z-nizkim-krilom-pnp-rumena\/","url":"https:\/\/www.technic-toys.com\/izdelek\/akrobatski-model-thunder-1400-mm-z-nizkim-krilom-pnp-rumena\/","name":"Akrobatski model Thunder 1400 mm z nizkim krilom PNP rumena - TECHNIC-TOYS.com","isPartOf":{"@id":"https:\/\/www.technic-toys.com\/en\/#website"},"datePublished":"2022-04-08T15:18:40+00:00","dateModified":"2024-12-04T18:03:06+00:00","breadcrumb":{"@id":"https:\/\/www.technic-toys.com\/izdelek\/akrobatski-model-thunder-1400-mm-z-nizkim-krilom-pnp-rumena\/#breadcrumb"},"inLanguage":"en-US","potentialAction":[{"@type":"ReadAction","target":["https:\/\/www.technic-toys.com\/izdelek\/akrobatski-model-thunder-1400-mm-z-nizkim-krilom-pnp-rumena\/"]}]},{"@type":"BreadcrumbList","@id":"https:\/\/www.technic-toys.com\/izdelek\/akrobatski-model-thunder-1400-mm-z-nizkim-krilom-pnp-rumena\/#breadcrumb","itemListElement":[{"@type":"ListItem","position":1,"name":"Domov","item":"https:\/\/www.technic-toys.com\/en\/"},{"@type":"ListItem","position":2,"name":"Shop","item":"https:\/\/www.technic-toys.com\/en\/shop-2\/"},{"@type":"ListItem","position":3,"name":"Akrobatski model Thunder 1400 mm z nizkim krilom PNP rumena"}]},{"@type":"WebSite","@id":"https:\/\/www.technic-toys.com\/en\/#website","url":"https:\/\/www.technic-toys.com\/en\/","name":"TECHNIC-TOYS.com","description":"","potentialAction":[{"@type":"SearchAction","target":{"@type":"EntryPoint","urlTemplate":"https:\/\/www.technic-toys.com\/en\/?s={search_term_string}"},"query-input":"required name=search_term_string"}],"inLanguage":"en-US"}]}},"_links":{"self":[{"href":"https:\/\/www.technic-toys.com\/en\/wp-json\/wp\/v2\/product\/17101"}],"collection":[{"href":"https:\/\/www.technic-toys.com\/en\/wp-json\/wp\/v2\/product"}],"about":[{"href":"https:\/\/www.technic-toys.com\/en\/wp-json\/wp\/v2\/types\/product"}],"wp:featuredmedia":[{"embeddable":true,"href":"https:\/\/www.technic-toys.com\/en\/wp-json\/wp\/v2\/media\/17102"}],"wp:attachment":[{"href":"https:\/\/www.technic-toys.com\/en\/wp-json\/wp\/v2\/media?parent=17101"}],"wp:term":[{"taxonomy":"product_cat","embeddable":true,"href":"https:\/\/www.technic-toys.com\/en\/wp-json\/wp\/v2\/product_cat?post=17101"},{"taxonomy":"product_tag","embeddable":true,"href":"https:\/\/www.technic-toys.com\/en\/wp-json\/wp\/v2\/product_tag?post=17101"}],"curies":[{"name":"wp","href":"https:\/\/api.w.org\/{rel}","templated":true}]}}