{"id":17111,"date":"2022-04-08T17:18:40","date_gmt":"2022-04-08T15:18:40","guid":{"rendered":"https:\/\/www.technic-toys.com\/izdelek\/jet-star-v2-800-mm-brezkrtacni-65-mm-edf-pnp\/"},"modified":"2024-12-04T19:03:07","modified_gmt":"2024-12-04T18:03:07","slug":"jet-star-v2-800-mm-brezkrtacni-65-mm-edf-pnp","status":"publish","type":"product","link":"https:\/\/www.technic-toys.com\/en\/izdelek\/jet-star-v2-800-mm-brezkrtacni-65-mm-edf-pnp\/","title":{"rendered":"Jet Star V2 800 mm brezkrta\u010dni 65 mm EDF, PNP"},"content":{"rendered":"<p>Nadaljnji razvoj na\u0161ega priljubljenega Jetstarja (24067) v sodelovanju z Amewijem in nekaterimi vrhunskimi piloti!V nasprotju z Jetstar V1 je tu uporabljen popolnoma na novo razvit rotor z 11 rezili in krmilnikom 60A. \u0160tevilo celic se je pove\u010dalo s 3S na 4S LiPo (pribl. 1800 &#8211; 2200 mAh) in dosegljivo hitrost se je tako lahko znatno pove\u010dala. Model je izjemno enostaven za izstrelitev neposredno iz roke ali iz kratke trave ali betona s prilo\u017eenim trdim podvozjem. Zvok novega rotorja je izjemno lep in spominja na tiho turbino! Rep je bil spremenjen iz nihalnega repa v lopute (obi\u010dajno dvigalo), kar pove\u010da stabilnost leta pri visokih hitrostih. Poleg tega so na vi\u0161ini in ob strani name\u0161\u010deni kovinski servomotorji, kar ponuja bistveno ve\u010djo zadr\u017eevalno mo\u010d pri visokih hitrostih. Oran\u017ena\/bela barva nudi dobro vidljivost na nebu in model je v tem dizajnu vsekakor mogo\u010de videti kot \u0161portno letalo z akrobatskimi lastnostmi. Zna\u010dilnosti po\u010dasnega letenja tega modela so skoraj popolne in pri tem modelu skoraj ni zastoja. Jetstar V2 je zato primeren tudi za ambiciozne za\u010detnike Lastnosti: popolnoma nove razvojne vrhunske lastnosti letenja, enostavne za zagon, brez &#8220;popadanja&#8221;. po \u0161tartu super zvok iz propelerja zelo visoko zmogljivo navpi\u010dno plezanje mo\u017eno popolnoma primerno za akrobatiko zelo visoka stopnja prevra\u010danja s popolnim odklonom krmila zelo visoka hitrost mo\u017ena zelo dobre lastnosti po\u010dasnega letenja hobi krmilnik kril 11 &#8211; rotor z rezili MG servos vi\u0161ina \/ stran zelo visok material kakovostni tehni\u010dni podatki: razpon kril: 800 mm dol\u017eina: 910 mm te\u017ea brez baterije in sprejemnika: 1000 g material: EP (trdo stisnjena pena) Dizajn modela: PNP (vklju\u010dno z motorjem, ESC, servos) Obseg dobave: Model Jetstar V2Motor brezkrta\u010dni, ESC Hobbywing 60A, servosNavodila Zahtevana dodatna oprema: Oddajnik min Vertikalni stabilizator in krilo s penastim lepilom na modelu. To daje dodatno varnost vija\u010dnim spojem in ve\u010djo mo\u010d pri polnem plinu! Zaradi majhne in priro\u010dne velikosti se model zlahka preva\u017ea, ko je sestavljen.<\/p>\n","protected":false},"excerpt":{"rendered":"<p>Nadaljnji razvoj na\u0161ega priljubljenega Jetstarja (24067) v sodelovanju z Amewijem in nekaterimi vrhunskimi piloti!V nasprotju z Jetstar V1 je tu uporabljen popolnoma na novo razvit rotor z 11 rezili in krmilnikom 60A. \u0160tevilo celic se je pove\u010dalo s 3S na 4S LiPo (pribl. 1800 &#8211; 2200 mAh) in dosegljivo hitrost se je tako lahko znatno [&hellip;]<\/p>\n","protected":false},"featured_media":17112,"template":"","meta":[],"product_cat":[362,397],"product_tag":[],"acf":[],"yoast_head":"<!-- This site is optimized with the Yoast SEO plugin v21.7 - https:\/\/yoast.com\/wordpress\/plugins\/seo\/ -->\n<title>Jet Star V2 800 mm brezkrta\u010dni 65 mm EDF, PNP - TECHNIC-TOYS.com<\/title>\n<meta name=\"robots\" content=\"index, follow, max-snippet:-1, max-image-preview:large, max-video-preview:-1\" \/>\n<link rel=\"canonical\" href=\"https:\/\/www.technic-toys.com\/izdelek\/jet-star-v2-800-mm-brezkrtacni-65-mm-edf-pnp\/\" \/>\n<meta property=\"og:locale\" content=\"en_US\" \/>\n<meta property=\"og:type\" content=\"article\" \/>\n<meta property=\"og:title\" content=\"Jet Star V2 800 mm brezkrta\u010dni 65 mm EDF, PNP - TECHNIC-TOYS.com\" \/>\n<meta property=\"og:description\" content=\"Nadaljnji razvoj na\u0161ega priljubljenega Jetstarja (24067) v sodelovanju z Amewijem in nekaterimi vrhunskimi piloti!V nasprotju z Jetstar V1 je tu uporabljen popolnoma na novo razvit rotor z 11 rezili in krmilnikom 60A. \u0160tevilo celic se je pove\u010dalo s 3S na 4S LiPo (pribl. 1800 &#8211; 2200 mAh) in dosegljivo hitrost se je tako lahko znatno [&hellip;]\" \/>\n<meta property=\"og:url\" content=\"https:\/\/www.technic-toys.com\/izdelek\/jet-star-v2-800-mm-brezkrtacni-65-mm-edf-pnp\/\" \/>\n<meta property=\"og:site_name\" content=\"TECHNIC-TOYS.com\" \/>\n<meta property=\"article:modified_time\" content=\"2024-12-04T18:03:07+00:00\" \/>\n<meta property=\"og:image\" content=\"https:\/\/www.technic-toys.com\/wp-content\/uploads\/2022\/04\/24079.jpg\" \/>\n\t<meta property=\"og:image:width\" content=\"2560\" \/>\n\t<meta property=\"og:image:height\" content=\"1468\" \/>\n\t<meta property=\"og:image:type\" content=\"image\/jpeg\" \/>\n<meta name=\"twitter:card\" content=\"summary_large_image\" \/>\n<meta name=\"twitter:label1\" content=\"Est. reading time\" \/>\n\t<meta name=\"twitter:data1\" content=\"2 minutes\" \/>\n<script type=\"application\/ld+json\" class=\"yoast-schema-graph\">{\"@context\":\"https:\/\/schema.org\",\"@graph\":[{\"@type\":\"WebPage\",\"@id\":\"https:\/\/www.technic-toys.com\/izdelek\/jet-star-v2-800-mm-brezkrtacni-65-mm-edf-pnp\/\",\"url\":\"https:\/\/www.technic-toys.com\/izdelek\/jet-star-v2-800-mm-brezkrtacni-65-mm-edf-pnp\/\",\"name\":\"Jet Star V2 800 mm brezkrta\u010dni 65 mm EDF, PNP - TECHNIC-TOYS.com\",\"isPartOf\":{\"@id\":\"https:\/\/www.technic-toys.com\/en\/#website\"},\"datePublished\":\"2022-04-08T15:18:40+00:00\",\"dateModified\":\"2024-12-04T18:03:07+00:00\",\"breadcrumb\":{\"@id\":\"https:\/\/www.technic-toys.com\/izdelek\/jet-star-v2-800-mm-brezkrtacni-65-mm-edf-pnp\/#breadcrumb\"},\"inLanguage\":\"en-US\",\"potentialAction\":[{\"@type\":\"ReadAction\",\"target\":[\"https:\/\/www.technic-toys.com\/izdelek\/jet-star-v2-800-mm-brezkrtacni-65-mm-edf-pnp\/\"]}]},{\"@type\":\"BreadcrumbList\",\"@id\":\"https:\/\/www.technic-toys.com\/izdelek\/jet-star-v2-800-mm-brezkrtacni-65-mm-edf-pnp\/#breadcrumb\",\"itemListElement\":[{\"@type\":\"ListItem\",\"position\":1,\"name\":\"Domov\",\"item\":\"https:\/\/www.technic-toys.com\/en\/\"},{\"@type\":\"ListItem\",\"position\":2,\"name\":\"Shop\",\"item\":\"https:\/\/www.technic-toys.com\/en\/shop-2\/\"},{\"@type\":\"ListItem\",\"position\":3,\"name\":\"Jet Star V2 800 mm brezkrta\u010dni 65 mm EDF, PNP\"}]},{\"@type\":\"WebSite\",\"@id\":\"https:\/\/www.technic-toys.com\/en\/#website\",\"url\":\"https:\/\/www.technic-toys.com\/en\/\",\"name\":\"TECHNIC-TOYS.com\",\"description\":\"\",\"potentialAction\":[{\"@type\":\"SearchAction\",\"target\":{\"@type\":\"EntryPoint\",\"urlTemplate\":\"https:\/\/www.technic-toys.com\/en\/?s={search_term_string}\"},\"query-input\":\"required name=search_term_string\"}],\"inLanguage\":\"en-US\"}]}<\/script>\n<!-- \/ Yoast SEO plugin. -->","yoast_head_json":{"title":"Jet Star V2 800 mm brezkrta\u010dni 65 mm EDF, PNP - TECHNIC-TOYS.com","robots":{"index":"index","follow":"follow","max-snippet":"max-snippet:-1","max-image-preview":"max-image-preview:large","max-video-preview":"max-video-preview:-1"},"canonical":"https:\/\/www.technic-toys.com\/izdelek\/jet-star-v2-800-mm-brezkrtacni-65-mm-edf-pnp\/","og_locale":"en_US","og_type":"article","og_title":"Jet Star V2 800 mm brezkrta\u010dni 65 mm EDF, PNP - TECHNIC-TOYS.com","og_description":"Nadaljnji razvoj na\u0161ega priljubljenega Jetstarja (24067) v sodelovanju z Amewijem in nekaterimi vrhunskimi piloti!V nasprotju z Jetstar V1 je tu uporabljen popolnoma na novo razvit rotor z 11 rezili in krmilnikom 60A. \u0160tevilo celic se je pove\u010dalo s 3S na 4S LiPo (pribl. 1800 &#8211; 2200 mAh) in dosegljivo hitrost se je tako lahko znatno [&hellip;]","og_url":"https:\/\/www.technic-toys.com\/izdelek\/jet-star-v2-800-mm-brezkrtacni-65-mm-edf-pnp\/","og_site_name":"TECHNIC-TOYS.com","article_modified_time":"2024-12-04T18:03:07+00:00","og_image":[{"width":2560,"height":1468,"url":"https:\/\/www.technic-toys.com\/wp-content\/uploads\/2022\/04\/24079.jpg","type":"image\/jpeg"}],"twitter_card":"summary_large_image","twitter_misc":{"Est. reading time":"2 minutes"},"schema":{"@context":"https:\/\/schema.org","@graph":[{"@type":"WebPage","@id":"https:\/\/www.technic-toys.com\/izdelek\/jet-star-v2-800-mm-brezkrtacni-65-mm-edf-pnp\/","url":"https:\/\/www.technic-toys.com\/izdelek\/jet-star-v2-800-mm-brezkrtacni-65-mm-edf-pnp\/","name":"Jet Star V2 800 mm brezkrta\u010dni 65 mm EDF, PNP - TECHNIC-TOYS.com","isPartOf":{"@id":"https:\/\/www.technic-toys.com\/en\/#website"},"datePublished":"2022-04-08T15:18:40+00:00","dateModified":"2024-12-04T18:03:07+00:00","breadcrumb":{"@id":"https:\/\/www.technic-toys.com\/izdelek\/jet-star-v2-800-mm-brezkrtacni-65-mm-edf-pnp\/#breadcrumb"},"inLanguage":"en-US","potentialAction":[{"@type":"ReadAction","target":["https:\/\/www.technic-toys.com\/izdelek\/jet-star-v2-800-mm-brezkrtacni-65-mm-edf-pnp\/"]}]},{"@type":"BreadcrumbList","@id":"https:\/\/www.technic-toys.com\/izdelek\/jet-star-v2-800-mm-brezkrtacni-65-mm-edf-pnp\/#breadcrumb","itemListElement":[{"@type":"ListItem","position":1,"name":"Domov","item":"https:\/\/www.technic-toys.com\/en\/"},{"@type":"ListItem","position":2,"name":"Shop","item":"https:\/\/www.technic-toys.com\/en\/shop-2\/"},{"@type":"ListItem","position":3,"name":"Jet Star V2 800 mm brezkrta\u010dni 65 mm EDF, PNP"}]},{"@type":"WebSite","@id":"https:\/\/www.technic-toys.com\/en\/#website","url":"https:\/\/www.technic-toys.com\/en\/","name":"TECHNIC-TOYS.com","description":"","potentialAction":[{"@type":"SearchAction","target":{"@type":"EntryPoint","urlTemplate":"https:\/\/www.technic-toys.com\/en\/?s={search_term_string}"},"query-input":"required name=search_term_string"}],"inLanguage":"en-US"}]}},"_links":{"self":[{"href":"https:\/\/www.technic-toys.com\/en\/wp-json\/wp\/v2\/product\/17111"}],"collection":[{"href":"https:\/\/www.technic-toys.com\/en\/wp-json\/wp\/v2\/product"}],"about":[{"href":"https:\/\/www.technic-toys.com\/en\/wp-json\/wp\/v2\/types\/product"}],"wp:featuredmedia":[{"embeddable":true,"href":"https:\/\/www.technic-toys.com\/en\/wp-json\/wp\/v2\/media\/17112"}],"wp:attachment":[{"href":"https:\/\/www.technic-toys.com\/en\/wp-json\/wp\/v2\/media?parent=17111"}],"wp:term":[{"taxonomy":"product_cat","embeddable":true,"href":"https:\/\/www.technic-toys.com\/en\/wp-json\/wp\/v2\/product_cat?post=17111"},{"taxonomy":"product_tag","embeddable":true,"href":"https:\/\/www.technic-toys.com\/en\/wp-json\/wp\/v2\/product_tag?post=17111"}],"curies":[{"name":"wp","href":"https:\/\/api.w.org\/{rel}","templated":true}]}}