{"id":17327,"date":"2022-04-08T17:21:02","date_gmt":"2022-04-08T15:21:02","guid":{"rendered":"https:\/\/www.technic-toys.com\/izdelek\/f22-letalo-brez-krtack-3d-6g-3-kanal-24-ghz\/"},"modified":"2024-12-04T19:02:57","modified_gmt":"2024-12-04T18:02:57","slug":"f22-letalo-brez-krtack-3d-6g-3-kanal-24-ghz","status":"publish","type":"product","link":"https:\/\/www.technic-toys.com\/en\/izdelek\/f22-letalo-brez-krtack-3d-6g-3-kanal-24-ghz\/","title":{"rendered":"F22 Letalo brez krta\u010dk 3D\/6G 3 kanal 2,4 GHz"},"content":{"rendered":"<p>Eleganten dizajn zdru\u017euje prefinjeno tehnologijo. Ta replika F-22 Raptor ima samodejno stabilizacijo (\u017eiroskop), mo\u010dan brezkrta\u010dni motor s 5350KV, 2S 7,4V 300mAh LiPo baterijo in 2,4GHz oddajnik &#8220;iz \u0161katle&#8221; &#8211; razpakirajte, napolnite baterijo, oddajnik s seboj Namestite baterije (niso prilo\u017eene) in model je pripravljen za uporabo. Zmogljiv pogon model hitro dvigne v zrak, \u017eiroskop pa poskrbi, da ta majhen hitri curek leti trdovratno naravnost. Vsi zunanji vplivi, kot je veter, so preprosto skriti. \u017diroskop je mogo\u010de izklopiti z gumbom na oddajniku in model je takrat popolnoma akrobatski. Zaradi velike krmilne povr\u0161ine zadaj (dvigalo je hkrati tudi krilce) je model zelo okreten in zanke oziroma rolanja uspejo brez te\u017eav. Obna\u0161anje pri letenju brez podpore za \u017eiroskop je skoraj podobno krmiljenju potiska &#8211; vektorja in hitrost vrtenja ter u\u010dinek dvigala sta zelo okretna in neposredna. \u010ce postane let kriti\u010den, se lahko F22 s pomo\u010djo \u017eiroskopskega stikala takoj vrne nazaj v stabilen polo\u017eaj za letenje. (Varna funkcija) Zmanj\u0161a se tudi najve\u010dji odklon servomotorjev v \u017eiroskopskem na\u010dinu in modela ni mogo\u010de obrniti na hrbet ali prevrniti, ker elektronika omejuje naklon ali vzpenjanje\/spust na pribli\u017eno 15 &#8211; 20\u00b0. Z visoko vrtilnim brezkrta\u010dnim outrunnerjem v povezavi z baterijo 2S 300mAh 7,4V LiPo je dosegljiva hitrost ve\u010d kot impresivna in je zelo zabavna tako za za\u010detnike kot za ambiciozne pilote. Za bolj\u0161o vidljivost ima model na spodnji strani rde\u010d in zeleni LED trak.<\/p>\n<p>Lastnosti:<br \/>Robusten material (EPP)<br \/>Enostaven za popravilo<br \/> Zmogljiv brezkrta\u010dni pogon<br \/>Model RTF, vklju\u010dno z baterijo, oddajnikom in polnilnim kablom<br \/>Gyro funkcija (varna funkcija)<br \/>LED svetlobni trak rde\u010da\/zelena na spodnji strani <br \/>Zelo okreten model<br \/>Dober po\u010dasen zna\u010dilnosti letenja <br \/>Popolnoma primeren za za\u010detnike<\/p>\n<p>Tehni\u010dni podatki:<br \/>Dol\u017eina: 452mm<br \/>\u0160irina razpona: 320mm<br \/>Vi\u0161ina: 132mm<br \/>Te\u017ea: pribl. . 76 g<br \/ >Motor: Brezkrta\u010dni 1106 \/ 5350KV<br \/>\u010cas leta: pribli\u017eno 5 &#8211; 7 min.<br \/>Domet: +\/- 100m<br \/>Sistem: 2,4GHz samodejna vezava<br \/>Baterija : 2S LiPo 7, 4V 300mAh<br \/>Dimenzije baterije: 40 x 15 x 11 mm, konektor Molex<br \/>Te\u017ea baterije: 16g<br \/>Polilec: USB kabel<\/p>\n<p>Obseg dobave: <br \/>Model<br \/>Oddajnik 2,4GHz<br \/>Baterija 7,4V 300mAh 2S LiPo<br \/>Kabel za polnjenje<br \/>Navodila DE \/ EN<br \/>Dodatki<\/p>\n<p>Potreben dodatki:<br \/> Baterije za SE nder (4 x 1,5 V Mignon AA)<\/p>\n","protected":false},"excerpt":{"rendered":"<p>Eleganten dizajn zdru\u017euje prefinjeno tehnologijo. Ta replika F-22 Raptor ima samodejno stabilizacijo (\u017eiroskop), mo\u010dan brezkrta\u010dni motor s 5350KV, 2S 7,4V 300mAh LiPo baterijo in 2,4GHz oddajnik &#8220;iz \u0161katle&#8221; &#8211; razpakirajte, napolnite baterijo, oddajnik s seboj Namestite baterije (niso prilo\u017eene) in model je pripravljen za uporabo. Zmogljiv pogon model hitro dvigne v zrak, \u017eiroskop pa poskrbi, [&hellip;]<\/p>\n","protected":false},"featured_media":17328,"template":"","meta":[],"product_cat":[362,397],"product_tag":[],"acf":[],"yoast_head":"<!-- This site is optimized with the Yoast SEO plugin v21.7 - https:\/\/yoast.com\/wordpress\/plugins\/seo\/ -->\n<title>F22 Letalo brez krta\u010dk 3D\/6G 3 kanal 2,4 GHz - TECHNIC-TOYS.com<\/title>\n<meta name=\"robots\" content=\"index, follow, max-snippet:-1, max-image-preview:large, max-video-preview:-1\" \/>\n<link rel=\"canonical\" href=\"https:\/\/www.technic-toys.com\/izdelek\/f22-letalo-brez-krtack-3d-6g-3-kanal-24-ghz\/\" \/>\n<meta property=\"og:locale\" content=\"en_US\" \/>\n<meta property=\"og:type\" content=\"article\" \/>\n<meta property=\"og:title\" content=\"F22 Letalo brez krta\u010dk 3D\/6G 3 kanal 2,4 GHz - TECHNIC-TOYS.com\" \/>\n<meta property=\"og:description\" content=\"Eleganten dizajn zdru\u017euje prefinjeno tehnologijo. Ta replika F-22 Raptor ima samodejno stabilizacijo (\u017eiroskop), mo\u010dan brezkrta\u010dni motor s 5350KV, 2S 7,4V 300mAh LiPo baterijo in 2,4GHz oddajnik &#8220;iz \u0161katle&#8221; &#8211; razpakirajte, napolnite baterijo, oddajnik s seboj Namestite baterije (niso prilo\u017eene) in model je pripravljen za uporabo. Zmogljiv pogon model hitro dvigne v zrak, \u017eiroskop pa poskrbi, [&hellip;]\" \/>\n<meta property=\"og:url\" content=\"https:\/\/www.technic-toys.com\/izdelek\/f22-letalo-brez-krtack-3d-6g-3-kanal-24-ghz\/\" \/>\n<meta property=\"og:site_name\" content=\"TECHNIC-TOYS.com\" \/>\n<meta property=\"article:modified_time\" content=\"2024-12-04T18:02:57+00:00\" \/>\n<meta property=\"og:image\" content=\"https:\/\/www.technic-toys.com\/wp-content\/uploads\/2022\/04\/24091.jpg\" \/>\n\t<meta property=\"og:image:width\" content=\"2560\" \/>\n\t<meta property=\"og:image:height\" content=\"1468\" \/>\n\t<meta property=\"og:image:type\" content=\"image\/jpeg\" \/>\n<meta name=\"twitter:card\" content=\"summary_large_image\" \/>\n<meta name=\"twitter:label1\" content=\"Est. reading time\" \/>\n\t<meta name=\"twitter:data1\" content=\"2 minutes\" \/>\n<script type=\"application\/ld+json\" class=\"yoast-schema-graph\">{\"@context\":\"https:\/\/schema.org\",\"@graph\":[{\"@type\":\"WebPage\",\"@id\":\"https:\/\/www.technic-toys.com\/izdelek\/f22-letalo-brez-krtack-3d-6g-3-kanal-24-ghz\/\",\"url\":\"https:\/\/www.technic-toys.com\/izdelek\/f22-letalo-brez-krtack-3d-6g-3-kanal-24-ghz\/\",\"name\":\"F22 Letalo brez krta\u010dk 3D\/6G 3 kanal 2,4 GHz - TECHNIC-TOYS.com\",\"isPartOf\":{\"@id\":\"https:\/\/www.technic-toys.com\/en\/#website\"},\"datePublished\":\"2022-04-08T15:21:02+00:00\",\"dateModified\":\"2024-12-04T18:02:57+00:00\",\"breadcrumb\":{\"@id\":\"https:\/\/www.technic-toys.com\/izdelek\/f22-letalo-brez-krtack-3d-6g-3-kanal-24-ghz\/#breadcrumb\"},\"inLanguage\":\"en-US\",\"potentialAction\":[{\"@type\":\"ReadAction\",\"target\":[\"https:\/\/www.technic-toys.com\/izdelek\/f22-letalo-brez-krtack-3d-6g-3-kanal-24-ghz\/\"]}]},{\"@type\":\"BreadcrumbList\",\"@id\":\"https:\/\/www.technic-toys.com\/izdelek\/f22-letalo-brez-krtack-3d-6g-3-kanal-24-ghz\/#breadcrumb\",\"itemListElement\":[{\"@type\":\"ListItem\",\"position\":1,\"name\":\"Domov\",\"item\":\"https:\/\/www.technic-toys.com\/en\/\"},{\"@type\":\"ListItem\",\"position\":2,\"name\":\"Shop\",\"item\":\"https:\/\/www.technic-toys.com\/en\/shop-2\/\"},{\"@type\":\"ListItem\",\"position\":3,\"name\":\"F22 Letalo brez krta\u010dk 3D\/6G 3 kanal 2,4 GHz\"}]},{\"@type\":\"WebSite\",\"@id\":\"https:\/\/www.technic-toys.com\/en\/#website\",\"url\":\"https:\/\/www.technic-toys.com\/en\/\",\"name\":\"TECHNIC-TOYS.com\",\"description\":\"\",\"potentialAction\":[{\"@type\":\"SearchAction\",\"target\":{\"@type\":\"EntryPoint\",\"urlTemplate\":\"https:\/\/www.technic-toys.com\/en\/?s={search_term_string}\"},\"query-input\":\"required name=search_term_string\"}],\"inLanguage\":\"en-US\"}]}<\/script>\n<!-- \/ Yoast SEO plugin. -->","yoast_head_json":{"title":"F22 Letalo brez krta\u010dk 3D\/6G 3 kanal 2,4 GHz - TECHNIC-TOYS.com","robots":{"index":"index","follow":"follow","max-snippet":"max-snippet:-1","max-image-preview":"max-image-preview:large","max-video-preview":"max-video-preview:-1"},"canonical":"https:\/\/www.technic-toys.com\/izdelek\/f22-letalo-brez-krtack-3d-6g-3-kanal-24-ghz\/","og_locale":"en_US","og_type":"article","og_title":"F22 Letalo brez krta\u010dk 3D\/6G 3 kanal 2,4 GHz - TECHNIC-TOYS.com","og_description":"Eleganten dizajn zdru\u017euje prefinjeno tehnologijo. Ta replika F-22 Raptor ima samodejno stabilizacijo (\u017eiroskop), mo\u010dan brezkrta\u010dni motor s 5350KV, 2S 7,4V 300mAh LiPo baterijo in 2,4GHz oddajnik &#8220;iz \u0161katle&#8221; &#8211; razpakirajte, napolnite baterijo, oddajnik s seboj Namestite baterije (niso prilo\u017eene) in model je pripravljen za uporabo. Zmogljiv pogon model hitro dvigne v zrak, \u017eiroskop pa poskrbi, [&hellip;]","og_url":"https:\/\/www.technic-toys.com\/izdelek\/f22-letalo-brez-krtack-3d-6g-3-kanal-24-ghz\/","og_site_name":"TECHNIC-TOYS.com","article_modified_time":"2024-12-04T18:02:57+00:00","og_image":[{"width":2560,"height":1468,"url":"https:\/\/www.technic-toys.com\/wp-content\/uploads\/2022\/04\/24091.jpg","type":"image\/jpeg"}],"twitter_card":"summary_large_image","twitter_misc":{"Est. reading time":"2 minutes"},"schema":{"@context":"https:\/\/schema.org","@graph":[{"@type":"WebPage","@id":"https:\/\/www.technic-toys.com\/izdelek\/f22-letalo-brez-krtack-3d-6g-3-kanal-24-ghz\/","url":"https:\/\/www.technic-toys.com\/izdelek\/f22-letalo-brez-krtack-3d-6g-3-kanal-24-ghz\/","name":"F22 Letalo brez krta\u010dk 3D\/6G 3 kanal 2,4 GHz - TECHNIC-TOYS.com","isPartOf":{"@id":"https:\/\/www.technic-toys.com\/en\/#website"},"datePublished":"2022-04-08T15:21:02+00:00","dateModified":"2024-12-04T18:02:57+00:00","breadcrumb":{"@id":"https:\/\/www.technic-toys.com\/izdelek\/f22-letalo-brez-krtack-3d-6g-3-kanal-24-ghz\/#breadcrumb"},"inLanguage":"en-US","potentialAction":[{"@type":"ReadAction","target":["https:\/\/www.technic-toys.com\/izdelek\/f22-letalo-brez-krtack-3d-6g-3-kanal-24-ghz\/"]}]},{"@type":"BreadcrumbList","@id":"https:\/\/www.technic-toys.com\/izdelek\/f22-letalo-brez-krtack-3d-6g-3-kanal-24-ghz\/#breadcrumb","itemListElement":[{"@type":"ListItem","position":1,"name":"Domov","item":"https:\/\/www.technic-toys.com\/en\/"},{"@type":"ListItem","position":2,"name":"Shop","item":"https:\/\/www.technic-toys.com\/en\/shop-2\/"},{"@type":"ListItem","position":3,"name":"F22 Letalo brez krta\u010dk 3D\/6G 3 kanal 2,4 GHz"}]},{"@type":"WebSite","@id":"https:\/\/www.technic-toys.com\/en\/#website","url":"https:\/\/www.technic-toys.com\/en\/","name":"TECHNIC-TOYS.com","description":"","potentialAction":[{"@type":"SearchAction","target":{"@type":"EntryPoint","urlTemplate":"https:\/\/www.technic-toys.com\/en\/?s={search_term_string}"},"query-input":"required name=search_term_string"}],"inLanguage":"en-US"}]}},"_links":{"self":[{"href":"https:\/\/www.technic-toys.com\/en\/wp-json\/wp\/v2\/product\/17327"}],"collection":[{"href":"https:\/\/www.technic-toys.com\/en\/wp-json\/wp\/v2\/product"}],"about":[{"href":"https:\/\/www.technic-toys.com\/en\/wp-json\/wp\/v2\/types\/product"}],"wp:featuredmedia":[{"embeddable":true,"href":"https:\/\/www.technic-toys.com\/en\/wp-json\/wp\/v2\/media\/17328"}],"wp:attachment":[{"href":"https:\/\/www.technic-toys.com\/en\/wp-json\/wp\/v2\/media?parent=17327"}],"wp:term":[{"taxonomy":"product_cat","embeddable":true,"href":"https:\/\/www.technic-toys.com\/en\/wp-json\/wp\/v2\/product_cat?post=17327"},{"taxonomy":"product_tag","embeddable":true,"href":"https:\/\/www.technic-toys.com\/en\/wp-json\/wp\/v2\/product_tag?post=17327"}],"curies":[{"name":"wp","href":"https:\/\/api.w.org\/{rel}","templated":true}]}}