{"id":17346,"date":"2022-04-08T17:21:02","date_gmt":"2022-04-08T15:21:02","guid":{"rendered":"https:\/\/www.technic-toys.com\/izdelek\/amxflight-viper-hpat-jet-epo-pnp\/"},"modified":"2024-12-04T19:02:58","modified_gmt":"2024-12-04T18:02:58","slug":"amxflight-viper-hpat-jet-epo-pnp","status":"publish","type":"product","link":"https:\/\/www.technic-toys.com\/en\/izdelek\/amxflight-viper-hpat-jet-epo-pnp\/","title":{"rendered":"AMXFlight Viper Hpat Jet EPO PNP"},"content":{"rendered":"<p> Replika znanega Viper Jeta &#8211; \u0161portnega letala, ki ga proizvajalec dobavlja kot komplet. Pri obi\u010dajnem nizkokrilnem letalu s sede\u017ei, razporejenimi drug za drugim, je reaktivni motor name\u0161\u010den v trupu.<\/p>\n<p>Amewi HPAT Viper Jet: majhen, okreten reaktivni letalo v razli\u010dici PNP. Model je v veliki meri monta\u017eni, monta\u017ea je omejena na monta\u017eo krila, povezav in repne enote. Vsi servo motorji (3x 8g), 50 mm rotor, vklju\u010dno z brezkrta\u010dnim motorjem 4300KV in 20A Hobbywing ESC so \u017ee name\u0161\u010deni. Jet je zasnovan tako, da sprejme 3S Li-Pos med 850 in 1000 mAh, s katerim Viper dosega impresivne letne zmogljivosti. Hitrost se giblje od hitre do po\u010dasne in je tako v\u0161e\u010d tudi manj izku\u0161enim pilotom. Manevriranje in hitrost vrtenja sta prav tako impresivna s \u0161irokim razponom od zelo okretnih do krotkih. Obna\u0161anje pri zagonu je popolnoma nekriti\u010dno, kar pomeni, da se model lahko brez te\u017eav za\u017eene ro\u010dno. Curek ne ka\u017ee nagnjenosti k zna\u010dilnemu pove\u0161enju modela rotorja. Zaradi svoje majhnosti je model popoln prtlja\u017enik za vmes in je tudi zelo zabaven v eskadrilji z ve\u010d modeli.<\/p>\n<p>Poudarki:<br \/>Zmogljiv pogon zahvaljujo\u010d 4300kV brezkrta\u010dni motor<br \/ >Hiter dostop prek magnetnega zapaha kro\u0161nje<br \/>Trdna EPO pena, enostavna za popravilo s penastim lepilom<\/p>\n<p>Lastnosti:<br \/>Hiter in manevriran kanalski ventilatorski curek<br \/ >Enostavna in hitra izdelava PNP (Plug and Play)<br \/>Visokokakovosten ESC Hobbywing z 20A s priklju\u010dkom XT60<br \/>Zasnovan za 3S LiPo 11.1V XT60<br \/>Lep, jasno viden dizajn<\/p>\n<p>Tehni\u010dni podatki:<br \/>Dol\u017eina: 652mm<br \/>Razpon kril: 717mm <br \/>Te\u017ea leta: pribli\u017eno 330g<br \/>Protor: 50mm 5 rezil<br \/>Motor: 4300KV brezkrta\u010dni<br \/>ESC: 20A Hobbywing s priklju\u010dkom XT60<br \/>Servovodi: 3x 8,0g<\/p>\n<p>Obseg dobave:<br \/>Model vklju\u010dno z motorjem, krmilnikom, servo motorji, rotorjem<br \/>Vijaki in priklju\u010dni deli<br \/>Navodila za monta\u017eo DE \/EN<\/p>\n<p>Potrebna dodatna oprema:<br \/>Oddajnik in sprejemnik najmanj 4 kanali<br \/>Baterija Li-Po 3S 850 &#8211; 1000 mAh 11,1 V XT60<br \/>polnilnik za Li-Po<\/p>\n","protected":false},"excerpt":{"rendered":"<p>Replika znanega Viper Jeta &#8211; \u0161portnega letala, ki ga proizvajalec dobavlja kot komplet. Pri obi\u010dajnem nizkokrilnem letalu s sede\u017ei, razporejenimi drug za drugim, je reaktivni motor name\u0161\u010den v trupu. Amewi HPAT Viper Jet: majhen, okreten reaktivni letalo v razli\u010dici PNP. Model je v veliki meri monta\u017eni, monta\u017ea je omejena na monta\u017eo krila, povezav in repne [&hellip;]<\/p>\n","protected":false},"featured_media":17347,"template":"","meta":[],"product_cat":[362,397],"product_tag":[],"acf":[],"yoast_head":"<!-- This site is optimized with the Yoast SEO plugin v21.7 - https:\/\/yoast.com\/wordpress\/plugins\/seo\/ -->\n<title>AMXFlight Viper Hpat Jet EPO PNP - TECHNIC-TOYS.com<\/title>\n<meta name=\"robots\" content=\"index, follow, max-snippet:-1, max-image-preview:large, max-video-preview:-1\" \/>\n<link rel=\"canonical\" href=\"https:\/\/www.technic-toys.com\/izdelek\/amxflight-viper-hpat-jet-epo-pnp\/\" \/>\n<meta property=\"og:locale\" content=\"en_US\" \/>\n<meta property=\"og:type\" content=\"article\" \/>\n<meta property=\"og:title\" content=\"AMXFlight Viper Hpat Jet EPO PNP - TECHNIC-TOYS.com\" \/>\n<meta property=\"og:description\" content=\"Replika znanega Viper Jeta &#8211; \u0161portnega letala, ki ga proizvajalec dobavlja kot komplet. Pri obi\u010dajnem nizkokrilnem letalu s sede\u017ei, razporejenimi drug za drugim, je reaktivni motor name\u0161\u010den v trupu. Amewi HPAT Viper Jet: majhen, okreten reaktivni letalo v razli\u010dici PNP. Model je v veliki meri monta\u017eni, monta\u017ea je omejena na monta\u017eo krila, povezav in repne [&hellip;]\" \/>\n<meta property=\"og:url\" content=\"https:\/\/www.technic-toys.com\/izdelek\/amxflight-viper-hpat-jet-epo-pnp\/\" \/>\n<meta property=\"og:site_name\" content=\"TECHNIC-TOYS.com\" \/>\n<meta property=\"article:modified_time\" content=\"2024-12-04T18:02:58+00:00\" \/>\n<meta property=\"og:image\" content=\"https:\/\/www.technic-toys.com\/wp-content\/uploads\/2022\/04\/24093.jpg\" \/>\n\t<meta property=\"og:image:width\" content=\"2560\" \/>\n\t<meta property=\"og:image:height\" content=\"1468\" \/>\n\t<meta property=\"og:image:type\" content=\"image\/jpeg\" \/>\n<meta name=\"twitter:card\" content=\"summary_large_image\" \/>\n<meta name=\"twitter:label1\" content=\"Est. reading time\" \/>\n\t<meta name=\"twitter:data1\" content=\"2 minutes\" \/>\n<script type=\"application\/ld+json\" class=\"yoast-schema-graph\">{\"@context\":\"https:\/\/schema.org\",\"@graph\":[{\"@type\":\"WebPage\",\"@id\":\"https:\/\/www.technic-toys.com\/izdelek\/amxflight-viper-hpat-jet-epo-pnp\/\",\"url\":\"https:\/\/www.technic-toys.com\/izdelek\/amxflight-viper-hpat-jet-epo-pnp\/\",\"name\":\"AMXFlight Viper Hpat Jet EPO PNP - TECHNIC-TOYS.com\",\"isPartOf\":{\"@id\":\"https:\/\/www.technic-toys.com\/en\/#website\"},\"datePublished\":\"2022-04-08T15:21:02+00:00\",\"dateModified\":\"2024-12-04T18:02:58+00:00\",\"breadcrumb\":{\"@id\":\"https:\/\/www.technic-toys.com\/izdelek\/amxflight-viper-hpat-jet-epo-pnp\/#breadcrumb\"},\"inLanguage\":\"en-US\",\"potentialAction\":[{\"@type\":\"ReadAction\",\"target\":[\"https:\/\/www.technic-toys.com\/izdelek\/amxflight-viper-hpat-jet-epo-pnp\/\"]}]},{\"@type\":\"BreadcrumbList\",\"@id\":\"https:\/\/www.technic-toys.com\/izdelek\/amxflight-viper-hpat-jet-epo-pnp\/#breadcrumb\",\"itemListElement\":[{\"@type\":\"ListItem\",\"position\":1,\"name\":\"Domov\",\"item\":\"https:\/\/www.technic-toys.com\/en\/\"},{\"@type\":\"ListItem\",\"position\":2,\"name\":\"Shop\",\"item\":\"https:\/\/www.technic-toys.com\/en\/shop-2\/\"},{\"@type\":\"ListItem\",\"position\":3,\"name\":\"AMXFlight Viper Hpat Jet EPO PNP\"}]},{\"@type\":\"WebSite\",\"@id\":\"https:\/\/www.technic-toys.com\/en\/#website\",\"url\":\"https:\/\/www.technic-toys.com\/en\/\",\"name\":\"TECHNIC-TOYS.com\",\"description\":\"\",\"potentialAction\":[{\"@type\":\"SearchAction\",\"target\":{\"@type\":\"EntryPoint\",\"urlTemplate\":\"https:\/\/www.technic-toys.com\/en\/?s={search_term_string}\"},\"query-input\":\"required name=search_term_string\"}],\"inLanguage\":\"en-US\"}]}<\/script>\n<!-- \/ Yoast SEO plugin. -->","yoast_head_json":{"title":"AMXFlight Viper Hpat Jet EPO PNP - TECHNIC-TOYS.com","robots":{"index":"index","follow":"follow","max-snippet":"max-snippet:-1","max-image-preview":"max-image-preview:large","max-video-preview":"max-video-preview:-1"},"canonical":"https:\/\/www.technic-toys.com\/izdelek\/amxflight-viper-hpat-jet-epo-pnp\/","og_locale":"en_US","og_type":"article","og_title":"AMXFlight Viper Hpat Jet EPO PNP - TECHNIC-TOYS.com","og_description":"Replika znanega Viper Jeta &#8211; \u0161portnega letala, ki ga proizvajalec dobavlja kot komplet. Pri obi\u010dajnem nizkokrilnem letalu s sede\u017ei, razporejenimi drug za drugim, je reaktivni motor name\u0161\u010den v trupu. Amewi HPAT Viper Jet: majhen, okreten reaktivni letalo v razli\u010dici PNP. Model je v veliki meri monta\u017eni, monta\u017ea je omejena na monta\u017eo krila, povezav in repne [&hellip;]","og_url":"https:\/\/www.technic-toys.com\/izdelek\/amxflight-viper-hpat-jet-epo-pnp\/","og_site_name":"TECHNIC-TOYS.com","article_modified_time":"2024-12-04T18:02:58+00:00","og_image":[{"width":2560,"height":1468,"url":"https:\/\/www.technic-toys.com\/wp-content\/uploads\/2022\/04\/24093.jpg","type":"image\/jpeg"}],"twitter_card":"summary_large_image","twitter_misc":{"Est. reading time":"2 minutes"},"schema":{"@context":"https:\/\/schema.org","@graph":[{"@type":"WebPage","@id":"https:\/\/www.technic-toys.com\/izdelek\/amxflight-viper-hpat-jet-epo-pnp\/","url":"https:\/\/www.technic-toys.com\/izdelek\/amxflight-viper-hpat-jet-epo-pnp\/","name":"AMXFlight Viper Hpat Jet EPO PNP - TECHNIC-TOYS.com","isPartOf":{"@id":"https:\/\/www.technic-toys.com\/en\/#website"},"datePublished":"2022-04-08T15:21:02+00:00","dateModified":"2024-12-04T18:02:58+00:00","breadcrumb":{"@id":"https:\/\/www.technic-toys.com\/izdelek\/amxflight-viper-hpat-jet-epo-pnp\/#breadcrumb"},"inLanguage":"en-US","potentialAction":[{"@type":"ReadAction","target":["https:\/\/www.technic-toys.com\/izdelek\/amxflight-viper-hpat-jet-epo-pnp\/"]}]},{"@type":"BreadcrumbList","@id":"https:\/\/www.technic-toys.com\/izdelek\/amxflight-viper-hpat-jet-epo-pnp\/#breadcrumb","itemListElement":[{"@type":"ListItem","position":1,"name":"Domov","item":"https:\/\/www.technic-toys.com\/en\/"},{"@type":"ListItem","position":2,"name":"Shop","item":"https:\/\/www.technic-toys.com\/en\/shop-2\/"},{"@type":"ListItem","position":3,"name":"AMXFlight Viper Hpat Jet EPO PNP"}]},{"@type":"WebSite","@id":"https:\/\/www.technic-toys.com\/en\/#website","url":"https:\/\/www.technic-toys.com\/en\/","name":"TECHNIC-TOYS.com","description":"","potentialAction":[{"@type":"SearchAction","target":{"@type":"EntryPoint","urlTemplate":"https:\/\/www.technic-toys.com\/en\/?s={search_term_string}"},"query-input":"required name=search_term_string"}],"inLanguage":"en-US"}]}},"_links":{"self":[{"href":"https:\/\/www.technic-toys.com\/en\/wp-json\/wp\/v2\/product\/17346"}],"collection":[{"href":"https:\/\/www.technic-toys.com\/en\/wp-json\/wp\/v2\/product"}],"about":[{"href":"https:\/\/www.technic-toys.com\/en\/wp-json\/wp\/v2\/types\/product"}],"wp:featuredmedia":[{"embeddable":true,"href":"https:\/\/www.technic-toys.com\/en\/wp-json\/wp\/v2\/media\/17347"}],"wp:attachment":[{"href":"https:\/\/www.technic-toys.com\/en\/wp-json\/wp\/v2\/media?parent=17346"}],"wp:term":[{"taxonomy":"product_cat","embeddable":true,"href":"https:\/\/www.technic-toys.com\/en\/wp-json\/wp\/v2\/product_cat?post=17346"},{"taxonomy":"product_tag","embeddable":true,"href":"https:\/\/www.technic-toys.com\/en\/wp-json\/wp\/v2\/product_tag?post=17346"}],"curies":[{"name":"wp","href":"https:\/\/api.w.org\/{rel}","templated":true}]}}