{"id":17375,"date":"2022-04-08T17:21:02","date_gmt":"2022-04-08T15:21:02","guid":{"rendered":"https:\/\/www.technic-toys.com\/izdelek\/amx-let-l-39-albatros-v2-epo-pnp\/"},"modified":"2024-12-04T19:02:59","modified_gmt":"2024-12-04T18:02:59","slug":"amx-let-l-39-albatros-v2-epo-pnp","status":"publish","type":"product","link":"https:\/\/www.technic-toys.com\/en\/izdelek\/amx-let-l-39-albatros-v2-epo-pnp\/","title":{"rendered":"AMX let L-39 Albatros V2 EPO PNP"},"content":{"rendered":"<p>Aero L-39 Albatros je dvosede\u017eno, enomotorno izobra\u017eevalno letalo, razvito na \u010ce\u0161koslova\u0161kem kot naslednik L-29 Delfin in je \u0161e danes v uporabi pri zra\u010dnih silah ve\u010d dr\u017eav. Model AMEWI je majhen, okreten reaktivni letalo v obliki PNP (Plug and Play) in nadgrajeni razli\u010dici V2. Spremembe v primerjavi z razli\u010dico V1 vplivajo predvsem na pogon. Namesto rotorja s 5 lopaticami sta bila tu name\u0161\u010dena popolnoma na novo razvito 11-lopati\u010dno kolo in krmilnik Hobbywing 30 A. Povezana prednost je v pove\u010dani zmogljivosti ob hkrati ob\u010dutno prijetnej\u0161em zvoku rotorja.<br \/>\nLetalo je v veliki meri monta\u017eno \u2013 monta\u017ea je omejena le na monta\u017eo krila, povezav in repne enote. . Vsi servomotorji (3x 8g), 50 mm impeler, vklju\u010dno z brezkrta\u010dnim motorjem 4900KV in 30A Hobbywing ESC so \u017ee name\u0161\u010deni.<br \/>\nJet je zasnovan za namestitev 3S Li-Po baterij med 850 in 1000mAh, ki jih ima L-39 za letenje. izvedba. Hitrost se giblje od hitre do po\u010dasne in je tako v\u0161e\u010d tudi manj izku\u0161enim pilotom. Manevriranje in hitrost prevra\u010danja sta prav tako prepri\u010dljiva s \u0161irokim razponom od zelo okretnih do krotkih. Obna\u0161anje pri zagonu je popolnoma nekriti\u010dno, kar pomeni, da se model lahko brez te\u017eav za\u017eene ro\u010dno. Curek ne ka\u017ee nagnjenosti k zna\u010dilnemu pove\u0161enju modela rotorja. Zaradi svoje majhnosti je model popoln prtlja\u017enik za vmes in je tudi zelo zabaven v eskadrilji z ve\u010d modeli.<\/p>\n<p>Lastnosti:<br \/>\nHiter in okreten reaktivni curek&lt; br \/&gt; Hitra in enostavna nastavitev (PNP)<br \/>\nNovo razvit 11-kraki rotor<br \/>\nVisokokakovosten ESC Hobbywing z 30A z XT60<br \/>\nZasnovan za 3S LiPo 11,1V<br \/>\n\u010cudovit dizajn Breitling<\/p>\n<p>Tehni\u010dni podatki:<br \/>\nDol\u017eina: 700 mm<br \/>\nRazpon kril: 550 mm<br \/>\nTe\u017ea leta: pribli\u017eno 335 g<br \/>\nProtor: 50 mm 11-rezilo<br \/>\nMotor: brezkrta\u010dni 4900KV<br \/>\nESC: 30A Hobbywing s priklju\u010dkom XT60<br \/>\nServoservi: 3x 8,0g<\/p>\n<p>Obseg dobave:<br \/>\nModel vklju\u010duje motor, krmilnik, servo , rotor<br \/>\nVijaki in deli povezave<br \/>\nNavodila za monta\u017eo DE\/EN<\/p>\n<p>Potrebna dodatna oprema:<br \/>\nOddajnik in sprejemnik najmanj 4 kanali<br \/>\nBaterija Li-Po 3S 850-1000 mAh 11,1 V XT60<br \/>\nPolnilec za LiPo<\/p>\n","protected":false},"excerpt":{"rendered":"<p>Aero L-39 Albatros je dvosede\u017eno, enomotorno izobra\u017eevalno letalo, razvito na \u010ce\u0161koslova\u0161kem kot naslednik L-29 Delfin in je \u0161e danes v uporabi pri zra\u010dnih silah ve\u010d dr\u017eav. Model AMEWI je majhen, okreten reaktivni letalo v obliki PNP (Plug and Play) in nadgrajeni razli\u010dici V2. Spremembe v primerjavi z razli\u010dico V1 vplivajo predvsem na pogon. Namesto rotorja [&hellip;]<\/p>\n","protected":false},"featured_media":17376,"template":"","meta":[],"product_cat":[362,397],"product_tag":[],"acf":[],"yoast_head":"<!-- This site is optimized with the Yoast SEO plugin v21.7 - https:\/\/yoast.com\/wordpress\/plugins\/seo\/ -->\n<title>AMX let L-39 Albatros V2 EPO PNP - TECHNIC-TOYS.com<\/title>\n<meta name=\"robots\" content=\"index, follow, max-snippet:-1, max-image-preview:large, max-video-preview:-1\" \/>\n<link rel=\"canonical\" href=\"https:\/\/www.technic-toys.com\/izdelek\/amx-let-l-39-albatros-v2-epo-pnp\/\" \/>\n<meta property=\"og:locale\" content=\"en_US\" \/>\n<meta property=\"og:type\" content=\"article\" \/>\n<meta property=\"og:title\" content=\"AMX let L-39 Albatros V2 EPO PNP - TECHNIC-TOYS.com\" \/>\n<meta property=\"og:description\" content=\"Aero L-39 Albatros je dvosede\u017eno, enomotorno izobra\u017eevalno letalo, razvito na \u010ce\u0161koslova\u0161kem kot naslednik L-29 Delfin in je \u0161e danes v uporabi pri zra\u010dnih silah ve\u010d dr\u017eav. Model AMEWI je majhen, okreten reaktivni letalo v obliki PNP (Plug and Play) in nadgrajeni razli\u010dici V2. Spremembe v primerjavi z razli\u010dico V1 vplivajo predvsem na pogon. Namesto rotorja [&hellip;]\" \/>\n<meta property=\"og:url\" content=\"https:\/\/www.technic-toys.com\/izdelek\/amx-let-l-39-albatros-v2-epo-pnp\/\" \/>\n<meta property=\"og:site_name\" content=\"TECHNIC-TOYS.com\" \/>\n<meta property=\"article:modified_time\" content=\"2024-12-04T18:02:59+00:00\" \/>\n<meta property=\"og:image\" content=\"https:\/\/www.technic-toys.com\/wp-content\/uploads\/2022\/04\/24095.jpg\" \/>\n\t<meta property=\"og:image:width\" content=\"2560\" \/>\n\t<meta property=\"og:image:height\" content=\"1468\" \/>\n\t<meta property=\"og:image:type\" content=\"image\/jpeg\" \/>\n<meta name=\"twitter:card\" content=\"summary_large_image\" \/>\n<meta name=\"twitter:label1\" content=\"Est. reading time\" \/>\n\t<meta name=\"twitter:data1\" content=\"2 minutes\" \/>\n<script type=\"application\/ld+json\" class=\"yoast-schema-graph\">{\"@context\":\"https:\/\/schema.org\",\"@graph\":[{\"@type\":\"WebPage\",\"@id\":\"https:\/\/www.technic-toys.com\/izdelek\/amx-let-l-39-albatros-v2-epo-pnp\/\",\"url\":\"https:\/\/www.technic-toys.com\/izdelek\/amx-let-l-39-albatros-v2-epo-pnp\/\",\"name\":\"AMX let L-39 Albatros V2 EPO PNP - TECHNIC-TOYS.com\",\"isPartOf\":{\"@id\":\"https:\/\/www.technic-toys.com\/en\/#website\"},\"datePublished\":\"2022-04-08T15:21:02+00:00\",\"dateModified\":\"2024-12-04T18:02:59+00:00\",\"breadcrumb\":{\"@id\":\"https:\/\/www.technic-toys.com\/izdelek\/amx-let-l-39-albatros-v2-epo-pnp\/#breadcrumb\"},\"inLanguage\":\"en-US\",\"potentialAction\":[{\"@type\":\"ReadAction\",\"target\":[\"https:\/\/www.technic-toys.com\/izdelek\/amx-let-l-39-albatros-v2-epo-pnp\/\"]}]},{\"@type\":\"BreadcrumbList\",\"@id\":\"https:\/\/www.technic-toys.com\/izdelek\/amx-let-l-39-albatros-v2-epo-pnp\/#breadcrumb\",\"itemListElement\":[{\"@type\":\"ListItem\",\"position\":1,\"name\":\"Domov\",\"item\":\"https:\/\/www.technic-toys.com\/en\/\"},{\"@type\":\"ListItem\",\"position\":2,\"name\":\"Shop\",\"item\":\"https:\/\/www.technic-toys.com\/en\/shop-2\/\"},{\"@type\":\"ListItem\",\"position\":3,\"name\":\"AMX let L-39 Albatros V2 EPO PNP\"}]},{\"@type\":\"WebSite\",\"@id\":\"https:\/\/www.technic-toys.com\/en\/#website\",\"url\":\"https:\/\/www.technic-toys.com\/en\/\",\"name\":\"TECHNIC-TOYS.com\",\"description\":\"\",\"potentialAction\":[{\"@type\":\"SearchAction\",\"target\":{\"@type\":\"EntryPoint\",\"urlTemplate\":\"https:\/\/www.technic-toys.com\/en\/?s={search_term_string}\"},\"query-input\":\"required name=search_term_string\"}],\"inLanguage\":\"en-US\"}]}<\/script>\n<!-- \/ Yoast SEO plugin. -->","yoast_head_json":{"title":"AMX let L-39 Albatros V2 EPO PNP - TECHNIC-TOYS.com","robots":{"index":"index","follow":"follow","max-snippet":"max-snippet:-1","max-image-preview":"max-image-preview:large","max-video-preview":"max-video-preview:-1"},"canonical":"https:\/\/www.technic-toys.com\/izdelek\/amx-let-l-39-albatros-v2-epo-pnp\/","og_locale":"en_US","og_type":"article","og_title":"AMX let L-39 Albatros V2 EPO PNP - TECHNIC-TOYS.com","og_description":"Aero L-39 Albatros je dvosede\u017eno, enomotorno izobra\u017eevalno letalo, razvito na \u010ce\u0161koslova\u0161kem kot naslednik L-29 Delfin in je \u0161e danes v uporabi pri zra\u010dnih silah ve\u010d dr\u017eav. Model AMEWI je majhen, okreten reaktivni letalo v obliki PNP (Plug and Play) in nadgrajeni razli\u010dici V2. Spremembe v primerjavi z razli\u010dico V1 vplivajo predvsem na pogon. Namesto rotorja [&hellip;]","og_url":"https:\/\/www.technic-toys.com\/izdelek\/amx-let-l-39-albatros-v2-epo-pnp\/","og_site_name":"TECHNIC-TOYS.com","article_modified_time":"2024-12-04T18:02:59+00:00","og_image":[{"width":2560,"height":1468,"url":"https:\/\/www.technic-toys.com\/wp-content\/uploads\/2022\/04\/24095.jpg","type":"image\/jpeg"}],"twitter_card":"summary_large_image","twitter_misc":{"Est. reading time":"2 minutes"},"schema":{"@context":"https:\/\/schema.org","@graph":[{"@type":"WebPage","@id":"https:\/\/www.technic-toys.com\/izdelek\/amx-let-l-39-albatros-v2-epo-pnp\/","url":"https:\/\/www.technic-toys.com\/izdelek\/amx-let-l-39-albatros-v2-epo-pnp\/","name":"AMX let L-39 Albatros V2 EPO PNP - TECHNIC-TOYS.com","isPartOf":{"@id":"https:\/\/www.technic-toys.com\/en\/#website"},"datePublished":"2022-04-08T15:21:02+00:00","dateModified":"2024-12-04T18:02:59+00:00","breadcrumb":{"@id":"https:\/\/www.technic-toys.com\/izdelek\/amx-let-l-39-albatros-v2-epo-pnp\/#breadcrumb"},"inLanguage":"en-US","potentialAction":[{"@type":"ReadAction","target":["https:\/\/www.technic-toys.com\/izdelek\/amx-let-l-39-albatros-v2-epo-pnp\/"]}]},{"@type":"BreadcrumbList","@id":"https:\/\/www.technic-toys.com\/izdelek\/amx-let-l-39-albatros-v2-epo-pnp\/#breadcrumb","itemListElement":[{"@type":"ListItem","position":1,"name":"Domov","item":"https:\/\/www.technic-toys.com\/en\/"},{"@type":"ListItem","position":2,"name":"Shop","item":"https:\/\/www.technic-toys.com\/en\/shop-2\/"},{"@type":"ListItem","position":3,"name":"AMX let L-39 Albatros V2 EPO PNP"}]},{"@type":"WebSite","@id":"https:\/\/www.technic-toys.com\/en\/#website","url":"https:\/\/www.technic-toys.com\/en\/","name":"TECHNIC-TOYS.com","description":"","potentialAction":[{"@type":"SearchAction","target":{"@type":"EntryPoint","urlTemplate":"https:\/\/www.technic-toys.com\/en\/?s={search_term_string}"},"query-input":"required name=search_term_string"}],"inLanguage":"en-US"}]}},"_links":{"self":[{"href":"https:\/\/www.technic-toys.com\/en\/wp-json\/wp\/v2\/product\/17375"}],"collection":[{"href":"https:\/\/www.technic-toys.com\/en\/wp-json\/wp\/v2\/product"}],"about":[{"href":"https:\/\/www.technic-toys.com\/en\/wp-json\/wp\/v2\/types\/product"}],"wp:featuredmedia":[{"embeddable":true,"href":"https:\/\/www.technic-toys.com\/en\/wp-json\/wp\/v2\/media\/17376"}],"wp:attachment":[{"href":"https:\/\/www.technic-toys.com\/en\/wp-json\/wp\/v2\/media?parent=17375"}],"wp:term":[{"taxonomy":"product_cat","embeddable":true,"href":"https:\/\/www.technic-toys.com\/en\/wp-json\/wp\/v2\/product_cat?post=17375"},{"taxonomy":"product_tag","embeddable":true,"href":"https:\/\/www.technic-toys.com\/en\/wp-json\/wp\/v2\/product_tag?post=17375"}],"curies":[{"name":"wp","href":"https:\/\/api.w.org\/{rel}","templated":true}]}}