{"id":17400,"date":"2022-04-08T17:21:02","date_gmt":"2022-04-08T15:21:02","guid":{"rendered":"https:\/\/www.technic-toys.com\/izdelek\/amxflight-super-scorpion-6-8s-rdeca-bela-pnp\/"},"modified":"2024-12-04T19:03:00","modified_gmt":"2024-12-04T18:03:00","slug":"amxflight-super-scorpion-6-8s-rdeca-bela-pnp","status":"publish","type":"product","link":"https:\/\/www.technic-toys.com\/en\/izdelek\/amxflight-super-scorpion-6-8s-rdeca-bela-pnp\/","title":{"rendered":"AMXFlight Super Scorpion 6-8S rde\u010da\/bela PNP"},"content":{"rendered":"<p>Zelo lep Super Scorpion v \u0161vicarskem dizajnu, ki je opremljen s pogonom za do 8S LiPos. Vrhunski model PNP iz EPO pene, odporne na udarce, se pona\u0161a z dol\u017eino trupa 1512 mm in razponom kril 1260 mm. Zahvaljujo\u010d visokokakovostnemu elektri\u010dnemu izvle\u010dnemu podvozju iz kovine so vzleti in pristanki brez te\u017eav mo\u017eni tudi na neravnih povr\u0161inah. Pogon tega visoko zmogljivega curka je brezkompromisno zasnovan za mo\u010d in hitrost ter omogo\u010da izbiro med 6S in 8S LiPo baterijami. Medtem ko je zmogljivost letenja zadostna tudi pri 6S, model z 8S LiPo mutira v resen reaktivni letalo z lastnostmi trena\u017eerskega letenja in tako ponuja poceni vstop na to sceno, preden nadaljuje z modelom turbine. 90 mm rotor z 11 rezili s svojim brezkrta\u010dnim motorjem 1300 KV oddaja zvok, podoben turbini, in ima zelo prijeten hrup pri teku. Prenos mo\u010di se giblje od krotke do zelo hitre. AMXFlight Super Scorpion se prav tako lepo oblikuje v dinami\u010dni akrobatiki zahvaljujo\u010d zelo u\u010dinkovitemu repu nihala. \u010cudovita rde\u010da in bela barva zagotavlja dobro vidljivost modela, kar olaj\u0161a prepoznavanje plasti v zraku.<\/p>\n<p>Poudarki:<br \/>Visokokakovosten EPO material: Z zelo dobro povr\u0161insko strukturo in odpornost na udarce<br \/>Zmogljiv pogon EDF z 11 rezili: s premerom 90 mm in 120 A HV krmilnikom<br \/>Elektri\u010dno zlo\u017eljivo podvozje iz kovine: vzleti in pristanki brez te\u017eav, tudi na neravnih vzletno-pristajalnih stezah <\/p>\n<p> Druge zna\u010dilnosti:<br \/>Model PNP z motorjem, krmilnikom, servomotorji in pogonom<br \/>Visokokakovosten material iz EPO pene<br \/>Vse je privija\u010deno, ni\u010d lepljeno<br \/>Zelo hiter z dobronamernimi lastnostmi letenja <br \/>Pogonski komplet, zasnovan za 6-8S LiPos<br \/ >9 digitalnih servomotorjev z name\u0161\u010denimi kovinskimi zobniki<br \/>zelo lep zvok turbine<br \/>120A HV ESC<br \/>90mm 11-kraki rotor<br \/ >primerno za akrobatiko<br \/>pristajalne lopute<br \/>nihala repna enota<br \/>dvojna repna enota z dvema krmiloma za visoko manevriranje<\/p>\n<p>Tehni\u010dni podatki:<br \/>razpon kril: 1260 mm<br \/>dol\u017eina: 151 2 mm<br \/>Te\u017ea (pripravljen za letenje): pribli\u017eno 3150 g<br \/>Glavni material: EPO pena<br \/>Protor: 90 mm 11 rezil<br \/>Motor: BL3674 \/ 1300KV 6S\/8S<br \/>ESC : 120A HV 6S\/8S<br \/>Servoservi: 7x 9g Digital MG, 2x 19g Digital MG<br \/>Baterija: Priporo\u010dena 6S LiPo = 5000mAh min 40C \/ 8S LiPo = 4000mAh<br min.\/>Cri 40UCri izvle\u010dno podvozje vle\u010deno Iz kovine<\/p>\n<p>Obseg dobave:<br \/>Model PNP, vklju\u010dno z motorjem, krmilnikom, rotorjem, \u0161asijo in servo MG<br \/>Navodila za uporabo DE\/EN<\/p>\n<p>Potrebna dodatna oprema:< br \/>Oddajnik\/sprejemnik najmanj 6 kanalov<br \/>Orodja<br \/>LiPo baterija, npr. 6S 5000mAh 40C \/ 8S 4000mAh 40C<br \/>LiPo polnilec<\/p>\n<p>Tehni\u010dni namig:<br \/ >Pred namestitvijo krmila je treba namestiti dvigalo.<\/p>\n","protected":false},"excerpt":{"rendered":"<p>Zelo lep Super Scorpion v \u0161vicarskem dizajnu, ki je opremljen s pogonom za do 8S LiPos. Vrhunski model PNP iz EPO pene, odporne na udarce, se pona\u0161a z dol\u017eino trupa 1512 mm in razponom kril 1260 mm. Zahvaljujo\u010d visokokakovostnemu elektri\u010dnemu izvle\u010dnemu podvozju iz kovine so vzleti in pristanki brez te\u017eav mo\u017eni tudi na neravnih povr\u0161inah. [&hellip;]<\/p>\n","protected":false},"featured_media":10458,"template":"","meta":[],"product_cat":[362,397],"product_tag":[],"acf":[],"yoast_head":"<!-- This site is optimized with the Yoast SEO plugin v21.7 - https:\/\/yoast.com\/wordpress\/plugins\/seo\/ -->\n<title>AMXFlight Super Scorpion 6-8S rde\u010da\/bela PNP - TECHNIC-TOYS.com<\/title>\n<meta name=\"robots\" content=\"index, follow, max-snippet:-1, max-image-preview:large, max-video-preview:-1\" \/>\n<link rel=\"canonical\" href=\"https:\/\/www.technic-toys.com\/izdelek\/amxflight-super-scorpion-6-8s-rdeca-bela-pnp\/\" \/>\n<meta property=\"og:locale\" content=\"en_US\" \/>\n<meta property=\"og:type\" content=\"article\" \/>\n<meta property=\"og:title\" content=\"AMXFlight Super Scorpion 6-8S rde\u010da\/bela PNP - TECHNIC-TOYS.com\" \/>\n<meta property=\"og:description\" content=\"Zelo lep Super Scorpion v \u0161vicarskem dizajnu, ki je opremljen s pogonom za do 8S LiPos. Vrhunski model PNP iz EPO pene, odporne na udarce, se pona\u0161a z dol\u017eino trupa 1512 mm in razponom kril 1260 mm. Zahvaljujo\u010d visokokakovostnemu elektri\u010dnemu izvle\u010dnemu podvozju iz kovine so vzleti in pristanki brez te\u017eav mo\u017eni tudi na neravnih povr\u0161inah. [&hellip;]\" \/>\n<meta property=\"og:url\" content=\"https:\/\/www.technic-toys.com\/izdelek\/amxflight-super-scorpion-6-8s-rdeca-bela-pnp\/\" \/>\n<meta property=\"og:site_name\" content=\"TECHNIC-TOYS.com\" \/>\n<meta property=\"article:modified_time\" content=\"2024-12-04T18:03:00+00:00\" \/>\n<meta property=\"og:image\" content=\"https:\/\/www.technic-toys.com\/wp-content\/uploads\/2022\/01\/24096.jpg\" \/>\n\t<meta property=\"og:image:width\" content=\"2560\" \/>\n\t<meta property=\"og:image:height\" content=\"1468\" \/>\n\t<meta property=\"og:image:type\" content=\"image\/jpeg\" \/>\n<meta name=\"twitter:card\" content=\"summary_large_image\" \/>\n<meta name=\"twitter:label1\" content=\"Est. reading time\" \/>\n\t<meta name=\"twitter:data1\" content=\"2 minutes\" \/>\n<script type=\"application\/ld+json\" class=\"yoast-schema-graph\">{\"@context\":\"https:\/\/schema.org\",\"@graph\":[{\"@type\":\"WebPage\",\"@id\":\"https:\/\/www.technic-toys.com\/izdelek\/amxflight-super-scorpion-6-8s-rdeca-bela-pnp\/\",\"url\":\"https:\/\/www.technic-toys.com\/izdelek\/amxflight-super-scorpion-6-8s-rdeca-bela-pnp\/\",\"name\":\"AMXFlight Super Scorpion 6-8S rde\u010da\/bela PNP - TECHNIC-TOYS.com\",\"isPartOf\":{\"@id\":\"https:\/\/www.technic-toys.com\/en\/#website\"},\"datePublished\":\"2022-04-08T15:21:02+00:00\",\"dateModified\":\"2024-12-04T18:03:00+00:00\",\"breadcrumb\":{\"@id\":\"https:\/\/www.technic-toys.com\/izdelek\/amxflight-super-scorpion-6-8s-rdeca-bela-pnp\/#breadcrumb\"},\"inLanguage\":\"en-US\",\"potentialAction\":[{\"@type\":\"ReadAction\",\"target\":[\"https:\/\/www.technic-toys.com\/izdelek\/amxflight-super-scorpion-6-8s-rdeca-bela-pnp\/\"]}]},{\"@type\":\"BreadcrumbList\",\"@id\":\"https:\/\/www.technic-toys.com\/izdelek\/amxflight-super-scorpion-6-8s-rdeca-bela-pnp\/#breadcrumb\",\"itemListElement\":[{\"@type\":\"ListItem\",\"position\":1,\"name\":\"Domov\",\"item\":\"https:\/\/www.technic-toys.com\/en\/\"},{\"@type\":\"ListItem\",\"position\":2,\"name\":\"Shop\",\"item\":\"https:\/\/www.technic-toys.com\/en\/shop-2\/\"},{\"@type\":\"ListItem\",\"position\":3,\"name\":\"AMXFlight Super Scorpion 6-8S rde\u010da\/bela PNP\"}]},{\"@type\":\"WebSite\",\"@id\":\"https:\/\/www.technic-toys.com\/en\/#website\",\"url\":\"https:\/\/www.technic-toys.com\/en\/\",\"name\":\"TECHNIC-TOYS.com\",\"description\":\"\",\"potentialAction\":[{\"@type\":\"SearchAction\",\"target\":{\"@type\":\"EntryPoint\",\"urlTemplate\":\"https:\/\/www.technic-toys.com\/en\/?s={search_term_string}\"},\"query-input\":\"required name=search_term_string\"}],\"inLanguage\":\"en-US\"}]}<\/script>\n<!-- \/ Yoast SEO plugin. -->","yoast_head_json":{"title":"AMXFlight Super Scorpion 6-8S rde\u010da\/bela PNP - TECHNIC-TOYS.com","robots":{"index":"index","follow":"follow","max-snippet":"max-snippet:-1","max-image-preview":"max-image-preview:large","max-video-preview":"max-video-preview:-1"},"canonical":"https:\/\/www.technic-toys.com\/izdelek\/amxflight-super-scorpion-6-8s-rdeca-bela-pnp\/","og_locale":"en_US","og_type":"article","og_title":"AMXFlight Super Scorpion 6-8S rde\u010da\/bela PNP - TECHNIC-TOYS.com","og_description":"Zelo lep Super Scorpion v \u0161vicarskem dizajnu, ki je opremljen s pogonom za do 8S LiPos. Vrhunski model PNP iz EPO pene, odporne na udarce, se pona\u0161a z dol\u017eino trupa 1512 mm in razponom kril 1260 mm. Zahvaljujo\u010d visokokakovostnemu elektri\u010dnemu izvle\u010dnemu podvozju iz kovine so vzleti in pristanki brez te\u017eav mo\u017eni tudi na neravnih povr\u0161inah. [&hellip;]","og_url":"https:\/\/www.technic-toys.com\/izdelek\/amxflight-super-scorpion-6-8s-rdeca-bela-pnp\/","og_site_name":"TECHNIC-TOYS.com","article_modified_time":"2024-12-04T18:03:00+00:00","og_image":[{"width":2560,"height":1468,"url":"https:\/\/www.technic-toys.com\/wp-content\/uploads\/2022\/01\/24096.jpg","type":"image\/jpeg"}],"twitter_card":"summary_large_image","twitter_misc":{"Est. reading time":"2 minutes"},"schema":{"@context":"https:\/\/schema.org","@graph":[{"@type":"WebPage","@id":"https:\/\/www.technic-toys.com\/izdelek\/amxflight-super-scorpion-6-8s-rdeca-bela-pnp\/","url":"https:\/\/www.technic-toys.com\/izdelek\/amxflight-super-scorpion-6-8s-rdeca-bela-pnp\/","name":"AMXFlight Super Scorpion 6-8S rde\u010da\/bela PNP - TECHNIC-TOYS.com","isPartOf":{"@id":"https:\/\/www.technic-toys.com\/en\/#website"},"datePublished":"2022-04-08T15:21:02+00:00","dateModified":"2024-12-04T18:03:00+00:00","breadcrumb":{"@id":"https:\/\/www.technic-toys.com\/izdelek\/amxflight-super-scorpion-6-8s-rdeca-bela-pnp\/#breadcrumb"},"inLanguage":"en-US","potentialAction":[{"@type":"ReadAction","target":["https:\/\/www.technic-toys.com\/izdelek\/amxflight-super-scorpion-6-8s-rdeca-bela-pnp\/"]}]},{"@type":"BreadcrumbList","@id":"https:\/\/www.technic-toys.com\/izdelek\/amxflight-super-scorpion-6-8s-rdeca-bela-pnp\/#breadcrumb","itemListElement":[{"@type":"ListItem","position":1,"name":"Domov","item":"https:\/\/www.technic-toys.com\/en\/"},{"@type":"ListItem","position":2,"name":"Shop","item":"https:\/\/www.technic-toys.com\/en\/shop-2\/"},{"@type":"ListItem","position":3,"name":"AMXFlight Super Scorpion 6-8S rde\u010da\/bela PNP"}]},{"@type":"WebSite","@id":"https:\/\/www.technic-toys.com\/en\/#website","url":"https:\/\/www.technic-toys.com\/en\/","name":"TECHNIC-TOYS.com","description":"","potentialAction":[{"@type":"SearchAction","target":{"@type":"EntryPoint","urlTemplate":"https:\/\/www.technic-toys.com\/en\/?s={search_term_string}"},"query-input":"required name=search_term_string"}],"inLanguage":"en-US"}]}},"_links":{"self":[{"href":"https:\/\/www.technic-toys.com\/en\/wp-json\/wp\/v2\/product\/17400"}],"collection":[{"href":"https:\/\/www.technic-toys.com\/en\/wp-json\/wp\/v2\/product"}],"about":[{"href":"https:\/\/www.technic-toys.com\/en\/wp-json\/wp\/v2\/types\/product"}],"wp:featuredmedia":[{"embeddable":true,"href":"https:\/\/www.technic-toys.com\/en\/wp-json\/wp\/v2\/media\/10458"}],"wp:attachment":[{"href":"https:\/\/www.technic-toys.com\/en\/wp-json\/wp\/v2\/media?parent=17400"}],"wp:term":[{"taxonomy":"product_cat","embeddable":true,"href":"https:\/\/www.technic-toys.com\/en\/wp-json\/wp\/v2\/product_cat?post=17400"},{"taxonomy":"product_tag","embeddable":true,"href":"https:\/\/www.technic-toys.com\/en\/wp-json\/wp\/v2\/product_tag?post=17400"}],"curies":[{"name":"wp","href":"https:\/\/api.w.org\/{rel}","templated":true}]}}