{"id":17401,"date":"2022-04-08T17:21:02","date_gmt":"2022-04-08T15:21:02","guid":{"rendered":"https:\/\/www.technic-toys.com\/izdelek\/amxflight-viper-jet-v4-pro-6-8s-rdeci-pnp\/"},"modified":"2024-12-04T19:03:01","modified_gmt":"2024-12-04T18:03:01","slug":"amxflight-viper-jet-v4-pro-6-8s-rdeci-pnp","status":"publish","type":"product","link":"https:\/\/www.technic-toys.com\/en\/izdelek\/amxflight-viper-jet-v4-pro-6-8s-rdeci-pnp\/","title":{"rendered":"AMXFlight Viper Jet V4 Pro 6-8S rde\u010di PNP"},"content":{"rendered":"<p>Zelo lep Viper Jet v zelo visoki kakovosti &#8211; model navdu\u0161uje s svojo velikostjo, zna\u010dilnim videzom, izdelavo in konceptom pogona. Zasnovan kot standard z nastavitvijo za do 8S LiPo baterije, ta skoraj dose\u017ee zmogljivost, ki je dejansko rezervirana za turbinske modele. Zaradi geometrije je ta AMXFlight Viper bolj model reaktivnega letala z nekriti\u010dnimi letnimi lastnostmi in hkrati popolno akrobatsko primernostjo. Hitrost, ki jo je mogo\u010de dose\u010di z manj\u0161o baterijo 6S, je \u017ee impresivna \u2013 z baterijo 8S ta Viper mutira v visoko zmogljiv curek. Zahvaljujo\u010d velikemu krmilu in prevelikemu repu je model vedno enostaven za upravljanje. Vgrajen 90 mm 11-kraki rotor zagotavlja zelo prijeten hrup pri teku, ki gre skoraj v smeri zvoka turbine. Pristajalne lopute je mogo\u010de raz\u0161iriti za pristanek, kar bistveno zmanj\u0161a hitrost in ne\u017een dotik ni te\u017eava tudi na neravnih povr\u0161inah. Vle\u010dno elektri\u010dno kovinsko izvle\u010dno podvozje odli\u010dno podpira zna\u010dilnosti pristajanja modela. Elektronika podvozja je opremljena s sekvencerjem vrat in LED krmilno enoto, ki omogo\u010da priklop do sedmih dodatnih LED na rde\u010de in zelene LED diode, ki so \u017ee name\u0161\u010dene v krilih. Napajanje ohi\u0161ja in krmilne enote LED zagotavlja dodatni kabel BEC iz krmilnika. Celotno obdelavo in kakovost posameznih delov lahko \u0161tejemo za zelo kakovostno. Zaradi visoke stopnje prefabrikacije je model hitro sestavljen in pripravljen za letenje. Vsi deli so priviti in lepiti je treba le dva krilca na konicah kril. <\/p>\n<p>Poudarki:<br \/>Visokokakovostno vle\u010deno kovinsko zlo\u017eljivo podvozje: elektri\u010dno z zaporedjem vrat (pokrov lopute) za podporo zna\u010dilnosti pristajanja<br \/>Zmogljiv 90-mm pogon EDF z 11 rezili in 80A HV krmilnikom : Zagotavlja zelo prijeten hrup pri teku<br \/>LED osvetlitev (rde\u010da\/zelena) v krilih: dodatno poenostavi prepoznavanje polo\u017eaja v zraku<\/p>\n<p>Druge lastnosti:<br \/>Model PNP z motorjem, krmilnikom , rotor, servomotorji, elektronika \u0161asije, vklju\u010dno z zaporedjem vrat<br \/>Hitra nastavitev zahvaljujo\u010d visoki stopnji izdelave<br \/>Vse je lepo o\u017ei\u010deno<br \/>Kakovostno elektri\u010dno kovinsko zlo\u017eljivo podvozje, vklju\u010dno s pokrovi<br \/> EPO pena, odporna na udarce z lesenimi vlo\u017eki<br \/>Povr\u0161ine visoke trdnosti z vlo\u017eki iz karbona<br \/>Popolnoma funkcionalne pristajalne lopute<br \/>ESC z 120A HV in 5A UBEC<br \/>Popolnoma primerne za akrobatiko<br \/> Dobre lastnosti po\u010dasnega leta<br \/>Mogo\u010da nizka hitrost pristajanja<\/p>\n<p> Tehni\u010dni podatki:<br \/>razpon: 1450mm<br \/>dol\u017eina: 1274mm<br \/>te\u017ea: pribl. 3250g odvisno od baterije<br \/>Potis: pribli\u017eno 3500g<br \/>Glavni material: EPO pena<br \/>Protor: 90mm 11-rezilo<br \/>Motor: 3553 brezkrta\u010dni \/ 1500KV<br \/>ESC: 120A HV \/ UBEC 5A<br \/>Servosprejemniki: 11x Digital MG 9g<br \/>Baterija: Priporo\u010dena 6S LiPo = 5000mAh min. 40C \/ 8S LiPo 4500mAh \u2013 5000mAh min. 40C XT90<\/p>\n<p>obseg dobave <br \/ >Model PNP, vklju\u010dno z motorjem, krmilnikom, rotorjem, servo motorji, \u0161asijo<br \/>Navodila za uporabo DE\/EN<\/p>\n<p>Potrebna dodatna oprema:<br \/>Oddajnik\/sprejemnik najmanj 6-kanalni<br \/>Orodje <br \/>Baterija 6S LiPo do 8S LiPo (npr. 2x 4S 5000mAh 40C XT90 in primeren adapterski kabel za izdelavo 2x 4S = 1x 8S)<br \/>LiPo polnilnik<\/p>\n","protected":false},"excerpt":{"rendered":"<p>Zelo lep Viper Jet v zelo visoki kakovosti &#8211; model navdu\u0161uje s svojo velikostjo, zna\u010dilnim videzom, izdelavo in konceptom pogona. Zasnovan kot standard z nastavitvijo za do 8S LiPo baterije, ta skoraj dose\u017ee zmogljivost, ki je dejansko rezervirana za turbinske modele. Zaradi geometrije je ta AMXFlight Viper bolj model reaktivnega letala z nekriti\u010dnimi letnimi lastnostmi [&hellip;]<\/p>\n","protected":false},"featured_media":10466,"template":"","meta":[],"product_cat":[362,397],"product_tag":[],"acf":[],"yoast_head":"<!-- This site is optimized with the Yoast SEO plugin v21.7 - https:\/\/yoast.com\/wordpress\/plugins\/seo\/ -->\n<title>AMXFlight Viper Jet V4 Pro 6-8S rde\u010di PNP - TECHNIC-TOYS.com<\/title>\n<meta name=\"robots\" content=\"index, follow, max-snippet:-1, max-image-preview:large, max-video-preview:-1\" \/>\n<link rel=\"canonical\" href=\"https:\/\/www.technic-toys.com\/izdelek\/amxflight-viper-jet-v4-pro-6-8s-rdeci-pnp\/\" \/>\n<meta property=\"og:locale\" content=\"en_US\" \/>\n<meta property=\"og:type\" content=\"article\" \/>\n<meta property=\"og:title\" content=\"AMXFlight Viper Jet V4 Pro 6-8S rde\u010di PNP - TECHNIC-TOYS.com\" \/>\n<meta property=\"og:description\" content=\"Zelo lep Viper Jet v zelo visoki kakovosti &#8211; model navdu\u0161uje s svojo velikostjo, zna\u010dilnim videzom, izdelavo in konceptom pogona. Zasnovan kot standard z nastavitvijo za do 8S LiPo baterije, ta skoraj dose\u017ee zmogljivost, ki je dejansko rezervirana za turbinske modele. Zaradi geometrije je ta AMXFlight Viper bolj model reaktivnega letala z nekriti\u010dnimi letnimi lastnostmi [&hellip;]\" \/>\n<meta property=\"og:url\" content=\"https:\/\/www.technic-toys.com\/izdelek\/amxflight-viper-jet-v4-pro-6-8s-rdeci-pnp\/\" \/>\n<meta property=\"og:site_name\" content=\"TECHNIC-TOYS.com\" \/>\n<meta property=\"article:modified_time\" content=\"2024-12-04T18:03:01+00:00\" \/>\n<meta property=\"og:image\" content=\"https:\/\/www.technic-toys.com\/wp-content\/uploads\/2022\/01\/24097.jpg\" \/>\n\t<meta property=\"og:image:width\" content=\"2560\" \/>\n\t<meta property=\"og:image:height\" content=\"1468\" \/>\n\t<meta property=\"og:image:type\" content=\"image\/jpeg\" \/>\n<meta name=\"twitter:card\" content=\"summary_large_image\" \/>\n<meta name=\"twitter:label1\" content=\"Est. reading time\" \/>\n\t<meta name=\"twitter:data1\" content=\"2 minutes\" \/>\n<script type=\"application\/ld+json\" class=\"yoast-schema-graph\">{\"@context\":\"https:\/\/schema.org\",\"@graph\":[{\"@type\":\"WebPage\",\"@id\":\"https:\/\/www.technic-toys.com\/izdelek\/amxflight-viper-jet-v4-pro-6-8s-rdeci-pnp\/\",\"url\":\"https:\/\/www.technic-toys.com\/izdelek\/amxflight-viper-jet-v4-pro-6-8s-rdeci-pnp\/\",\"name\":\"AMXFlight Viper Jet V4 Pro 6-8S rde\u010di PNP - TECHNIC-TOYS.com\",\"isPartOf\":{\"@id\":\"https:\/\/www.technic-toys.com\/en\/#website\"},\"datePublished\":\"2022-04-08T15:21:02+00:00\",\"dateModified\":\"2024-12-04T18:03:01+00:00\",\"breadcrumb\":{\"@id\":\"https:\/\/www.technic-toys.com\/izdelek\/amxflight-viper-jet-v4-pro-6-8s-rdeci-pnp\/#breadcrumb\"},\"inLanguage\":\"en-US\",\"potentialAction\":[{\"@type\":\"ReadAction\",\"target\":[\"https:\/\/www.technic-toys.com\/izdelek\/amxflight-viper-jet-v4-pro-6-8s-rdeci-pnp\/\"]}]},{\"@type\":\"BreadcrumbList\",\"@id\":\"https:\/\/www.technic-toys.com\/izdelek\/amxflight-viper-jet-v4-pro-6-8s-rdeci-pnp\/#breadcrumb\",\"itemListElement\":[{\"@type\":\"ListItem\",\"position\":1,\"name\":\"Domov\",\"item\":\"https:\/\/www.technic-toys.com\/en\/\"},{\"@type\":\"ListItem\",\"position\":2,\"name\":\"Shop\",\"item\":\"https:\/\/www.technic-toys.com\/en\/shop-2\/\"},{\"@type\":\"ListItem\",\"position\":3,\"name\":\"AMXFlight Viper Jet V4 Pro 6-8S rde\u010di PNP\"}]},{\"@type\":\"WebSite\",\"@id\":\"https:\/\/www.technic-toys.com\/en\/#website\",\"url\":\"https:\/\/www.technic-toys.com\/en\/\",\"name\":\"TECHNIC-TOYS.com\",\"description\":\"\",\"potentialAction\":[{\"@type\":\"SearchAction\",\"target\":{\"@type\":\"EntryPoint\",\"urlTemplate\":\"https:\/\/www.technic-toys.com\/en\/?s={search_term_string}\"},\"query-input\":\"required name=search_term_string\"}],\"inLanguage\":\"en-US\"}]}<\/script>\n<!-- \/ Yoast SEO plugin. -->","yoast_head_json":{"title":"AMXFlight Viper Jet V4 Pro 6-8S rde\u010di PNP - TECHNIC-TOYS.com","robots":{"index":"index","follow":"follow","max-snippet":"max-snippet:-1","max-image-preview":"max-image-preview:large","max-video-preview":"max-video-preview:-1"},"canonical":"https:\/\/www.technic-toys.com\/izdelek\/amxflight-viper-jet-v4-pro-6-8s-rdeci-pnp\/","og_locale":"en_US","og_type":"article","og_title":"AMXFlight Viper Jet V4 Pro 6-8S rde\u010di PNP - TECHNIC-TOYS.com","og_description":"Zelo lep Viper Jet v zelo visoki kakovosti &#8211; model navdu\u0161uje s svojo velikostjo, zna\u010dilnim videzom, izdelavo in konceptom pogona. Zasnovan kot standard z nastavitvijo za do 8S LiPo baterije, ta skoraj dose\u017ee zmogljivost, ki je dejansko rezervirana za turbinske modele. Zaradi geometrije je ta AMXFlight Viper bolj model reaktivnega letala z nekriti\u010dnimi letnimi lastnostmi [&hellip;]","og_url":"https:\/\/www.technic-toys.com\/izdelek\/amxflight-viper-jet-v4-pro-6-8s-rdeci-pnp\/","og_site_name":"TECHNIC-TOYS.com","article_modified_time":"2024-12-04T18:03:01+00:00","og_image":[{"width":2560,"height":1468,"url":"https:\/\/www.technic-toys.com\/wp-content\/uploads\/2022\/01\/24097.jpg","type":"image\/jpeg"}],"twitter_card":"summary_large_image","twitter_misc":{"Est. reading time":"2 minutes"},"schema":{"@context":"https:\/\/schema.org","@graph":[{"@type":"WebPage","@id":"https:\/\/www.technic-toys.com\/izdelek\/amxflight-viper-jet-v4-pro-6-8s-rdeci-pnp\/","url":"https:\/\/www.technic-toys.com\/izdelek\/amxflight-viper-jet-v4-pro-6-8s-rdeci-pnp\/","name":"AMXFlight Viper Jet V4 Pro 6-8S rde\u010di PNP - TECHNIC-TOYS.com","isPartOf":{"@id":"https:\/\/www.technic-toys.com\/en\/#website"},"datePublished":"2022-04-08T15:21:02+00:00","dateModified":"2024-12-04T18:03:01+00:00","breadcrumb":{"@id":"https:\/\/www.technic-toys.com\/izdelek\/amxflight-viper-jet-v4-pro-6-8s-rdeci-pnp\/#breadcrumb"},"inLanguage":"en-US","potentialAction":[{"@type":"ReadAction","target":["https:\/\/www.technic-toys.com\/izdelek\/amxflight-viper-jet-v4-pro-6-8s-rdeci-pnp\/"]}]},{"@type":"BreadcrumbList","@id":"https:\/\/www.technic-toys.com\/izdelek\/amxflight-viper-jet-v4-pro-6-8s-rdeci-pnp\/#breadcrumb","itemListElement":[{"@type":"ListItem","position":1,"name":"Domov","item":"https:\/\/www.technic-toys.com\/en\/"},{"@type":"ListItem","position":2,"name":"Shop","item":"https:\/\/www.technic-toys.com\/en\/shop-2\/"},{"@type":"ListItem","position":3,"name":"AMXFlight Viper Jet V4 Pro 6-8S rde\u010di PNP"}]},{"@type":"WebSite","@id":"https:\/\/www.technic-toys.com\/en\/#website","url":"https:\/\/www.technic-toys.com\/en\/","name":"TECHNIC-TOYS.com","description":"","potentialAction":[{"@type":"SearchAction","target":{"@type":"EntryPoint","urlTemplate":"https:\/\/www.technic-toys.com\/en\/?s={search_term_string}"},"query-input":"required name=search_term_string"}],"inLanguage":"en-US"}]}},"_links":{"self":[{"href":"https:\/\/www.technic-toys.com\/en\/wp-json\/wp\/v2\/product\/17401"}],"collection":[{"href":"https:\/\/www.technic-toys.com\/en\/wp-json\/wp\/v2\/product"}],"about":[{"href":"https:\/\/www.technic-toys.com\/en\/wp-json\/wp\/v2\/types\/product"}],"wp:featuredmedia":[{"embeddable":true,"href":"https:\/\/www.technic-toys.com\/en\/wp-json\/wp\/v2\/media\/10466"}],"wp:attachment":[{"href":"https:\/\/www.technic-toys.com\/en\/wp-json\/wp\/v2\/media?parent=17401"}],"wp:term":[{"taxonomy":"product_cat","embeddable":true,"href":"https:\/\/www.technic-toys.com\/en\/wp-json\/wp\/v2\/product_cat?post=17401"},{"taxonomy":"product_tag","embeddable":true,"href":"https:\/\/www.technic-toys.com\/en\/wp-json\/wp\/v2\/product_tag?post=17401"}],"curies":[{"name":"wp","href":"https:\/\/api.w.org\/{rel}","templated":true}]}}