{"id":17435,"date":"2022-04-08T17:21:02","date_gmt":"2022-04-08T15:21:02","guid":{"rendered":"https:\/\/www.technic-toys.com\/izdelek\/amxflight-yak-11-vojaska-kamuflaza-epo-6s-pnp\/"},"modified":"2024-12-04T19:02:54","modified_gmt":"2024-12-04T18:02:54","slug":"amxflight-yak-11-vojaska-kamuflaza-epo-6s-pnp","status":"publish","type":"product","link":"https:\/\/www.technic-toys.com\/en\/izdelek\/amxflight-yak-11-vojaska-kamuflaza-epo-6s-pnp\/","title":{"rendered":"AMXFlight YAK-11 Voja\u0161ka kamufla\u017ea EPO 6S PNP"},"content":{"rendered":"<p>Jak-11 je bil zasnovan in naro\u010den v \u0161tiridesetih letih prej\u0161njega stoletja posebej za napredno usposabljanje pilotov lovcev. V njihov razvoj so se prelivale izku\u0161nje \u017ee v vojni preizku\u0161enih enosede\u017enih lovskih letal Yak-1, -3, -7 in -9, da so bile njihove najbolj\u0161e lastnosti prevzete v Yak-11. Zmogljiv, zra\u010dno hlajen radialni motor s pribli\u017eno 700 KM je zagotovil \u0161e bolj\u0161e zmogljivosti za letenje. Dvosede\u017eno u\u010dno letalo so uporabljale vse dr\u017eave \u010dlanice Var\u0161avskega pakta ter na Bli\u017enjem vzhodu, v Avstriji in na Kitajskem. Razpon kril tega stroja, ki je bil v glavnem izdelan na \u010ce\u0161koslova\u0161kem, je bil 9,40 metra.<\/p>\n<p>AMXFlight YAK-11 je zelo lepa maskirno pobarvana replika z vsemi nalepkami, ki ustrezajo originalu. Izgled in kakovost modela sta izjemna &#8211; letalo takoj navdu\u0161i s svojo velikostjo z razponom kril 1450 mm, masivnim trupom in ogromnim propelerjem 16 x 6E. YAK-11 je na voljo kot razli\u010dica PNP iz \u0161katle in vse komponente, kot so servomotorji, motor, krmilnik, podvozje in pristajalne lopute (razpr\u0161ilne lopute) so \u017ee name\u0161\u010dene. Monta\u017ea je omejena na vija\u010denje repne enote in pritrditev 2-delne glavne povr\u0161ine. Vse komponente so privite. Prilepiti je treba samo anteno skale za kokpitom. Voluminozen trup je idealno primeren za namestitev 6S LiPo baterij s kapaciteto 5000 mAh, zato je mogo\u010de enostavno nastaviti dolo\u010deno te\u017ei\u0161\u010de modela. Nadstre\u0161ek je zelo prostoren in omogo\u010da \u010disto delo v notranjosti trupa. Podvozje je bilo opremljeno s 5 mm debeline materiala in aktivnim du\u0161enjem &#8211; zlahka prenese te\u017eo modela ter neenakomerna mesta vzleta in pristajanja. Razdeljene lopute znatno zmanj\u0161ajo zra\u010dno hitrost, da je pristanek \u010dim la\u017eji. <br \/>Model je zelo enostaven za letenje in je v\u0161e\u010d tako naprednim kot izku\u0161enim pilotom modelov. Dolgi \u010dasi letenja do 10 minut so mo\u017eni s priporo\u010denim 6S LiPo 22,2V 5000mAh min 30-40C. Zmogljivost modela je ve\u010d kot zadostna, na primer za dinami\u010dne akrobatike ali hitre, nizke prelete. Slednje izgleda \u0161e posebej impresivno zaradi proporcev modela.<\/p>\n<p>Lastnosti:<br \/>Super optika (replika v merilu)<br \/>Kokpit v velikosti s figuro pilota<br \/>Zelo lep maskirni zaklju\u010dek <br \/ >Hitro sprostitev za nadstre\u0161ek<br \/>Leseni vlo\u017eki za \u010disto namestitev baterije in sprejemnika<br \/>Zelo dobre lastnosti letenja pri kateri koli hitrosti (po\u010dasna do hitra)<br \/>Zelo visoka kakovost materiala ( EPO)<br \/>Zmogljiv brezkrta\u010dni -motor (Potenza BL65 3D \/ 550KV)<br \/>Velik 80A krmilnik za 6S LiPo baterije<br \/>Velik propeler 16 x 6E<br \/>Visokokakovostni digitalni servomotorji s kovinskimi zobniki< br \/>Popolnoma nadzorovano zadnje kolo za popoln nadzor krmiljenja na dnu<\/p>\n<p>Tehni\u010dni podatki:<br \/>Razpon kril: 1450 mm<br \/>Dol\u017eina: 1300 mm<br \/>Te\u017ea: pribli\u017eno 2500 g (brez baterije )<br \/>Glavni material: EPO<br \/> Potisk: nad 1:1<br \/>Motor: Potenza BL65 3D \/ 550KV<br \/>Krmilnik: 80A ESC brezkrta\u010dni 6S s priklju\u010dkom XT90 in BEC sistemom za napajanje< br \/>Servovodi: 6x digitalni 19g MG<br \/>Prop eller: 16 x 6E High Performance Prop Majhni deli, kot so vijaki, antene lestvice (opti\u010dna nastavitev), repni drsnik in \u0161e veliko ve\u010d.<br \/>Navodila za uporabo (ilustrirana) DE\/EN<\/p>\n<p>Potrebna dodatna oprema: <br \/>Oddajnik\/sprejemnik najmanj 6-kanalni<br \/>Baterija LiPo 6S min 4500-5000mAh 22,2V min 30-40C XT90<br \/>polnilnik za LiPo baterije<br \/>Orodja<br \/>< br \/><\/p>\n","protected":false},"excerpt":{"rendered":"<p>Jak-11 je bil zasnovan in naro\u010den v \u0161tiridesetih letih prej\u0161njega stoletja posebej za napredno usposabljanje pilotov lovcev. V njihov razvoj so se prelivale izku\u0161nje \u017ee v vojni preizku\u0161enih enosede\u017enih lovskih letal Yak-1, -3, -7 in -9, da so bile njihove najbolj\u0161e lastnosti prevzete v Yak-11. Zmogljiv, zra\u010dno hlajen radialni motor s pribli\u017eno 700 KM je [&hellip;]<\/p>\n","protected":false},"featured_media":17436,"template":"","meta":[],"product_cat":[362,396],"product_tag":[],"acf":[],"yoast_head":"<!-- This site is optimized with the Yoast SEO plugin v21.7 - https:\/\/yoast.com\/wordpress\/plugins\/seo\/ -->\n<title>AMXFlight YAK-11 Voja\u0161ka kamufla\u017ea EPO 6S PNP - TECHNIC-TOYS.com<\/title>\n<meta name=\"robots\" content=\"index, follow, max-snippet:-1, max-image-preview:large, max-video-preview:-1\" \/>\n<link rel=\"canonical\" href=\"https:\/\/www.technic-toys.com\/izdelek\/amxflight-yak-11-vojaska-kamuflaza-epo-6s-pnp\/\" \/>\n<meta property=\"og:locale\" content=\"en_US\" \/>\n<meta property=\"og:type\" content=\"article\" \/>\n<meta property=\"og:title\" content=\"AMXFlight YAK-11 Voja\u0161ka kamufla\u017ea EPO 6S PNP - TECHNIC-TOYS.com\" \/>\n<meta property=\"og:description\" content=\"Jak-11 je bil zasnovan in naro\u010den v \u0161tiridesetih letih prej\u0161njega stoletja posebej za napredno usposabljanje pilotov lovcev. V njihov razvoj so se prelivale izku\u0161nje \u017ee v vojni preizku\u0161enih enosede\u017enih lovskih letal Yak-1, -3, -7 in -9, da so bile njihove najbolj\u0161e lastnosti prevzete v Yak-11. Zmogljiv, zra\u010dno hlajen radialni motor s pribli\u017eno 700 KM je [&hellip;]\" \/>\n<meta property=\"og:url\" content=\"https:\/\/www.technic-toys.com\/izdelek\/amxflight-yak-11-vojaska-kamuflaza-epo-6s-pnp\/\" \/>\n<meta property=\"og:site_name\" content=\"TECHNIC-TOYS.com\" \/>\n<meta property=\"article:modified_time\" content=\"2024-12-04T18:02:54+00:00\" \/>\n<meta property=\"og:image\" content=\"https:\/\/www.technic-toys.com\/wp-content\/uploads\/2022\/04\/24101.jpg\" \/>\n\t<meta property=\"og:image:width\" content=\"2560\" \/>\n\t<meta property=\"og:image:height\" content=\"1468\" \/>\n\t<meta property=\"og:image:type\" content=\"image\/jpeg\" \/>\n<meta name=\"twitter:card\" content=\"summary_large_image\" \/>\n<meta name=\"twitter:label1\" content=\"Est. reading time\" \/>\n\t<meta name=\"twitter:data1\" content=\"3 minutes\" \/>\n<script type=\"application\/ld+json\" class=\"yoast-schema-graph\">{\"@context\":\"https:\/\/schema.org\",\"@graph\":[{\"@type\":\"WebPage\",\"@id\":\"https:\/\/www.technic-toys.com\/izdelek\/amxflight-yak-11-vojaska-kamuflaza-epo-6s-pnp\/\",\"url\":\"https:\/\/www.technic-toys.com\/izdelek\/amxflight-yak-11-vojaska-kamuflaza-epo-6s-pnp\/\",\"name\":\"AMXFlight YAK-11 Voja\u0161ka kamufla\u017ea EPO 6S PNP - TECHNIC-TOYS.com\",\"isPartOf\":{\"@id\":\"https:\/\/www.technic-toys.com\/en\/#website\"},\"datePublished\":\"2022-04-08T15:21:02+00:00\",\"dateModified\":\"2024-12-04T18:02:54+00:00\",\"breadcrumb\":{\"@id\":\"https:\/\/www.technic-toys.com\/izdelek\/amxflight-yak-11-vojaska-kamuflaza-epo-6s-pnp\/#breadcrumb\"},\"inLanguage\":\"en-US\",\"potentialAction\":[{\"@type\":\"ReadAction\",\"target\":[\"https:\/\/www.technic-toys.com\/izdelek\/amxflight-yak-11-vojaska-kamuflaza-epo-6s-pnp\/\"]}]},{\"@type\":\"BreadcrumbList\",\"@id\":\"https:\/\/www.technic-toys.com\/izdelek\/amxflight-yak-11-vojaska-kamuflaza-epo-6s-pnp\/#breadcrumb\",\"itemListElement\":[{\"@type\":\"ListItem\",\"position\":1,\"name\":\"Domov\",\"item\":\"https:\/\/www.technic-toys.com\/en\/\"},{\"@type\":\"ListItem\",\"position\":2,\"name\":\"Shop\",\"item\":\"https:\/\/www.technic-toys.com\/en\/shop-2\/\"},{\"@type\":\"ListItem\",\"position\":3,\"name\":\"AMXFlight YAK-11 Voja\u0161ka kamufla\u017ea EPO 6S PNP\"}]},{\"@type\":\"WebSite\",\"@id\":\"https:\/\/www.technic-toys.com\/en\/#website\",\"url\":\"https:\/\/www.technic-toys.com\/en\/\",\"name\":\"TECHNIC-TOYS.com\",\"description\":\"\",\"potentialAction\":[{\"@type\":\"SearchAction\",\"target\":{\"@type\":\"EntryPoint\",\"urlTemplate\":\"https:\/\/www.technic-toys.com\/en\/?s={search_term_string}\"},\"query-input\":\"required name=search_term_string\"}],\"inLanguage\":\"en-US\"}]}<\/script>\n<!-- \/ Yoast SEO plugin. -->","yoast_head_json":{"title":"AMXFlight YAK-11 Voja\u0161ka kamufla\u017ea EPO 6S PNP - TECHNIC-TOYS.com","robots":{"index":"index","follow":"follow","max-snippet":"max-snippet:-1","max-image-preview":"max-image-preview:large","max-video-preview":"max-video-preview:-1"},"canonical":"https:\/\/www.technic-toys.com\/izdelek\/amxflight-yak-11-vojaska-kamuflaza-epo-6s-pnp\/","og_locale":"en_US","og_type":"article","og_title":"AMXFlight YAK-11 Voja\u0161ka kamufla\u017ea EPO 6S PNP - TECHNIC-TOYS.com","og_description":"Jak-11 je bil zasnovan in naro\u010den v \u0161tiridesetih letih prej\u0161njega stoletja posebej za napredno usposabljanje pilotov lovcev. V njihov razvoj so se prelivale izku\u0161nje \u017ee v vojni preizku\u0161enih enosede\u017enih lovskih letal Yak-1, -3, -7 in -9, da so bile njihove najbolj\u0161e lastnosti prevzete v Yak-11. Zmogljiv, zra\u010dno hlajen radialni motor s pribli\u017eno 700 KM je [&hellip;]","og_url":"https:\/\/www.technic-toys.com\/izdelek\/amxflight-yak-11-vojaska-kamuflaza-epo-6s-pnp\/","og_site_name":"TECHNIC-TOYS.com","article_modified_time":"2024-12-04T18:02:54+00:00","og_image":[{"width":2560,"height":1468,"url":"https:\/\/www.technic-toys.com\/wp-content\/uploads\/2022\/04\/24101.jpg","type":"image\/jpeg"}],"twitter_card":"summary_large_image","twitter_misc":{"Est. reading time":"3 minutes"},"schema":{"@context":"https:\/\/schema.org","@graph":[{"@type":"WebPage","@id":"https:\/\/www.technic-toys.com\/izdelek\/amxflight-yak-11-vojaska-kamuflaza-epo-6s-pnp\/","url":"https:\/\/www.technic-toys.com\/izdelek\/amxflight-yak-11-vojaska-kamuflaza-epo-6s-pnp\/","name":"AMXFlight YAK-11 Voja\u0161ka kamufla\u017ea EPO 6S PNP - TECHNIC-TOYS.com","isPartOf":{"@id":"https:\/\/www.technic-toys.com\/en\/#website"},"datePublished":"2022-04-08T15:21:02+00:00","dateModified":"2024-12-04T18:02:54+00:00","breadcrumb":{"@id":"https:\/\/www.technic-toys.com\/izdelek\/amxflight-yak-11-vojaska-kamuflaza-epo-6s-pnp\/#breadcrumb"},"inLanguage":"en-US","potentialAction":[{"@type":"ReadAction","target":["https:\/\/www.technic-toys.com\/izdelek\/amxflight-yak-11-vojaska-kamuflaza-epo-6s-pnp\/"]}]},{"@type":"BreadcrumbList","@id":"https:\/\/www.technic-toys.com\/izdelek\/amxflight-yak-11-vojaska-kamuflaza-epo-6s-pnp\/#breadcrumb","itemListElement":[{"@type":"ListItem","position":1,"name":"Domov","item":"https:\/\/www.technic-toys.com\/en\/"},{"@type":"ListItem","position":2,"name":"Shop","item":"https:\/\/www.technic-toys.com\/en\/shop-2\/"},{"@type":"ListItem","position":3,"name":"AMXFlight YAK-11 Voja\u0161ka kamufla\u017ea EPO 6S PNP"}]},{"@type":"WebSite","@id":"https:\/\/www.technic-toys.com\/en\/#website","url":"https:\/\/www.technic-toys.com\/en\/","name":"TECHNIC-TOYS.com","description":"","potentialAction":[{"@type":"SearchAction","target":{"@type":"EntryPoint","urlTemplate":"https:\/\/www.technic-toys.com\/en\/?s={search_term_string}"},"query-input":"required name=search_term_string"}],"inLanguage":"en-US"}]}},"_links":{"self":[{"href":"https:\/\/www.technic-toys.com\/en\/wp-json\/wp\/v2\/product\/17435"}],"collection":[{"href":"https:\/\/www.technic-toys.com\/en\/wp-json\/wp\/v2\/product"}],"about":[{"href":"https:\/\/www.technic-toys.com\/en\/wp-json\/wp\/v2\/types\/product"}],"wp:featuredmedia":[{"embeddable":true,"href":"https:\/\/www.technic-toys.com\/en\/wp-json\/wp\/v2\/media\/17436"}],"wp:attachment":[{"href":"https:\/\/www.technic-toys.com\/en\/wp-json\/wp\/v2\/media?parent=17435"}],"wp:term":[{"taxonomy":"product_cat","embeddable":true,"href":"https:\/\/www.technic-toys.com\/en\/wp-json\/wp\/v2\/product_cat?post=17435"},{"taxonomy":"product_tag","embeddable":true,"href":"https:\/\/www.technic-toys.com\/en\/wp-json\/wp\/v2\/product_tag?post=17435"}],"curies":[{"name":"wp","href":"https:\/\/api.w.org\/{rel}","templated":true}]}}