{"id":17464,"date":"2022-04-08T17:21:02","date_gmt":"2022-04-08T15:21:02","guid":{"rendered":"https:\/\/www.technic-toys.com\/izdelek\/amxflight-do-27-rdeca-bela-epo-pnp\/"},"modified":"2024-12-04T19:02:56","modified_gmt":"2024-12-04T18:02:56","slug":"amxflight-do-27-rdeca-bela-epo-pnp","status":"publish","type":"product","link":"https:\/\/www.technic-toys.com\/en\/izdelek\/amxflight-do-27-rdeca-bela-epo-pnp\/","title":{"rendered":"AMXFlight DO-27 rde\u010da\/bela EPO PNP"},"content":{"rendered":"<p>Dornier DO-27 je nadaljnji razvoj DO-25, med drugim so bile spremenjene krilo in navpi\u010dni rep. Rezervoarji za gorivo, ki so bili prej zasnovani kot zunanji rezervoarji, so bili integrirani v krila in name\u0161\u010den je bil motor Lycoming GO-480-B1A6. Bistveno te\u017eja enota in posledi\u010dna sprememba te\u017ei\u0161\u010da sta zahtevala premikanje in krepitev podvozja. Po izdelavi lomne celice za obremenitvene teste se je jeseni 1955 za\u010dela izdelava prototipa, ki je kon\u010dno prvi\u010d vzletel 17. oktobra 1956. Bundeswehr je bil eden najve\u010djih kupcev in je 14. januarja 1957 prejel prvo serijsko letalo, ki je bilo predano voja\u0161ki letalski eskadrilji 811 v Niedermendigu. Dornier Do-27 je bilo prvo nem\u0161ko letalo, ki se je za\u010delo mno\u017ei\u010dno proizvajati po drugi svetovni vojni.<\/p>\n<p>Zelo lepa replika Dornier DO-27 v privla\u010dni rde\u010de-beli barvi &#8211; ta model ponuja popolne letne lastnosti s prijetno velikostjo in uravnote\u017eenim konceptom pogona za standardne 4S LiPo baterije 14,8V z zmogljivostjo 3000-5000mAh min.30C. DO-27 je vsekakor mogo\u010de uvrstiti med trena\u017eerje z visokimi krili in je v\u0161e\u010d tako izku\u0161enim modelnim pilotom kot naprednim za\u010detnikom. Velika kolesa, LED osvetlitev v krilih in na navpi\u010dnem stabilizatorju ter razpon kril 1600 mm z nosilnim profilom dajejo modelu kratke vzletne in pristajalne lastnosti &#8211; model skoraj ne pozna stojnice. Lastnosti letenja pri nizkih hitrostih so fantasti\u010dne in ne predstavljajo ve\u010djih te\u017eav za nadobudne pilote. Poleg tega privla\u010dna barva nudi dobro vidljivost v zraku, zaradi \u010desar je splo\u0161no prepoznavanje polo\u017eaja modela veliko la\u017eje.<\/p>\n<p>Lastnosti:<br \/>Optika lestvice<br \/>Model je ve\u010dinoma monta\u017eni< br \/>Super po\u010dasen &#8211; Zna\u010dilnosti letenja<br \/>Glavna povr\u0161ina s hitrim zapiranjem za hitro monta\u017eo\/demonta\u017eo<br \/>Vidna barva<br \/>Dobra vidljivost<br \/>Vgrajene visokokakovostne komponente<br \/>Lesen propeler za nemoten tek<br \/>Digitalni servo motorji z name\u0161\u010denimi kovinskimi zobniki<br \/>Popolnoma nadzorovano zadnje kolo za popoln nadzor na tleh<br \/>Zasnova za 4S LiPo med 3000-5000 mAh min. 30C XT60<br \/>LED osvetlitev v krila in na navpi\u010dnem stabilizatorju<br \/><br \/ >Tehni\u010dni podatki:<br \/>Dol\u017eina: 1234mm<br \/>Razpon kril: 1600mm<br \/>Te\u017ea: pribli\u017eno 2050g (brez baterije)<br \/>Motor : Brezkrta\u010dni 4250 \/ 700KV<br \/>Krmilnik: Hobbywing 50A \/ BEC XT60<br \/>Servoservi: 7x digitalni, MG, 9g<br \/>Propeler: les 13 x 6&#8243;<\/p>\n<p>Obseg dobave :<br \/>Model PNP z vsemi e elektronske komponente, ki so \u017ee name\u0161\u010dene<br \/>Majhni deli, kot so vijaki, antene lestvice (opti\u010dna nastavitev), drsnik repa in \u0161e veliko ve\u010d.<br \/>Navodila za uporabo (ilustrirana) DE\/EN<\/p>\n<p>Potrebna dodatna oprema: <br \/>Oddajnik\/sprejemnik min 5-kanalni<br \/>Baterija 4S LiPo 3000-5000mAh 14,8V min 30C XT60<br \/>polnilnik LiPo<br \/>Orodje za monta\u017eo<\/p>\n","protected":false},"excerpt":{"rendered":"<p>Dornier DO-27 je nadaljnji razvoj DO-25, med drugim so bile spremenjene krilo in navpi\u010dni rep. Rezervoarji za gorivo, ki so bili prej zasnovani kot zunanji rezervoarji, so bili integrirani v krila in name\u0161\u010den je bil motor Lycoming GO-480-B1A6. Bistveno te\u017eja enota in posledi\u010dna sprememba te\u017ei\u0161\u010da sta zahtevala premikanje in krepitev podvozja. Po izdelavi lomne celice [&hellip;]<\/p>\n","protected":false},"featured_media":17465,"template":"","meta":[],"product_cat":[362,378],"product_tag":[],"acf":[],"yoast_head":"<!-- This site is optimized with the Yoast SEO plugin v21.7 - https:\/\/yoast.com\/wordpress\/plugins\/seo\/ -->\n<title>AMXFlight DO-27 rde\u010da\/bela EPO PNP - TECHNIC-TOYS.com<\/title>\n<meta name=\"robots\" content=\"index, follow, max-snippet:-1, max-image-preview:large, max-video-preview:-1\" \/>\n<link rel=\"canonical\" href=\"https:\/\/www.technic-toys.com\/izdelek\/amxflight-do-27-rdeca-bela-epo-pnp\/\" \/>\n<meta property=\"og:locale\" content=\"en_US\" \/>\n<meta property=\"og:type\" content=\"article\" \/>\n<meta property=\"og:title\" content=\"AMXFlight DO-27 rde\u010da\/bela EPO PNP - TECHNIC-TOYS.com\" \/>\n<meta property=\"og:description\" content=\"Dornier DO-27 je nadaljnji razvoj DO-25, med drugim so bile spremenjene krilo in navpi\u010dni rep. Rezervoarji za gorivo, ki so bili prej zasnovani kot zunanji rezervoarji, so bili integrirani v krila in name\u0161\u010den je bil motor Lycoming GO-480-B1A6. Bistveno te\u017eja enota in posledi\u010dna sprememba te\u017ei\u0161\u010da sta zahtevala premikanje in krepitev podvozja. Po izdelavi lomne celice [&hellip;]\" \/>\n<meta property=\"og:url\" content=\"https:\/\/www.technic-toys.com\/izdelek\/amxflight-do-27-rdeca-bela-epo-pnp\/\" \/>\n<meta property=\"og:site_name\" content=\"TECHNIC-TOYS.com\" \/>\n<meta property=\"article:modified_time\" content=\"2024-12-04T18:02:56+00:00\" \/>\n<meta property=\"og:image\" content=\"https:\/\/www.technic-toys.com\/wp-content\/uploads\/2022\/04\/24103.jpg\" \/>\n\t<meta property=\"og:image:width\" content=\"2560\" \/>\n\t<meta property=\"og:image:height\" content=\"1468\" \/>\n\t<meta property=\"og:image:type\" content=\"image\/jpeg\" \/>\n<meta name=\"twitter:card\" content=\"summary_large_image\" \/>\n<meta name=\"twitter:label1\" content=\"Est. reading time\" \/>\n\t<meta name=\"twitter:data1\" content=\"2 minutes\" \/>\n<script type=\"application\/ld+json\" class=\"yoast-schema-graph\">{\"@context\":\"https:\/\/schema.org\",\"@graph\":[{\"@type\":\"WebPage\",\"@id\":\"https:\/\/www.technic-toys.com\/izdelek\/amxflight-do-27-rdeca-bela-epo-pnp\/\",\"url\":\"https:\/\/www.technic-toys.com\/izdelek\/amxflight-do-27-rdeca-bela-epo-pnp\/\",\"name\":\"AMXFlight DO-27 rde\u010da\/bela EPO PNP - TECHNIC-TOYS.com\",\"isPartOf\":{\"@id\":\"https:\/\/www.technic-toys.com\/en\/#website\"},\"datePublished\":\"2022-04-08T15:21:02+00:00\",\"dateModified\":\"2024-12-04T18:02:56+00:00\",\"breadcrumb\":{\"@id\":\"https:\/\/www.technic-toys.com\/izdelek\/amxflight-do-27-rdeca-bela-epo-pnp\/#breadcrumb\"},\"inLanguage\":\"en-US\",\"potentialAction\":[{\"@type\":\"ReadAction\",\"target\":[\"https:\/\/www.technic-toys.com\/izdelek\/amxflight-do-27-rdeca-bela-epo-pnp\/\"]}]},{\"@type\":\"BreadcrumbList\",\"@id\":\"https:\/\/www.technic-toys.com\/izdelek\/amxflight-do-27-rdeca-bela-epo-pnp\/#breadcrumb\",\"itemListElement\":[{\"@type\":\"ListItem\",\"position\":1,\"name\":\"Domov\",\"item\":\"https:\/\/www.technic-toys.com\/en\/\"},{\"@type\":\"ListItem\",\"position\":2,\"name\":\"Shop\",\"item\":\"https:\/\/www.technic-toys.com\/en\/shop-2\/\"},{\"@type\":\"ListItem\",\"position\":3,\"name\":\"AMXFlight DO-27 rde\u010da\/bela EPO PNP\"}]},{\"@type\":\"WebSite\",\"@id\":\"https:\/\/www.technic-toys.com\/en\/#website\",\"url\":\"https:\/\/www.technic-toys.com\/en\/\",\"name\":\"TECHNIC-TOYS.com\",\"description\":\"\",\"potentialAction\":[{\"@type\":\"SearchAction\",\"target\":{\"@type\":\"EntryPoint\",\"urlTemplate\":\"https:\/\/www.technic-toys.com\/en\/?s={search_term_string}\"},\"query-input\":\"required name=search_term_string\"}],\"inLanguage\":\"en-US\"}]}<\/script>\n<!-- \/ Yoast SEO plugin. -->","yoast_head_json":{"title":"AMXFlight DO-27 rde\u010da\/bela EPO PNP - TECHNIC-TOYS.com","robots":{"index":"index","follow":"follow","max-snippet":"max-snippet:-1","max-image-preview":"max-image-preview:large","max-video-preview":"max-video-preview:-1"},"canonical":"https:\/\/www.technic-toys.com\/izdelek\/amxflight-do-27-rdeca-bela-epo-pnp\/","og_locale":"en_US","og_type":"article","og_title":"AMXFlight DO-27 rde\u010da\/bela EPO PNP - TECHNIC-TOYS.com","og_description":"Dornier DO-27 je nadaljnji razvoj DO-25, med drugim so bile spremenjene krilo in navpi\u010dni rep. Rezervoarji za gorivo, ki so bili prej zasnovani kot zunanji rezervoarji, so bili integrirani v krila in name\u0161\u010den je bil motor Lycoming GO-480-B1A6. Bistveno te\u017eja enota in posledi\u010dna sprememba te\u017ei\u0161\u010da sta zahtevala premikanje in krepitev podvozja. Po izdelavi lomne celice [&hellip;]","og_url":"https:\/\/www.technic-toys.com\/izdelek\/amxflight-do-27-rdeca-bela-epo-pnp\/","og_site_name":"TECHNIC-TOYS.com","article_modified_time":"2024-12-04T18:02:56+00:00","og_image":[{"width":2560,"height":1468,"url":"https:\/\/www.technic-toys.com\/wp-content\/uploads\/2022\/04\/24103.jpg","type":"image\/jpeg"}],"twitter_card":"summary_large_image","twitter_misc":{"Est. reading time":"2 minutes"},"schema":{"@context":"https:\/\/schema.org","@graph":[{"@type":"WebPage","@id":"https:\/\/www.technic-toys.com\/izdelek\/amxflight-do-27-rdeca-bela-epo-pnp\/","url":"https:\/\/www.technic-toys.com\/izdelek\/amxflight-do-27-rdeca-bela-epo-pnp\/","name":"AMXFlight DO-27 rde\u010da\/bela EPO PNP - TECHNIC-TOYS.com","isPartOf":{"@id":"https:\/\/www.technic-toys.com\/en\/#website"},"datePublished":"2022-04-08T15:21:02+00:00","dateModified":"2024-12-04T18:02:56+00:00","breadcrumb":{"@id":"https:\/\/www.technic-toys.com\/izdelek\/amxflight-do-27-rdeca-bela-epo-pnp\/#breadcrumb"},"inLanguage":"en-US","potentialAction":[{"@type":"ReadAction","target":["https:\/\/www.technic-toys.com\/izdelek\/amxflight-do-27-rdeca-bela-epo-pnp\/"]}]},{"@type":"BreadcrumbList","@id":"https:\/\/www.technic-toys.com\/izdelek\/amxflight-do-27-rdeca-bela-epo-pnp\/#breadcrumb","itemListElement":[{"@type":"ListItem","position":1,"name":"Domov","item":"https:\/\/www.technic-toys.com\/en\/"},{"@type":"ListItem","position":2,"name":"Shop","item":"https:\/\/www.technic-toys.com\/en\/shop-2\/"},{"@type":"ListItem","position":3,"name":"AMXFlight DO-27 rde\u010da\/bela EPO PNP"}]},{"@type":"WebSite","@id":"https:\/\/www.technic-toys.com\/en\/#website","url":"https:\/\/www.technic-toys.com\/en\/","name":"TECHNIC-TOYS.com","description":"","potentialAction":[{"@type":"SearchAction","target":{"@type":"EntryPoint","urlTemplate":"https:\/\/www.technic-toys.com\/en\/?s={search_term_string}"},"query-input":"required name=search_term_string"}],"inLanguage":"en-US"}]}},"_links":{"self":[{"href":"https:\/\/www.technic-toys.com\/en\/wp-json\/wp\/v2\/product\/17464"}],"collection":[{"href":"https:\/\/www.technic-toys.com\/en\/wp-json\/wp\/v2\/product"}],"about":[{"href":"https:\/\/www.technic-toys.com\/en\/wp-json\/wp\/v2\/types\/product"}],"wp:featuredmedia":[{"embeddable":true,"href":"https:\/\/www.technic-toys.com\/en\/wp-json\/wp\/v2\/media\/17465"}],"wp:attachment":[{"href":"https:\/\/www.technic-toys.com\/en\/wp-json\/wp\/v2\/media?parent=17464"}],"wp:term":[{"taxonomy":"product_cat","embeddable":true,"href":"https:\/\/www.technic-toys.com\/en\/wp-json\/wp\/v2\/product_cat?post=17464"},{"taxonomy":"product_tag","embeddable":true,"href":"https:\/\/www.technic-toys.com\/en\/wp-json\/wp\/v2\/product_tag?post=17464"}],"curies":[{"name":"wp","href":"https:\/\/api.w.org\/{rel}","templated":true}]}}