{"id":17511,"date":"2022-04-08T17:25:39","date_gmt":"2022-04-08T15:25:39","guid":{"rendered":"https:\/\/www.technic-toys.com\/izdelek\/amx-flight-do-27-zebra-epo-pnp-2\/"},"modified":"2024-12-04T19:02:46","modified_gmt":"2024-12-04T18:02:46","slug":"amx-flight-do-27-zebra-epo-pnp-2","status":"publish","type":"product","link":"https:\/\/www.technic-toys.com\/en\/izdelek\/amx-flight-do-27-zebra-epo-pnp-2\/","title":{"rendered":"AMX Flight DO-27 zebra EPO PNP"},"content":{"rendered":"<p>Dornier DO-27 je nadaljnji razvoj DO-25, med drugim so bile spremenjene krilo in navpi\u010dni rep. Rezervoarji za gorivo, ki so bili prej zasnovani kot zunanji rezervoarji, so bili integrirani v krila in name\u0161\u010den je bil motor Lycoming GO-480-B1A6. Bistveno te\u017eja enota in posledi\u010dna sprememba te\u017ei\u0161\u010da sta zahtevala premikanje in krepitev podvozja. Po izdelavi lomne celice za obremenitvene teste se je jeseni 1955 za\u010dela izdelava prototipa, ki je kon\u010dno prvi\u010d vzletel 17. oktobra 1956. Bundeswehr je bil eden najve\u010djih kupcev in je 14. januarja 1957 prejel prvo serijsko letalo, ki je bilo predano voja\u0161ki letalski eskadrilji 811 v Niedermendigu. Dornier Do-27 je bilo prvo nem\u0161ko motorizirano letalo, ki se je za\u010delo mno\u017ei\u010dno proizvajati po drugi svetovni vojni.<\/p>\n<p>Zelo lepa replika Dornier DO-27 v livreji Zebra safari \u2013 ta model ponuja popoln let zna\u010dilnosti s prijetno velikostjo in uravnote\u017eenim konceptom pogona za standardne 4S LiPo baterije 14,8V z zmogljivostjo 3000-5000mAh min.30C. DO-27 je vsekakor mogo\u010de uvrstiti med trena\u017eerje z visokimi krili in je v\u0161e\u010d tako izku\u0161enim modelnim pilotom kot naprednim za\u010detnikom. Velika kolesa, LED osvetlitev v krilih in na navpi\u010dnem stabilizatorju ter razpon kril 1600 mm z nosilnim profilom dajejo modelu kratke vzletne in pristajalne lastnosti &#8211; model skoraj ne pozna stojnice. Lastnosti letenja pri nizkih hitrostih so fantasti\u010dne in ne predstavljajo ve\u010djih te\u017eav za nadobudne pilote. Poleg tega privla\u010dna barva nudi dobro vidljivost v zraku, zaradi \u010desar je veliko la\u017eje prepoznati splo\u0161no lego modela.<\/p>\n<p>Poudarki:<br \/>\nVisoka kakovost izdelave: Navdu\u0161uje z zelo dobra natan\u010dnost prileganja vseh delov<br \/>\nVelike pristajalne lopute: Hitrost med pristajanjem se lahko znatno zmanj\u0161a in model je zato mogo\u010de \u0161e bolje nadzorovati &gt;Optika lestvice (razli\u010dica Safari)<br \/>\nModel je ve\u010dinoma monta\u017eni&lt; br \/&gt;Super po\u010dasne lastnosti letenja<br \/>\nGlavna povr\u0161ina s hitro sprostitvenim pritrdilnim elementom za hitro monta\u017eo\/demonta\u017eo<br \/>\nVidna barva<br \/>\nDobra vidljivost<br \/>\nName\u0161\u010dene visokokakovostne komponente<br \/>\nLesen propeler za nemoten tek<br \/>\nDigitalni servomotorji z name\u0161\u010denimi kovinskimi zobniki<br \/>\nPopolnoma nadzorovano zadnje kolo za popoln nadzor na tleh<br \/>\nZasnova za 4S LiPo med sc koko\u0161 3000-5000mAh min 30C XT60<br \/>\nLED osvetlitev v krilih in na navpi\u010dnem stabilizatorju<\/p>\n<p>Tehni\u010dni podatki:<br \/>\nDol\u017eina: 1234mm<br \/>\nRazpon kril: 1600mm<br \/>\nTe\u017ea: pribli\u017eno 2050 g (brez baterije)<br \/>\nMotor: Brezkrta\u010dni 4250 \/ 700KV<br \/>\nKrmilnik: Hobbywing 50A \/ BEC XT60<br \/>\nServoservi: 7x digitalni, MG, 9g<br \/>\nPropeler: les 13 x 6&#8243;<\/p>\n<p>Obseg dobave:<br \/>\nModel PNP z vsemi \u017ee name\u0161\u010denimi elektronskimi komponentami<br \/>\nMajhni deli, kot so vijaki, antene skale (opti\u010dna nastavitev), repni drsnik in \u0161e veliko ve\u010d .<br \/>\nNavodila za uporabo (ilustrirana) DE\/EN<\/p>\n<p>Potrebna dodatna oprema:<br \/>\nOddajnik\/sprejemnik najmanj 5-kanalni<br \/>\nBaterija 4S LiPo 3000-5000mAh 14,8V min. 30C XT60<br \/>\npolnilnik LiPo<br \/>\nOrodje za monta\u017eo<\/p>\n","protected":false},"excerpt":{"rendered":"<p>Dornier DO-27 je nadaljnji razvoj DO-25, med drugim so bile spremenjene krilo in navpi\u010dni rep. Rezervoarji za gorivo, ki so bili prej zasnovani kot zunanji rezervoarji, so bili integrirani v krila in name\u0161\u010den je bil motor Lycoming GO-480-B1A6. Bistveno te\u017eja enota in posledi\u010dna sprememba te\u017ei\u0161\u010da sta zahtevala premikanje in krepitev podvozja. Po izdelavi lomne celice [&hellip;]<\/p>\n","protected":false},"featured_media":10499,"template":"","meta":[],"product_cat":[371,362,378],"product_tag":[],"acf":[],"yoast_head":"<!-- This site is optimized with the Yoast SEO plugin v21.7 - https:\/\/yoast.com\/wordpress\/plugins\/seo\/ -->\n<title>AMX Flight DO-27 zebra EPO PNP - TECHNIC-TOYS.com<\/title>\n<meta name=\"robots\" content=\"index, follow, max-snippet:-1, max-image-preview:large, max-video-preview:-1\" \/>\n<link rel=\"canonical\" href=\"https:\/\/www.technic-toys.com\/izdelek\/amx-flight-do-27-zebra-epo-pnp-2\/\" \/>\n<meta property=\"og:locale\" content=\"en_US\" \/>\n<meta property=\"og:type\" content=\"article\" \/>\n<meta property=\"og:title\" content=\"AMX Flight DO-27 zebra EPO PNP - TECHNIC-TOYS.com\" \/>\n<meta property=\"og:description\" content=\"Dornier DO-27 je nadaljnji razvoj DO-25, med drugim so bile spremenjene krilo in navpi\u010dni rep. Rezervoarji za gorivo, ki so bili prej zasnovani kot zunanji rezervoarji, so bili integrirani v krila in name\u0161\u010den je bil motor Lycoming GO-480-B1A6. Bistveno te\u017eja enota in posledi\u010dna sprememba te\u017ei\u0161\u010da sta zahtevala premikanje in krepitev podvozja. Po izdelavi lomne celice [&hellip;]\" \/>\n<meta property=\"og:url\" content=\"https:\/\/www.technic-toys.com\/izdelek\/amx-flight-do-27-zebra-epo-pnp-2\/\" \/>\n<meta property=\"og:site_name\" content=\"TECHNIC-TOYS.com\" \/>\n<meta property=\"article:modified_time\" content=\"2024-12-04T18:02:46+00:00\" \/>\n<meta property=\"og:image\" content=\"https:\/\/www.technic-toys.com\/wp-content\/uploads\/2022\/01\/24105.jpg\" \/>\n\t<meta property=\"og:image:width\" content=\"2560\" \/>\n\t<meta property=\"og:image:height\" content=\"1468\" \/>\n\t<meta property=\"og:image:type\" content=\"image\/jpeg\" \/>\n<meta name=\"twitter:card\" content=\"summary_large_image\" \/>\n<meta name=\"twitter:label1\" content=\"Est. reading time\" \/>\n\t<meta name=\"twitter:data1\" content=\"2 minutes\" \/>\n<script type=\"application\/ld+json\" class=\"yoast-schema-graph\">{\"@context\":\"https:\/\/schema.org\",\"@graph\":[{\"@type\":\"WebPage\",\"@id\":\"https:\/\/www.technic-toys.com\/izdelek\/amx-flight-do-27-zebra-epo-pnp-2\/\",\"url\":\"https:\/\/www.technic-toys.com\/izdelek\/amx-flight-do-27-zebra-epo-pnp-2\/\",\"name\":\"AMX Flight DO-27 zebra EPO PNP - TECHNIC-TOYS.com\",\"isPartOf\":{\"@id\":\"https:\/\/www.technic-toys.com\/en\/#website\"},\"datePublished\":\"2022-04-08T15:25:39+00:00\",\"dateModified\":\"2024-12-04T18:02:46+00:00\",\"breadcrumb\":{\"@id\":\"https:\/\/www.technic-toys.com\/izdelek\/amx-flight-do-27-zebra-epo-pnp-2\/#breadcrumb\"},\"inLanguage\":\"en-US\",\"potentialAction\":[{\"@type\":\"ReadAction\",\"target\":[\"https:\/\/www.technic-toys.com\/izdelek\/amx-flight-do-27-zebra-epo-pnp-2\/\"]}]},{\"@type\":\"BreadcrumbList\",\"@id\":\"https:\/\/www.technic-toys.com\/izdelek\/amx-flight-do-27-zebra-epo-pnp-2\/#breadcrumb\",\"itemListElement\":[{\"@type\":\"ListItem\",\"position\":1,\"name\":\"Domov\",\"item\":\"https:\/\/www.technic-toys.com\/en\/\"},{\"@type\":\"ListItem\",\"position\":2,\"name\":\"Shop\",\"item\":\"https:\/\/www.technic-toys.com\/en\/shop-2\/\"},{\"@type\":\"ListItem\",\"position\":3,\"name\":\"AMX Flight DO-27 zebra EPO PNP\"}]},{\"@type\":\"WebSite\",\"@id\":\"https:\/\/www.technic-toys.com\/en\/#website\",\"url\":\"https:\/\/www.technic-toys.com\/en\/\",\"name\":\"TECHNIC-TOYS.com\",\"description\":\"\",\"potentialAction\":[{\"@type\":\"SearchAction\",\"target\":{\"@type\":\"EntryPoint\",\"urlTemplate\":\"https:\/\/www.technic-toys.com\/en\/?s={search_term_string}\"},\"query-input\":\"required name=search_term_string\"}],\"inLanguage\":\"en-US\"}]}<\/script>\n<!-- \/ Yoast SEO plugin. -->","yoast_head_json":{"title":"AMX Flight DO-27 zebra EPO PNP - TECHNIC-TOYS.com","robots":{"index":"index","follow":"follow","max-snippet":"max-snippet:-1","max-image-preview":"max-image-preview:large","max-video-preview":"max-video-preview:-1"},"canonical":"https:\/\/www.technic-toys.com\/izdelek\/amx-flight-do-27-zebra-epo-pnp-2\/","og_locale":"en_US","og_type":"article","og_title":"AMX Flight DO-27 zebra EPO PNP - TECHNIC-TOYS.com","og_description":"Dornier DO-27 je nadaljnji razvoj DO-25, med drugim so bile spremenjene krilo in navpi\u010dni rep. Rezervoarji za gorivo, ki so bili prej zasnovani kot zunanji rezervoarji, so bili integrirani v krila in name\u0161\u010den je bil motor Lycoming GO-480-B1A6. Bistveno te\u017eja enota in posledi\u010dna sprememba te\u017ei\u0161\u010da sta zahtevala premikanje in krepitev podvozja. Po izdelavi lomne celice [&hellip;]","og_url":"https:\/\/www.technic-toys.com\/izdelek\/amx-flight-do-27-zebra-epo-pnp-2\/","og_site_name":"TECHNIC-TOYS.com","article_modified_time":"2024-12-04T18:02:46+00:00","og_image":[{"width":2560,"height":1468,"url":"https:\/\/www.technic-toys.com\/wp-content\/uploads\/2022\/01\/24105.jpg","type":"image\/jpeg"}],"twitter_card":"summary_large_image","twitter_misc":{"Est. reading time":"2 minutes"},"schema":{"@context":"https:\/\/schema.org","@graph":[{"@type":"WebPage","@id":"https:\/\/www.technic-toys.com\/izdelek\/amx-flight-do-27-zebra-epo-pnp-2\/","url":"https:\/\/www.technic-toys.com\/izdelek\/amx-flight-do-27-zebra-epo-pnp-2\/","name":"AMX Flight DO-27 zebra EPO PNP - TECHNIC-TOYS.com","isPartOf":{"@id":"https:\/\/www.technic-toys.com\/en\/#website"},"datePublished":"2022-04-08T15:25:39+00:00","dateModified":"2024-12-04T18:02:46+00:00","breadcrumb":{"@id":"https:\/\/www.technic-toys.com\/izdelek\/amx-flight-do-27-zebra-epo-pnp-2\/#breadcrumb"},"inLanguage":"en-US","potentialAction":[{"@type":"ReadAction","target":["https:\/\/www.technic-toys.com\/izdelek\/amx-flight-do-27-zebra-epo-pnp-2\/"]}]},{"@type":"BreadcrumbList","@id":"https:\/\/www.technic-toys.com\/izdelek\/amx-flight-do-27-zebra-epo-pnp-2\/#breadcrumb","itemListElement":[{"@type":"ListItem","position":1,"name":"Domov","item":"https:\/\/www.technic-toys.com\/en\/"},{"@type":"ListItem","position":2,"name":"Shop","item":"https:\/\/www.technic-toys.com\/en\/shop-2\/"},{"@type":"ListItem","position":3,"name":"AMX Flight DO-27 zebra EPO PNP"}]},{"@type":"WebSite","@id":"https:\/\/www.technic-toys.com\/en\/#website","url":"https:\/\/www.technic-toys.com\/en\/","name":"TECHNIC-TOYS.com","description":"","potentialAction":[{"@type":"SearchAction","target":{"@type":"EntryPoint","urlTemplate":"https:\/\/www.technic-toys.com\/en\/?s={search_term_string}"},"query-input":"required name=search_term_string"}],"inLanguage":"en-US"}]}},"_links":{"self":[{"href":"https:\/\/www.technic-toys.com\/en\/wp-json\/wp\/v2\/product\/17511"}],"collection":[{"href":"https:\/\/www.technic-toys.com\/en\/wp-json\/wp\/v2\/product"}],"about":[{"href":"https:\/\/www.technic-toys.com\/en\/wp-json\/wp\/v2\/types\/product"}],"wp:featuredmedia":[{"embeddable":true,"href":"https:\/\/www.technic-toys.com\/en\/wp-json\/wp\/v2\/media\/10499"}],"wp:attachment":[{"href":"https:\/\/www.technic-toys.com\/en\/wp-json\/wp\/v2\/media?parent=17511"}],"wp:term":[{"taxonomy":"product_cat","embeddable":true,"href":"https:\/\/www.technic-toys.com\/en\/wp-json\/wp\/v2\/product_cat?post=17511"},{"taxonomy":"product_tag","embeddable":true,"href":"https:\/\/www.technic-toys.com\/en\/wp-json\/wp\/v2\/product_tag?post=17511"}],"curies":[{"name":"wp","href":"https:\/\/api.w.org\/{rel}","templated":true}]}}