{"id":17663,"date":"2022-04-08T17:25:39","date_gmt":"2022-04-08T15:25:39","guid":{"rendered":"https:\/\/www.technic-toys.com\/izdelek\/amxflight-f-35-jet-epo-pnp-siva\/"},"modified":"2024-12-04T19:02:53","modified_gmt":"2024-12-04T18:02:53","slug":"amxflight-f-35-jet-epo-pnp-siva","status":"publish","type":"product","link":"https:\/\/www.technic-toys.com\/en\/izdelek\/amxflight-f-35-jet-epo-pnp-siva\/","title":{"rendered":"AMXFlight F-35 Jet EPO PNP siva"},"content":{"rendered":"<p>F-35 Lightning II je prikrito ve\u010dnamensko lovsko letalo pete generacije, ki se je razvilo iz ameri\u0161kega programa Joint Strike Fighter (JSF). Namenjen je zamenjavi F-16 Fighting Falcon ali celo starej\u0161ih letal v \u0161tevilnih zahodnih zra\u010dnih silah. Bojno letalo je na voljo v treh razli\u010dicah: F-35A (konvencionalni vzlet\/pristanek), F-35B (navpi\u010dni vzlet in pristanek) in F-35C (na nosilcu). Najve\u010dja hitrost je 1,6 Mach z dosegom 2200 kilometrov.<br \/>AMXFlight F-35 je pomanj\u0161ana replika v razli\u010dici PNP (Plug and Play). Model je v veliki meri monta\u017eni &#8211; monta\u017ea je omejena na monta\u017eo krila, povezav in repne enote. Vsi servo motorji (2x 9g), 50 mm 11-krilni rotor, vklju\u010dno z brezkrta\u010dnim motorjem 4900KV in 30A Hobbywing ESC so \u017ee name\u0161\u010deni.<br \/>Jet je zasnovan tako, da sprejme 3S Li-Pos med 850 in 1000mAh, s katerim -35 dosega izjemne letne zmogljivosti. Hitrost se giblje od hitre do po\u010dasne in je tako v\u0161e\u010d tudi manj izku\u0161enim pilotom. Manevriranje in hitrost prevra\u010danja sta prav tako prepri\u010dljiva s \u0161irokim razponom od zelo okretnih do krotkih. Obna\u0161anje pri zagonu je popolnoma nekriti\u010dno, kar pomeni, da se model lahko brez te\u017eav za\u017eene ro\u010dno. Curek ne ka\u017ee nagnjenosti k zna\u010dilnemu pove\u0161enju modela rotorja. Zaradi svoje majhnosti je model popolno prtlja\u017eno letalo za vmes in je tudi zelo zabavno v eskadrilji z ve\u010d modeli. Posebnost na\u0161ega F-35 je v tem, da so dvigala in krilci povezani s krmilnimi hupami preko servo, kar ponovno ob\u010dutno pove\u010da manevriranje modela.<\/p>\n<p>Poudarki:<br \/>Zmogljiv pogon zahvaljujo\u010d brezkrta\u010dnim motorjem 4900 kV<br \/>Hiter dostop z magnetno klju\u010davnico kro\u0161nje<br \/>Trdna EPO pena, enostavna za popravilo s penastim lepilom<\/p>\n<p>Druge lastnosti:<br \/>Hiter in vodljiv kanal ventilatorski curek<br \/>Preprosta in hitra nastavitev PNP (Plug and Play)<br \/>Novo razvit rotor z 11 rezili<br \/>Hobbywing visokokakovosten ESC z 30A s priklju\u010dkom XT60<br \/>Zasnovan za 3S LiPo 11.1V XT60<br \/ >\u010cudovita oblika v tehtnici<\/p>\n<p>Tehni\u010dni podatki:<br \/>Dol\u017eina: 652 mm<br \/>Razpon kril: 717 mm <br \/>Te\u017ea leta: pribli\u017eno 330 g<br \/> Teka\u010d: 50 mm z 11 rezili<br \/>Motor: 4900KV brezkrta\u010dni<br \/>ESC: 30A Hobbywing z vti\u010dem XT60<br \/>Servo: 2x 9,0g<\/p>\n<p>Obseg dobave:<br \/> Model vklju\u010duje motor, krmilnik, servomotorje, vijake<br \/>propelerja in sistem enkungsteile<br \/>Navodila za monta\u017eo DE\/EN<\/p>\n<p>Zahtevani dodatki:<br \/>Oddajnik in sprejemnik vsaj 4 kanali<br \/>Baterija LiPo 3S 850-1000mAh 11.1V XT60<br \/>polnilec za LiPo<\/p>\n","protected":false},"excerpt":{"rendered":"<p>F-35 Lightning II je prikrito ve\u010dnamensko lovsko letalo pete generacije, ki se je razvilo iz ameri\u0161kega programa Joint Strike Fighter (JSF). Namenjen je zamenjavi F-16 Fighting Falcon ali celo starej\u0161ih letal v \u0161tevilnih zahodnih zra\u010dnih silah. Bojno letalo je na voljo v treh razli\u010dicah: F-35A (konvencionalni vzlet\/pristanek), F-35B (navpi\u010dni vzlet in pristanek) in F-35C (na [&hellip;]<\/p>\n","protected":false},"featured_media":17664,"template":"","meta":[],"product_cat":[362,397],"product_tag":[],"acf":[],"yoast_head":"<!-- This site is optimized with the Yoast SEO plugin v21.7 - https:\/\/yoast.com\/wordpress\/plugins\/seo\/ -->\n<title>AMXFlight F-35 Jet EPO PNP siva - TECHNIC-TOYS.com<\/title>\n<meta name=\"robots\" content=\"index, follow, max-snippet:-1, max-image-preview:large, max-video-preview:-1\" \/>\n<link rel=\"canonical\" href=\"https:\/\/www.technic-toys.com\/izdelek\/amxflight-f-35-jet-epo-pnp-siva\/\" \/>\n<meta property=\"og:locale\" content=\"en_US\" \/>\n<meta property=\"og:type\" content=\"article\" \/>\n<meta property=\"og:title\" content=\"AMXFlight F-35 Jet EPO PNP siva - TECHNIC-TOYS.com\" \/>\n<meta property=\"og:description\" content=\"F-35 Lightning II je prikrito ve\u010dnamensko lovsko letalo pete generacije, ki se je razvilo iz ameri\u0161kega programa Joint Strike Fighter (JSF). Namenjen je zamenjavi F-16 Fighting Falcon ali celo starej\u0161ih letal v \u0161tevilnih zahodnih zra\u010dnih silah. Bojno letalo je na voljo v treh razli\u010dicah: F-35A (konvencionalni vzlet\/pristanek), F-35B (navpi\u010dni vzlet in pristanek) in F-35C (na [&hellip;]\" \/>\n<meta property=\"og:url\" content=\"https:\/\/www.technic-toys.com\/izdelek\/amxflight-f-35-jet-epo-pnp-siva\/\" \/>\n<meta property=\"og:site_name\" content=\"TECHNIC-TOYS.com\" \/>\n<meta property=\"article:modified_time\" content=\"2024-12-04T18:02:53+00:00\" \/>\n<meta property=\"og:image\" content=\"https:\/\/www.technic-toys.com\/wp-content\/uploads\/2022\/04\/24116.jpg\" \/>\n\t<meta property=\"og:image:width\" content=\"2560\" \/>\n\t<meta property=\"og:image:height\" content=\"1468\" \/>\n\t<meta property=\"og:image:type\" content=\"image\/jpeg\" \/>\n<meta name=\"twitter:card\" content=\"summary_large_image\" \/>\n<meta name=\"twitter:label1\" content=\"Est. reading time\" \/>\n\t<meta name=\"twitter:data1\" content=\"2 minutes\" \/>\n<script type=\"application\/ld+json\" class=\"yoast-schema-graph\">{\"@context\":\"https:\/\/schema.org\",\"@graph\":[{\"@type\":\"WebPage\",\"@id\":\"https:\/\/www.technic-toys.com\/izdelek\/amxflight-f-35-jet-epo-pnp-siva\/\",\"url\":\"https:\/\/www.technic-toys.com\/izdelek\/amxflight-f-35-jet-epo-pnp-siva\/\",\"name\":\"AMXFlight F-35 Jet EPO PNP siva - TECHNIC-TOYS.com\",\"isPartOf\":{\"@id\":\"https:\/\/www.technic-toys.com\/en\/#website\"},\"datePublished\":\"2022-04-08T15:25:39+00:00\",\"dateModified\":\"2024-12-04T18:02:53+00:00\",\"breadcrumb\":{\"@id\":\"https:\/\/www.technic-toys.com\/izdelek\/amxflight-f-35-jet-epo-pnp-siva\/#breadcrumb\"},\"inLanguage\":\"en-US\",\"potentialAction\":[{\"@type\":\"ReadAction\",\"target\":[\"https:\/\/www.technic-toys.com\/izdelek\/amxflight-f-35-jet-epo-pnp-siva\/\"]}]},{\"@type\":\"BreadcrumbList\",\"@id\":\"https:\/\/www.technic-toys.com\/izdelek\/amxflight-f-35-jet-epo-pnp-siva\/#breadcrumb\",\"itemListElement\":[{\"@type\":\"ListItem\",\"position\":1,\"name\":\"Domov\",\"item\":\"https:\/\/www.technic-toys.com\/en\/\"},{\"@type\":\"ListItem\",\"position\":2,\"name\":\"Shop\",\"item\":\"https:\/\/www.technic-toys.com\/en\/shop-2\/\"},{\"@type\":\"ListItem\",\"position\":3,\"name\":\"AMXFlight F-35 Jet EPO PNP siva\"}]},{\"@type\":\"WebSite\",\"@id\":\"https:\/\/www.technic-toys.com\/en\/#website\",\"url\":\"https:\/\/www.technic-toys.com\/en\/\",\"name\":\"TECHNIC-TOYS.com\",\"description\":\"\",\"potentialAction\":[{\"@type\":\"SearchAction\",\"target\":{\"@type\":\"EntryPoint\",\"urlTemplate\":\"https:\/\/www.technic-toys.com\/en\/?s={search_term_string}\"},\"query-input\":\"required name=search_term_string\"}],\"inLanguage\":\"en-US\"}]}<\/script>\n<!-- \/ Yoast SEO plugin. -->","yoast_head_json":{"title":"AMXFlight F-35 Jet EPO PNP siva - TECHNIC-TOYS.com","robots":{"index":"index","follow":"follow","max-snippet":"max-snippet:-1","max-image-preview":"max-image-preview:large","max-video-preview":"max-video-preview:-1"},"canonical":"https:\/\/www.technic-toys.com\/izdelek\/amxflight-f-35-jet-epo-pnp-siva\/","og_locale":"en_US","og_type":"article","og_title":"AMXFlight F-35 Jet EPO PNP siva - TECHNIC-TOYS.com","og_description":"F-35 Lightning II je prikrito ve\u010dnamensko lovsko letalo pete generacije, ki se je razvilo iz ameri\u0161kega programa Joint Strike Fighter (JSF). Namenjen je zamenjavi F-16 Fighting Falcon ali celo starej\u0161ih letal v \u0161tevilnih zahodnih zra\u010dnih silah. Bojno letalo je na voljo v treh razli\u010dicah: F-35A (konvencionalni vzlet\/pristanek), F-35B (navpi\u010dni vzlet in pristanek) in F-35C (na [&hellip;]","og_url":"https:\/\/www.technic-toys.com\/izdelek\/amxflight-f-35-jet-epo-pnp-siva\/","og_site_name":"TECHNIC-TOYS.com","article_modified_time":"2024-12-04T18:02:53+00:00","og_image":[{"width":2560,"height":1468,"url":"https:\/\/www.technic-toys.com\/wp-content\/uploads\/2022\/04\/24116.jpg","type":"image\/jpeg"}],"twitter_card":"summary_large_image","twitter_misc":{"Est. reading time":"2 minutes"},"schema":{"@context":"https:\/\/schema.org","@graph":[{"@type":"WebPage","@id":"https:\/\/www.technic-toys.com\/izdelek\/amxflight-f-35-jet-epo-pnp-siva\/","url":"https:\/\/www.technic-toys.com\/izdelek\/amxflight-f-35-jet-epo-pnp-siva\/","name":"AMXFlight F-35 Jet EPO PNP siva - TECHNIC-TOYS.com","isPartOf":{"@id":"https:\/\/www.technic-toys.com\/en\/#website"},"datePublished":"2022-04-08T15:25:39+00:00","dateModified":"2024-12-04T18:02:53+00:00","breadcrumb":{"@id":"https:\/\/www.technic-toys.com\/izdelek\/amxflight-f-35-jet-epo-pnp-siva\/#breadcrumb"},"inLanguage":"en-US","potentialAction":[{"@type":"ReadAction","target":["https:\/\/www.technic-toys.com\/izdelek\/amxflight-f-35-jet-epo-pnp-siva\/"]}]},{"@type":"BreadcrumbList","@id":"https:\/\/www.technic-toys.com\/izdelek\/amxflight-f-35-jet-epo-pnp-siva\/#breadcrumb","itemListElement":[{"@type":"ListItem","position":1,"name":"Domov","item":"https:\/\/www.technic-toys.com\/en\/"},{"@type":"ListItem","position":2,"name":"Shop","item":"https:\/\/www.technic-toys.com\/en\/shop-2\/"},{"@type":"ListItem","position":3,"name":"AMXFlight F-35 Jet EPO PNP siva"}]},{"@type":"WebSite","@id":"https:\/\/www.technic-toys.com\/en\/#website","url":"https:\/\/www.technic-toys.com\/en\/","name":"TECHNIC-TOYS.com","description":"","potentialAction":[{"@type":"SearchAction","target":{"@type":"EntryPoint","urlTemplate":"https:\/\/www.technic-toys.com\/en\/?s={search_term_string}"},"query-input":"required name=search_term_string"}],"inLanguage":"en-US"}]}},"_links":{"self":[{"href":"https:\/\/www.technic-toys.com\/en\/wp-json\/wp\/v2\/product\/17663"}],"collection":[{"href":"https:\/\/www.technic-toys.com\/en\/wp-json\/wp\/v2\/product"}],"about":[{"href":"https:\/\/www.technic-toys.com\/en\/wp-json\/wp\/v2\/types\/product"}],"wp:featuredmedia":[{"embeddable":true,"href":"https:\/\/www.technic-toys.com\/en\/wp-json\/wp\/v2\/media\/17664"}],"wp:attachment":[{"href":"https:\/\/www.technic-toys.com\/en\/wp-json\/wp\/v2\/media?parent=17663"}],"wp:term":[{"taxonomy":"product_cat","embeddable":true,"href":"https:\/\/www.technic-toys.com\/en\/wp-json\/wp\/v2\/product_cat?post=17663"},{"taxonomy":"product_tag","embeddable":true,"href":"https:\/\/www.technic-toys.com\/en\/wp-json\/wp\/v2\/product_tag?post=17663"}],"curies":[{"name":"wp","href":"https:\/\/api.w.org\/{rel}","templated":true}]}}