{"id":17750,"date":"2022-04-08T17:25:39","date_gmt":"2022-04-08T15:25:39","guid":{"rendered":"https:\/\/www.technic-toys.com\/izdelek\/amxplanes-a10-thunderbolt-ii-jet-epo-arf\/"},"modified":"2024-12-04T19:02:45","modified_gmt":"2024-12-04T18:02:45","slug":"amxplanes-a10-thunderbolt-ii-jet-epo-arf","status":"publish","type":"product","link":"https:\/\/www.technic-toys.com\/en\/izdelek\/amxplanes-a10-thunderbolt-ii-jet-epo-arf\/","title":{"rendered":"AMXPlanes A10 Thunderbolt II Jet EPO ARF"},"content":{"rendered":"<p>Fairchild-Republic A-10 Thunderbolt (po nem\u0161ko Thunderbolt), ki ga njegovi piloti in \u0161tevilni vojaki na kratko imenujejo tudi Warthog (&#8220;Warthog&#8221;) ali na kratko Hog zaradi svoje grdote, je bilo najpomembnej\u0161e kopensko juri\u0161no letalo ameri\u0161kih letalskih sil. od leta 1975. Preprosto izdelan, u\u010dinkovit in robusten dvomotorni podzvo\u010dni reaktivni curek je namenjen uporabi proti zemeljskim ciljem, zlasti za boj proti oklepnim vozilom. Najve\u010dja hitrost je okoli 706 km\/h na nizki nadmorski vi\u0161ini (morska gladina) z delovnim stropom okoli 13.500 m. Posebnost je stalno name\u0161\u010dena glavna pu\u0161ka, 30 mm Gatling mitraljez GAU-8\/A Avenger s 1350 naboji. Izstreljuje visokoeksplozivne granate in oklepno strelivo z uranovimi jedri z najve\u010djo hitrostjo 4200 nabojev na minuto (pri \u010demer je masa na granato lahko do 750 g). Povratna sila oro\u017eja je 44,5 kN, kar je ve\u010d kot potisk enega od motorjev.<\/p>\n<p>Model AMXPlanes je podrobna replika tega lovskega letala in je dostavljen kot razli\u010dica ARF s pogonom in servomotorji. Dva 50 mm rotorja ustvarjata pove\u010danje skoraj 1:1 s 4S LiPo baterijo s pribli\u017eno 2600 mAh z izjemnim zvokom, podobnim turbini. Vgrajeni rotorji z 12 rezili so uravnote\u017eeni in v povezavi z dvema regulatorjema 40A opravljajo fantasti\u010dno delo. Model ima zelo dobre letalne lastnosti in je enostaven za letenje tudi za manj izku\u0161ene pilote. Ro\u010dno izstrelitev je prav tako enostavno kot izstrelitev s kratke trave ali trde vzletno-pristajalne steze. Najve\u010dji \u010das letenja s predlaganim 4S LiPo z 2600 mAh je pribli\u017eno 6-8 minut, odvisno od na\u010dina letenja. Hitrost pristajanja je zelo nizka, zato je ta odli\u010den model zelo primeren tudi za manj\u0161a mesta. Dobavljeno v trdni kartonski \u0161katli z lasersko izrezanim jedrom iz stiropora, ki varno dr\u017ei vsak sestavni del modela. Prilo\u017eeni so vsi majhni deli, potrebni za gradnjo. Vsi servo motorji, rotor z brezkrta\u010dnim motorjem in krmilnik so \u017ee name\u0161\u010deni in o\u017ei\u010deni. Glavna povr\u0161ina je privija\u010dena, rep je prilepljen s penastim lepilom (ni prilo\u017een). Vse, kar potrebujete, je daljinski upravljalnik z vsaj 4 kanali, sprejemnikom in baterijo, da dokon\u010date model.<\/p>\n<p>Lastnosti:<br \/>2x 40A ESC za do 4S LiPo celice<br \/> Vse elektri\u010dne komponente so \u017ee name\u0161\u010dene<br \/>Kratek \u010das monta\u017ee zahvaljujo\u010d privija\u010denemu krilu<br \/>Zelo dobra kakovost povr\u0161ine zahvaljujo\u010d trdni in pobarvani peni<br \/>Vse name\u0161\u010dene dele je mogo\u010de enostavno zamenjati<br \/>Potisno razmerje skoraj 1: 1<br \/ >Ro\u010dno izstrelitev mo\u017eno brez te\u017eav<\/p>\n<p>Tehni\u010dni podatki:<br \/>Razpon kril: 1000 mm<br \/>Dol\u017eina: 920 mm<br \/>Te\u017ea: pribli\u017eno 1190 g pripravljen za letenje<br \/>Glavni material: pena visoke trdnosti<br \/ >Povr\u0161inska obremenitev: 74g\/dm\u00b2<br \/>Povr\u0161ina: 16,1dm\u00b2<br \/>Potis: pribli\u017eno 1:1<br \/>Motor: 2x 2627-4600KV brezkrta\u010dni <br \/>EDF: 2x 50 mm propeler &#8211; 12 rezil< br \/>Krmilnik: 2x 40A s priklju\u010dkom XT60 (ali adapterjem EC3 na XT60)<br \/>Servoservi: 4x 9g digitalni<\/p>\n<p>Obseg dobave :<br \/>Model PNP<br \/>Navodila DE\/EN <\/p>\n<p>Potrebna dodatna oprema:<br \/>Ak ku LiPo 14,8V 4S 2200-2600mAh najmanj 30C XT60 vti\u010d<br \/>Oddajnik najmanj 4 kanali (ra\u010dunalni\u0161ki oddajnik je priporo\u010den za nastavitve dvojne hitrosti in ekspo)<br \/>Sprejemnik<br \/>polnilnik<br \/>Penasto lepilo< br \/><\/p>\n","protected":false},"excerpt":{"rendered":"<p>Fairchild-Republic A-10 Thunderbolt (po nem\u0161ko Thunderbolt), ki ga njegovi piloti in \u0161tevilni vojaki na kratko imenujejo tudi Warthog (&#8220;Warthog&#8221;) ali na kratko Hog zaradi svoje grdote, je bilo najpomembnej\u0161e kopensko juri\u0161no letalo ameri\u0161kih letalskih sil. od leta 1975. Preprosto izdelan, u\u010dinkovit in robusten dvomotorni podzvo\u010dni reaktivni curek je namenjen uporabi proti zemeljskim ciljem, zlasti za [&hellip;]<\/p>\n","protected":false},"featured_media":17751,"template":"","meta":[],"product_cat":[362,397],"product_tag":[],"acf":[],"yoast_head":"<!-- This site is optimized with the Yoast SEO plugin v21.7 - https:\/\/yoast.com\/wordpress\/plugins\/seo\/ -->\n<title>AMXPlanes A10 Thunderbolt II Jet EPO ARF - TECHNIC-TOYS.com<\/title>\n<meta name=\"robots\" content=\"index, follow, max-snippet:-1, max-image-preview:large, max-video-preview:-1\" \/>\n<link rel=\"canonical\" href=\"https:\/\/www.technic-toys.com\/izdelek\/amxplanes-a10-thunderbolt-ii-jet-epo-arf\/\" \/>\n<meta property=\"og:locale\" content=\"en_US\" \/>\n<meta property=\"og:type\" content=\"article\" \/>\n<meta property=\"og:title\" content=\"AMXPlanes A10 Thunderbolt II Jet EPO ARF - TECHNIC-TOYS.com\" \/>\n<meta property=\"og:description\" content=\"Fairchild-Republic A-10 Thunderbolt (po nem\u0161ko Thunderbolt), ki ga njegovi piloti in \u0161tevilni vojaki na kratko imenujejo tudi Warthog (&#8220;Warthog&#8221;) ali na kratko Hog zaradi svoje grdote, je bilo najpomembnej\u0161e kopensko juri\u0161no letalo ameri\u0161kih letalskih sil. od leta 1975. Preprosto izdelan, u\u010dinkovit in robusten dvomotorni podzvo\u010dni reaktivni curek je namenjen uporabi proti zemeljskim ciljem, zlasti za [&hellip;]\" \/>\n<meta property=\"og:url\" content=\"https:\/\/www.technic-toys.com\/izdelek\/amxplanes-a10-thunderbolt-ii-jet-epo-arf\/\" \/>\n<meta property=\"og:site_name\" content=\"TECHNIC-TOYS.com\" \/>\n<meta property=\"article:modified_time\" content=\"2024-12-04T18:02:45+00:00\" \/>\n<meta property=\"og:image\" content=\"https:\/\/www.technic-toys.com\/wp-content\/uploads\/2022\/04\/24121.jpg\" \/>\n\t<meta property=\"og:image:width\" content=\"2560\" \/>\n\t<meta property=\"og:image:height\" content=\"1468\" \/>\n\t<meta property=\"og:image:type\" content=\"image\/jpeg\" \/>\n<meta name=\"twitter:card\" content=\"summary_large_image\" \/>\n<meta name=\"twitter:label1\" content=\"Est. reading time\" \/>\n\t<meta name=\"twitter:data1\" content=\"2 minutes\" \/>\n<script type=\"application\/ld+json\" class=\"yoast-schema-graph\">{\"@context\":\"https:\/\/schema.org\",\"@graph\":[{\"@type\":\"WebPage\",\"@id\":\"https:\/\/www.technic-toys.com\/izdelek\/amxplanes-a10-thunderbolt-ii-jet-epo-arf\/\",\"url\":\"https:\/\/www.technic-toys.com\/izdelek\/amxplanes-a10-thunderbolt-ii-jet-epo-arf\/\",\"name\":\"AMXPlanes A10 Thunderbolt II Jet EPO ARF - TECHNIC-TOYS.com\",\"isPartOf\":{\"@id\":\"https:\/\/www.technic-toys.com\/en\/#website\"},\"datePublished\":\"2022-04-08T15:25:39+00:00\",\"dateModified\":\"2024-12-04T18:02:45+00:00\",\"breadcrumb\":{\"@id\":\"https:\/\/www.technic-toys.com\/izdelek\/amxplanes-a10-thunderbolt-ii-jet-epo-arf\/#breadcrumb\"},\"inLanguage\":\"en-US\",\"potentialAction\":[{\"@type\":\"ReadAction\",\"target\":[\"https:\/\/www.technic-toys.com\/izdelek\/amxplanes-a10-thunderbolt-ii-jet-epo-arf\/\"]}]},{\"@type\":\"BreadcrumbList\",\"@id\":\"https:\/\/www.technic-toys.com\/izdelek\/amxplanes-a10-thunderbolt-ii-jet-epo-arf\/#breadcrumb\",\"itemListElement\":[{\"@type\":\"ListItem\",\"position\":1,\"name\":\"Domov\",\"item\":\"https:\/\/www.technic-toys.com\/en\/\"},{\"@type\":\"ListItem\",\"position\":2,\"name\":\"Shop\",\"item\":\"https:\/\/www.technic-toys.com\/en\/shop-2\/\"},{\"@type\":\"ListItem\",\"position\":3,\"name\":\"AMXPlanes A10 Thunderbolt II Jet EPO ARF\"}]},{\"@type\":\"WebSite\",\"@id\":\"https:\/\/www.technic-toys.com\/en\/#website\",\"url\":\"https:\/\/www.technic-toys.com\/en\/\",\"name\":\"TECHNIC-TOYS.com\",\"description\":\"\",\"potentialAction\":[{\"@type\":\"SearchAction\",\"target\":{\"@type\":\"EntryPoint\",\"urlTemplate\":\"https:\/\/www.technic-toys.com\/en\/?s={search_term_string}\"},\"query-input\":\"required name=search_term_string\"}],\"inLanguage\":\"en-US\"}]}<\/script>\n<!-- \/ Yoast SEO plugin. -->","yoast_head_json":{"title":"AMXPlanes A10 Thunderbolt II Jet EPO ARF - TECHNIC-TOYS.com","robots":{"index":"index","follow":"follow","max-snippet":"max-snippet:-1","max-image-preview":"max-image-preview:large","max-video-preview":"max-video-preview:-1"},"canonical":"https:\/\/www.technic-toys.com\/izdelek\/amxplanes-a10-thunderbolt-ii-jet-epo-arf\/","og_locale":"en_US","og_type":"article","og_title":"AMXPlanes A10 Thunderbolt II Jet EPO ARF - TECHNIC-TOYS.com","og_description":"Fairchild-Republic A-10 Thunderbolt (po nem\u0161ko Thunderbolt), ki ga njegovi piloti in \u0161tevilni vojaki na kratko imenujejo tudi Warthog (&#8220;Warthog&#8221;) ali na kratko Hog zaradi svoje grdote, je bilo najpomembnej\u0161e kopensko juri\u0161no letalo ameri\u0161kih letalskih sil. od leta 1975. Preprosto izdelan, u\u010dinkovit in robusten dvomotorni podzvo\u010dni reaktivni curek je namenjen uporabi proti zemeljskim ciljem, zlasti za [&hellip;]","og_url":"https:\/\/www.technic-toys.com\/izdelek\/amxplanes-a10-thunderbolt-ii-jet-epo-arf\/","og_site_name":"TECHNIC-TOYS.com","article_modified_time":"2024-12-04T18:02:45+00:00","og_image":[{"width":2560,"height":1468,"url":"https:\/\/www.technic-toys.com\/wp-content\/uploads\/2022\/04\/24121.jpg","type":"image\/jpeg"}],"twitter_card":"summary_large_image","twitter_misc":{"Est. reading time":"2 minutes"},"schema":{"@context":"https:\/\/schema.org","@graph":[{"@type":"WebPage","@id":"https:\/\/www.technic-toys.com\/izdelek\/amxplanes-a10-thunderbolt-ii-jet-epo-arf\/","url":"https:\/\/www.technic-toys.com\/izdelek\/amxplanes-a10-thunderbolt-ii-jet-epo-arf\/","name":"AMXPlanes A10 Thunderbolt II Jet EPO ARF - TECHNIC-TOYS.com","isPartOf":{"@id":"https:\/\/www.technic-toys.com\/en\/#website"},"datePublished":"2022-04-08T15:25:39+00:00","dateModified":"2024-12-04T18:02:45+00:00","breadcrumb":{"@id":"https:\/\/www.technic-toys.com\/izdelek\/amxplanes-a10-thunderbolt-ii-jet-epo-arf\/#breadcrumb"},"inLanguage":"en-US","potentialAction":[{"@type":"ReadAction","target":["https:\/\/www.technic-toys.com\/izdelek\/amxplanes-a10-thunderbolt-ii-jet-epo-arf\/"]}]},{"@type":"BreadcrumbList","@id":"https:\/\/www.technic-toys.com\/izdelek\/amxplanes-a10-thunderbolt-ii-jet-epo-arf\/#breadcrumb","itemListElement":[{"@type":"ListItem","position":1,"name":"Domov","item":"https:\/\/www.technic-toys.com\/en\/"},{"@type":"ListItem","position":2,"name":"Shop","item":"https:\/\/www.technic-toys.com\/en\/shop-2\/"},{"@type":"ListItem","position":3,"name":"AMXPlanes A10 Thunderbolt II Jet EPO ARF"}]},{"@type":"WebSite","@id":"https:\/\/www.technic-toys.com\/en\/#website","url":"https:\/\/www.technic-toys.com\/en\/","name":"TECHNIC-TOYS.com","description":"","potentialAction":[{"@type":"SearchAction","target":{"@type":"EntryPoint","urlTemplate":"https:\/\/www.technic-toys.com\/en\/?s={search_term_string}"},"query-input":"required name=search_term_string"}],"inLanguage":"en-US"}]}},"_links":{"self":[{"href":"https:\/\/www.technic-toys.com\/en\/wp-json\/wp\/v2\/product\/17750"}],"collection":[{"href":"https:\/\/www.technic-toys.com\/en\/wp-json\/wp\/v2\/product"}],"about":[{"href":"https:\/\/www.technic-toys.com\/en\/wp-json\/wp\/v2\/types\/product"}],"wp:featuredmedia":[{"embeddable":true,"href":"https:\/\/www.technic-toys.com\/en\/wp-json\/wp\/v2\/media\/17751"}],"wp:attachment":[{"href":"https:\/\/www.technic-toys.com\/en\/wp-json\/wp\/v2\/media?parent=17750"}],"wp:term":[{"taxonomy":"product_cat","embeddable":true,"href":"https:\/\/www.technic-toys.com\/en\/wp-json\/wp\/v2\/product_cat?post=17750"},{"taxonomy":"product_tag","embeddable":true,"href":"https:\/\/www.technic-toys.com\/en\/wp-json\/wp\/v2\/product_tag?post=17750"}],"curies":[{"name":"wp","href":"https:\/\/api.w.org\/{rel}","templated":true}]}}