{"id":17781,"date":"2022-04-08T17:25:39","date_gmt":"2022-04-08T15:25:39","guid":{"rendered":"https:\/\/www.technic-toys.com\/izdelek\/amxplanes-glastar-stol-epo-pnp\/"},"modified":"2024-12-04T19:02:46","modified_gmt":"2024-12-04T18:02:46","slug":"amxplanes-glastar-stol-epo-pnp","status":"publish","type":"product","link":"https:\/\/www.technic-toys.com\/en\/izdelek\/amxplanes-glastar-stol-epo-pnp\/","title":{"rendered":"AMXPlanes GlaStar STOL EPO PNP"},"content":{"rendered":"<p>Novi AMXPlanes GlaStar je model trena\u017eerjev STOL, ki lahko zaradi prevelikih pnevmatik vzleti in pristane na skoraj kateri koli povr\u0161ini. Z zrakom napolnjene pnevmatike delujejo kot nekak\u0161en bla\u017eilnik udarcev, ki olaj\u0161a vzletanje in pristajanje na neravnih in grobih povr\u0161inah. STOL (Short Take-Off and Landing) pomeni ekstremne lastnosti kratkega vzleta in pristanka. Model je opremljen z velikim pokrovom baterije, ki se magnetno zaklene, da je zamenjava baterije \u010dim enostavnej\u0161a. Model je namenjen LiPo baterijam s 3S (11,1V) s kapaciteto 1300-2200mAh. Pri 1300-1500 mAh je manevriranje modela ve\u010dja, pri 1800-2200 mAh pa se \u010das letenja izjemno pove\u010da. Zasnova in zna\u010dilnosti letenja so v\u0161e\u010d tako za\u010detnikom kot naprednim pilotom.<br \/>Poudarki: vse elektri\u010dne komponente so \u017ee name\u0161\u010dene Velike pnevmatske pnevmatike z zelo dobrim vzmetenjem in elasti\u010dnostjo za te\u017eke zagone in pristanke na neravnem terenu (zmo\u017enost STOL) Zelo dobra vidljivost modela zahvaljujo\u010d beli strukturi z barvnimi okrasnimi \u010drtami<br \/>Lastnosti: Velik magnetni pokrov baterije za 3S LiPo baterije med 1300-2200 mAh, odvisno od \u017eelje pilota (agilnost ali dolgi \u010dasi letenja) Enostavna monta\u017ea zahvaljujo\u010d dvigalu, ki se lahko navija, in glavnemu krilo Zelo robusten material (EPO pena)<br \/>Tehni\u010dni podatki: razpon kril: 1233 mm dol\u017eina: 945 mm te\u017ea: 1200 g pripravljen za letenje (odvisno od tipa baterije) glavni material: EPO pena visoko trdna obremenitev krila: 49 g\/dm\u00b2 povr\u0161ina krila: 24,5 dm\u00b2 potiska: skoraj 1:1 motor: 3136 1000kv brezkrta\u010dni krmilnik: 20A vti\u010dni propeler XT60: servos 10 x 6 \/ 2 rezila: 4x midi digitalni \u010das gradnje: pribli\u017eno 20 min<br \/>Obseg dobave: model PNP, majhni deli, navodila DE\/EN<br \/>Potrebna dodatna oprema: oddajnik + sprejemnik (min. Priporo\u010damo 4-kanalni, 6-kanalni ra\u010dunalni\u0161ki oddajnik) Baterija 1300-2200 mAh 3S 11,1 V min. 30C XT60 vti\u010dni polnilnik<\/p>\n","protected":false},"excerpt":{"rendered":"<p>Novi AMXPlanes GlaStar je model trena\u017eerjev STOL, ki lahko zaradi prevelikih pnevmatik vzleti in pristane na skoraj kateri koli povr\u0161ini. Z zrakom napolnjene pnevmatike delujejo kot nekak\u0161en bla\u017eilnik udarcev, ki olaj\u0161a vzletanje in pristajanje na neravnih in grobih povr\u0161inah. STOL (Short Take-Off and Landing) pomeni ekstremne lastnosti kratkega vzleta in pristanka. Model je opremljen z [&hellip;]<\/p>\n","protected":false},"featured_media":0,"template":"","meta":[],"product_cat":[362,378],"product_tag":[],"acf":[],"yoast_head":"<!-- This site is optimized with the Yoast SEO plugin v21.7 - https:\/\/yoast.com\/wordpress\/plugins\/seo\/ -->\n<title>AMXPlanes GlaStar STOL EPO PNP - TECHNIC-TOYS.com<\/title>\n<meta name=\"robots\" content=\"index, follow, max-snippet:-1, max-image-preview:large, max-video-preview:-1\" \/>\n<link rel=\"canonical\" href=\"https:\/\/www.technic-toys.com\/izdelek\/amxplanes-glastar-stol-epo-pnp\/\" \/>\n<meta property=\"og:locale\" content=\"en_US\" \/>\n<meta property=\"og:type\" content=\"article\" \/>\n<meta property=\"og:title\" content=\"AMXPlanes GlaStar STOL EPO PNP - TECHNIC-TOYS.com\" \/>\n<meta property=\"og:description\" content=\"Novi AMXPlanes GlaStar je model trena\u017eerjev STOL, ki lahko zaradi prevelikih pnevmatik vzleti in pristane na skoraj kateri koli povr\u0161ini. Z zrakom napolnjene pnevmatike delujejo kot nekak\u0161en bla\u017eilnik udarcev, ki olaj\u0161a vzletanje in pristajanje na neravnih in grobih povr\u0161inah. STOL (Short Take-Off and Landing) pomeni ekstremne lastnosti kratkega vzleta in pristanka. Model je opremljen z [&hellip;]\" \/>\n<meta property=\"og:url\" content=\"https:\/\/www.technic-toys.com\/izdelek\/amxplanes-glastar-stol-epo-pnp\/\" \/>\n<meta property=\"og:site_name\" content=\"TECHNIC-TOYS.com\" \/>\n<meta property=\"article:modified_time\" content=\"2024-12-04T18:02:46+00:00\" \/>\n<meta name=\"twitter:card\" content=\"summary_large_image\" \/>\n<meta name=\"twitter:label1\" content=\"Est. reading time\" \/>\n\t<meta name=\"twitter:data1\" content=\"1 minute\" \/>\n<script type=\"application\/ld+json\" class=\"yoast-schema-graph\">{\"@context\":\"https:\/\/schema.org\",\"@graph\":[{\"@type\":\"WebPage\",\"@id\":\"https:\/\/www.technic-toys.com\/izdelek\/amxplanes-glastar-stol-epo-pnp\/\",\"url\":\"https:\/\/www.technic-toys.com\/izdelek\/amxplanes-glastar-stol-epo-pnp\/\",\"name\":\"AMXPlanes GlaStar STOL EPO PNP - TECHNIC-TOYS.com\",\"isPartOf\":{\"@id\":\"https:\/\/www.technic-toys.com\/en\/#website\"},\"datePublished\":\"2022-04-08T15:25:39+00:00\",\"dateModified\":\"2024-12-04T18:02:46+00:00\",\"breadcrumb\":{\"@id\":\"https:\/\/www.technic-toys.com\/izdelek\/amxplanes-glastar-stol-epo-pnp\/#breadcrumb\"},\"inLanguage\":\"en-US\",\"potentialAction\":[{\"@type\":\"ReadAction\",\"target\":[\"https:\/\/www.technic-toys.com\/izdelek\/amxplanes-glastar-stol-epo-pnp\/\"]}]},{\"@type\":\"BreadcrumbList\",\"@id\":\"https:\/\/www.technic-toys.com\/izdelek\/amxplanes-glastar-stol-epo-pnp\/#breadcrumb\",\"itemListElement\":[{\"@type\":\"ListItem\",\"position\":1,\"name\":\"Domov\",\"item\":\"https:\/\/www.technic-toys.com\/en\/\"},{\"@type\":\"ListItem\",\"position\":2,\"name\":\"Shop\",\"item\":\"https:\/\/www.technic-toys.com\/en\/shop-2\/\"},{\"@type\":\"ListItem\",\"position\":3,\"name\":\"AMXPlanes GlaStar STOL EPO PNP\"}]},{\"@type\":\"WebSite\",\"@id\":\"https:\/\/www.technic-toys.com\/en\/#website\",\"url\":\"https:\/\/www.technic-toys.com\/en\/\",\"name\":\"TECHNIC-TOYS.com\",\"description\":\"\",\"potentialAction\":[{\"@type\":\"SearchAction\",\"target\":{\"@type\":\"EntryPoint\",\"urlTemplate\":\"https:\/\/www.technic-toys.com\/en\/?s={search_term_string}\"},\"query-input\":\"required name=search_term_string\"}],\"inLanguage\":\"en-US\"}]}<\/script>\n<!-- \/ Yoast SEO plugin. -->","yoast_head_json":{"title":"AMXPlanes GlaStar STOL EPO PNP - TECHNIC-TOYS.com","robots":{"index":"index","follow":"follow","max-snippet":"max-snippet:-1","max-image-preview":"max-image-preview:large","max-video-preview":"max-video-preview:-1"},"canonical":"https:\/\/www.technic-toys.com\/izdelek\/amxplanes-glastar-stol-epo-pnp\/","og_locale":"en_US","og_type":"article","og_title":"AMXPlanes GlaStar STOL EPO PNP - TECHNIC-TOYS.com","og_description":"Novi AMXPlanes GlaStar je model trena\u017eerjev STOL, ki lahko zaradi prevelikih pnevmatik vzleti in pristane na skoraj kateri koli povr\u0161ini. Z zrakom napolnjene pnevmatike delujejo kot nekak\u0161en bla\u017eilnik udarcev, ki olaj\u0161a vzletanje in pristajanje na neravnih in grobih povr\u0161inah. STOL (Short Take-Off and Landing) pomeni ekstremne lastnosti kratkega vzleta in pristanka. Model je opremljen z [&hellip;]","og_url":"https:\/\/www.technic-toys.com\/izdelek\/amxplanes-glastar-stol-epo-pnp\/","og_site_name":"TECHNIC-TOYS.com","article_modified_time":"2024-12-04T18:02:46+00:00","twitter_card":"summary_large_image","twitter_misc":{"Est. reading time":"1 minute"},"schema":{"@context":"https:\/\/schema.org","@graph":[{"@type":"WebPage","@id":"https:\/\/www.technic-toys.com\/izdelek\/amxplanes-glastar-stol-epo-pnp\/","url":"https:\/\/www.technic-toys.com\/izdelek\/amxplanes-glastar-stol-epo-pnp\/","name":"AMXPlanes GlaStar STOL EPO PNP - TECHNIC-TOYS.com","isPartOf":{"@id":"https:\/\/www.technic-toys.com\/en\/#website"},"datePublished":"2022-04-08T15:25:39+00:00","dateModified":"2024-12-04T18:02:46+00:00","breadcrumb":{"@id":"https:\/\/www.technic-toys.com\/izdelek\/amxplanes-glastar-stol-epo-pnp\/#breadcrumb"},"inLanguage":"en-US","potentialAction":[{"@type":"ReadAction","target":["https:\/\/www.technic-toys.com\/izdelek\/amxplanes-glastar-stol-epo-pnp\/"]}]},{"@type":"BreadcrumbList","@id":"https:\/\/www.technic-toys.com\/izdelek\/amxplanes-glastar-stol-epo-pnp\/#breadcrumb","itemListElement":[{"@type":"ListItem","position":1,"name":"Domov","item":"https:\/\/www.technic-toys.com\/en\/"},{"@type":"ListItem","position":2,"name":"Shop","item":"https:\/\/www.technic-toys.com\/en\/shop-2\/"},{"@type":"ListItem","position":3,"name":"AMXPlanes GlaStar STOL EPO PNP"}]},{"@type":"WebSite","@id":"https:\/\/www.technic-toys.com\/en\/#website","url":"https:\/\/www.technic-toys.com\/en\/","name":"TECHNIC-TOYS.com","description":"","potentialAction":[{"@type":"SearchAction","target":{"@type":"EntryPoint","urlTemplate":"https:\/\/www.technic-toys.com\/en\/?s={search_term_string}"},"query-input":"required name=search_term_string"}],"inLanguage":"en-US"}]}},"_links":{"self":[{"href":"https:\/\/www.technic-toys.com\/en\/wp-json\/wp\/v2\/product\/17781"}],"collection":[{"href":"https:\/\/www.technic-toys.com\/en\/wp-json\/wp\/v2\/product"}],"about":[{"href":"https:\/\/www.technic-toys.com\/en\/wp-json\/wp\/v2\/types\/product"}],"wp:attachment":[{"href":"https:\/\/www.technic-toys.com\/en\/wp-json\/wp\/v2\/media?parent=17781"}],"wp:term":[{"taxonomy":"product_cat","embeddable":true,"href":"https:\/\/www.technic-toys.com\/en\/wp-json\/wp\/v2\/product_cat?post=17781"},{"taxonomy":"product_tag","embeddable":true,"href":"https:\/\/www.technic-toys.com\/en\/wp-json\/wp\/v2\/product_tag?post=17781"}],"curies":[{"name":"wp","href":"https:\/\/api.w.org\/{rel}","templated":true}]}}