{"id":17812,"date":"2022-04-08T17:25:39","date_gmt":"2022-04-08T15:25:39","guid":{"rendered":"https:\/\/www.technic-toys.com\/izdelek\/amxplanes-tasman-1500-mm-stol-epo-pnp\/"},"modified":"2024-12-04T19:02:47","modified_gmt":"2024-12-04T18:02:47","slug":"amxplanes-tasman-1500-mm-stol-epo-pnp","status":"publish","type":"product","link":"https:\/\/www.technic-toys.com\/en\/izdelek\/amxplanes-tasman-1500-mm-stol-epo-pnp\/","title":{"rendered":"AMXPlanes Tasman 1500 mm STOL EPO PNP"},"content":{"rendered":"<p>AMXPlanes Tasman s 1500 mm razponom kril je na novo razvit visokozmogljiv model STOL, ki zdru\u017euje ekstremno kratke vzlete in pristanke z akrobatsko zmogljivostjo. Impresivne letne lastnosti in prevelike pnevmatike, napolnjene z zrakom, v povezavi z velikimi pristajalnimi loputami, ki jih je mogo\u010de postaviti skoraj navpi\u010dno navzdol, naredijo ta model popoln STOL trena\u017eer za agresivno vzletanje in pristajanje na skoraj vseh povr\u0161inah. Brezkrta\u010dni pogon, zdru\u017eljiv s 4S LiPo, 40A ESC in odli\u010dno nastavljen 2-kraki propeler z zelo gladkim tekom se izka\u017eejo za skladno nastavitev in omogo\u010dajo skoraj vse manevre letenja, kot so zvitki, zanke, obrnjen let in letenje z no\u017eem. Zaradi globoke povr\u0161ine, ki daje modelu absolutne lastnosti trena\u017eerjev, je Tasman enako primeren za za\u010detnike in napredne uporabnike. Model je tovarni\u0161ko opremljen z visokokakovostnimi digitalnimi servo motorji in LED osvetlitvijo krila. Vsi deli, kot so krmilo, krilo, podvozje in dvigalo, so priviti in model ima visoko stopnjo obsega zahvaljujo\u010d odli\u010dni barvi in \u0161tevilnim detajlom. Tasman je opremljen z velikim le\u017ei\u0161\u010dem za baterije, ki sprejema baterije 4S v razponu od 2200 do 3300 mAh, kar omogo\u010da \u0161irok razpon zmogljivosti in \u010dasa letenja. \u010ce i\u0161\u010dete napreden trena\u017eer z zmogljivostmi STOL, atletsko zmogljivostjo in osnovnimi 3D akrobatskimi zmogljivostmi, potem je Tasman iz AMXPlanes model za vas.<br \/>Lastnosti: Lahka, a mo\u010dna, oja\u010dana s kompozitom, velika krila EPO in visoka u\u010dinkovitost pristajalne lopute za kratke vzlete in pristanke (sposobnost STOL) in visoka stopnja akrobatskih zmogljivosti Realisti\u010dne LED navigacijske lu\u010di Predal za baterije, ki se lahko zaklenejo za baterije 4S 2200-3300 mAh za \u0161irok razpon zmogljivosti in \u010dasa letenja<br \/>Tehni\u010dni podatki: Razpon: 1500 mm Dol\u017eina: 1150 mm Obremenitev kril: 50 g \/ dm\u00b2 Povr\u0161ina kril: 36 dm\u00b2 Te\u017ea: pribli\u017eno 1800 g pripravljen za letenje (odvisno od velikosti baterije) Glavni material: EPO pena visoke trdnosti Potisk: 1:1 Motor: 3536 900kv Controller: 900kv (adapter iz EC3) Propeler: servo 11 x 7 \/ 2 rezila: 6x midi digitalni \u010das izdelave: pribli\u017eno 20 min<br \/>Obseg dobave: model PNP majhni deli za navodila za vija\u010denje DE\/EN adapter E C3 do XT60<br \/>Potrebna dodatna oprema: oddajnik + sprejemnik najmanj 5 kanalov (priporo\u010deno: 6-kanalni ra\u010dunalni\u0161ki oddajnik) LiPo baterija 2200-3300mAh 4S s priklju\u010dkom EC3 ali XT60 (prilo\u017een adapter)<\/p>\n","protected":false},"excerpt":{"rendered":"<p>AMXPlanes Tasman s 1500 mm razponom kril je na novo razvit visokozmogljiv model STOL, ki zdru\u017euje ekstremno kratke vzlete in pristanke z akrobatsko zmogljivostjo. Impresivne letne lastnosti in prevelike pnevmatike, napolnjene z zrakom, v povezavi z velikimi pristajalnimi loputami, ki jih je mogo\u010de postaviti skoraj navpi\u010dno navzdol, naredijo ta model popoln STOL trena\u017eer za agresivno [&hellip;]<\/p>\n","protected":false},"featured_media":0,"template":"","meta":[],"product_cat":[362,378],"product_tag":[],"acf":[],"yoast_head":"<!-- This site is optimized with the Yoast SEO plugin v21.7 - https:\/\/yoast.com\/wordpress\/plugins\/seo\/ -->\n<title>AMXPlanes Tasman 1500 mm STOL EPO PNP - TECHNIC-TOYS.com<\/title>\n<meta name=\"robots\" content=\"index, follow, max-snippet:-1, max-image-preview:large, max-video-preview:-1\" \/>\n<link rel=\"canonical\" href=\"https:\/\/www.technic-toys.com\/izdelek\/amxplanes-tasman-1500-mm-stol-epo-pnp\/\" \/>\n<meta property=\"og:locale\" content=\"en_US\" \/>\n<meta property=\"og:type\" content=\"article\" \/>\n<meta property=\"og:title\" content=\"AMXPlanes Tasman 1500 mm STOL EPO PNP - TECHNIC-TOYS.com\" \/>\n<meta property=\"og:description\" content=\"AMXPlanes Tasman s 1500 mm razponom kril je na novo razvit visokozmogljiv model STOL, ki zdru\u017euje ekstremno kratke vzlete in pristanke z akrobatsko zmogljivostjo. Impresivne letne lastnosti in prevelike pnevmatike, napolnjene z zrakom, v povezavi z velikimi pristajalnimi loputami, ki jih je mogo\u010de postaviti skoraj navpi\u010dno navzdol, naredijo ta model popoln STOL trena\u017eer za agresivno [&hellip;]\" \/>\n<meta property=\"og:url\" content=\"https:\/\/www.technic-toys.com\/izdelek\/amxplanes-tasman-1500-mm-stol-epo-pnp\/\" \/>\n<meta property=\"og:site_name\" content=\"TECHNIC-TOYS.com\" \/>\n<meta property=\"article:modified_time\" content=\"2024-12-04T18:02:47+00:00\" \/>\n<meta name=\"twitter:card\" content=\"summary_large_image\" \/>\n<meta name=\"twitter:label1\" content=\"Est. reading time\" \/>\n\t<meta name=\"twitter:data1\" content=\"2 minutes\" \/>\n<script type=\"application\/ld+json\" class=\"yoast-schema-graph\">{\"@context\":\"https:\/\/schema.org\",\"@graph\":[{\"@type\":\"WebPage\",\"@id\":\"https:\/\/www.technic-toys.com\/izdelek\/amxplanes-tasman-1500-mm-stol-epo-pnp\/\",\"url\":\"https:\/\/www.technic-toys.com\/izdelek\/amxplanes-tasman-1500-mm-stol-epo-pnp\/\",\"name\":\"AMXPlanes Tasman 1500 mm STOL EPO PNP - TECHNIC-TOYS.com\",\"isPartOf\":{\"@id\":\"https:\/\/www.technic-toys.com\/en\/#website\"},\"datePublished\":\"2022-04-08T15:25:39+00:00\",\"dateModified\":\"2024-12-04T18:02:47+00:00\",\"breadcrumb\":{\"@id\":\"https:\/\/www.technic-toys.com\/izdelek\/amxplanes-tasman-1500-mm-stol-epo-pnp\/#breadcrumb\"},\"inLanguage\":\"en-US\",\"potentialAction\":[{\"@type\":\"ReadAction\",\"target\":[\"https:\/\/www.technic-toys.com\/izdelek\/amxplanes-tasman-1500-mm-stol-epo-pnp\/\"]}]},{\"@type\":\"BreadcrumbList\",\"@id\":\"https:\/\/www.technic-toys.com\/izdelek\/amxplanes-tasman-1500-mm-stol-epo-pnp\/#breadcrumb\",\"itemListElement\":[{\"@type\":\"ListItem\",\"position\":1,\"name\":\"Domov\",\"item\":\"https:\/\/www.technic-toys.com\/en\/\"},{\"@type\":\"ListItem\",\"position\":2,\"name\":\"Shop\",\"item\":\"https:\/\/www.technic-toys.com\/en\/shop-2\/\"},{\"@type\":\"ListItem\",\"position\":3,\"name\":\"AMXPlanes Tasman 1500 mm STOL EPO PNP\"}]},{\"@type\":\"WebSite\",\"@id\":\"https:\/\/www.technic-toys.com\/en\/#website\",\"url\":\"https:\/\/www.technic-toys.com\/en\/\",\"name\":\"TECHNIC-TOYS.com\",\"description\":\"\",\"potentialAction\":[{\"@type\":\"SearchAction\",\"target\":{\"@type\":\"EntryPoint\",\"urlTemplate\":\"https:\/\/www.technic-toys.com\/en\/?s={search_term_string}\"},\"query-input\":\"required name=search_term_string\"}],\"inLanguage\":\"en-US\"}]}<\/script>\n<!-- \/ Yoast SEO plugin. -->","yoast_head_json":{"title":"AMXPlanes Tasman 1500 mm STOL EPO PNP - TECHNIC-TOYS.com","robots":{"index":"index","follow":"follow","max-snippet":"max-snippet:-1","max-image-preview":"max-image-preview:large","max-video-preview":"max-video-preview:-1"},"canonical":"https:\/\/www.technic-toys.com\/izdelek\/amxplanes-tasman-1500-mm-stol-epo-pnp\/","og_locale":"en_US","og_type":"article","og_title":"AMXPlanes Tasman 1500 mm STOL EPO PNP - TECHNIC-TOYS.com","og_description":"AMXPlanes Tasman s 1500 mm razponom kril je na novo razvit visokozmogljiv model STOL, ki zdru\u017euje ekstremno kratke vzlete in pristanke z akrobatsko zmogljivostjo. Impresivne letne lastnosti in prevelike pnevmatike, napolnjene z zrakom, v povezavi z velikimi pristajalnimi loputami, ki jih je mogo\u010de postaviti skoraj navpi\u010dno navzdol, naredijo ta model popoln STOL trena\u017eer za agresivno [&hellip;]","og_url":"https:\/\/www.technic-toys.com\/izdelek\/amxplanes-tasman-1500-mm-stol-epo-pnp\/","og_site_name":"TECHNIC-TOYS.com","article_modified_time":"2024-12-04T18:02:47+00:00","twitter_card":"summary_large_image","twitter_misc":{"Est. reading time":"2 minutes"},"schema":{"@context":"https:\/\/schema.org","@graph":[{"@type":"WebPage","@id":"https:\/\/www.technic-toys.com\/izdelek\/amxplanes-tasman-1500-mm-stol-epo-pnp\/","url":"https:\/\/www.technic-toys.com\/izdelek\/amxplanes-tasman-1500-mm-stol-epo-pnp\/","name":"AMXPlanes Tasman 1500 mm STOL EPO PNP - TECHNIC-TOYS.com","isPartOf":{"@id":"https:\/\/www.technic-toys.com\/en\/#website"},"datePublished":"2022-04-08T15:25:39+00:00","dateModified":"2024-12-04T18:02:47+00:00","breadcrumb":{"@id":"https:\/\/www.technic-toys.com\/izdelek\/amxplanes-tasman-1500-mm-stol-epo-pnp\/#breadcrumb"},"inLanguage":"en-US","potentialAction":[{"@type":"ReadAction","target":["https:\/\/www.technic-toys.com\/izdelek\/amxplanes-tasman-1500-mm-stol-epo-pnp\/"]}]},{"@type":"BreadcrumbList","@id":"https:\/\/www.technic-toys.com\/izdelek\/amxplanes-tasman-1500-mm-stol-epo-pnp\/#breadcrumb","itemListElement":[{"@type":"ListItem","position":1,"name":"Domov","item":"https:\/\/www.technic-toys.com\/en\/"},{"@type":"ListItem","position":2,"name":"Shop","item":"https:\/\/www.technic-toys.com\/en\/shop-2\/"},{"@type":"ListItem","position":3,"name":"AMXPlanes Tasman 1500 mm STOL EPO PNP"}]},{"@type":"WebSite","@id":"https:\/\/www.technic-toys.com\/en\/#website","url":"https:\/\/www.technic-toys.com\/en\/","name":"TECHNIC-TOYS.com","description":"","potentialAction":[{"@type":"SearchAction","target":{"@type":"EntryPoint","urlTemplate":"https:\/\/www.technic-toys.com\/en\/?s={search_term_string}"},"query-input":"required name=search_term_string"}],"inLanguage":"en-US"}]}},"_links":{"self":[{"href":"https:\/\/www.technic-toys.com\/en\/wp-json\/wp\/v2\/product\/17812"}],"collection":[{"href":"https:\/\/www.technic-toys.com\/en\/wp-json\/wp\/v2\/product"}],"about":[{"href":"https:\/\/www.technic-toys.com\/en\/wp-json\/wp\/v2\/types\/product"}],"wp:attachment":[{"href":"https:\/\/www.technic-toys.com\/en\/wp-json\/wp\/v2\/media?parent=17812"}],"wp:term":[{"taxonomy":"product_cat","embeddable":true,"href":"https:\/\/www.technic-toys.com\/en\/wp-json\/wp\/v2\/product_cat?post=17812"},{"taxonomy":"product_tag","embeddable":true,"href":"https:\/\/www.technic-toys.com\/en\/wp-json\/wp\/v2\/product_tag?post=17812"}],"curies":[{"name":"wp","href":"https:\/\/api.w.org\/{rel}","templated":true}]}}