{"id":17843,"date":"2022-04-08T17:25:39","date_gmt":"2022-04-08T15:25:39","guid":{"rendered":"https:\/\/www.technic-toys.com\/izdelek\/walkera-qrx350-pro-devo-7-osnovna-razlicica-osnovna-razlicica\/"},"modified":"2024-12-04T19:02:49","modified_gmt":"2024-12-04T18:02:49","slug":"dron-rc-multikopter-quadrokopter-walkera-qrx350-pro-devo-7-kamera","status":"publish","type":"product","link":"https:\/\/www.technic-toys.com\/en\/izdelek\/dron-rc-multikopter-quadrokopter-walkera-qrx350-pro-devo-7-kamera\/","title":{"rendered":"Dron RC multikopter quadrokopter Walkera QRX350 PRO Devo 7 kamera"},"content":{"rendered":"<p>Razli\u010dica AMEWI Walkera QRX350 Pro &#8211; razli\u010dica Devo7Pro, vklju\u010dno z natan\u010dnej\u0161im GPS pozicioniranjem<\/p>\n<p>Ogromna zmogljivost baterije 5200 mah za \u010das letenja do 25 minut. Ta razli\u010dica je dostavljena s popolnoma ujemajo\u010dim se radiom Devo 7. Pro razli\u010dica z izbolj\u0161anim, natan\u010dnej\u0161im GPS. Ta razli\u010dica je opremljena s popolnoma usklajenim daljinskim upravljalnikom Devo 7. Mo\u017enost monta\u017ee Walkera HD camere.<\/p>\n<p>Tehni\u010dni podatki:<br \/>\nPremer glavnega rotorja\/premer rotorja: 556 mm ,<br \/>\nESC: WST-15A(G\/R) Sprejemnik: RX703\/RX703AT,<br \/>\nOddajnik: Devo 7\/ 10\/F7(5,8GHZ),<br \/>\nBaterija: 11,1V 5200mah LiPo Flight,<br \/>\n\u010cas: 25minsGPS: DEVO- MC Control ,<br \/>\nRange\/Oddajanje: 1km-2km<br \/>\nVideo Range: 500m-1km,<br \/>\nFlying Weight\/Flight Weight\/Flight Weight 1 &amp;lt.,<br \/>\nPaket: polnilnik\/polnilnik: 100-240V,<br \/>\nTokovni izhod\/polnilni tok: 0,8ACVhodni vhod\/vhod St Rom: 15-18V -1AB Battery Compatible\/Battery: 7.4V\/11.1V,<br \/>\nVrsta baterije\/Vrsta baterije: Lipo Transmitter,<br \/>\nSpecifikacije\/Daljinski upravljalnik: Devo 7:Frekvenca\/Frekvenca: 2.4GHZ DSS Encoder\/Kodiranje: 7-kanalni mikrora\u010dunalnik\/napajalnik 1OW 00 odtok\/tok: 230mA(100mW)Izhodni impulz\/signal: 1000-2000mS(1500mS nevtralno),<br \/>\nOb\u010dutljivost\/ob\u010dutljivost: -105dbm Obseg\/obseg nadzora: 1KMS<br \/>\nObseg dobave: Charo XPR stikalo<\/p>\n","protected":false},"excerpt":{"rendered":"<p>Razli\u010dica AMEWI Walkera QRX350 Pro &#8211; razli\u010dica Devo7Pro, vklju\u010dno z natan\u010dnej\u0161im GPS pozicioniranjem Ogromna zmogljivost baterije 5200 mah za \u010das letenja do 25 minut. Ta razli\u010dica je dostavljena s popolnoma ujemajo\u010dim se radiom Devo 7. Pro razli\u010dica z izbolj\u0161anim, natan\u010dnej\u0161im GPS. Ta razli\u010dica je opremljena s popolnoma usklajenim daljinskim upravljalnikom Devo 7. Mo\u017enost monta\u017ee Walkera [&hellip;]<\/p>\n","protected":false},"featured_media":17844,"template":"","meta":[],"product_cat":[371,381],"product_tag":[],"acf":[],"yoast_head":"<!-- This site is optimized with the Yoast SEO plugin v21.7 - https:\/\/yoast.com\/wordpress\/plugins\/seo\/ -->\n<title>Dron RC multikopter quadrokopter Walkera QRX350 PRO Devo 7 kamera - TECHNIC-TOYS.com<\/title>\n<meta name=\"description\" content=\"Dron RC multikopter quadrokopter Walkera QRX350 PRO Devo 7 kamera\" \/>\n<meta name=\"robots\" content=\"index, follow, max-snippet:-1, max-image-preview:large, max-video-preview:-1\" \/>\n<link rel=\"canonical\" href=\"https:\/\/www.technic-toys.com\/izdelek\/dron-rc-multikopter-quadrokopter-walkera-qrx350-pro-devo-7-kamera\/\" \/>\n<meta property=\"og:locale\" content=\"en_US\" \/>\n<meta property=\"og:type\" content=\"article\" \/>\n<meta property=\"og:title\" content=\"Dron RC multikopter quadrokopter Walkera QRX350 PRO Devo 7 kamera - TECHNIC-TOYS.com\" \/>\n<meta property=\"og:description\" content=\"Dron RC multikopter quadrokopter Walkera QRX350 PRO Devo 7 kamera\" \/>\n<meta property=\"og:url\" content=\"https:\/\/www.technic-toys.com\/izdelek\/dron-rc-multikopter-quadrokopter-walkera-qrx350-pro-devo-7-kamera\/\" \/>\n<meta property=\"og:site_name\" content=\"TECHNIC-TOYS.com\" \/>\n<meta property=\"article:modified_time\" content=\"2024-12-04T18:02:49+00:00\" \/>\n<meta property=\"og:image\" content=\"https:\/\/www.technic-toys.com\/wp-content\/uploads\/2022\/04\/25174.jpg\" \/>\n\t<meta property=\"og:image:width\" content=\"2560\" \/>\n\t<meta property=\"og:image:height\" content=\"1468\" \/>\n\t<meta property=\"og:image:type\" content=\"image\/jpeg\" \/>\n<meta name=\"twitter:card\" content=\"summary_large_image\" \/>\n<meta name=\"twitter:label1\" content=\"Est. reading time\" \/>\n\t<meta name=\"twitter:data1\" content=\"1 minute\" \/>\n<script type=\"application\/ld+json\" class=\"yoast-schema-graph\">{\"@context\":\"https:\/\/schema.org\",\"@graph\":[{\"@type\":\"WebPage\",\"@id\":\"https:\/\/www.technic-toys.com\/izdelek\/dron-rc-multikopter-quadrokopter-walkera-qrx350-pro-devo-7-kamera\/\",\"url\":\"https:\/\/www.technic-toys.com\/izdelek\/dron-rc-multikopter-quadrokopter-walkera-qrx350-pro-devo-7-kamera\/\",\"name\":\"Dron RC multikopter quadrokopter Walkera QRX350 PRO Devo 7 kamera - TECHNIC-TOYS.com\",\"isPartOf\":{\"@id\":\"https:\/\/www.technic-toys.com\/en\/#website\"},\"datePublished\":\"2022-04-08T15:25:39+00:00\",\"dateModified\":\"2024-12-04T18:02:49+00:00\",\"description\":\"Dron RC multikopter quadrokopter Walkera QRX350 PRO Devo 7 kamera\",\"breadcrumb\":{\"@id\":\"https:\/\/www.technic-toys.com\/izdelek\/dron-rc-multikopter-quadrokopter-walkera-qrx350-pro-devo-7-kamera\/#breadcrumb\"},\"inLanguage\":\"en-US\",\"potentialAction\":[{\"@type\":\"ReadAction\",\"target\":[\"https:\/\/www.technic-toys.com\/izdelek\/dron-rc-multikopter-quadrokopter-walkera-qrx350-pro-devo-7-kamera\/\"]}]},{\"@type\":\"BreadcrumbList\",\"@id\":\"https:\/\/www.technic-toys.com\/izdelek\/dron-rc-multikopter-quadrokopter-walkera-qrx350-pro-devo-7-kamera\/#breadcrumb\",\"itemListElement\":[{\"@type\":\"ListItem\",\"position\":1,\"name\":\"Domov\",\"item\":\"https:\/\/www.technic-toys.com\/en\/\"},{\"@type\":\"ListItem\",\"position\":2,\"name\":\"Shop\",\"item\":\"https:\/\/www.technic-toys.com\/en\/shop-2\/\"},{\"@type\":\"ListItem\",\"position\":3,\"name\":\"Dron RC multikopter quadrokopter Walkera QRX350 PRO Devo 7 kamera\"}]},{\"@type\":\"WebSite\",\"@id\":\"https:\/\/www.technic-toys.com\/en\/#website\",\"url\":\"https:\/\/www.technic-toys.com\/en\/\",\"name\":\"TECHNIC-TOYS.com\",\"description\":\"\",\"potentialAction\":[{\"@type\":\"SearchAction\",\"target\":{\"@type\":\"EntryPoint\",\"urlTemplate\":\"https:\/\/www.technic-toys.com\/en\/?s={search_term_string}\"},\"query-input\":\"required name=search_term_string\"}],\"inLanguage\":\"en-US\"}]}<\/script>\n<!-- \/ Yoast SEO plugin. -->","yoast_head_json":{"title":"Dron RC multikopter quadrokopter Walkera QRX350 PRO Devo 7 kamera - TECHNIC-TOYS.com","description":"Dron RC multikopter quadrokopter Walkera QRX350 PRO Devo 7 kamera","robots":{"index":"index","follow":"follow","max-snippet":"max-snippet:-1","max-image-preview":"max-image-preview:large","max-video-preview":"max-video-preview:-1"},"canonical":"https:\/\/www.technic-toys.com\/izdelek\/dron-rc-multikopter-quadrokopter-walkera-qrx350-pro-devo-7-kamera\/","og_locale":"en_US","og_type":"article","og_title":"Dron RC multikopter quadrokopter Walkera QRX350 PRO Devo 7 kamera - TECHNIC-TOYS.com","og_description":"Dron RC multikopter quadrokopter Walkera QRX350 PRO Devo 7 kamera","og_url":"https:\/\/www.technic-toys.com\/izdelek\/dron-rc-multikopter-quadrokopter-walkera-qrx350-pro-devo-7-kamera\/","og_site_name":"TECHNIC-TOYS.com","article_modified_time":"2024-12-04T18:02:49+00:00","og_image":[{"width":2560,"height":1468,"url":"https:\/\/www.technic-toys.com\/wp-content\/uploads\/2022\/04\/25174.jpg","type":"image\/jpeg"}],"twitter_card":"summary_large_image","twitter_misc":{"Est. reading time":"1 minute"},"schema":{"@context":"https:\/\/schema.org","@graph":[{"@type":"WebPage","@id":"https:\/\/www.technic-toys.com\/izdelek\/dron-rc-multikopter-quadrokopter-walkera-qrx350-pro-devo-7-kamera\/","url":"https:\/\/www.technic-toys.com\/izdelek\/dron-rc-multikopter-quadrokopter-walkera-qrx350-pro-devo-7-kamera\/","name":"Dron RC multikopter quadrokopter Walkera QRX350 PRO Devo 7 kamera - TECHNIC-TOYS.com","isPartOf":{"@id":"https:\/\/www.technic-toys.com\/en\/#website"},"datePublished":"2022-04-08T15:25:39+00:00","dateModified":"2024-12-04T18:02:49+00:00","description":"Dron RC multikopter quadrokopter Walkera QRX350 PRO Devo 7 kamera","breadcrumb":{"@id":"https:\/\/www.technic-toys.com\/izdelek\/dron-rc-multikopter-quadrokopter-walkera-qrx350-pro-devo-7-kamera\/#breadcrumb"},"inLanguage":"en-US","potentialAction":[{"@type":"ReadAction","target":["https:\/\/www.technic-toys.com\/izdelek\/dron-rc-multikopter-quadrokopter-walkera-qrx350-pro-devo-7-kamera\/"]}]},{"@type":"BreadcrumbList","@id":"https:\/\/www.technic-toys.com\/izdelek\/dron-rc-multikopter-quadrokopter-walkera-qrx350-pro-devo-7-kamera\/#breadcrumb","itemListElement":[{"@type":"ListItem","position":1,"name":"Domov","item":"https:\/\/www.technic-toys.com\/en\/"},{"@type":"ListItem","position":2,"name":"Shop","item":"https:\/\/www.technic-toys.com\/en\/shop-2\/"},{"@type":"ListItem","position":3,"name":"Dron RC multikopter quadrokopter Walkera QRX350 PRO Devo 7 kamera"}]},{"@type":"WebSite","@id":"https:\/\/www.technic-toys.com\/en\/#website","url":"https:\/\/www.technic-toys.com\/en\/","name":"TECHNIC-TOYS.com","description":"","potentialAction":[{"@type":"SearchAction","target":{"@type":"EntryPoint","urlTemplate":"https:\/\/www.technic-toys.com\/en\/?s={search_term_string}"},"query-input":"required name=search_term_string"}],"inLanguage":"en-US"}]}},"_links":{"self":[{"href":"https:\/\/www.technic-toys.com\/en\/wp-json\/wp\/v2\/product\/17843"}],"collection":[{"href":"https:\/\/www.technic-toys.com\/en\/wp-json\/wp\/v2\/product"}],"about":[{"href":"https:\/\/www.technic-toys.com\/en\/wp-json\/wp\/v2\/types\/product"}],"wp:featuredmedia":[{"embeddable":true,"href":"https:\/\/www.technic-toys.com\/en\/wp-json\/wp\/v2\/media\/17844"}],"wp:attachment":[{"href":"https:\/\/www.technic-toys.com\/en\/wp-json\/wp\/v2\/media?parent=17843"}],"wp:term":[{"taxonomy":"product_cat","embeddable":true,"href":"https:\/\/www.technic-toys.com\/en\/wp-json\/wp\/v2\/product_cat?post=17843"},{"taxonomy":"product_tag","embeddable":true,"href":"https:\/\/www.technic-toys.com\/en\/wp-json\/wp\/v2\/product_tag?post=17843"}],"curies":[{"name":"wp","href":"https:\/\/api.w.org\/{rel}","templated":true}]}}