{"id":17850,"date":"2022-04-08T17:25:39","date_gmt":"2022-04-08T15:25:39","guid":{"rendered":"https:\/\/www.technic-toys.com\/izdelek\/walkera-qrx350-premium-f12e-g3d-ground-station-gopro-comp\/"},"modified":"2024-12-04T19:02:50","modified_gmt":"2024-12-04T18:02:50","slug":"dron-walkera-qrx350-premium-f12e-g3d-ground-station-gopro-comp","status":"publish","type":"product","link":"https:\/\/www.technic-toys.com\/en\/izdelek\/dron-walkera-qrx350-premium-f12e-g3d-ground-station-gopro-comp\/","title":{"rendered":"Dron Walkera QRX350 Premium F12E G3D Ground Station GoPro comp."},"content":{"rendered":"<p>AMEWI QR X350 Premium3 Axis G3D Gimbal razli\u010dica3 Axis G3D Gimbal VersionGPS&amp;GLONASS dvojni navigacijski sistem:Prvi\u010d prejme dvojne signale GPS&amp;GLONASS.Ta satelitski sistem z dvojnim modulom zagotavlja zelo stabilen in mo\u010dnej\u0161i satelitski signal.GPS&amp;GLONASg DUAL GPS signal in Glonass prvi \u010das Navai postanejo hkrati sprejeti &#8211; ta DVOJNI satelitski sistem zagotavlja zelo stabilen satelitski signal. Za\u0161\u010dita pred nizkonapetostnim povratkom: \u010ce notranja diagnostika ugotovi, da je napetost padla prenizko, se bo vozilo samodejno vrnilo domov, da prepre\u010di padec na visoki nadmorski vi\u0161ini. Za\u0161\u010dita pred nizko napetostjo s povratkom domov: \u010ce sistem zazna, da je napetost akumulatorja prenizka, vrne, da se X350 Premium samodejno vrne, da ne pade. Vrnite se domov ob izgubi za\u0161\u010dite signala: \u010ce je radijski signal \u0161ibek ali izgine, se bo letalo samodejno vrnilo na doma\u010do to\u010dko in zemlji\u0161\u010de varno je t, se bo X350P samodejno vrnil na izhodi\u0161\u010dno to\u010dko in varno pristal. Razli\u010dica, zdru\u017eljiva z GoPro &#8211; enostavna za namestitev GoPro ! GoPro zdru\u017eljiva razli\u010dica ! Veliko funkcij je mogo\u010de izbrati prek GCS APP: Izbira zemljevida\/Izbor zemljevida Na\u010din sledenja mi \/ Funkcija Sledite mi Circle letSamodejno snemanje kri\u017earjenja Waypoint Samodejni vzletSamodejni pristanekEna tipka vrnitev domovHyper IOC na\u010din Kalibracija kompasaRadio Phablet:Nove mo\u017enosti letenja za dvojno kontrolo med Devo F12E FPV in zemeljsko postajo.Omogo\u010da trenerju (F12E) in pripravniku (tableta), da skupaj nadzirata let. Trener lahko pomaga trenerju za razvoj spretnosti letenja in fotografiranja iz zraka. Ta funkcija omogo\u010da vsakomur, da postane varen in spreten aero fotograf. Radio Phablet : Nove mo\u017enosti za dvojni nadzor med DevoF12E in zemeljsko postajo. Tako Lehr On in \u0161tudent s F12E skupaj nadzirata let, lahko pomagata \u0161tudentu, da se nau\u010di varnega letenja in razvije svoje fotografske spretnosti z X350. OSD na zaslonu Na\u010din letenja: OSD video prenos Premer rotorja: 233 mmLx\u0160xV\/Dx\u0160xV: 303mmx303mmx176mmTe\u017ea\/te\u017ea: 1650g baterija prilo\u017eena)Radio\/daljinski upravljalnik: Devo F12E bel.Sprejemnik\/sprejemnik:BTR-2402(CE)Brezkrta\u010dni motor: WK-WS-34-002ABBaterija\/baterija za ponovno polnjenje: 29,6V 3000mAh 10C(8S)LiPo2.4GGH Bluetooth Bluetooth. Modul:BTR-2401(FCC) &amp; BT-2401B(FCC) \/ AndriodBTR-2402(CE) &amp; BT-2402B(CE) \/AndroidBTR-2401(FCC) &amp; BT-2403B (FCC)\/IOSBTR-2402(CE) &amp; BT-2404B(CE) &#8211; sistem Apple IOS \u010cas letenja\/\u010das letenja: pribli\u017eno 25 m Delovno okolje\/Delovna temperatura: -10 +40 stopinj Polnilnik\/polnilec: E8AC \u0161tevilo celic\/\u0161tevilo celic: 1-8 Mo\u010d\/Zmogljivost: 100W tok\/Amper\/Input: : 100-240V AC Vsebina paketa: vklju\u010deno\/vklju\u010deno: X350 PremiumDevo F12E bela\/bela 29,6 V 3000 mAh 10C(8S) LiPoGround Station\/Bodenstation Polnilnik\/polnilnikG3D Gimbal<\/p>\n","protected":false},"excerpt":{"rendered":"<p>AMEWI QR X350 Premium3 Axis G3D Gimbal razli\u010dica3 Axis G3D Gimbal VersionGPS&amp;GLONASS dvojni navigacijski sistem:Prvi\u010d prejme dvojne signale GPS&amp;GLONASS.Ta satelitski sistem z dvojnim modulom zagotavlja zelo stabilen in mo\u010dnej\u0161i satelitski signal.GPS&amp;GLONASg DUAL GPS signal in Glonass prvi \u010das Navai postanejo hkrati sprejeti &#8211; ta DVOJNI satelitski sistem zagotavlja zelo stabilen satelitski signal. Za\u0161\u010dita pred nizkonapetostnim [&hellip;]<\/p>\n","protected":false},"featured_media":17851,"template":"","meta":[],"product_cat":[371,381],"product_tag":[],"acf":[],"yoast_head":"<!-- This site is optimized with the Yoast SEO plugin v21.7 - https:\/\/yoast.com\/wordpress\/plugins\/seo\/ -->\n<title>Dron Walkera QRX350 Premium F12E G3D Ground Station GoPro comp. - TECHNIC-TOYS.com<\/title>\n<meta name=\"robots\" content=\"index, follow, max-snippet:-1, max-image-preview:large, max-video-preview:-1\" \/>\n<link rel=\"canonical\" href=\"https:\/\/www.technic-toys.com\/izdelek\/dron-walkera-qrx350-premium-f12e-g3d-ground-station-gopro-comp\/\" \/>\n<meta property=\"og:locale\" content=\"en_US\" \/>\n<meta property=\"og:type\" content=\"article\" \/>\n<meta property=\"og:title\" content=\"Dron Walkera QRX350 Premium F12E G3D Ground Station GoPro comp. - TECHNIC-TOYS.com\" \/>\n<meta property=\"og:description\" content=\"AMEWI QR X350 Premium3 Axis G3D Gimbal razli\u010dica3 Axis G3D Gimbal VersionGPS&amp;GLONASS dvojni navigacijski sistem:Prvi\u010d prejme dvojne signale GPS&amp;GLONASS.Ta satelitski sistem z dvojnim modulom zagotavlja zelo stabilen in mo\u010dnej\u0161i satelitski signal.GPS&amp;GLONASg DUAL GPS signal in Glonass prvi \u010das Navai postanejo hkrati sprejeti &#8211; ta DVOJNI satelitski sistem zagotavlja zelo stabilen satelitski signal. Za\u0161\u010dita pred nizkonapetostnim [&hellip;]\" \/>\n<meta property=\"og:url\" content=\"https:\/\/www.technic-toys.com\/izdelek\/dron-walkera-qrx350-premium-f12e-g3d-ground-station-gopro-comp\/\" \/>\n<meta property=\"og:site_name\" content=\"TECHNIC-TOYS.com\" \/>\n<meta property=\"article:modified_time\" content=\"2024-12-04T18:02:50+00:00\" \/>\n<meta property=\"og:image\" content=\"https:\/\/www.technic-toys.com\/wp-content\/uploads\/2022\/04\/25178.jpg\" \/>\n\t<meta property=\"og:image:width\" content=\"2560\" \/>\n\t<meta property=\"og:image:height\" content=\"1468\" \/>\n\t<meta property=\"og:image:type\" content=\"image\/jpeg\" \/>\n<meta name=\"twitter:card\" content=\"summary_large_image\" \/>\n<meta name=\"twitter:label1\" content=\"Est. reading time\" \/>\n\t<meta name=\"twitter:data1\" content=\"2 minutes\" \/>\n<script type=\"application\/ld+json\" class=\"yoast-schema-graph\">{\"@context\":\"https:\/\/schema.org\",\"@graph\":[{\"@type\":\"WebPage\",\"@id\":\"https:\/\/www.technic-toys.com\/izdelek\/dron-walkera-qrx350-premium-f12e-g3d-ground-station-gopro-comp\/\",\"url\":\"https:\/\/www.technic-toys.com\/izdelek\/dron-walkera-qrx350-premium-f12e-g3d-ground-station-gopro-comp\/\",\"name\":\"Dron Walkera QRX350 Premium F12E G3D Ground Station GoPro comp. - TECHNIC-TOYS.com\",\"isPartOf\":{\"@id\":\"https:\/\/www.technic-toys.com\/en\/#website\"},\"datePublished\":\"2022-04-08T15:25:39+00:00\",\"dateModified\":\"2024-12-04T18:02:50+00:00\",\"breadcrumb\":{\"@id\":\"https:\/\/www.technic-toys.com\/izdelek\/dron-walkera-qrx350-premium-f12e-g3d-ground-station-gopro-comp\/#breadcrumb\"},\"inLanguage\":\"en-US\",\"potentialAction\":[{\"@type\":\"ReadAction\",\"target\":[\"https:\/\/www.technic-toys.com\/izdelek\/dron-walkera-qrx350-premium-f12e-g3d-ground-station-gopro-comp\/\"]}]},{\"@type\":\"BreadcrumbList\",\"@id\":\"https:\/\/www.technic-toys.com\/izdelek\/dron-walkera-qrx350-premium-f12e-g3d-ground-station-gopro-comp\/#breadcrumb\",\"itemListElement\":[{\"@type\":\"ListItem\",\"position\":1,\"name\":\"Domov\",\"item\":\"https:\/\/www.technic-toys.com\/en\/\"},{\"@type\":\"ListItem\",\"position\":2,\"name\":\"Shop\",\"item\":\"https:\/\/www.technic-toys.com\/en\/shop-2\/\"},{\"@type\":\"ListItem\",\"position\":3,\"name\":\"Dron Walkera QRX350 Premium F12E G3D Ground Station GoPro comp.\"}]},{\"@type\":\"WebSite\",\"@id\":\"https:\/\/www.technic-toys.com\/en\/#website\",\"url\":\"https:\/\/www.technic-toys.com\/en\/\",\"name\":\"TECHNIC-TOYS.com\",\"description\":\"\",\"potentialAction\":[{\"@type\":\"SearchAction\",\"target\":{\"@type\":\"EntryPoint\",\"urlTemplate\":\"https:\/\/www.technic-toys.com\/en\/?s={search_term_string}\"},\"query-input\":\"required name=search_term_string\"}],\"inLanguage\":\"en-US\"}]}<\/script>\n<!-- \/ Yoast SEO plugin. -->","yoast_head_json":{"title":"Dron Walkera QRX350 Premium F12E G3D Ground Station GoPro comp. - TECHNIC-TOYS.com","robots":{"index":"index","follow":"follow","max-snippet":"max-snippet:-1","max-image-preview":"max-image-preview:large","max-video-preview":"max-video-preview:-1"},"canonical":"https:\/\/www.technic-toys.com\/izdelek\/dron-walkera-qrx350-premium-f12e-g3d-ground-station-gopro-comp\/","og_locale":"en_US","og_type":"article","og_title":"Dron Walkera QRX350 Premium F12E G3D Ground Station GoPro comp. - TECHNIC-TOYS.com","og_description":"AMEWI QR X350 Premium3 Axis G3D Gimbal razli\u010dica3 Axis G3D Gimbal VersionGPS&amp;GLONASS dvojni navigacijski sistem:Prvi\u010d prejme dvojne signale GPS&amp;GLONASS.Ta satelitski sistem z dvojnim modulom zagotavlja zelo stabilen in mo\u010dnej\u0161i satelitski signal.GPS&amp;GLONASg DUAL GPS signal in Glonass prvi \u010das Navai postanejo hkrati sprejeti &#8211; ta DVOJNI satelitski sistem zagotavlja zelo stabilen satelitski signal. Za\u0161\u010dita pred nizkonapetostnim [&hellip;]","og_url":"https:\/\/www.technic-toys.com\/izdelek\/dron-walkera-qrx350-premium-f12e-g3d-ground-station-gopro-comp\/","og_site_name":"TECHNIC-TOYS.com","article_modified_time":"2024-12-04T18:02:50+00:00","og_image":[{"width":2560,"height":1468,"url":"https:\/\/www.technic-toys.com\/wp-content\/uploads\/2022\/04\/25178.jpg","type":"image\/jpeg"}],"twitter_card":"summary_large_image","twitter_misc":{"Est. reading time":"2 minutes"},"schema":{"@context":"https:\/\/schema.org","@graph":[{"@type":"WebPage","@id":"https:\/\/www.technic-toys.com\/izdelek\/dron-walkera-qrx350-premium-f12e-g3d-ground-station-gopro-comp\/","url":"https:\/\/www.technic-toys.com\/izdelek\/dron-walkera-qrx350-premium-f12e-g3d-ground-station-gopro-comp\/","name":"Dron Walkera QRX350 Premium F12E G3D Ground Station GoPro comp. - TECHNIC-TOYS.com","isPartOf":{"@id":"https:\/\/www.technic-toys.com\/en\/#website"},"datePublished":"2022-04-08T15:25:39+00:00","dateModified":"2024-12-04T18:02:50+00:00","breadcrumb":{"@id":"https:\/\/www.technic-toys.com\/izdelek\/dron-walkera-qrx350-premium-f12e-g3d-ground-station-gopro-comp\/#breadcrumb"},"inLanguage":"en-US","potentialAction":[{"@type":"ReadAction","target":["https:\/\/www.technic-toys.com\/izdelek\/dron-walkera-qrx350-premium-f12e-g3d-ground-station-gopro-comp\/"]}]},{"@type":"BreadcrumbList","@id":"https:\/\/www.technic-toys.com\/izdelek\/dron-walkera-qrx350-premium-f12e-g3d-ground-station-gopro-comp\/#breadcrumb","itemListElement":[{"@type":"ListItem","position":1,"name":"Domov","item":"https:\/\/www.technic-toys.com\/en\/"},{"@type":"ListItem","position":2,"name":"Shop","item":"https:\/\/www.technic-toys.com\/en\/shop-2\/"},{"@type":"ListItem","position":3,"name":"Dron Walkera QRX350 Premium F12E G3D Ground Station GoPro comp."}]},{"@type":"WebSite","@id":"https:\/\/www.technic-toys.com\/en\/#website","url":"https:\/\/www.technic-toys.com\/en\/","name":"TECHNIC-TOYS.com","description":"","potentialAction":[{"@type":"SearchAction","target":{"@type":"EntryPoint","urlTemplate":"https:\/\/www.technic-toys.com\/en\/?s={search_term_string}"},"query-input":"required name=search_term_string"}],"inLanguage":"en-US"}]}},"_links":{"self":[{"href":"https:\/\/www.technic-toys.com\/en\/wp-json\/wp\/v2\/product\/17850"}],"collection":[{"href":"https:\/\/www.technic-toys.com\/en\/wp-json\/wp\/v2\/product"}],"about":[{"href":"https:\/\/www.technic-toys.com\/en\/wp-json\/wp\/v2\/types\/product"}],"wp:featuredmedia":[{"embeddable":true,"href":"https:\/\/www.technic-toys.com\/en\/wp-json\/wp\/v2\/media\/17851"}],"wp:attachment":[{"href":"https:\/\/www.technic-toys.com\/en\/wp-json\/wp\/v2\/media?parent=17850"}],"wp:term":[{"taxonomy":"product_cat","embeddable":true,"href":"https:\/\/www.technic-toys.com\/en\/wp-json\/wp\/v2\/product_cat?post=17850"},{"taxonomy":"product_tag","embeddable":true,"href":"https:\/\/www.technic-toys.com\/en\/wp-json\/wp\/v2\/product_tag?post=17850"}],"curies":[{"name":"wp","href":"https:\/\/api.w.org\/{rel}","templated":true}]}}