{"id":17888,"date":"2022-04-08T17:25:39","date_gmt":"2022-04-08T15:25:39","guid":{"rendered":"https:\/\/www.technic-toys.com\/izdelek\/ec145-helikopter-brezkrtacni-6-kanalni-rtf\/"},"modified":"2024-12-04T19:02:51","modified_gmt":"2024-12-04T18:02:51","slug":"ec145-helikopter-brezkrtacni-6-kanalni-rtf","status":"publish","type":"product","link":"https:\/\/www.technic-toys.com\/en\/izdelek\/ec145-helikopter-brezkrtacni-6-kanalni-rtf\/","title":{"rendered":"EC145 Helikopter brezkrta\u010dni 6 kanalni, RTF"},"content":{"rendered":"<p>6-kanalni brezkrta\u010dni helikopter EC145 6-kanalni helikopter z enim rezilom EC145 je nov helikopter velike velikosti, ki postavlja nove standarde v svojem razredu glede kakovosti in letalskih lastnosti. Videz modela je absolutno velik in je pa\u0161a za o\u010di. Glavni rotor s \u0161tirikrakim rotorjem v povezavi z vsemi nastavki, vklju\u010dno z ozna\u010denimi zakovicami na trupu, poudarjajo vtis resni\u010dnega originala in spodbujajo hitrej\u0161e utripanje srca tehtnih ventilatorjev. Razli\u010dni pogoji letenja (3D in 6G) zagotavljajo stabilnost leta brez primere v tem velikostnem razredu. V na\u010dinu 6G stabilizacijski sistem helikopterja omogo\u010da le omejen vpadni kot modela. Slu\u010dajno &#8216;obra\u010danje na hrbet&#8217; je tu nemogo\u010de in model ima izjemno stabilen lebde\u010di let. Model se zelo prijetno odziva na ukaze za upravljanje in daje neposreden ob\u010dutek letenja, ne da bi bil nestabilen ali hekti\u010den. Model je mogo\u010de za za\u010detnike\/preklopiti tudi z ro\u010dico za plin brez pritiskanja stikala za izbiro plina. Posamezne stopnje hitrosti lahko preklapljate tudi v zraku. Model je na voljo kot RTF razli\u010dica z vnaprej programiranim 6-kanalnim oddajnikom, ki je popolnoma prilagojen helikopterju. V 3D na\u010dinu (da smo na varni strani, je treba pritisniti dve stikali na oddajniku) je mogo\u010de izvajati tudi te\u017eke manevre, kot so zanke ali zvitki. Hitrost glavnega rotorja s \u0161tirimi rezili zagotavlja zadostno mo\u010d v vsaki situaciji. Tako so tudi napredni in profesionalci vredni svojega denarja. Zadnji motor ima dovolj mo\u010di, da se odzove na hitre spremembe obremenitve. Prilo\u017eena 1S 700mAh 3,7V LiPo baterija v povezavi z visokokakovostnim oddajnikom 2,4 GHz poudarja visoko kakovost helikopterja EC145. Oddajnik ima tudi obse\u017ene mo\u017enosti programiranja in sistem je mogo\u010de prilagoditi individualnim potrebam pilota. 6-kanalni oddajnik podpira tako na\u010din 1 (dusalna loputa desno) kot na\u010din 2 (dusalna loputa levo). Tehni\u010dni podatki: Dol\u017eina: 232 mm lopatice rotorja : 250mm \u010cas letenja: pribli\u017eno 5-7 min.Motor: 1106 brezkrta\u010dna baterija: 3,7V 700mAh 25C LiPoFlight te\u017ea: 85,5g Vezje repnega rotorja: 57mm Obseg dobave: EC145 daljinski upravljalnik helikopterja z LCD zaslonom, baterija 1S 2 h polnilnika. propeler Rezervni zobnik Rezervni zobnik Izvija\u010dKlju\u010d Navodila za uporabo<\/p>\n","protected":false},"excerpt":{"rendered":"<p>6-kanalni brezkrta\u010dni helikopter EC145 6-kanalni helikopter z enim rezilom EC145 je nov helikopter velike velikosti, ki postavlja nove standarde v svojem razredu glede kakovosti in letalskih lastnosti. Videz modela je absolutno velik in je pa\u0161a za o\u010di. Glavni rotor s \u0161tirikrakim rotorjem v povezavi z vsemi nastavki, vklju\u010dno z ozna\u010denimi zakovicami na trupu, poudarjajo vtis [&hellip;]<\/p>\n","protected":false},"featured_media":17889,"template":"","meta":[],"product_cat":[371,377],"product_tag":[],"acf":[],"yoast_head":"<!-- This site is optimized with the Yoast SEO plugin v21.7 - https:\/\/yoast.com\/wordpress\/plugins\/seo\/ -->\n<title>EC145 Helikopter brezkrta\u010dni 6 kanalni, RTF - TECHNIC-TOYS.com<\/title>\n<meta name=\"robots\" content=\"index, follow, max-snippet:-1, max-image-preview:large, max-video-preview:-1\" \/>\n<link rel=\"canonical\" href=\"https:\/\/www.technic-toys.com\/izdelek\/ec145-helikopter-brezkrtacni-6-kanalni-rtf\/\" \/>\n<meta property=\"og:locale\" content=\"en_US\" \/>\n<meta property=\"og:type\" content=\"article\" \/>\n<meta property=\"og:title\" content=\"EC145 Helikopter brezkrta\u010dni 6 kanalni, RTF - TECHNIC-TOYS.com\" \/>\n<meta property=\"og:description\" content=\"6-kanalni brezkrta\u010dni helikopter EC145 6-kanalni helikopter z enim rezilom EC145 je nov helikopter velike velikosti, ki postavlja nove standarde v svojem razredu glede kakovosti in letalskih lastnosti. Videz modela je absolutno velik in je pa\u0161a za o\u010di. Glavni rotor s \u0161tirikrakim rotorjem v povezavi z vsemi nastavki, vklju\u010dno z ozna\u010denimi zakovicami na trupu, poudarjajo vtis [&hellip;]\" \/>\n<meta property=\"og:url\" content=\"https:\/\/www.technic-toys.com\/izdelek\/ec145-helikopter-brezkrtacni-6-kanalni-rtf\/\" \/>\n<meta property=\"og:site_name\" content=\"TECHNIC-TOYS.com\" \/>\n<meta property=\"article:modified_time\" content=\"2024-12-04T18:02:51+00:00\" \/>\n<meta property=\"og:image\" content=\"https:\/\/www.technic-toys.com\/wp-content\/uploads\/2022\/04\/25193.jpg\" \/>\n\t<meta property=\"og:image:width\" content=\"2560\" \/>\n\t<meta property=\"og:image:height\" content=\"1468\" \/>\n\t<meta property=\"og:image:type\" content=\"image\/jpeg\" \/>\n<meta name=\"twitter:card\" content=\"summary_large_image\" \/>\n<meta name=\"twitter:label1\" content=\"Est. reading time\" \/>\n\t<meta name=\"twitter:data1\" content=\"2 minutes\" \/>\n<script type=\"application\/ld+json\" class=\"yoast-schema-graph\">{\"@context\":\"https:\/\/schema.org\",\"@graph\":[{\"@type\":\"WebPage\",\"@id\":\"https:\/\/www.technic-toys.com\/izdelek\/ec145-helikopter-brezkrtacni-6-kanalni-rtf\/\",\"url\":\"https:\/\/www.technic-toys.com\/izdelek\/ec145-helikopter-brezkrtacni-6-kanalni-rtf\/\",\"name\":\"EC145 Helikopter brezkrta\u010dni 6 kanalni, RTF - TECHNIC-TOYS.com\",\"isPartOf\":{\"@id\":\"https:\/\/www.technic-toys.com\/en\/#website\"},\"datePublished\":\"2022-04-08T15:25:39+00:00\",\"dateModified\":\"2024-12-04T18:02:51+00:00\",\"breadcrumb\":{\"@id\":\"https:\/\/www.technic-toys.com\/izdelek\/ec145-helikopter-brezkrtacni-6-kanalni-rtf\/#breadcrumb\"},\"inLanguage\":\"en-US\",\"potentialAction\":[{\"@type\":\"ReadAction\",\"target\":[\"https:\/\/www.technic-toys.com\/izdelek\/ec145-helikopter-brezkrtacni-6-kanalni-rtf\/\"]}]},{\"@type\":\"BreadcrumbList\",\"@id\":\"https:\/\/www.technic-toys.com\/izdelek\/ec145-helikopter-brezkrtacni-6-kanalni-rtf\/#breadcrumb\",\"itemListElement\":[{\"@type\":\"ListItem\",\"position\":1,\"name\":\"Domov\",\"item\":\"https:\/\/www.technic-toys.com\/en\/\"},{\"@type\":\"ListItem\",\"position\":2,\"name\":\"Shop\",\"item\":\"https:\/\/www.technic-toys.com\/en\/shop-2\/\"},{\"@type\":\"ListItem\",\"position\":3,\"name\":\"EC145 Helikopter brezkrta\u010dni 6 kanalni, RTF\"}]},{\"@type\":\"WebSite\",\"@id\":\"https:\/\/www.technic-toys.com\/en\/#website\",\"url\":\"https:\/\/www.technic-toys.com\/en\/\",\"name\":\"TECHNIC-TOYS.com\",\"description\":\"\",\"potentialAction\":[{\"@type\":\"SearchAction\",\"target\":{\"@type\":\"EntryPoint\",\"urlTemplate\":\"https:\/\/www.technic-toys.com\/en\/?s={search_term_string}\"},\"query-input\":\"required name=search_term_string\"}],\"inLanguage\":\"en-US\"}]}<\/script>\n<!-- \/ Yoast SEO plugin. -->","yoast_head_json":{"title":"EC145 Helikopter brezkrta\u010dni 6 kanalni, RTF - TECHNIC-TOYS.com","robots":{"index":"index","follow":"follow","max-snippet":"max-snippet:-1","max-image-preview":"max-image-preview:large","max-video-preview":"max-video-preview:-1"},"canonical":"https:\/\/www.technic-toys.com\/izdelek\/ec145-helikopter-brezkrtacni-6-kanalni-rtf\/","og_locale":"en_US","og_type":"article","og_title":"EC145 Helikopter brezkrta\u010dni 6 kanalni, RTF - TECHNIC-TOYS.com","og_description":"6-kanalni brezkrta\u010dni helikopter EC145 6-kanalni helikopter z enim rezilom EC145 je nov helikopter velike velikosti, ki postavlja nove standarde v svojem razredu glede kakovosti in letalskih lastnosti. Videz modela je absolutno velik in je pa\u0161a za o\u010di. Glavni rotor s \u0161tirikrakim rotorjem v povezavi z vsemi nastavki, vklju\u010dno z ozna\u010denimi zakovicami na trupu, poudarjajo vtis [&hellip;]","og_url":"https:\/\/www.technic-toys.com\/izdelek\/ec145-helikopter-brezkrtacni-6-kanalni-rtf\/","og_site_name":"TECHNIC-TOYS.com","article_modified_time":"2024-12-04T18:02:51+00:00","og_image":[{"width":2560,"height":1468,"url":"https:\/\/www.technic-toys.com\/wp-content\/uploads\/2022\/04\/25193.jpg","type":"image\/jpeg"}],"twitter_card":"summary_large_image","twitter_misc":{"Est. reading time":"2 minutes"},"schema":{"@context":"https:\/\/schema.org","@graph":[{"@type":"WebPage","@id":"https:\/\/www.technic-toys.com\/izdelek\/ec145-helikopter-brezkrtacni-6-kanalni-rtf\/","url":"https:\/\/www.technic-toys.com\/izdelek\/ec145-helikopter-brezkrtacni-6-kanalni-rtf\/","name":"EC145 Helikopter brezkrta\u010dni 6 kanalni, RTF - TECHNIC-TOYS.com","isPartOf":{"@id":"https:\/\/www.technic-toys.com\/en\/#website"},"datePublished":"2022-04-08T15:25:39+00:00","dateModified":"2024-12-04T18:02:51+00:00","breadcrumb":{"@id":"https:\/\/www.technic-toys.com\/izdelek\/ec145-helikopter-brezkrtacni-6-kanalni-rtf\/#breadcrumb"},"inLanguage":"en-US","potentialAction":[{"@type":"ReadAction","target":["https:\/\/www.technic-toys.com\/izdelek\/ec145-helikopter-brezkrtacni-6-kanalni-rtf\/"]}]},{"@type":"BreadcrumbList","@id":"https:\/\/www.technic-toys.com\/izdelek\/ec145-helikopter-brezkrtacni-6-kanalni-rtf\/#breadcrumb","itemListElement":[{"@type":"ListItem","position":1,"name":"Domov","item":"https:\/\/www.technic-toys.com\/en\/"},{"@type":"ListItem","position":2,"name":"Shop","item":"https:\/\/www.technic-toys.com\/en\/shop-2\/"},{"@type":"ListItem","position":3,"name":"EC145 Helikopter brezkrta\u010dni 6 kanalni, RTF"}]},{"@type":"WebSite","@id":"https:\/\/www.technic-toys.com\/en\/#website","url":"https:\/\/www.technic-toys.com\/en\/","name":"TECHNIC-TOYS.com","description":"","potentialAction":[{"@type":"SearchAction","target":{"@type":"EntryPoint","urlTemplate":"https:\/\/www.technic-toys.com\/en\/?s={search_term_string}"},"query-input":"required name=search_term_string"}],"inLanguage":"en-US"}]}},"_links":{"self":[{"href":"https:\/\/www.technic-toys.com\/en\/wp-json\/wp\/v2\/product\/17888"}],"collection":[{"href":"https:\/\/www.technic-toys.com\/en\/wp-json\/wp\/v2\/product"}],"about":[{"href":"https:\/\/www.technic-toys.com\/en\/wp-json\/wp\/v2\/types\/product"}],"wp:featuredmedia":[{"embeddable":true,"href":"https:\/\/www.technic-toys.com\/en\/wp-json\/wp\/v2\/media\/17889"}],"wp:attachment":[{"href":"https:\/\/www.technic-toys.com\/en\/wp-json\/wp\/v2\/media?parent=17888"}],"wp:term":[{"taxonomy":"product_cat","embeddable":true,"href":"https:\/\/www.technic-toys.com\/en\/wp-json\/wp\/v2\/product_cat?post=17888"},{"taxonomy":"product_tag","embeddable":true,"href":"https:\/\/www.technic-toys.com\/en\/wp-json\/wp\/v2\/product_tag?post=17888"}],"curies":[{"name":"wp","href":"https:\/\/api.w.org\/{rel}","templated":true}]}}