{"id":17895,"date":"2022-04-08T17:25:39","date_gmt":"2022-04-08T15:25:39","guid":{"rendered":"https:\/\/www.technic-toys.com\/izdelek\/as350-brezkrtacni-helikopter-3d-s-3-rezili-6g-brez-letenja-rtf\/"},"modified":"2024-12-04T19:02:51","modified_gmt":"2024-12-04T18:02:51","slug":"as350-brezkrtacni-helikopter-3d-s-3-rezili-6g-brez-letenja-rtf","status":"publish","type":"product","link":"https:\/\/www.technic-toys.com\/en\/izdelek\/as350-brezkrtacni-helikopter-3d-s-3-rezili-6g-brez-letenja-rtf\/","title":{"rendered":"AS350 Brezkrta\u010dni helikopter 3D s 3 rezili 6G brez letenja, RTF"},"content":{"rendered":"<p>Zelo lep helikopter s 3 rezili rotorja, 3D in 6G (za\u010detni) na\u010din. Model je mogo\u010de leteti s konstantno hitrostjo (nadzorovano po naklonu) kot tudi z nara\u0161\u010dajo\u010do hitrostjo (podobno fiksnemu nagibu), v na\u010dinu 6G pa je kot naklona modela omejen. Nato ima podobne letne lastnosti kot koaksialni helikopter (samostabilizacijski). \u010ce pa model nato preklopite v 3D na\u010din, se hitrost opazno pove\u010da in tudi manevriranje se znatno pove\u010da. Zdaj bi bila mo\u017ena tudi lahka akrobatika (looping, obrnjen let itd.). Slika letenja tega odli\u010dnega modela je fantasti\u010dna, videz pa je popolnoma velik. Oprema tega kompleta je zelo kvalitetna in poleg modela vklju\u010duje tudi vrhunski 2,4GHz sistem s faznimi stikali za vse polo\u017eaje letenja in stikalom za izklop motorja. Prav tako je popolnoma programiran. Vendar je model \u017ee v tovarni popolnoma prilagojen in pripravljen za letenje. Kot dodatno lastnost ima model sprejemnik\/brez letve, ki je pripravljen na FTR. To pomeni, da bi sistem lahko upravljali tudi s sistemom Futaba (S-FHSS). Obseg dobave vklju\u010duje na primer 3 rezervne lopatice rotorja, zadnji rotor, orodje in glavni zobnik. S prilo\u017eeno baterijo 500 mAh je \u010das letenja pribli\u017eno 5 minut realen. Na voljo je tudi 2-kratni polnilnik z USB priklju\u010dkom, ki ga lahko uporabite za polnjenje do 2 baterij hkrati.<\/p>\n<p>Lastnosti:<br \/>\nsuper optika<br \/>\nzelo lepa slika leta<br \/>\n2,4 GHz sistem<br \/>\nrazli\u010dni na\u010dini letenja 6G \/ 3D<br \/>\nprimerno za za\u010detnike (z malo izku\u0161enj)<br \/>\nvklju\u010denih veliko pomembnih rezervnih delov<br \/>\npripravljeno za FTR (kompatibilno s Futabo)<br \/>\n2 predelka Polnilnik z USB vti\u010dem<br \/>\n500mAh Li-Po baterija 1S 3,7V<br \/>\nABS trup<br \/>\n3 &#8211; rezila rotorske glave<br \/>\nPreklop na\u010dina na oddajniku (1 &#8211; 4 )<br \/>\nFlybarless sistem Primeren za ve\u010d listov<\/p>\n<p>Tehni\u010dni podatki:<br \/>\nDol\u017eina: 270mm<br \/>\n\u0160irina: 50mm<br \/>\nVi\u0161ina: 80mm<br \/>\nTe\u017ea pripravljena za letenje: pribli\u017eno 90 g<br \/>\nBaterija: LiPo 1S 3.7V 500mAh 25C<br \/>\n\u010cas polnjenja: 30-60 minut<br \/>\n\u010cas leta: 5 minut<br \/>\nDomet: 120 metrov<br \/>\n&lt; br \/&gt;Obseg dobave:<br \/>\nModel AS350&lt; br \/&gt;Oddajnik 2,4Ghz 6kanalni<br \/>\nBaterija 500mAh 3,7V 1S<br \/>\n2-predelni polnilnik USB<br \/>\nOrodja in rezervni deli<br \/>\nNavodila DE \/ EN<\/p>\n<p>Potreben pribor poslu\u0161aj:<br \/>\n6x baterije Mignon AA 1,5V<\/p>\n","protected":false},"excerpt":{"rendered":"<p>Zelo lep helikopter s 3 rezili rotorja, 3D in 6G (za\u010detni) na\u010din. Model je mogo\u010de leteti s konstantno hitrostjo (nadzorovano po naklonu) kot tudi z nara\u0161\u010dajo\u010do hitrostjo (podobno fiksnemu nagibu), v na\u010dinu 6G pa je kot naklona modela omejen. Nato ima podobne letne lastnosti kot koaksialni helikopter (samostabilizacijski). \u010ce pa model nato preklopite v 3D [&hellip;]<\/p>\n","protected":false},"featured_media":17896,"template":"","meta":[],"product_cat":[371,377],"product_tag":[],"acf":[],"yoast_head":"<!-- This site is optimized with the Yoast SEO plugin v21.7 - https:\/\/yoast.com\/wordpress\/plugins\/seo\/ -->\n<title>AS350 Brezkrta\u010dni helikopter 3D s 3 rezili 6G brez letenja, RTF - TECHNIC-TOYS.com<\/title>\n<meta name=\"robots\" content=\"index, follow, max-snippet:-1, max-image-preview:large, max-video-preview:-1\" \/>\n<link rel=\"canonical\" href=\"https:\/\/www.technic-toys.com\/izdelek\/as350-brezkrtacni-helikopter-3d-s-3-rezili-6g-brez-letenja-rtf\/\" \/>\n<meta property=\"og:locale\" content=\"en_US\" \/>\n<meta property=\"og:type\" content=\"article\" \/>\n<meta property=\"og:title\" content=\"AS350 Brezkrta\u010dni helikopter 3D s 3 rezili 6G brez letenja, RTF - TECHNIC-TOYS.com\" \/>\n<meta property=\"og:description\" content=\"Zelo lep helikopter s 3 rezili rotorja, 3D in 6G (za\u010detni) na\u010din. Model je mogo\u010de leteti s konstantno hitrostjo (nadzorovano po naklonu) kot tudi z nara\u0161\u010dajo\u010do hitrostjo (podobno fiksnemu nagibu), v na\u010dinu 6G pa je kot naklona modela omejen. Nato ima podobne letne lastnosti kot koaksialni helikopter (samostabilizacijski). \u010ce pa model nato preklopite v 3D [&hellip;]\" \/>\n<meta property=\"og:url\" content=\"https:\/\/www.technic-toys.com\/izdelek\/as350-brezkrtacni-helikopter-3d-s-3-rezili-6g-brez-letenja-rtf\/\" \/>\n<meta property=\"og:site_name\" content=\"TECHNIC-TOYS.com\" \/>\n<meta property=\"article:modified_time\" content=\"2024-12-04T18:02:51+00:00\" \/>\n<meta property=\"og:image\" content=\"https:\/\/www.technic-toys.com\/wp-content\/uploads\/2022\/04\/25302.jpg\" \/>\n\t<meta property=\"og:image:width\" content=\"2560\" \/>\n\t<meta property=\"og:image:height\" content=\"1468\" \/>\n\t<meta property=\"og:image:type\" content=\"image\/jpeg\" \/>\n<meta name=\"twitter:card\" content=\"summary_large_image\" \/>\n<meta name=\"twitter:label1\" content=\"Est. reading time\" \/>\n\t<meta name=\"twitter:data1\" content=\"2 minutes\" \/>\n<script type=\"application\/ld+json\" class=\"yoast-schema-graph\">{\"@context\":\"https:\/\/schema.org\",\"@graph\":[{\"@type\":\"WebPage\",\"@id\":\"https:\/\/www.technic-toys.com\/izdelek\/as350-brezkrtacni-helikopter-3d-s-3-rezili-6g-brez-letenja-rtf\/\",\"url\":\"https:\/\/www.technic-toys.com\/izdelek\/as350-brezkrtacni-helikopter-3d-s-3-rezili-6g-brez-letenja-rtf\/\",\"name\":\"AS350 Brezkrta\u010dni helikopter 3D s 3 rezili 6G brez letenja, RTF - TECHNIC-TOYS.com\",\"isPartOf\":{\"@id\":\"https:\/\/www.technic-toys.com\/en\/#website\"},\"datePublished\":\"2022-04-08T15:25:39+00:00\",\"dateModified\":\"2024-12-04T18:02:51+00:00\",\"breadcrumb\":{\"@id\":\"https:\/\/www.technic-toys.com\/izdelek\/as350-brezkrtacni-helikopter-3d-s-3-rezili-6g-brez-letenja-rtf\/#breadcrumb\"},\"inLanguage\":\"en-US\",\"potentialAction\":[{\"@type\":\"ReadAction\",\"target\":[\"https:\/\/www.technic-toys.com\/izdelek\/as350-brezkrtacni-helikopter-3d-s-3-rezili-6g-brez-letenja-rtf\/\"]}]},{\"@type\":\"BreadcrumbList\",\"@id\":\"https:\/\/www.technic-toys.com\/izdelek\/as350-brezkrtacni-helikopter-3d-s-3-rezili-6g-brez-letenja-rtf\/#breadcrumb\",\"itemListElement\":[{\"@type\":\"ListItem\",\"position\":1,\"name\":\"Domov\",\"item\":\"https:\/\/www.technic-toys.com\/en\/\"},{\"@type\":\"ListItem\",\"position\":2,\"name\":\"Shop\",\"item\":\"https:\/\/www.technic-toys.com\/en\/shop-2\/\"},{\"@type\":\"ListItem\",\"position\":3,\"name\":\"AS350 Brezkrta\u010dni helikopter 3D s 3 rezili 6G brez letenja, RTF\"}]},{\"@type\":\"WebSite\",\"@id\":\"https:\/\/www.technic-toys.com\/en\/#website\",\"url\":\"https:\/\/www.technic-toys.com\/en\/\",\"name\":\"TECHNIC-TOYS.com\",\"description\":\"\",\"potentialAction\":[{\"@type\":\"SearchAction\",\"target\":{\"@type\":\"EntryPoint\",\"urlTemplate\":\"https:\/\/www.technic-toys.com\/en\/?s={search_term_string}\"},\"query-input\":\"required name=search_term_string\"}],\"inLanguage\":\"en-US\"}]}<\/script>\n<!-- \/ Yoast SEO plugin. -->","yoast_head_json":{"title":"AS350 Brezkrta\u010dni helikopter 3D s 3 rezili 6G brez letenja, RTF - TECHNIC-TOYS.com","robots":{"index":"index","follow":"follow","max-snippet":"max-snippet:-1","max-image-preview":"max-image-preview:large","max-video-preview":"max-video-preview:-1"},"canonical":"https:\/\/www.technic-toys.com\/izdelek\/as350-brezkrtacni-helikopter-3d-s-3-rezili-6g-brez-letenja-rtf\/","og_locale":"en_US","og_type":"article","og_title":"AS350 Brezkrta\u010dni helikopter 3D s 3 rezili 6G brez letenja, RTF - TECHNIC-TOYS.com","og_description":"Zelo lep helikopter s 3 rezili rotorja, 3D in 6G (za\u010detni) na\u010din. Model je mogo\u010de leteti s konstantno hitrostjo (nadzorovano po naklonu) kot tudi z nara\u0161\u010dajo\u010do hitrostjo (podobno fiksnemu nagibu), v na\u010dinu 6G pa je kot naklona modela omejen. Nato ima podobne letne lastnosti kot koaksialni helikopter (samostabilizacijski). \u010ce pa model nato preklopite v 3D [&hellip;]","og_url":"https:\/\/www.technic-toys.com\/izdelek\/as350-brezkrtacni-helikopter-3d-s-3-rezili-6g-brez-letenja-rtf\/","og_site_name":"TECHNIC-TOYS.com","article_modified_time":"2024-12-04T18:02:51+00:00","og_image":[{"width":2560,"height":1468,"url":"https:\/\/www.technic-toys.com\/wp-content\/uploads\/2022\/04\/25302.jpg","type":"image\/jpeg"}],"twitter_card":"summary_large_image","twitter_misc":{"Est. reading time":"2 minutes"},"schema":{"@context":"https:\/\/schema.org","@graph":[{"@type":"WebPage","@id":"https:\/\/www.technic-toys.com\/izdelek\/as350-brezkrtacni-helikopter-3d-s-3-rezili-6g-brez-letenja-rtf\/","url":"https:\/\/www.technic-toys.com\/izdelek\/as350-brezkrtacni-helikopter-3d-s-3-rezili-6g-brez-letenja-rtf\/","name":"AS350 Brezkrta\u010dni helikopter 3D s 3 rezili 6G brez letenja, RTF - TECHNIC-TOYS.com","isPartOf":{"@id":"https:\/\/www.technic-toys.com\/en\/#website"},"datePublished":"2022-04-08T15:25:39+00:00","dateModified":"2024-12-04T18:02:51+00:00","breadcrumb":{"@id":"https:\/\/www.technic-toys.com\/izdelek\/as350-brezkrtacni-helikopter-3d-s-3-rezili-6g-brez-letenja-rtf\/#breadcrumb"},"inLanguage":"en-US","potentialAction":[{"@type":"ReadAction","target":["https:\/\/www.technic-toys.com\/izdelek\/as350-brezkrtacni-helikopter-3d-s-3-rezili-6g-brez-letenja-rtf\/"]}]},{"@type":"BreadcrumbList","@id":"https:\/\/www.technic-toys.com\/izdelek\/as350-brezkrtacni-helikopter-3d-s-3-rezili-6g-brez-letenja-rtf\/#breadcrumb","itemListElement":[{"@type":"ListItem","position":1,"name":"Domov","item":"https:\/\/www.technic-toys.com\/en\/"},{"@type":"ListItem","position":2,"name":"Shop","item":"https:\/\/www.technic-toys.com\/en\/shop-2\/"},{"@type":"ListItem","position":3,"name":"AS350 Brezkrta\u010dni helikopter 3D s 3 rezili 6G brez letenja, RTF"}]},{"@type":"WebSite","@id":"https:\/\/www.technic-toys.com\/en\/#website","url":"https:\/\/www.technic-toys.com\/en\/","name":"TECHNIC-TOYS.com","description":"","potentialAction":[{"@type":"SearchAction","target":{"@type":"EntryPoint","urlTemplate":"https:\/\/www.technic-toys.com\/en\/?s={search_term_string}"},"query-input":"required name=search_term_string"}],"inLanguage":"en-US"}]}},"_links":{"self":[{"href":"https:\/\/www.technic-toys.com\/en\/wp-json\/wp\/v2\/product\/17895"}],"collection":[{"href":"https:\/\/www.technic-toys.com\/en\/wp-json\/wp\/v2\/product"}],"about":[{"href":"https:\/\/www.technic-toys.com\/en\/wp-json\/wp\/v2\/types\/product"}],"wp:featuredmedia":[{"embeddable":true,"href":"https:\/\/www.technic-toys.com\/en\/wp-json\/wp\/v2\/media\/17896"}],"wp:attachment":[{"href":"https:\/\/www.technic-toys.com\/en\/wp-json\/wp\/v2\/media?parent=17895"}],"wp:term":[{"taxonomy":"product_cat","embeddable":true,"href":"https:\/\/www.technic-toys.com\/en\/wp-json\/wp\/v2\/product_cat?post=17895"},{"taxonomy":"product_tag","embeddable":true,"href":"https:\/\/www.technic-toys.com\/en\/wp-json\/wp\/v2\/product_tag?post=17895"}],"curies":[{"name":"wp","href":"https:\/\/api.w.org\/{rel}","templated":true}]}}