{"id":17980,"date":"2022-04-08T17:32:24","date_gmt":"2022-04-08T15:32:24","guid":{"rendered":"https:\/\/www.technic-toys.com\/izdelek\/afx180-pro-3d-helikopter-brez-letve-6-kanalni-rtf-24-ghz\/"},"modified":"2024-12-04T19:02:39","modified_gmt":"2024-12-04T18:02:39","slug":"afx180-pro-3d-helikopter-brez-letve-6-kanalni-rtf-24-ghz","status":"publish","type":"product","link":"https:\/\/www.technic-toys.com\/en\/izdelek\/afx180-pro-3d-helikopter-brez-letve-6-kanalni-rtf-24-ghz\/","title":{"rendered":"AFX180 PRO 3D helikopter brez letve, 6-kanalni RTF 2,4 GHz"},"content":{"rendered":"<p>Popolna zmogljivost in priro\u010dna velikost &#8211; rezultat je nov 3D 6-kanalni helikopter AFX Pro 180 3D brez letve. Model ima izjemno zmogljiv pogon (1308 brezkrta\u010dni motor s 6500KV) in visoko vrtilni zadnji motor (1104 brezkrta\u010dni), ki v kombinaciji z natan\u010dnim brezkrta\u010dnim sistemom in LiPo baterijo 7,4V 700mAh omogo\u010da brutalno koli\u010dino mo\u010di. Ta RC helikopter je mogo\u010de prilagoditi na ve\u010d na\u010dinov za tiste, ki so novi v 3D-helikopterski akrobatiki z nadzorovanim nagibom: model ima 6G na\u010din, primeren za za\u010detnike. Tukaj se hitrost prilagaja preko palice za plin, tako da se AFX180 Pro obna\u0161a kot obi\u010dajen helikopter s fiksnim nagibom (nadzorovana hitrost). Odzivno obna\u0161anje in hitrost vzpenjanja sta le bolj\u0161a in hitrej\u0161a. Oddajnik lahko uporabite tudi za preklop v 3D na\u010din \u2013 ki ta majhen heli z nadzorovanim naklonom spremeni v pravo po\u0161ast. Neukro\u010dena mo\u010d omogo\u010da modelu, da se dvigne v nebo. Vse obi\u010dajne akrobatske manevre je mogo\u010de izvesti brez te\u017eav. Zadnji motor z visokim vrtljajem zagotavlja absolutno smerno stabilnost in vas vedno dr\u017ei na poti. Tudi pri obrnjenem vzvratnem letu ostane rep popolnoma natan\u010den. Celoten model izra\u017ea izjemno dober ob\u010dutek med letom. Za izvajanje krmilnih ukazov na glavi rotorja so name\u0161\u010deni trije visokokakovostni digitalni servomotorji z zelo hitrimi odzivnimi \u010dasi in kovinskimi zobniki. Celotna glava rotorja in nosilci rezil so iz kovine. Tudi pregibna plo\u0161\u010da je izdelana iz visokokakovostnega aluminija. Repna letev iz karbona ima tudi visoko torzijsko togost. Glavna rezila so izdelana iz kompozitnih materialov, zadnja lopatica pa so aerodinami\u010dno prilagojena sistemu. Vse komponente so usklajene in omogo\u010dajo doslej skoraj nedosegljivo zmogljivost letenja. Prilo\u017een 8-kanalni oddajnik se udobno prilega va\u0161i roki in je enostaven za uporabo. Vsi parametri so \u017ee nastavljeni, tako da je model s prilo\u017eenim daljinskim upravljalnikom res takoj &#8216;pripravljen za letenje&#8217;. Kot dodaten poudarek je heli mogo\u010de povezati tudi s sateliti Spektrum prek sistema brez letve, tako da lahko letite tudi z lastnim oddajnikom (Spektrum DSMX ali DSM2).<\/p>\n<p>Lastnosti:<br \/>\nIzjemna zmogljivost<br \/>\n6500KV brezkrta\u010dni glavni motor HULK<br \/>\nVisoko vrtilni brezkrta\u010dni repni motor<br \/>\nPosebna glavna in repna rezila<br \/>\nAluminijasta glava rotorja<br \/>\nAluminijasta dr\u017eala rezil<br \/>\nAluminijasta pregibna plo\u0161\u010da&lt; br \/&gt;MG digitalni servos<br \/>\nKakovostni sistem brez letve s povezavo za spektralne satelite DSMX in DSM2<br \/>\nOgljikova repna letev<br \/>\nLiPo baterija 2S 7,4V 700mAh 25C<br \/>\nIzhod kabla za hitro polnjenje USB 1000mAh&lt; br \/&gt;<br \/>\nTehni\u010dni podatki:<br \/>\nDol\u017eina trupa: 345mm<br \/>\n\u0160irina trupa: 65mm<br \/>\nVi\u0161ina trupa: 100mm<br \/>\nPremer rotorja: 350mm<br \/>\nRepni rotor premer: 56 mm<br \/>\nGlavni motor: Brezkrta\u010dni 1308 \/ 6500KV<br \/>\nZadnji motor: Brezkrta\u010dni 1104<br \/>\nGlavni material: Plastika<br \/>\nTe\u017ea pripravljenega za letenje: 159g<br \/>\nServoservi: MG Digital&lt; br \/&gt;Daljinski upravljalnik: 8-kanalni, 2,4GHz&lt; br \/&gt;Baterija: LiPo 2S 7.4V 700mAh, 25C, XT30, 55x21x15mm, 36g<br \/>\nUravnote\u017eevalnik: XH<br \/>\n\u010cas letenja: pribli\u017eno 5-8min, odvisno od sloga letenja<br \/>\npolnilnik: USB kabel za hitro polnjenje, izhod 1000mAh \/&gt; \u010cas polnjenja: pribli\u017eno 60-90 minut &gt;USB polnilni kabel<br \/>\nNadomestna rezila (glavna in zadnja)<br \/>\nOrodja<br \/>\nNavodila za uporabo DE\/EN<\/p>\n<p>Potrebna dodatna oprema :<br \/>\n4x 1,5V AA mignon baterije za daljinski upravljalnik<\/p>\n","protected":false},"excerpt":{"rendered":"<p>Popolna zmogljivost in priro\u010dna velikost &#8211; rezultat je nov 3D 6-kanalni helikopter AFX Pro 180 3D brez letve. Model ima izjemno zmogljiv pogon (1308 brezkrta\u010dni motor s 6500KV) in visoko vrtilni zadnji motor (1104 brezkrta\u010dni), ki v kombinaciji z natan\u010dnim brezkrta\u010dnim sistemom in LiPo baterijo 7,4V 700mAh omogo\u010da brutalno koli\u010dino mo\u010di. Ta RC helikopter je [&hellip;]<\/p>\n","protected":false},"featured_media":17981,"template":"","meta":[],"product_cat":[371,377],"product_tag":[],"acf":[],"yoast_head":"<!-- This site is optimized with the Yoast SEO plugin v21.7 - https:\/\/yoast.com\/wordpress\/plugins\/seo\/ -->\n<title>AFX180 PRO 3D helikopter brez letve, 6-kanalni RTF 2,4 GHz - TECHNIC-TOYS.com<\/title>\n<meta name=\"robots\" content=\"index, follow, max-snippet:-1, max-image-preview:large, max-video-preview:-1\" \/>\n<link rel=\"canonical\" href=\"https:\/\/www.technic-toys.com\/izdelek\/afx180-pro-3d-helikopter-brez-letve-6-kanalni-rtf-24-ghz\/\" \/>\n<meta property=\"og:locale\" content=\"en_US\" \/>\n<meta property=\"og:type\" content=\"article\" \/>\n<meta property=\"og:title\" content=\"AFX180 PRO 3D helikopter brez letve, 6-kanalni RTF 2,4 GHz - TECHNIC-TOYS.com\" \/>\n<meta property=\"og:description\" content=\"Popolna zmogljivost in priro\u010dna velikost &#8211; rezultat je nov 3D 6-kanalni helikopter AFX Pro 180 3D brez letve. Model ima izjemno zmogljiv pogon (1308 brezkrta\u010dni motor s 6500KV) in visoko vrtilni zadnji motor (1104 brezkrta\u010dni), ki v kombinaciji z natan\u010dnim brezkrta\u010dnim sistemom in LiPo baterijo 7,4V 700mAh omogo\u010da brutalno koli\u010dino mo\u010di. Ta RC helikopter je [&hellip;]\" \/>\n<meta property=\"og:url\" content=\"https:\/\/www.technic-toys.com\/izdelek\/afx180-pro-3d-helikopter-brez-letve-6-kanalni-rtf-24-ghz\/\" \/>\n<meta property=\"og:site_name\" content=\"TECHNIC-TOYS.com\" \/>\n<meta property=\"article:modified_time\" content=\"2024-12-04T18:02:39+00:00\" \/>\n<meta property=\"og:image\" content=\"https:\/\/www.technic-toys.com\/wp-content\/uploads\/2022\/04\/25315.jpg\" \/>\n\t<meta property=\"og:image:width\" content=\"2560\" \/>\n\t<meta property=\"og:image:height\" content=\"1468\" \/>\n\t<meta property=\"og:image:type\" content=\"image\/jpeg\" \/>\n<meta name=\"twitter:card\" content=\"summary_large_image\" \/>\n<meta name=\"twitter:label1\" content=\"Est. reading time\" \/>\n\t<meta name=\"twitter:data1\" content=\"3 minutes\" \/>\n<script type=\"application\/ld+json\" class=\"yoast-schema-graph\">{\"@context\":\"https:\/\/schema.org\",\"@graph\":[{\"@type\":\"WebPage\",\"@id\":\"https:\/\/www.technic-toys.com\/izdelek\/afx180-pro-3d-helikopter-brez-letve-6-kanalni-rtf-24-ghz\/\",\"url\":\"https:\/\/www.technic-toys.com\/izdelek\/afx180-pro-3d-helikopter-brez-letve-6-kanalni-rtf-24-ghz\/\",\"name\":\"AFX180 PRO 3D helikopter brez letve, 6-kanalni RTF 2,4 GHz - TECHNIC-TOYS.com\",\"isPartOf\":{\"@id\":\"https:\/\/www.technic-toys.com\/en\/#website\"},\"datePublished\":\"2022-04-08T15:32:24+00:00\",\"dateModified\":\"2024-12-04T18:02:39+00:00\",\"breadcrumb\":{\"@id\":\"https:\/\/www.technic-toys.com\/izdelek\/afx180-pro-3d-helikopter-brez-letve-6-kanalni-rtf-24-ghz\/#breadcrumb\"},\"inLanguage\":\"en-US\",\"potentialAction\":[{\"@type\":\"ReadAction\",\"target\":[\"https:\/\/www.technic-toys.com\/izdelek\/afx180-pro-3d-helikopter-brez-letve-6-kanalni-rtf-24-ghz\/\"]}]},{\"@type\":\"BreadcrumbList\",\"@id\":\"https:\/\/www.technic-toys.com\/izdelek\/afx180-pro-3d-helikopter-brez-letve-6-kanalni-rtf-24-ghz\/#breadcrumb\",\"itemListElement\":[{\"@type\":\"ListItem\",\"position\":1,\"name\":\"Domov\",\"item\":\"https:\/\/www.technic-toys.com\/en\/\"},{\"@type\":\"ListItem\",\"position\":2,\"name\":\"Shop\",\"item\":\"https:\/\/www.technic-toys.com\/en\/shop-2\/\"},{\"@type\":\"ListItem\",\"position\":3,\"name\":\"AFX180 PRO 3D helikopter brez letve, 6-kanalni RTF 2,4 GHz\"}]},{\"@type\":\"WebSite\",\"@id\":\"https:\/\/www.technic-toys.com\/en\/#website\",\"url\":\"https:\/\/www.technic-toys.com\/en\/\",\"name\":\"TECHNIC-TOYS.com\",\"description\":\"\",\"potentialAction\":[{\"@type\":\"SearchAction\",\"target\":{\"@type\":\"EntryPoint\",\"urlTemplate\":\"https:\/\/www.technic-toys.com\/en\/?s={search_term_string}\"},\"query-input\":\"required name=search_term_string\"}],\"inLanguage\":\"en-US\"}]}<\/script>\n<!-- \/ Yoast SEO plugin. -->","yoast_head_json":{"title":"AFX180 PRO 3D helikopter brez letve, 6-kanalni RTF 2,4 GHz - TECHNIC-TOYS.com","robots":{"index":"index","follow":"follow","max-snippet":"max-snippet:-1","max-image-preview":"max-image-preview:large","max-video-preview":"max-video-preview:-1"},"canonical":"https:\/\/www.technic-toys.com\/izdelek\/afx180-pro-3d-helikopter-brez-letve-6-kanalni-rtf-24-ghz\/","og_locale":"en_US","og_type":"article","og_title":"AFX180 PRO 3D helikopter brez letve, 6-kanalni RTF 2,4 GHz - TECHNIC-TOYS.com","og_description":"Popolna zmogljivost in priro\u010dna velikost &#8211; rezultat je nov 3D 6-kanalni helikopter AFX Pro 180 3D brez letve. Model ima izjemno zmogljiv pogon (1308 brezkrta\u010dni motor s 6500KV) in visoko vrtilni zadnji motor (1104 brezkrta\u010dni), ki v kombinaciji z natan\u010dnim brezkrta\u010dnim sistemom in LiPo baterijo 7,4V 700mAh omogo\u010da brutalno koli\u010dino mo\u010di. Ta RC helikopter je [&hellip;]","og_url":"https:\/\/www.technic-toys.com\/izdelek\/afx180-pro-3d-helikopter-brez-letve-6-kanalni-rtf-24-ghz\/","og_site_name":"TECHNIC-TOYS.com","article_modified_time":"2024-12-04T18:02:39+00:00","og_image":[{"width":2560,"height":1468,"url":"https:\/\/www.technic-toys.com\/wp-content\/uploads\/2022\/04\/25315.jpg","type":"image\/jpeg"}],"twitter_card":"summary_large_image","twitter_misc":{"Est. reading time":"3 minutes"},"schema":{"@context":"https:\/\/schema.org","@graph":[{"@type":"WebPage","@id":"https:\/\/www.technic-toys.com\/izdelek\/afx180-pro-3d-helikopter-brez-letve-6-kanalni-rtf-24-ghz\/","url":"https:\/\/www.technic-toys.com\/izdelek\/afx180-pro-3d-helikopter-brez-letve-6-kanalni-rtf-24-ghz\/","name":"AFX180 PRO 3D helikopter brez letve, 6-kanalni RTF 2,4 GHz - TECHNIC-TOYS.com","isPartOf":{"@id":"https:\/\/www.technic-toys.com\/en\/#website"},"datePublished":"2022-04-08T15:32:24+00:00","dateModified":"2024-12-04T18:02:39+00:00","breadcrumb":{"@id":"https:\/\/www.technic-toys.com\/izdelek\/afx180-pro-3d-helikopter-brez-letve-6-kanalni-rtf-24-ghz\/#breadcrumb"},"inLanguage":"en-US","potentialAction":[{"@type":"ReadAction","target":["https:\/\/www.technic-toys.com\/izdelek\/afx180-pro-3d-helikopter-brez-letve-6-kanalni-rtf-24-ghz\/"]}]},{"@type":"BreadcrumbList","@id":"https:\/\/www.technic-toys.com\/izdelek\/afx180-pro-3d-helikopter-brez-letve-6-kanalni-rtf-24-ghz\/#breadcrumb","itemListElement":[{"@type":"ListItem","position":1,"name":"Domov","item":"https:\/\/www.technic-toys.com\/en\/"},{"@type":"ListItem","position":2,"name":"Shop","item":"https:\/\/www.technic-toys.com\/en\/shop-2\/"},{"@type":"ListItem","position":3,"name":"AFX180 PRO 3D helikopter brez letve, 6-kanalni RTF 2,4 GHz"}]},{"@type":"WebSite","@id":"https:\/\/www.technic-toys.com\/en\/#website","url":"https:\/\/www.technic-toys.com\/en\/","name":"TECHNIC-TOYS.com","description":"","potentialAction":[{"@type":"SearchAction","target":{"@type":"EntryPoint","urlTemplate":"https:\/\/www.technic-toys.com\/en\/?s={search_term_string}"},"query-input":"required name=search_term_string"}],"inLanguage":"en-US"}]}},"_links":{"self":[{"href":"https:\/\/www.technic-toys.com\/en\/wp-json\/wp\/v2\/product\/17980"}],"collection":[{"href":"https:\/\/www.technic-toys.com\/en\/wp-json\/wp\/v2\/product"}],"about":[{"href":"https:\/\/www.technic-toys.com\/en\/wp-json\/wp\/v2\/types\/product"}],"wp:featuredmedia":[{"embeddable":true,"href":"https:\/\/www.technic-toys.com\/en\/wp-json\/wp\/v2\/media\/17981"}],"wp:attachment":[{"href":"https:\/\/www.technic-toys.com\/en\/wp-json\/wp\/v2\/media?parent=17980"}],"wp:term":[{"taxonomy":"product_cat","embeddable":true,"href":"https:\/\/www.technic-toys.com\/en\/wp-json\/wp\/v2\/product_cat?post=17980"},{"taxonomy":"product_tag","embeddable":true,"href":"https:\/\/www.technic-toys.com\/en\/wp-json\/wp\/v2\/product_tag?post=17980"}],"curies":[{"name":"wp","href":"https:\/\/api.w.org\/{rel}","templated":true}]}}