{"id":18043,"date":"2022-04-08T17:32:24","date_gmt":"2022-04-08T15:32:24","guid":{"rendered":"https:\/\/www.technic-toys.com\/izdelek\/coln-za-vabo-vabo-v3-24-ghz-l-62-cm-rtr\/"},"modified":"2024-12-04T19:02:40","modified_gmt":"2024-12-04T18:02:40","slug":"coln-za-vabo-ribolov-v3-24-ghz-l-62-cm-rtr","status":"publish","type":"product","link":"https:\/\/www.technic-toys.com\/en\/izdelek\/coln-za-vabo-ribolov-v3-24-ghz-l-62-cm-rtr\/","title":{"rendered":"\u010coln za vabo (ribolov) V3 2,4 GHZ \/ L 62 cm \/ RTR"},"content":{"rendered":"<p>\u010coln za vabo z 2 elektromotorjema za ribarjenje, vklju\u010dno z baterijo, daljinskim upravljalnikom in polnilnikom. Nalo\u017eite lahko do 2 kg ribje hrane in z enoro\u010dnim daljinskim upravljalnikom postavite \u010doln v \u017eeleni polo\u017eaj. Z vgrajenimi pozicijskimi lu\u010dmi je vo\u017enja mo\u017ena tudi pono\u010di. Krma oziroma vaba se razbremeni s pomo\u010djo navojnega pogona.Za dovolj pogona poskrbita dva elektromotorja 540, ki ju upo\u010dasnjuje menjalnik. Vsak motor je elektronsko krmiljen in se ureja sam. Pogonski vijaki so v celoti vgrajeni v trup in so tako za\u0161\u010diteni pred vodnimi rastlinami. To zagotavlja vo\u017enjo v skoraj vsakem vodnem telesu. Tehni\u010dni podatki: Model: \u010doln za vabo \/ \u010doln za vabo RTR Tip motorja: 2 x 380 elektromotor Baterija: 3,7 V 10 Ah Li-Ion-manganova baterija Hitrost: 1,5 m\/s Domet: pribli\u017eno 300 m Dimenzije ( D x \u0160 x V): 610 mm x 250 mm x 180 mm Te\u017ea: pribli\u017eno 3 kg (vklju\u010dno z baterijo) Obremenitev: pribli\u017eno 2 kg Daljinski upravljalnik: &#8211; desno \/ levo | &#8211; Naprej | -Frekvenca razkladanja: 2,4GHZ Obseg dobave: \u010coln za vabo \/ \u010doln za vabo RTR3,7V 10 Ah Li-Ion-manganova baterija PolnilnikDaljinski upravljalnik Navodila za uporabo<\/p>\n","protected":false},"excerpt":{"rendered":"<p>\u010coln za vabo z 2 elektromotorjema za ribarjenje, vklju\u010dno z baterijo, daljinskim upravljalnikom in polnilnikom. Nalo\u017eite lahko do 2 kg ribje hrane in z enoro\u010dnim daljinskim upravljalnikom postavite \u010doln v \u017eeleni polo\u017eaj. Z vgrajenimi pozicijskimi lu\u010dmi je vo\u017enja mo\u017ena tudi pono\u010di. Krma oziroma vaba se razbremeni s pomo\u010djo navojnega pogona.Za dovolj pogona poskrbita dva elektromotorja [&hellip;]<\/p>\n","protected":false},"featured_media":18044,"template":"","meta":[],"product_cat":[364,399],"product_tag":[],"acf":[],"yoast_head":"<!-- This site is optimized with the Yoast SEO plugin v21.7 - https:\/\/yoast.com\/wordpress\/plugins\/seo\/ -->\n<title>\u010coln za vabo (ribolov) V3 2,4 GHZ \/ L 62 cm \/ RTR - TECHNIC-TOYS.com<\/title>\n<meta name=\"robots\" content=\"index, follow, max-snippet:-1, max-image-preview:large, max-video-preview:-1\" \/>\n<link rel=\"canonical\" href=\"https:\/\/www.technic-toys.com\/izdelek\/coln-za-vabo-ribolov-v3-24-ghz-l-62-cm-rtr\/\" \/>\n<meta property=\"og:locale\" content=\"en_US\" \/>\n<meta property=\"og:type\" content=\"article\" \/>\n<meta property=\"og:title\" content=\"\u010coln za vabo (ribolov) V3 2,4 GHZ \/ L 62 cm \/ RTR - TECHNIC-TOYS.com\" \/>\n<meta property=\"og:description\" content=\"\u010coln za vabo z 2 elektromotorjema za ribarjenje, vklju\u010dno z baterijo, daljinskim upravljalnikom in polnilnikom. Nalo\u017eite lahko do 2 kg ribje hrane in z enoro\u010dnim daljinskim upravljalnikom postavite \u010doln v \u017eeleni polo\u017eaj. Z vgrajenimi pozicijskimi lu\u010dmi je vo\u017enja mo\u017ena tudi pono\u010di. Krma oziroma vaba se razbremeni s pomo\u010djo navojnega pogona.Za dovolj pogona poskrbita dva elektromotorja [&hellip;]\" \/>\n<meta property=\"og:url\" content=\"https:\/\/www.technic-toys.com\/izdelek\/coln-za-vabo-ribolov-v3-24-ghz-l-62-cm-rtr\/\" \/>\n<meta property=\"og:site_name\" content=\"TECHNIC-TOYS.com\" \/>\n<meta property=\"article:modified_time\" content=\"2024-12-04T18:02:40+00:00\" \/>\n<meta property=\"og:image\" content=\"https:\/\/www.technic-toys.com\/wp-content\/uploads\/2022\/04\/26019.jpg\" \/>\n\t<meta property=\"og:image:width\" content=\"1000\" \/>\n\t<meta property=\"og:image:height\" content=\"750\" \/>\n\t<meta property=\"og:image:type\" content=\"image\/jpeg\" \/>\n<meta name=\"twitter:card\" content=\"summary_large_image\" \/>\n<meta name=\"twitter:label1\" content=\"Est. reading time\" \/>\n\t<meta name=\"twitter:data1\" content=\"1 minute\" \/>\n<script type=\"application\/ld+json\" class=\"yoast-schema-graph\">{\"@context\":\"https:\/\/schema.org\",\"@graph\":[{\"@type\":\"WebPage\",\"@id\":\"https:\/\/www.technic-toys.com\/izdelek\/coln-za-vabo-ribolov-v3-24-ghz-l-62-cm-rtr\/\",\"url\":\"https:\/\/www.technic-toys.com\/izdelek\/coln-za-vabo-ribolov-v3-24-ghz-l-62-cm-rtr\/\",\"name\":\"\u010coln za vabo (ribolov) V3 2,4 GHZ \/ L 62 cm \/ RTR - TECHNIC-TOYS.com\",\"isPartOf\":{\"@id\":\"https:\/\/www.technic-toys.com\/en\/#website\"},\"datePublished\":\"2022-04-08T15:32:24+00:00\",\"dateModified\":\"2024-12-04T18:02:40+00:00\",\"breadcrumb\":{\"@id\":\"https:\/\/www.technic-toys.com\/izdelek\/coln-za-vabo-ribolov-v3-24-ghz-l-62-cm-rtr\/#breadcrumb\"},\"inLanguage\":\"en-US\",\"potentialAction\":[{\"@type\":\"ReadAction\",\"target\":[\"https:\/\/www.technic-toys.com\/izdelek\/coln-za-vabo-ribolov-v3-24-ghz-l-62-cm-rtr\/\"]}]},{\"@type\":\"BreadcrumbList\",\"@id\":\"https:\/\/www.technic-toys.com\/izdelek\/coln-za-vabo-ribolov-v3-24-ghz-l-62-cm-rtr\/#breadcrumb\",\"itemListElement\":[{\"@type\":\"ListItem\",\"position\":1,\"name\":\"Domov\",\"item\":\"https:\/\/www.technic-toys.com\/en\/\"},{\"@type\":\"ListItem\",\"position\":2,\"name\":\"Shop\",\"item\":\"https:\/\/www.technic-toys.com\/en\/shop-2\/\"},{\"@type\":\"ListItem\",\"position\":3,\"name\":\"\u010coln za vabo (ribolov) V3 2,4 GHZ \/ L 62 cm \/ RTR\"}]},{\"@type\":\"WebSite\",\"@id\":\"https:\/\/www.technic-toys.com\/en\/#website\",\"url\":\"https:\/\/www.technic-toys.com\/en\/\",\"name\":\"TECHNIC-TOYS.com\",\"description\":\"\",\"potentialAction\":[{\"@type\":\"SearchAction\",\"target\":{\"@type\":\"EntryPoint\",\"urlTemplate\":\"https:\/\/www.technic-toys.com\/en\/?s={search_term_string}\"},\"query-input\":\"required name=search_term_string\"}],\"inLanguage\":\"en-US\"}]}<\/script>\n<!-- \/ Yoast SEO plugin. -->","yoast_head_json":{"title":"\u010coln za vabo (ribolov) V3 2,4 GHZ \/ L 62 cm \/ RTR - TECHNIC-TOYS.com","robots":{"index":"index","follow":"follow","max-snippet":"max-snippet:-1","max-image-preview":"max-image-preview:large","max-video-preview":"max-video-preview:-1"},"canonical":"https:\/\/www.technic-toys.com\/izdelek\/coln-za-vabo-ribolov-v3-24-ghz-l-62-cm-rtr\/","og_locale":"en_US","og_type":"article","og_title":"\u010coln za vabo (ribolov) V3 2,4 GHZ \/ L 62 cm \/ RTR - TECHNIC-TOYS.com","og_description":"\u010coln za vabo z 2 elektromotorjema za ribarjenje, vklju\u010dno z baterijo, daljinskim upravljalnikom in polnilnikom. Nalo\u017eite lahko do 2 kg ribje hrane in z enoro\u010dnim daljinskim upravljalnikom postavite \u010doln v \u017eeleni polo\u017eaj. Z vgrajenimi pozicijskimi lu\u010dmi je vo\u017enja mo\u017ena tudi pono\u010di. Krma oziroma vaba se razbremeni s pomo\u010djo navojnega pogona.Za dovolj pogona poskrbita dva elektromotorja [&hellip;]","og_url":"https:\/\/www.technic-toys.com\/izdelek\/coln-za-vabo-ribolov-v3-24-ghz-l-62-cm-rtr\/","og_site_name":"TECHNIC-TOYS.com","article_modified_time":"2024-12-04T18:02:40+00:00","og_image":[{"width":1000,"height":750,"url":"https:\/\/www.technic-toys.com\/wp-content\/uploads\/2022\/04\/26019.jpg","type":"image\/jpeg"}],"twitter_card":"summary_large_image","twitter_misc":{"Est. reading time":"1 minute"},"schema":{"@context":"https:\/\/schema.org","@graph":[{"@type":"WebPage","@id":"https:\/\/www.technic-toys.com\/izdelek\/coln-za-vabo-ribolov-v3-24-ghz-l-62-cm-rtr\/","url":"https:\/\/www.technic-toys.com\/izdelek\/coln-za-vabo-ribolov-v3-24-ghz-l-62-cm-rtr\/","name":"\u010coln za vabo (ribolov) V3 2,4 GHZ \/ L 62 cm \/ RTR - TECHNIC-TOYS.com","isPartOf":{"@id":"https:\/\/www.technic-toys.com\/en\/#website"},"datePublished":"2022-04-08T15:32:24+00:00","dateModified":"2024-12-04T18:02:40+00:00","breadcrumb":{"@id":"https:\/\/www.technic-toys.com\/izdelek\/coln-za-vabo-ribolov-v3-24-ghz-l-62-cm-rtr\/#breadcrumb"},"inLanguage":"en-US","potentialAction":[{"@type":"ReadAction","target":["https:\/\/www.technic-toys.com\/izdelek\/coln-za-vabo-ribolov-v3-24-ghz-l-62-cm-rtr\/"]}]},{"@type":"BreadcrumbList","@id":"https:\/\/www.technic-toys.com\/izdelek\/coln-za-vabo-ribolov-v3-24-ghz-l-62-cm-rtr\/#breadcrumb","itemListElement":[{"@type":"ListItem","position":1,"name":"Domov","item":"https:\/\/www.technic-toys.com\/en\/"},{"@type":"ListItem","position":2,"name":"Shop","item":"https:\/\/www.technic-toys.com\/en\/shop-2\/"},{"@type":"ListItem","position":3,"name":"\u010coln za vabo (ribolov) V3 2,4 GHZ \/ L 62 cm \/ RTR"}]},{"@type":"WebSite","@id":"https:\/\/www.technic-toys.com\/en\/#website","url":"https:\/\/www.technic-toys.com\/en\/","name":"TECHNIC-TOYS.com","description":"","potentialAction":[{"@type":"SearchAction","target":{"@type":"EntryPoint","urlTemplate":"https:\/\/www.technic-toys.com\/en\/?s={search_term_string}"},"query-input":"required name=search_term_string"}],"inLanguage":"en-US"}]}},"_links":{"self":[{"href":"https:\/\/www.technic-toys.com\/en\/wp-json\/wp\/v2\/product\/18043"}],"collection":[{"href":"https:\/\/www.technic-toys.com\/en\/wp-json\/wp\/v2\/product"}],"about":[{"href":"https:\/\/www.technic-toys.com\/en\/wp-json\/wp\/v2\/types\/product"}],"wp:featuredmedia":[{"embeddable":true,"href":"https:\/\/www.technic-toys.com\/en\/wp-json\/wp\/v2\/media\/18044"}],"wp:attachment":[{"href":"https:\/\/www.technic-toys.com\/en\/wp-json\/wp\/v2\/media?parent=18043"}],"wp:term":[{"taxonomy":"product_cat","embeddable":true,"href":"https:\/\/www.technic-toys.com\/en\/wp-json\/wp\/v2\/product_cat?post=18043"},{"taxonomy":"product_tag","embeddable":true,"href":"https:\/\/www.technic-toys.com\/en\/wp-json\/wp\/v2\/product_tag?post=18043"}],"curies":[{"name":"wp","href":"https:\/\/api.w.org\/{rel}","templated":true}]}}