{"id":18075,"date":"2022-04-08T17:32:24","date_gmt":"2022-04-08T15:32:24","guid":{"rendered":"https:\/\/www.technic-toys.com\/izdelek\/motorna-jahta-princess-brez-krtack-970-mm\/"},"modified":"2024-12-04T19:02:41","modified_gmt":"2024-12-04T18:02:41","slug":"motorna-jahta-princess-brez-krtack-970-mm","status":"publish","type":"product","link":"https:\/\/www.technic-toys.com\/en\/izdelek\/motorna-jahta-princess-brez-krtack-970-mm\/","title":{"rendered":"Motorna jahta Princess brez krta\u010dk, 970 mm"},"content":{"rendered":"<p>Motorna jahta Princess je opremljena z vodno hlajenim visoko zmogljivim brezkrta\u010dnim elektromotorjem, ki pripelje dirkalni \u010doln do osupljive hitrosti do 70 km\/h. Skoraj 1m dolg trup je izdelan iz GRP in lakiran. Visoko vodljivost \u010dolna zagotavljata posebej natan\u010den krmilni servo in povezava brez zra\u010dnosti aluminijastega krmilnega sistema. Poganja ga upogibna gred in kovinski propeler. \u010coln je sestavljen pripravljen za uporabo in opremljen s proporcionalnim 2,4 GHz RC sistemom. Za delovanje je potrebna 4S LiPo baterija z vti\u010dnico XT60 in 8x AA baterij za oddajnik.<\/p>\n<p>Tehni\u010dni podatki:<br \/>Motor Yacht Princess<br \/>Tip motorja: 1620KV brezkrta\u010dni vodno hlajen< br \/ >3 kg krmilni servo za krmiljenje krmila<br \/>Krmilnik: 125A vodno hlajen z vti\u010dem XT60<br \/>Hitrost: do 70 km\/h<br \/>Skupna dol\u017eina: 1000 mm<br \/>Dol\u017eina trupa: 960 mm <br \/>\u0160irina: 230 mm< br \/>Vi\u0161ina: 250 mm<br \/>Te\u017ea: pribli\u017eno 3 kg pripravljen za vo\u017enjo<br \/>RC sistem: 2-kanalni digitalni proporcionalni<br \/>Frekvenca: 2,4 GHz<br \/ >Material trupa: GRP<br \/> Vrsta gredi: Flex<br \/>Propeler: 48 4,76 mm medeninasta z 2 rezili<br \/>Kormilo: Aluminij<br \/>Pritrditev na gredi: Aluminij<\/p>\n<p>Obseg dobave:<br \/>RC Motor Yacht Princess< br \/>Daljinski upravljalnik<br \/>Stojalo za \u010doln<br \/>Navodila za uporabo<\/p>\n<p>Potrebna dodatna oprema:<br \/>LiPo baterija 4S 14,8V &#038;gt . 4000 mAh<br \/>LiPo polnilec<\/p>\n","protected":false},"excerpt":{"rendered":"<p>Motorna jahta Princess je opremljena z vodno hlajenim visoko zmogljivim brezkrta\u010dnim elektromotorjem, ki pripelje dirkalni \u010doln do osupljive hitrosti do 70 km\/h. Skoraj 1m dolg trup je izdelan iz GRP in lakiran. Visoko vodljivost \u010dolna zagotavljata posebej natan\u010den krmilni servo in povezava brez zra\u010dnosti aluminijastega krmilnega sistema. Poganja ga upogibna gred in kovinski propeler. \u010coln [&hellip;]<\/p>\n","protected":false},"featured_media":18076,"template":"","meta":[],"product_cat":[364,387],"product_tag":[],"acf":[],"yoast_head":"<!-- This site is optimized with the Yoast SEO plugin v21.7 - https:\/\/yoast.com\/wordpress\/plugins\/seo\/ -->\n<title>Motorna jahta Princess brez krta\u010dk, 970 mm - TECHNIC-TOYS.com<\/title>\n<meta name=\"robots\" content=\"index, follow, max-snippet:-1, max-image-preview:large, max-video-preview:-1\" \/>\n<link rel=\"canonical\" href=\"https:\/\/www.technic-toys.com\/izdelek\/motorna-jahta-princess-brez-krtack-970-mm\/\" \/>\n<meta property=\"og:locale\" content=\"en_US\" \/>\n<meta property=\"og:type\" content=\"article\" \/>\n<meta property=\"og:title\" content=\"Motorna jahta Princess brez krta\u010dk, 970 mm - TECHNIC-TOYS.com\" \/>\n<meta property=\"og:description\" content=\"Motorna jahta Princess je opremljena z vodno hlajenim visoko zmogljivim brezkrta\u010dnim elektromotorjem, ki pripelje dirkalni \u010doln do osupljive hitrosti do 70 km\/h. Skoraj 1m dolg trup je izdelan iz GRP in lakiran. Visoko vodljivost \u010dolna zagotavljata posebej natan\u010den krmilni servo in povezava brez zra\u010dnosti aluminijastega krmilnega sistema. Poganja ga upogibna gred in kovinski propeler. \u010coln [&hellip;]\" \/>\n<meta property=\"og:url\" content=\"https:\/\/www.technic-toys.com\/izdelek\/motorna-jahta-princess-brez-krtack-970-mm\/\" \/>\n<meta property=\"og:site_name\" content=\"TECHNIC-TOYS.com\" \/>\n<meta property=\"article:modified_time\" content=\"2024-12-04T18:02:41+00:00\" \/>\n<meta property=\"og:image\" content=\"https:\/\/www.technic-toys.com\/wp-content\/uploads\/2022\/04\/26025.jpg\" \/>\n\t<meta property=\"og:image:width\" content=\"2560\" \/>\n\t<meta property=\"og:image:height\" content=\"1468\" \/>\n\t<meta property=\"og:image:type\" content=\"image\/jpeg\" \/>\n<meta name=\"twitter:card\" content=\"summary_large_image\" \/>\n<meta name=\"twitter:label1\" content=\"Est. reading time\" \/>\n\t<meta name=\"twitter:data1\" content=\"1 minute\" \/>\n<script type=\"application\/ld+json\" class=\"yoast-schema-graph\">{\"@context\":\"https:\/\/schema.org\",\"@graph\":[{\"@type\":\"WebPage\",\"@id\":\"https:\/\/www.technic-toys.com\/izdelek\/motorna-jahta-princess-brez-krtack-970-mm\/\",\"url\":\"https:\/\/www.technic-toys.com\/izdelek\/motorna-jahta-princess-brez-krtack-970-mm\/\",\"name\":\"Motorna jahta Princess brez krta\u010dk, 970 mm - TECHNIC-TOYS.com\",\"isPartOf\":{\"@id\":\"https:\/\/www.technic-toys.com\/en\/#website\"},\"datePublished\":\"2022-04-08T15:32:24+00:00\",\"dateModified\":\"2024-12-04T18:02:41+00:00\",\"breadcrumb\":{\"@id\":\"https:\/\/www.technic-toys.com\/izdelek\/motorna-jahta-princess-brez-krtack-970-mm\/#breadcrumb\"},\"inLanguage\":\"en-US\",\"potentialAction\":[{\"@type\":\"ReadAction\",\"target\":[\"https:\/\/www.technic-toys.com\/izdelek\/motorna-jahta-princess-brez-krtack-970-mm\/\"]}]},{\"@type\":\"BreadcrumbList\",\"@id\":\"https:\/\/www.technic-toys.com\/izdelek\/motorna-jahta-princess-brez-krtack-970-mm\/#breadcrumb\",\"itemListElement\":[{\"@type\":\"ListItem\",\"position\":1,\"name\":\"Domov\",\"item\":\"https:\/\/www.technic-toys.com\/en\/\"},{\"@type\":\"ListItem\",\"position\":2,\"name\":\"Shop\",\"item\":\"https:\/\/www.technic-toys.com\/en\/shop-2\/\"},{\"@type\":\"ListItem\",\"position\":3,\"name\":\"Motorna jahta Princess brez krta\u010dk, 970 mm\"}]},{\"@type\":\"WebSite\",\"@id\":\"https:\/\/www.technic-toys.com\/en\/#website\",\"url\":\"https:\/\/www.technic-toys.com\/en\/\",\"name\":\"TECHNIC-TOYS.com\",\"description\":\"\",\"potentialAction\":[{\"@type\":\"SearchAction\",\"target\":{\"@type\":\"EntryPoint\",\"urlTemplate\":\"https:\/\/www.technic-toys.com\/en\/?s={search_term_string}\"},\"query-input\":\"required name=search_term_string\"}],\"inLanguage\":\"en-US\"}]}<\/script>\n<!-- \/ Yoast SEO plugin. -->","yoast_head_json":{"title":"Motorna jahta Princess brez krta\u010dk, 970 mm - TECHNIC-TOYS.com","robots":{"index":"index","follow":"follow","max-snippet":"max-snippet:-1","max-image-preview":"max-image-preview:large","max-video-preview":"max-video-preview:-1"},"canonical":"https:\/\/www.technic-toys.com\/izdelek\/motorna-jahta-princess-brez-krtack-970-mm\/","og_locale":"en_US","og_type":"article","og_title":"Motorna jahta Princess brez krta\u010dk, 970 mm - TECHNIC-TOYS.com","og_description":"Motorna jahta Princess je opremljena z vodno hlajenim visoko zmogljivim brezkrta\u010dnim elektromotorjem, ki pripelje dirkalni \u010doln do osupljive hitrosti do 70 km\/h. Skoraj 1m dolg trup je izdelan iz GRP in lakiran. Visoko vodljivost \u010dolna zagotavljata posebej natan\u010den krmilni servo in povezava brez zra\u010dnosti aluminijastega krmilnega sistema. Poganja ga upogibna gred in kovinski propeler. \u010coln [&hellip;]","og_url":"https:\/\/www.technic-toys.com\/izdelek\/motorna-jahta-princess-brez-krtack-970-mm\/","og_site_name":"TECHNIC-TOYS.com","article_modified_time":"2024-12-04T18:02:41+00:00","og_image":[{"width":2560,"height":1468,"url":"https:\/\/www.technic-toys.com\/wp-content\/uploads\/2022\/04\/26025.jpg","type":"image\/jpeg"}],"twitter_card":"summary_large_image","twitter_misc":{"Est. reading time":"1 minute"},"schema":{"@context":"https:\/\/schema.org","@graph":[{"@type":"WebPage","@id":"https:\/\/www.technic-toys.com\/izdelek\/motorna-jahta-princess-brez-krtack-970-mm\/","url":"https:\/\/www.technic-toys.com\/izdelek\/motorna-jahta-princess-brez-krtack-970-mm\/","name":"Motorna jahta Princess brez krta\u010dk, 970 mm - TECHNIC-TOYS.com","isPartOf":{"@id":"https:\/\/www.technic-toys.com\/en\/#website"},"datePublished":"2022-04-08T15:32:24+00:00","dateModified":"2024-12-04T18:02:41+00:00","breadcrumb":{"@id":"https:\/\/www.technic-toys.com\/izdelek\/motorna-jahta-princess-brez-krtack-970-mm\/#breadcrumb"},"inLanguage":"en-US","potentialAction":[{"@type":"ReadAction","target":["https:\/\/www.technic-toys.com\/izdelek\/motorna-jahta-princess-brez-krtack-970-mm\/"]}]},{"@type":"BreadcrumbList","@id":"https:\/\/www.technic-toys.com\/izdelek\/motorna-jahta-princess-brez-krtack-970-mm\/#breadcrumb","itemListElement":[{"@type":"ListItem","position":1,"name":"Domov","item":"https:\/\/www.technic-toys.com\/en\/"},{"@type":"ListItem","position":2,"name":"Shop","item":"https:\/\/www.technic-toys.com\/en\/shop-2\/"},{"@type":"ListItem","position":3,"name":"Motorna jahta Princess brez krta\u010dk, 970 mm"}]},{"@type":"WebSite","@id":"https:\/\/www.technic-toys.com\/en\/#website","url":"https:\/\/www.technic-toys.com\/en\/","name":"TECHNIC-TOYS.com","description":"","potentialAction":[{"@type":"SearchAction","target":{"@type":"EntryPoint","urlTemplate":"https:\/\/www.technic-toys.com\/en\/?s={search_term_string}"},"query-input":"required name=search_term_string"}],"inLanguage":"en-US"}]}},"_links":{"self":[{"href":"https:\/\/www.technic-toys.com\/en\/wp-json\/wp\/v2\/product\/18075"}],"collection":[{"href":"https:\/\/www.technic-toys.com\/en\/wp-json\/wp\/v2\/product"}],"about":[{"href":"https:\/\/www.technic-toys.com\/en\/wp-json\/wp\/v2\/types\/product"}],"wp:featuredmedia":[{"embeddable":true,"href":"https:\/\/www.technic-toys.com\/en\/wp-json\/wp\/v2\/media\/18076"}],"wp:attachment":[{"href":"https:\/\/www.technic-toys.com\/en\/wp-json\/wp\/v2\/media?parent=18075"}],"wp:term":[{"taxonomy":"product_cat","embeddable":true,"href":"https:\/\/www.technic-toys.com\/en\/wp-json\/wp\/v2\/product_cat?post=18075"},{"taxonomy":"product_tag","embeddable":true,"href":"https:\/\/www.technic-toys.com\/en\/wp-json\/wp\/v2\/product_tag?post=18075"}],"curies":[{"name":"wp","href":"https:\/\/api.w.org\/{rel}","templated":true}]}}